{"id":1894,"date":"2016-10-28T17:25:37","date_gmt":"2016-10-28T15:25:37","guid":{"rendered":"http:\/\/katialorenzon.com\/?page_id=1894"},"modified":"2022-01-23T21:50:11","modified_gmt":"2022-01-23T20:50:11","slug":"portfolio-katia-lorenzonprojetsvivarte-premier-hiver","status":"publish","type":"page","link":"https:\/\/katialorenzon.com\/index.php\/portfolio-katia-lorenzonprojetsvivarte-premier-hiver\/","title":{"rendered":"Katia Lorenzon\/portfolio\/Vivarte &#8211; Premier hiver"},"content":{"rendered":"<p class=\"p2\"><span class=\"s2\"><b>S<\/b>uite \u00e0 mon exp\u00e9rience de dix ans dans les productions de dessins anim\u00e9s pour la t\u00e9l\u00e9vision &#8211; dessinatrice et technicienne &#8211; et \u00e0 ma connaissance du dessin vectoriel, je me suis occup\u00e9e de cr\u00e9ation graphique textile junior.<br \/>\n<\/span><span class=\"s1\">J\u2019ai travaill\u00e9 \u00e0 la mise au point des th\u00e8mes de diff\u00e9rentes saisons, planches de pr\u00e9sentation, motifs pour tissus, d\u00e9clinaisons graphiques et<span class=\"Apple-converted-space\">\u00a0 <\/span>\u00e9laborations typographiques.<br \/>\nFinalisation des fiches techniques, pour la mise en production de multiples techniques textiles : print pour tissus, print et print 3d des visuels, dessin pour tricot, applications, broderies, badges, \u00e9tiquettes, jusqu\u2019aux d\u00e9tails comme les boutons et les surpiqures.<\/p>\n<p><\/span><span class=\"s3\">Soci\u00e9t\u00e9\u00a0<b>Vivarte<\/b>, dans cette page : t<\/span><span class=\"s2\">h\u00e8me textile \u201c<i>Premier hiver<\/i>\u201d, collection junior\/gar\u00e7on.\u00a0<i>Paris, 2009-2010.<\/i><\/span><\/p>\n<p><em><img decoding=\"async\" loading=\"lazy\" class=\"aligncenter size-full wp-image-1909\" src=\"https:\/\/katialorenzon.com\/wp-content\/uploads\/2016\/10\/vivarte-rennes-premier-hiver-katia-lorenzon.jpg\" alt=\"vivarte-rennes-premier-hiver-katia-lorenzon\" width=\"775\" height=\"800\" srcset=\"https:\/\/katialorenzon.com\/wp-content\/uploads\/2016\/10\/vivarte-rennes-premier-hiver-katia-lorenzon.jpg 775w, https:\/\/katialorenzon.com\/wp-content\/uploads\/2016\/10\/vivarte-rennes-premier-hiver-katia-lorenzon-291x300.jpg 291w, https:\/\/katialorenzon.com\/wp-content\/uploads\/2016\/10\/vivarte-rennes-premier-hiver-katia-lorenzon-768x793.jpg 768w\" sizes=\"(max-width: 775px) 100vw, 775px\" \/><\/em><\/p>\n<p><img decoding=\"async\" loading=\"lazy\" class=\"aligncenter size-full wp-image-1901\" src=\"https:\/\/katialorenzon.com\/wp-content\/uploads\/2016\/10\/vivarte-renne-tete-katia-lorenzon.jpg\" alt=\"vivarte-renne-tete-katia-lorenzon\" width=\"1000\" height=\"800\" srcset=\"https:\/\/katialorenzon.com\/wp-content\/uploads\/2016\/10\/vivarte-renne-tete-katia-lorenzon.jpg 1000w, https:\/\/katialorenzon.com\/wp-content\/uploads\/2016\/10\/vivarte-renne-tete-katia-lorenzon-300x240.jpg 300w, https:\/\/katialorenzon.com\/wp-content\/uploads\/2016\/10\/vivarte-renne-tete-katia-lorenzon-768x614.jpg 768w\" sizes=\"(max-width: 1000px) 100vw, 1000px\" \/><\/p>\n<p><img decoding=\"async\" loading=\"lazy\" class=\"aligncenter size-full wp-image-1897\" src=\"https:\/\/katialorenzon.com\/wp-content\/uploads\/2016\/10\/vivarte-rennes-colline.jpg\" alt=\"vivarte-rennes-colline\" width=\"1000\" height=\"400\" srcset=\"https:\/\/katialorenzon.com\/wp-content\/uploads\/2016\/10\/vivarte-rennes-colline.jpg 1000w, https:\/\/katialorenzon.com\/wp-content\/uploads\/2016\/10\/vivarte-rennes-colline-300x120.jpg 300w, https:\/\/katialorenzon.com\/wp-content\/uploads\/2016\/10\/vivarte-rennes-colline-768x307.jpg 768w\" sizes=\"(max-width: 1000px) 100vw, 1000px\" \/><\/p>\n<p><img decoding=\"async\" loading=\"lazy\" class=\"aligncenter size-full wp-image-1902\" src=\"https:\/\/katialorenzon.com\/wp-content\/uploads\/2016\/10\/vivarte-renne-tete-podium-1.jpg\" alt=\"vivarte-renne-tete-podium\" width=\"1000\" height=\"800\" srcset=\"https:\/\/katialorenzon.com\/wp-content\/uploads\/2016\/10\/vivarte-renne-tete-podium-1.jpg 1000w, https:\/\/katialorenzon.com\/wp-content\/uploads\/2016\/10\/vivarte-renne-tete-podium-1-300x240.jpg 300w, https:\/\/katialorenzon.com\/wp-content\/uploads\/2016\/10\/vivarte-renne-tete-podium-1-768x614.jpg 768w\" sizes=\"(max-width: 1000px) 100vw, 1000px\" \/><\/p>\n<p><img decoding=\"async\" loading=\"lazy\" class=\"aligncenter size-full wp-image-1910\" src=\"https:\/\/katialorenzon.com\/wp-content\/uploads\/2016\/10\/vivarte-rennes-tetes-silhouette.jpg\" alt=\"vivarte-rennes-tetes-silhouette\" width=\"1000\" height=\"400\" srcset=\"https:\/\/katialorenzon.com\/wp-content\/uploads\/2016\/10\/vivarte-rennes-tetes-silhouette.jpg 1000w, https:\/\/katialorenzon.com\/wp-content\/uploads\/2016\/10\/vivarte-rennes-tetes-silhouette-300x120.jpg 300w, https:\/\/katialorenzon.com\/wp-content\/uploads\/2016\/10\/vivarte-rennes-tetes-silhouette-768x307.jpg 768w\" sizes=\"(max-width: 1000px) 100vw, 1000px\" \/><\/p>\n<p><img decoding=\"async\" loading=\"lazy\" class=\"aligncenter size-full wp-image-1899\" src=\"https:\/\/katialorenzon.com\/wp-content\/uploads\/2016\/10\/vivarte-rennes-tetes-signatures.jpg\" alt=\"vivarte-rennes-tetes-signatures\" width=\"1000\" height=\"350\" srcset=\"https:\/\/katialorenzon.com\/wp-content\/uploads\/2016\/10\/vivarte-rennes-tetes-signatures.jpg 1000w, https:\/\/katialorenzon.com\/wp-content\/uploads\/2016\/10\/vivarte-rennes-tetes-signatures-300x105.jpg 300w, https:\/\/katialorenzon.com\/wp-content\/uploads\/2016\/10\/vivarte-rennes-tetes-signatures-768x269.jpg 768w\" sizes=\"(max-width: 1000px) 100vw, 1000px\" \/><\/p>\n","protected":false},"excerpt":{"rendered":"<p>Suite \u00e0 mon exp\u00e9rience de dix ans dans les productions de dessins anim\u00e9s pour la t\u00e9l\u00e9vision &#8211; dessinatrice et technicienne &#8211; et \u00e0 ma connaissance&#8230;<\/p>\n<div class=\"more-link-wrapper\"><a class=\"more-link\" href=\"https:\/\/katialorenzon.com\/index.php\/portfolio-katia-lorenzonprojetsvivarte-premier-hiver\/\">zoom<span class=\"screen-reader-text\">Katia Lorenzon\/portfolio\/Vivarte &#8211; Premier hiver<\/span><\/a><\/div>\n","protected":false},"author":1,"featured_media":0,"parent":0,"menu_order":0,"comment_status":"closed","ping_status":"closed","template":"","meta":{"footnotes":""},"yoast_head":"<!-- This site is optimized with the Yoast SEO plugin v17.7.1 - https:\/\/yoast.com\/wordpress\/plugins\/seo\/ -->\n<title>Katia Lorenzon\/portfolio\/Vivarte - Premier hiver - Katia Lorenzon<\/title>\n<meta name=\"robots\" content=\"index, follow, max-snippet:-1, max-image-preview:large, max-video-preview:-1\" \/>\n<link rel=\"canonical\" href=\"https:\/\/katialorenzon.com\/index.php\/portfolio-katia-lorenzonprojetsvivarte-premier-hiver\/\" \/>\n<meta property=\"og:locale\" content=\"it_IT\" \/>\n<meta property=\"og:type\" content=\"article\" \/>\n<meta property=\"og:title\" content=\"Katia Lorenzon\/portfolio\/Vivarte - Premier hiver - Katia Lorenzon\" \/>\n<meta property=\"og:description\" content=\"Suite \u00e0 mon exp\u00e9rience de dix ans dans les productions de dessins anim\u00e9s pour la t\u00e9l\u00e9vision &#8211; dessinatrice et technicienne &#8211; et \u00e0 ma connaissance&#8230;\" \/>\n<meta property=\"og:url\" content=\"https:\/\/katialorenzon.com\/index.php\/portfolio-katia-lorenzonprojetsvivarte-premier-hiver\/\" \/>\n<meta property=\"og:site_name\" content=\"Katia Lorenzon\" \/>\n<meta property=\"article:modified_time\" content=\"2022-01-23T20:50:11+00:00\" \/>\n<meta property=\"og:image\" content=\"http:\/\/katialorenzon.com\/wp-content\/uploads\/2016\/10\/vivarte-rennes-premier-hiver-katia-lorenzon.jpg\" \/>\n<meta name=\"twitter:card\" content=\"summary\" \/>\n<meta name=\"twitter:label1\" content=\"Tempo di lettura stimato\" \/>\n\t<meta name=\"twitter:data1\" content=\"2 minuti\" \/>\n<script type=\"application\/ld+json\" class=\"yoast-schema-graph\">{\"@context\":\"https:\/\/schema.org\",\"@graph\":[{\"@type\":\"WebSite\",\"@id\":\"https:\/\/katialorenzon.com\/#website\",\"url\":\"https:\/\/katialorenzon.com\/\",\"name\":\"Katia Lorenzon\",\"description\":\"Design graphique et illustration\",\"potentialAction\":[{\"@type\":\"SearchAction\",\"target\":{\"@type\":\"EntryPoint\",\"urlTemplate\":\"https:\/\/katialorenzon.com\/?s={search_term_string}\"},\"query-input\":\"required name=search_term_string\"}],\"inLanguage\":\"it-IT\"},{\"@type\":\"ImageObject\",\"@id\":\"https:\/\/katialorenzon.com\/index.php\/portfolio-katia-lorenzonprojetsvivarte-premier-hiver\/#primaryimage\",\"inLanguage\":\"it-IT\",\"url\":\"http:\/\/katialorenzon.com\/wp-content\/uploads\/2016\/10\/vivarte-rennes-premier-hiver-katia-lorenzon.jpg\",\"contentUrl\":\"http:\/\/katialorenzon.com\/wp-content\/uploads\/2016\/10\/vivarte-rennes-premier-hiver-katia-lorenzon.jpg\"},{\"@type\":\"WebPage\",\"@id\":\"https:\/\/katialorenzon.com\/index.php\/portfolio-katia-lorenzonprojetsvivarte-premier-hiver\/#webpage\",\"url\":\"https:\/\/katialorenzon.com\/index.php\/portfolio-katia-lorenzonprojetsvivarte-premier-hiver\/\",\"name\":\"Katia Lorenzon\/portfolio\/Vivarte - Premier hiver - Katia Lorenzon\",\"isPartOf\":{\"@id\":\"https:\/\/katialorenzon.com\/#website\"},\"primaryImageOfPage\":{\"@id\":\"https:\/\/katialorenzon.com\/index.php\/portfolio-katia-lorenzonprojetsvivarte-premier-hiver\/#primaryimage\"},\"datePublished\":\"2016-10-28T15:25:37+00:00\",\"dateModified\":\"2022-01-23T20:50:11+00:00\",\"breadcrumb\":{\"@id\":\"https:\/\/katialorenzon.com\/index.php\/portfolio-katia-lorenzonprojetsvivarte-premier-hiver\/#breadcrumb\"},\"inLanguage\":\"it-IT\",\"potentialAction\":[{\"@type\":\"ReadAction\",\"target\":[\"https:\/\/katialorenzon.com\/index.php\/portfolio-katia-lorenzonprojetsvivarte-premier-hiver\/\"]}]},{\"@type\":\"BreadcrumbList\",\"@id\":\"https:\/\/katialorenzon.com\/index.php\/portfolio-katia-lorenzonprojetsvivarte-premier-hiver\/#breadcrumb\",\"itemListElement\":[{\"@type\":\"ListItem\",\"position\":1,\"name\":\"Accueil\",\"item\":\"https:\/\/katialorenzon.com\/\"},{\"@type\":\"ListItem\",\"position\":2,\"name\":\"Katia Lorenzon\/portfolio\/Vivarte &#8211; Premier hiver\"}]}]}<\/script>\n<!-- \/ Yoast SEO plugin. -->","yoast_head_json":{"title":"Katia Lorenzon\/portfolio\/Vivarte - Premier hiver - Katia Lorenzon","robots":{"index":"index","follow":"follow","max-snippet":"max-snippet:-1","max-image-preview":"max-image-preview:large","max-video-preview":"max-video-preview:-1"},"canonical":"https:\/\/katialorenzon.com\/index.php\/portfolio-katia-lorenzonprojetsvivarte-premier-hiver\/","og_locale":"it_IT","og_type":"article","og_title":"Katia Lorenzon\/portfolio\/Vivarte - Premier hiver - Katia Lorenzon","og_description":"Suite \u00e0 mon exp\u00e9rience de dix ans dans les productions de dessins anim\u00e9s pour la t\u00e9l\u00e9vision &#8211; dessinatrice et technicienne &#8211; et \u00e0 ma connaissance&#8230;","og_url":"https:\/\/katialorenzon.com\/index.php\/portfolio-katia-lorenzonprojetsvivarte-premier-hiver\/","og_site_name":"Katia Lorenzon","article_modified_time":"2022-01-23T20:50:11+00:00","og_image":[{"url":"http:\/\/katialorenzon.com\/wp-content\/uploads\/2016\/10\/vivarte-rennes-premier-hiver-katia-lorenzon.jpg"}],"twitter_card":"summary","twitter_misc":{"Tempo di lettura stimato":"2 minuti"},"schema":{"@context":"https:\/\/schema.org","@graph":[{"@type":"WebSite","@id":"https:\/\/katialorenzon.com\/#website","url":"https:\/\/katialorenzon.com\/","name":"Katia Lorenzon","description":"Design graphique et illustration","potentialAction":[{"@type":"SearchAction","target":{"@type":"EntryPoint","urlTemplate":"https:\/\/katialorenzon.com\/?s={search_term_string}"},"query-input":"required name=search_term_string"}],"inLanguage":"it-IT"},{"@type":"ImageObject","@id":"https:\/\/katialorenzon.com\/index.php\/portfolio-katia-lorenzonprojetsvivarte-premier-hiver\/#primaryimage","inLanguage":"it-IT","url":"http:\/\/katialorenzon.com\/wp-content\/uploads\/2016\/10\/vivarte-rennes-premier-hiver-katia-lorenzon.jpg","contentUrl":"http:\/\/katialorenzon.com\/wp-content\/uploads\/2016\/10\/vivarte-rennes-premier-hiver-katia-lorenzon.jpg"},{"@type":"WebPage","@id":"https:\/\/katialorenzon.com\/index.php\/portfolio-katia-lorenzonprojetsvivarte-premier-hiver\/#webpage","url":"https:\/\/katialorenzon.com\/index.php\/portfolio-katia-lorenzonprojetsvivarte-premier-hiver\/","name":"Katia Lorenzon\/portfolio\/Vivarte - Premier hiver - Katia Lorenzon","isPartOf":{"@id":"https:\/\/katialorenzon.com\/#website"},"primaryImageOfPage":{"@id":"https:\/\/katialorenzon.com\/index.php\/portfolio-katia-lorenzonprojetsvivarte-premier-hiver\/#primaryimage"},"datePublished":"2016-10-28T15:25:37+00:00","dateModified":"2022-01-23T20:50:11+00:00","breadcrumb":{"@id":"https:\/\/katialorenzon.com\/index.php\/portfolio-katia-lorenzonprojetsvivarte-premier-hiver\/#breadcrumb"},"inLanguage":"it-IT","potentialAction":[{"@type":"ReadAction","target":["https:\/\/katialorenzon.com\/index.php\/portfolio-katia-lorenzonprojetsvivarte-premier-hiver\/"]}]},{"@type":"BreadcrumbList","@id":"https:\/\/katialorenzon.com\/index.php\/portfolio-katia-lorenzonprojetsvivarte-premier-hiver\/#breadcrumb","itemListElement":[{"@type":"ListItem","position":1,"name":"Accueil","item":"https:\/\/katialorenzon.com\/"},{"@type":"ListItem","position":2,"name":"Katia Lorenzon\/portfolio\/Vivarte &#8211; Premier hiver"}]}]}},"_links":{"self":[{"href":"https:\/\/katialorenzon.com\/index.php\/wp-json\/wp\/v2\/pages\/1894"}],"collection":[{"href":"https:\/\/katialorenzon.com\/index.php\/wp-json\/wp\/v2\/pages"}],"about":[{"href":"https:\/\/katialorenzon.com\/index.php\/wp-json\/wp\/v2\/types\/page"}],"author":[{"embeddable":true,"href":"https:\/\/katialorenzon.com\/index.php\/wp-json\/wp\/v2\/users\/1"}],"replies":[{"embeddable":true,"href":"https:\/\/katialorenzon.com\/index.php\/wp-json\/wp\/v2\/comments?post=1894"}],"version-history":[{"count":12,"href":"https:\/\/katialorenzon.com\/index.php\/wp-json\/wp\/v2\/pages\/1894\/revisions"}],"predecessor-version":[{"id":4450,"href":"https:\/\/katialorenzon.com\/index.php\/wp-json\/wp\/v2\/pages\/1894\/revisions\/4450"}],"wp:attachment":[{"href":"https:\/\/katialorenzon.com\/index.php\/wp-json\/wp\/v2\/media?parent=1894"}],"curies":[{"name":"wp","href":"https:\/\/api.w.org\/{rel}","templated":true}]}}