{"id":213,"date":"2016-10-13T18:00:29","date_gmt":"2016-10-13T16:00:29","guid":{"rendered":"http:\/\/katialorenzon.com\/?page_id=213"},"modified":"2022-01-24T08:52:37","modified_gmt":"2022-01-24T07:52:37","slug":"portfolio-paris-interpretation-langue-des-signes-francaise","status":"publish","type":"page","link":"https:\/\/katialorenzon.com\/index.php\/portfolio-paris-interpretation-langue-des-signes-francaise\/","title":{"rendered":"Katia Lorenzon\/portfolio\/Paris interpr\u00e9tation &#8211; Langue des signes fran\u00e7aise"},"content":{"rendered":"\n<p><strong>L<\/strong>ogo, monogramme, charte graphique, design d\u2019interface, illustrations bitmap et set de pictos vectoriels pour la soci\u00e9t\u00e9&nbsp;<strong>Paris interpr\u00e9tation,&nbsp;<\/strong>service d\u2019interpr\u00e8tes en langue des signes fran\u00e7aise&nbsp;et langue des signes tactile.&nbsp;<em>Paris, 2015.<\/em><\/p>\n\n\n\n<div class=\"wp-block-image\"><figure class=\"aligncenter size-full\"><img decoding=\"async\" loading=\"lazy\" width=\"1000\" height=\"344\" src=\"https:\/\/katialorenzon.com\/wp-content\/uploads\/2016\/10\/paris-interpretation-logo.png\" alt=\"\" class=\"wp-image-234\" srcset=\"https:\/\/katialorenzon.com\/wp-content\/uploads\/2016\/10\/paris-interpretation-logo.png 1000w, https:\/\/katialorenzon.com\/wp-content\/uploads\/2016\/10\/paris-interpretation-logo-300x103.png 300w, https:\/\/katialorenzon.com\/wp-content\/uploads\/2016\/10\/paris-interpretation-logo-768x264.png 768w\" sizes=\"(max-width: 1000px) 100vw, 1000px\" \/><\/figure><\/div>\n\n\n\n<p><\/p>\n\n\n\n<div class=\"wp-block-image\"><figure class=\"aligncenter size-full\"><img decoding=\"async\" loading=\"lazy\" width=\"1000\" height=\"336\" src=\"https:\/\/katialorenzon.com\/wp-content\/uploads\/2016\/10\/paris-interpretation-monogramme-1.jpg\" alt=\"\" class=\"wp-image-235\" srcset=\"https:\/\/katialorenzon.com\/wp-content\/uploads\/2016\/10\/paris-interpretation-monogramme-1.jpg 1000w, https:\/\/katialorenzon.com\/wp-content\/uploads\/2016\/10\/paris-interpretation-monogramme-1-300x101.jpg 300w, https:\/\/katialorenzon.com\/wp-content\/uploads\/2016\/10\/paris-interpretation-monogramme-1-768x258.jpg 768w\" sizes=\"(max-width: 1000px) 100vw, 1000px\" \/><\/figure><\/div>\n\n\n\n<p><\/p>\n\n\n\n<div class=\"wp-block-image\"><figure class=\"aligncenter size-full\"><img decoding=\"async\" loading=\"lazy\" width=\"1000\" height=\"1315\" src=\"https:\/\/katialorenzon.com\/wp-content\/uploads\/2016\/10\/paris-interpretation-equipe-katia-lorenzon.png\" alt=\"Paris interpr\u00e9tation equipe. Design katia lorenzon\" class=\"wp-image-233\" srcset=\"https:\/\/katialorenzon.com\/wp-content\/uploads\/2016\/10\/paris-interpretation-equipe-katia-lorenzon.png 1000w, https:\/\/katialorenzon.com\/wp-content\/uploads\/2016\/10\/paris-interpretation-equipe-katia-lorenzon-228x300.png 228w, https:\/\/katialorenzon.com\/wp-content\/uploads\/2016\/10\/paris-interpretation-equipe-katia-lorenzon-768x1010.png 768w, https:\/\/katialorenzon.com\/wp-content\/uploads\/2016\/10\/paris-interpretation-equipe-katia-lorenzon-779x1024.png 779w\" sizes=\"(max-width: 1000px) 100vw, 1000px\" \/><\/figure><\/div>\n\n\n\n<p><\/p>\n\n\n\n<div class=\"wp-block-image\"><figure class=\"aligncenter size-full\"><img decoding=\"async\" loading=\"lazy\" width=\"1000\" height=\"1447\" src=\"https:\/\/katialorenzon.com\/wp-content\/uploads\/2016\/10\/paris-interpretation-tarifs.png\" alt=\"\" class=\"wp-image-236\" srcset=\"https:\/\/katialorenzon.com\/wp-content\/uploads\/2016\/10\/paris-interpretation-tarifs.png 1000w, https:\/\/katialorenzon.com\/wp-content\/uploads\/2016\/10\/paris-interpretation-tarifs-207x300.png 207w, https:\/\/katialorenzon.com\/wp-content\/uploads\/2016\/10\/paris-interpretation-tarifs-768x1111.png 768w, https:\/\/katialorenzon.com\/wp-content\/uploads\/2016\/10\/paris-interpretation-tarifs-708x1024.png 708w\" sizes=\"(max-width: 1000px) 100vw, 1000px\" \/><\/figure><\/div>\n\n\n\n<p><\/p>\n\n\n\n<div class=\"wp-block-image\"><figure class=\"aligncenter size-full\"><img decoding=\"async\" loading=\"lazy\" width=\"1000\" height=\"841\" src=\"https:\/\/katialorenzon.com\/wp-content\/uploads\/2016\/10\/paris-interpretation-accueil-katia-lorenzon-1.jpg\" alt=\"Paris interpretation accueil. Design katia lorenzon\" class=\"wp-image-232\" srcset=\"https:\/\/katialorenzon.com\/wp-content\/uploads\/2016\/10\/paris-interpretation-accueil-katia-lorenzon-1.jpg 1000w, https:\/\/katialorenzon.com\/wp-content\/uploads\/2016\/10\/paris-interpretation-accueil-katia-lorenzon-1-300x252.jpg 300w, https:\/\/katialorenzon.com\/wp-content\/uploads\/2016\/10\/paris-interpretation-accueil-katia-lorenzon-1-768x646.jpg 768w\" sizes=\"(max-width: 1000px) 100vw, 1000px\" \/><\/figure><\/div>\n","protected":false},"excerpt":{"rendered":"<p>Logo, monogramme, charte graphique, design d\u2019interface, illustrations bitmap et set de pictos vectoriels pour la soci\u00e9t\u00e9&nbsp;Paris interpr\u00e9tation,&nbsp;service d\u2019interpr\u00e8tes en langue des signes fran\u00e7aise&nbsp;et langue des&#8230;<\/p>\n<div class=\"more-link-wrapper\"><a class=\"more-link\" href=\"https:\/\/katialorenzon.com\/index.php\/portfolio-paris-interpretation-langue-des-signes-francaise\/\">zoom<span class=\"screen-reader-text\">Katia Lorenzon\/portfolio\/Paris interpr\u00e9tation &#8211; Langue des signes fran\u00e7aise<\/span><\/a><\/div>\n","protected":false},"author":1,"featured_media":0,"parent":0,"menu_order":0,"comment_status":"closed","ping_status":"closed","template":"","meta":{"footnotes":""},"yoast_head":"<!-- This site is optimized with the Yoast SEO plugin v17.7.1 - https:\/\/yoast.com\/wordpress\/plugins\/seo\/ -->\n<title>Katia Lorenzon\/portfolio\/Paris interpr\u00e9tation - Langue des signes fran\u00e7aise - Katia Lorenzon<\/title>\n<meta name=\"robots\" content=\"index, follow, max-snippet:-1, max-image-preview:large, max-video-preview:-1\" \/>\n<link rel=\"canonical\" href=\"https:\/\/katialorenzon.com\/index.php\/portfolio-paris-interpretation-langue-des-signes-francaise\/\" \/>\n<meta property=\"og:locale\" content=\"it_IT\" \/>\n<meta property=\"og:type\" content=\"article\" \/>\n<meta property=\"og:title\" content=\"Katia Lorenzon\/portfolio\/Paris interpr\u00e9tation - Langue des signes fran\u00e7aise - Katia Lorenzon\" \/>\n<meta property=\"og:description\" content=\"Logo, monogramme, charte graphique, design d\u2019interface, illustrations bitmap et set de pictos vectoriels pour la soci\u00e9t\u00e9&nbsp;Paris interpr\u00e9tation,&nbsp;service d\u2019interpr\u00e8tes en langue des signes fran\u00e7aise&nbsp;et langue des&#8230;\" \/>\n<meta property=\"og:url\" content=\"https:\/\/katialorenzon.com\/index.php\/portfolio-paris-interpretation-langue-des-signes-francaise\/\" \/>\n<meta property=\"og:site_name\" content=\"Katia Lorenzon\" \/>\n<meta property=\"article:modified_time\" content=\"2022-01-24T07:52:37+00:00\" \/>\n<meta property=\"og:image\" content=\"http:\/\/katialorenzon.com\/wp-content\/uploads\/2016\/10\/paris-interpretation-logo.png\" \/>\n<meta name=\"twitter:card\" content=\"summary\" \/>\n<meta name=\"twitter:label1\" content=\"Tempo di lettura stimato\" \/>\n\t<meta name=\"twitter:data1\" content=\"2 minuti\" \/>\n<script type=\"application\/ld+json\" class=\"yoast-schema-graph\">{\"@context\":\"https:\/\/schema.org\",\"@graph\":[{\"@type\":\"WebSite\",\"@id\":\"https:\/\/katialorenzon.com\/#website\",\"url\":\"https:\/\/katialorenzon.com\/\",\"name\":\"Katia Lorenzon\",\"description\":\"Design graphique et illustration\",\"potentialAction\":[{\"@type\":\"SearchAction\",\"target\":{\"@type\":\"EntryPoint\",\"urlTemplate\":\"https:\/\/katialorenzon.com\/?s={search_term_string}\"},\"query-input\":\"required name=search_term_string\"}],\"inLanguage\":\"it-IT\"},{\"@type\":\"ImageObject\",\"@id\":\"https:\/\/katialorenzon.com\/index.php\/portfolio-paris-interpretation-langue-des-signes-francaise\/#primaryimage\",\"inLanguage\":\"it-IT\",\"url\":\"http:\/\/katialorenzon.com\/wp-content\/uploads\/2016\/10\/paris-interpretation-logo.png\",\"contentUrl\":\"http:\/\/katialorenzon.com\/wp-content\/uploads\/2016\/10\/paris-interpretation-logo.png\"},{\"@type\":\"WebPage\",\"@id\":\"https:\/\/katialorenzon.com\/index.php\/portfolio-paris-interpretation-langue-des-signes-francaise\/#webpage\",\"url\":\"https:\/\/katialorenzon.com\/index.php\/portfolio-paris-interpretation-langue-des-signes-francaise\/\",\"name\":\"Katia Lorenzon\/portfolio\/Paris interpr\\u00e9tation - Langue des signes fran\\u00e7aise - Katia Lorenzon\",\"isPartOf\":{\"@id\":\"https:\/\/katialorenzon.com\/#website\"},\"primaryImageOfPage\":{\"@id\":\"https:\/\/katialorenzon.com\/index.php\/portfolio-paris-interpretation-langue-des-signes-francaise\/#primaryimage\"},\"datePublished\":\"2016-10-13T16:00:29+00:00\",\"dateModified\":\"2022-01-24T07:52:37+00:00\",\"breadcrumb\":{\"@id\":\"https:\/\/katialorenzon.com\/index.php\/portfolio-paris-interpretation-langue-des-signes-francaise\/#breadcrumb\"},\"inLanguage\":\"it-IT\",\"potentialAction\":[{\"@type\":\"ReadAction\",\"target\":[\"https:\/\/katialorenzon.com\/index.php\/portfolio-paris-interpretation-langue-des-signes-francaise\/\"]}]},{\"@type\":\"BreadcrumbList\",\"@id\":\"https:\/\/katialorenzon.com\/index.php\/portfolio-paris-interpretation-langue-des-signes-francaise\/#breadcrumb\",\"itemListElement\":[{\"@type\":\"ListItem\",\"position\":1,\"name\":\"Accueil\",\"item\":\"https:\/\/katialorenzon.com\/\"},{\"@type\":\"ListItem\",\"position\":2,\"name\":\"Katia Lorenzon\/portfolio\/Paris interpr\\u00e9tation &#8211; Langue des signes fran\\u00e7aise\"}]}]}<\/script>\n<!-- \/ Yoast SEO plugin. -->","yoast_head_json":{"title":"Katia Lorenzon\/portfolio\/Paris interpr\u00e9tation - Langue des signes fran\u00e7aise - Katia Lorenzon","robots":{"index":"index","follow":"follow","max-snippet":"max-snippet:-1","max-image-preview":"max-image-preview:large","max-video-preview":"max-video-preview:-1"},"canonical":"https:\/\/katialorenzon.com\/index.php\/portfolio-paris-interpretation-langue-des-signes-francaise\/","og_locale":"it_IT","og_type":"article","og_title":"Katia Lorenzon\/portfolio\/Paris interpr\u00e9tation - Langue des signes fran\u00e7aise - Katia Lorenzon","og_description":"Logo, monogramme, charte graphique, design d\u2019interface, illustrations bitmap et set de pictos vectoriels pour la soci\u00e9t\u00e9&nbsp;Paris interpr\u00e9tation,&nbsp;service d\u2019interpr\u00e8tes en langue des signes fran\u00e7aise&nbsp;et langue des&#8230;","og_url":"https:\/\/katialorenzon.com\/index.php\/portfolio-paris-interpretation-langue-des-signes-francaise\/","og_site_name":"Katia Lorenzon","article_modified_time":"2022-01-24T07:52:37+00:00","og_image":[{"url":"http:\/\/katialorenzon.com\/wp-content\/uploads\/2016\/10\/paris-interpretation-logo.png"}],"twitter_card":"summary","twitter_misc":{"Tempo di lettura stimato":"2 minuti"},"schema":{"@context":"https:\/\/schema.org","@graph":[{"@type":"WebSite","@id":"https:\/\/katialorenzon.com\/#website","url":"https:\/\/katialorenzon.com\/","name":"Katia Lorenzon","description":"Design graphique et illustration","potentialAction":[{"@type":"SearchAction","target":{"@type":"EntryPoint","urlTemplate":"https:\/\/katialorenzon.com\/?s={search_term_string}"},"query-input":"required name=search_term_string"}],"inLanguage":"it-IT"},{"@type":"ImageObject","@id":"https:\/\/katialorenzon.com\/index.php\/portfolio-paris-interpretation-langue-des-signes-francaise\/#primaryimage","inLanguage":"it-IT","url":"http:\/\/katialorenzon.com\/wp-content\/uploads\/2016\/10\/paris-interpretation-logo.png","contentUrl":"http:\/\/katialorenzon.com\/wp-content\/uploads\/2016\/10\/paris-interpretation-logo.png"},{"@type":"WebPage","@id":"https:\/\/katialorenzon.com\/index.php\/portfolio-paris-interpretation-langue-des-signes-francaise\/#webpage","url":"https:\/\/katialorenzon.com\/index.php\/portfolio-paris-interpretation-langue-des-signes-francaise\/","name":"Katia Lorenzon\/portfolio\/Paris interpr\u00e9tation - Langue des signes fran\u00e7aise - Katia Lorenzon","isPartOf":{"@id":"https:\/\/katialorenzon.com\/#website"},"primaryImageOfPage":{"@id":"https:\/\/katialorenzon.com\/index.php\/portfolio-paris-interpretation-langue-des-signes-francaise\/#primaryimage"},"datePublished":"2016-10-13T16:00:29+00:00","dateModified":"2022-01-24T07:52:37+00:00","breadcrumb":{"@id":"https:\/\/katialorenzon.com\/index.php\/portfolio-paris-interpretation-langue-des-signes-francaise\/#breadcrumb"},"inLanguage":"it-IT","potentialAction":[{"@type":"ReadAction","target":["https:\/\/katialorenzon.com\/index.php\/portfolio-paris-interpretation-langue-des-signes-francaise\/"]}]},{"@type":"BreadcrumbList","@id":"https:\/\/katialorenzon.com\/index.php\/portfolio-paris-interpretation-langue-des-signes-francaise\/#breadcrumb","itemListElement":[{"@type":"ListItem","position":1,"name":"Accueil","item":"https:\/\/katialorenzon.com\/"},{"@type":"ListItem","position":2,"name":"Katia Lorenzon\/portfolio\/Paris interpr\u00e9tation &#8211; Langue des signes fran\u00e7aise"}]}]}},"_links":{"self":[{"href":"https:\/\/katialorenzon.com\/index.php\/wp-json\/wp\/v2\/pages\/213"}],"collection":[{"href":"https:\/\/katialorenzon.com\/index.php\/wp-json\/wp\/v2\/pages"}],"about":[{"href":"https:\/\/katialorenzon.com\/index.php\/wp-json\/wp\/v2\/types\/page"}],"author":[{"embeddable":true,"href":"https:\/\/katialorenzon.com\/index.php\/wp-json\/wp\/v2\/users\/1"}],"replies":[{"embeddable":true,"href":"https:\/\/katialorenzon.com\/index.php\/wp-json\/wp\/v2\/comments?post=213"}],"version-history":[{"count":27,"href":"https:\/\/katialorenzon.com\/index.php\/wp-json\/wp\/v2\/pages\/213\/revisions"}],"predecessor-version":[{"id":4566,"href":"https:\/\/katialorenzon.com\/index.php\/wp-json\/wp\/v2\/pages\/213\/revisions\/4566"}],"wp:attachment":[{"href":"https:\/\/katialorenzon.com\/index.php\/wp-json\/wp\/v2\/media?parent=213"}],"curies":[{"name":"wp","href":"https:\/\/api.w.org\/{rel}","templated":true}]}}