{"id":2336,"date":"2020-01-22T12:00:33","date_gmt":"2020-01-22T11:00:33","guid":{"rendered":"http:\/\/katialorenzon.com\/?page_id=2336"},"modified":"2022-01-24T08:48:32","modified_gmt":"2022-01-24T07:48:32","slug":"portfolio-libri-mai-mai-visti_2020","status":"publish","type":"page","link":"https:\/\/katialorenzon.com\/index.php\/portfolio-libri-mai-mai-visti_2020\/","title":{"rendered":"Katia Lorenzon\/Portfolio\/Libri Mai Mai Visti\/Expo sur le livre-objet"},"content":{"rendered":"<p><strong>P<\/strong>articipation \u00e0 l&#8217;exposition <a href=\"https:\/\/wsimag.com\/it\/cultura\/59501-libri-mai-mai-visti\">&#8220;<strong>Libri Mai Mai Visti<\/strong>&#8220;<\/a> &#8211; &#8220;Livres Jamais Jamais Vus&#8221; &#8211; avec mon livre-objet titr\u00e9 &#8220;<em>Dal Mulino Bianco al Moulin Rouge<\/em>&#8220;.<br \/>\nCette \u0153uvre, est une cr\u00e9ation en cartonnage contenant des br\u00e8ves chroniques autobiographiques de vie parisienne. Il s&#8217;agit d&#8217;une collection d&#8217;anecdotes qui parlent, tant\u00f4t avec l\u00e9g\u00e8ret\u00e9, tant\u00f4t avec implication, de tout ce qui m&#8217;a touch\u00e9 et laiss\u00e9 des impressions vives : les personnes, les m\u0153urs, les lieux, les objets.<\/p>\n<p>\u00c9v\u00e9nement organis\u00e9 par les divers cerveaux associ\u00e9s de l&#8217;Association culturelle <strong>VACA<\/strong>, l&#8217;<strong>Assessorato alla Cultura di Ravenna<\/strong> et l&#8217;<strong>Istituzione Biblioteca Classense<\/strong>, \u00e0 Palazzo Rasponi dalle Teste.\u00a0<em>Ravenne, 2019-2020.<\/em><em><br \/>\n<\/em><\/p>\n<p><img decoding=\"async\" loading=\"lazy\" class=\"aligncenter size-full wp-image-2362\" src=\"https:\/\/katialorenzon.com\/wp-content\/uploads\/2020\/01\/livre-objet-libri-mai-mai-visti-katia-lorenzon.jpg\" alt=\"Livre-objet, Libri Mai Mai Visti, Katia Lorenzon\" width=\"1000\" height=\"750\" srcset=\"https:\/\/katialorenzon.com\/wp-content\/uploads\/2020\/01\/livre-objet-libri-mai-mai-visti-katia-lorenzon.jpg 1000w, https:\/\/katialorenzon.com\/wp-content\/uploads\/2020\/01\/livre-objet-libri-mai-mai-visti-katia-lorenzon-300x225.jpg 300w, https:\/\/katialorenzon.com\/wp-content\/uploads\/2020\/01\/livre-objet-libri-mai-mai-visti-katia-lorenzon-768x576.jpg 768w\" sizes=\"(max-width: 1000px) 100vw, 1000px\" \/><\/p>\n<p><img decoding=\"async\" loading=\"lazy\" class=\"aligncenter size-full wp-image-2361\" src=\"https:\/\/katialorenzon.com\/wp-content\/uploads\/2020\/01\/logo_lmmv.jpg\" alt=\"\" width=\"1000\" height=\"609\" srcset=\"https:\/\/katialorenzon.com\/wp-content\/uploads\/2020\/01\/logo_lmmv.jpg 1000w, https:\/\/katialorenzon.com\/wp-content\/uploads\/2020\/01\/logo_lmmv-300x183.jpg 300w, https:\/\/katialorenzon.com\/wp-content\/uploads\/2020\/01\/logo_lmmv-768x468.jpg 768w\" sizes=\"(max-width: 1000px) 100vw, 1000px\" \/><\/p>\n<p><img decoding=\"async\" loading=\"lazy\" class=\"aligncenter size-full wp-image-2363\" src=\"https:\/\/katialorenzon.com\/wp-content\/uploads\/2020\/01\/palazzo-rasponi-dalle-teste-libri-mai-mai-visti-detail-facade.jpg\" alt=\"Palazzo Rasponi dalle Teste a Ravenna. Dettaglio della facciata\" width=\"1000\" height=\"750\" srcset=\"https:\/\/katialorenzon.com\/wp-content\/uploads\/2020\/01\/palazzo-rasponi-dalle-teste-libri-mai-mai-visti-detail-facade.jpg 1000w, https:\/\/katialorenzon.com\/wp-content\/uploads\/2020\/01\/palazzo-rasponi-dalle-teste-libri-mai-mai-visti-detail-facade-300x225.jpg 300w, https:\/\/katialorenzon.com\/wp-content\/uploads\/2020\/01\/palazzo-rasponi-dalle-teste-libri-mai-mai-visti-detail-facade-768x576.jpg 768w\" sizes=\"(max-width: 1000px) 100vw, 1000px\" \/><\/p>\n<p><img decoding=\"async\" loading=\"lazy\" class=\"aligncenter size-full wp-image-2364\" src=\"https:\/\/katialorenzon.com\/wp-content\/uploads\/2020\/01\/libri-mai-mai-visti-affiches-palazzo-rasponi.jpg\" alt=\"Libri Mai Mai Visti, edizione 2019, affiche\" width=\"1000\" height=\"500\" srcset=\"https:\/\/katialorenzon.com\/wp-content\/uploads\/2020\/01\/libri-mai-mai-visti-affiches-palazzo-rasponi.jpg 1000w, https:\/\/katialorenzon.com\/wp-content\/uploads\/2020\/01\/libri-mai-mai-visti-affiches-palazzo-rasponi-300x150.jpg 300w, https:\/\/katialorenzon.com\/wp-content\/uploads\/2020\/01\/libri-mai-mai-visti-affiches-palazzo-rasponi-768x384.jpg 768w\" sizes=\"(max-width: 1000px) 100vw, 1000px\" \/><\/p>\n<p><img decoding=\"async\" loading=\"lazy\" class=\"aligncenter size-full wp-image-2366\" src=\"https:\/\/katialorenzon.com\/wp-content\/uploads\/2020\/01\/palazzo-rasponi-dalle-teste-libri-mai-mai-visti-detail-facade-affiches.jpg\" alt=\"Libri Mai Mai Visti a Palazzo Rasponi delle teste, dettaglio con affiches\" width=\"1000\" height=\"750\" srcset=\"https:\/\/katialorenzon.com\/wp-content\/uploads\/2020\/01\/palazzo-rasponi-dalle-teste-libri-mai-mai-visti-detail-facade-affiches.jpg 1000w, https:\/\/katialorenzon.com\/wp-content\/uploads\/2020\/01\/palazzo-rasponi-dalle-teste-libri-mai-mai-visti-detail-facade-affiches-300x225.jpg 300w, https:\/\/katialorenzon.com\/wp-content\/uploads\/2020\/01\/palazzo-rasponi-dalle-teste-libri-mai-mai-visti-detail-facade-affiches-768x576.jpg 768w\" sizes=\"(max-width: 1000px) 100vw, 1000px\" \/><\/p>\n<p><img decoding=\"async\" loading=\"lazy\" class=\"aligncenter size-full wp-image-2367\" src=\"https:\/\/katialorenzon.com\/wp-content\/uploads\/2020\/01\/palazzo-rasponi-dalle-teste-libri-mai-mai-visti-detail-facade-interieur.jpg\" alt=\"Libri Mai Mai Visti, interno di palazzo Rasponi dalle Teste, dettaglio\" width=\"1000\" height=\"750\" srcset=\"https:\/\/katialorenzon.com\/wp-content\/uploads\/2020\/01\/palazzo-rasponi-dalle-teste-libri-mai-mai-visti-detail-facade-interieur.jpg 1000w, https:\/\/katialorenzon.com\/wp-content\/uploads\/2020\/01\/palazzo-rasponi-dalle-teste-libri-mai-mai-visti-detail-facade-interieur-300x225.jpg 300w, https:\/\/katialorenzon.com\/wp-content\/uploads\/2020\/01\/palazzo-rasponi-dalle-teste-libri-mai-mai-visti-detail-facade-interieur-768x576.jpg 768w\" sizes=\"(max-width: 1000px) 100vw, 1000px\" \/><\/p>\n<p><img decoding=\"async\" loading=\"lazy\" class=\"aligncenter size-full wp-image-2368\" src=\"https:\/\/katialorenzon.com\/wp-content\/uploads\/2020\/01\/libri-mai-mai-visti-publique-04.jpg\" alt=\"Pubblico all'esposizione Libri Mai Mai visti, a Palazzo Rasponi dalle Teste\" width=\"1000\" height=\"500\" srcset=\"https:\/\/katialorenzon.com\/wp-content\/uploads\/2020\/01\/libri-mai-mai-visti-publique-04.jpg 1000w, https:\/\/katialorenzon.com\/wp-content\/uploads\/2020\/01\/libri-mai-mai-visti-publique-04-300x150.jpg 300w, https:\/\/katialorenzon.com\/wp-content\/uploads\/2020\/01\/libri-mai-mai-visti-publique-04-768x384.jpg 768w\" sizes=\"(max-width: 1000px) 100vw, 1000px\" \/><\/p>\n<p><img decoding=\"async\" loading=\"lazy\" class=\"aligncenter size-full wp-image-2369\" src=\"https:\/\/katialorenzon.com\/wp-content\/uploads\/2020\/01\/livre-objet-libri-mai-mai-visti-a-palazzo-rasponi-dalle-teste-katia-lorenzon.jpg\" alt=\"Livre objet \u00e0 l'expo Libri Mai Mai Visti, Palazzo Rasponi dalle Teste, Ravenne\" width=\"1000\" height=\"750\" srcset=\"https:\/\/katialorenzon.com\/wp-content\/uploads\/2020\/01\/livre-objet-libri-mai-mai-visti-a-palazzo-rasponi-dalle-teste-katia-lorenzon.jpg 1000w, https:\/\/katialorenzon.com\/wp-content\/uploads\/2020\/01\/livre-objet-libri-mai-mai-visti-a-palazzo-rasponi-dalle-teste-katia-lorenzon-300x225.jpg 300w, https:\/\/katialorenzon.com\/wp-content\/uploads\/2020\/01\/livre-objet-libri-mai-mai-visti-a-palazzo-rasponi-dalle-teste-katia-lorenzon-768x576.jpg 768w\" sizes=\"(max-width: 1000px) 100vw, 1000px\" \/><\/p>\n<p><img decoding=\"async\" loading=\"lazy\" class=\"aligncenter size-full wp-image-2370\" src=\"https:\/\/katialorenzon.com\/wp-content\/uploads\/2020\/01\/libri-mai-mai-visti-publique-05.jpg\" alt=\"Libri Mai Mai Visti, Pubblico. Libro-oggetto di Katia Lorenzon\" width=\"1000\" height=\"500\" srcset=\"https:\/\/katialorenzon.com\/wp-content\/uploads\/2020\/01\/libri-mai-mai-visti-publique-05.jpg 1000w, https:\/\/katialorenzon.com\/wp-content\/uploads\/2020\/01\/libri-mai-mai-visti-publique-05-300x150.jpg 300w, https:\/\/katialorenzon.com\/wp-content\/uploads\/2020\/01\/libri-mai-mai-visti-publique-05-768x384.jpg 768w\" sizes=\"(max-width: 1000px) 100vw, 1000px\" \/><\/p>\n<p><img decoding=\"async\" loading=\"lazy\" class=\"aligncenter size-full wp-image-2371\" src=\"https:\/\/katialorenzon.com\/wp-content\/uploads\/2020\/01\/libri-mai-mai-visti-detail-couvertures-katia-lorenzon.jpg\" alt=\"Libro-oggetto di Katia Lorenzon. Dettaglio delle copertine.\" width=\"1000\" height=\"750\" srcset=\"https:\/\/katialorenzon.com\/wp-content\/uploads\/2020\/01\/libri-mai-mai-visti-detail-couvertures-katia-lorenzon.jpg 1000w, https:\/\/katialorenzon.com\/wp-content\/uploads\/2020\/01\/libri-mai-mai-visti-detail-couvertures-katia-lorenzon-300x225.jpg 300w, https:\/\/katialorenzon.com\/wp-content\/uploads\/2020\/01\/libri-mai-mai-visti-detail-couvertures-katia-lorenzon-768x576.jpg 768w\" sizes=\"(max-width: 1000px) 100vw, 1000px\" \/><\/p>\n<p><img decoding=\"async\" loading=\"lazy\" class=\"aligncenter size-full wp-image-2372\" src=\"https:\/\/katialorenzon.com\/wp-content\/uploads\/2020\/01\/libri-mai-mai-visti-detail-graine-et-papier-katia-lorenzon.jpg\" alt=\"Libro-oggetto di Katia Lorenzon. Dettaglio delle carte e delle textures.\" width=\"1000\" height=\"750\" srcset=\"https:\/\/katialorenzon.com\/wp-content\/uploads\/2020\/01\/libri-mai-mai-visti-detail-graine-et-papier-katia-lorenzon.jpg 1000w, https:\/\/katialorenzon.com\/wp-content\/uploads\/2020\/01\/libri-mai-mai-visti-detail-graine-et-papier-katia-lorenzon-300x225.jpg 300w, https:\/\/katialorenzon.com\/wp-content\/uploads\/2020\/01\/libri-mai-mai-visti-detail-graine-et-papier-katia-lorenzon-768x576.jpg 768w\" sizes=\"(max-width: 1000px) 100vw, 1000px\" \/><\/p>\n<p><img decoding=\"async\" loading=\"lazy\" class=\"aligncenter size-full wp-image-2373\" src=\"https:\/\/katialorenzon.com\/wp-content\/uploads\/2020\/01\/libri-mai-mai-visti-publique-palazzo-rasponi-katia-lorenzon.jpg\" alt=\"Libri Mai Mai Visti a Palazzo Rasponi dalle Teste. Opera di Katia Lorenzon\" width=\"1000\" height=\"446\" srcset=\"https:\/\/katialorenzon.com\/wp-content\/uploads\/2020\/01\/libri-mai-mai-visti-publique-palazzo-rasponi-katia-lorenzon.jpg 1000w, https:\/\/katialorenzon.com\/wp-content\/uploads\/2020\/01\/libri-mai-mai-visti-publique-palazzo-rasponi-katia-lorenzon-300x134.jpg 300w, https:\/\/katialorenzon.com\/wp-content\/uploads\/2020\/01\/libri-mai-mai-visti-publique-palazzo-rasponi-katia-lorenzon-768x343.jpg 768w\" sizes=\"(max-width: 1000px) 100vw, 1000px\" \/><\/p>\n<p><img decoding=\"async\" loading=\"lazy\" class=\"aligncenter size-full wp-image-2374\" src=\"https:\/\/katialorenzon.com\/wp-content\/uploads\/2020\/01\/libri-mai-mai-visti-palazzo-rasponi-salles.jpg\" alt=\"Esposizione Libri Mai Mai visti a Palazzo Rasponi dalle teste. Interno delle sale\" width=\"1000\" height=\"750\" srcset=\"https:\/\/katialorenzon.com\/wp-content\/uploads\/2020\/01\/libri-mai-mai-visti-palazzo-rasponi-salles.jpg 1000w, https:\/\/katialorenzon.com\/wp-content\/uploads\/2020\/01\/libri-mai-mai-visti-palazzo-rasponi-salles-300x225.jpg 300w, https:\/\/katialorenzon.com\/wp-content\/uploads\/2020\/01\/libri-mai-mai-visti-palazzo-rasponi-salles-768x576.jpg 768w\" sizes=\"(max-width: 1000px) 100vw, 1000px\" \/><\/p>\n<p><img decoding=\"async\" loading=\"lazy\" class=\"aligncenter size-full wp-image-2375\" src=\"https:\/\/katialorenzon.com\/wp-content\/uploads\/2020\/01\/libri-mai-mai-visti-communication.jpg\" alt=\"Libri Mai Mai visti a Ravenna. Articolo e comunicazione negli spazi urbani\" width=\"1000\" height=\"500\" srcset=\"https:\/\/katialorenzon.com\/wp-content\/uploads\/2020\/01\/libri-mai-mai-visti-communication.jpg 1000w, https:\/\/katialorenzon.com\/wp-content\/uploads\/2020\/01\/libri-mai-mai-visti-communication-300x150.jpg 300w, https:\/\/katialorenzon.com\/wp-content\/uploads\/2020\/01\/libri-mai-mai-visti-communication-768x384.jpg 768w\" sizes=\"(max-width: 1000px) 100vw, 1000px\" \/><\/p>\n<p><img decoding=\"async\" loading=\"lazy\" class=\"aligncenter size-full wp-image-2377\" src=\"https:\/\/katialorenzon.com\/wp-content\/uploads\/2020\/01\/logos-istituzioni.jpg\" alt=\"Logos istituzioni.\" width=\"1000\" height=\"353\" srcset=\"https:\/\/katialorenzon.com\/wp-content\/uploads\/2020\/01\/logos-istituzioni.jpg 1000w, https:\/\/katialorenzon.com\/wp-content\/uploads\/2020\/01\/logos-istituzioni-300x106.jpg 300w, https:\/\/katialorenzon.com\/wp-content\/uploads\/2020\/01\/logos-istituzioni-768x271.jpg 768w\" sizes=\"(max-width: 1000px) 100vw, 1000px\" \/><\/p>\n","protected":false},"excerpt":{"rendered":"<p>Participation \u00e0 l&#8217;exposition &#8220;Libri Mai Mai Visti&#8220; &#8211; &#8220;Livres Jamais Jamais Vus&#8221; &#8211; avec mon livre-objet titr\u00e9 &#8220;Dal Mulino Bianco al Moulin Rouge&#8220;. Cette \u0153uvre,&#8230;<\/p>\n<div class=\"more-link-wrapper\"><a class=\"more-link\" href=\"https:\/\/katialorenzon.com\/index.php\/portfolio-libri-mai-mai-visti_2020\/\">zoom<span class=\"screen-reader-text\">Katia Lorenzon\/Portfolio\/Libri Mai Mai Visti\/Expo sur le livre-objet<\/span><\/a><\/div>\n","protected":false},"author":1,"featured_media":0,"parent":0,"menu_order":0,"comment_status":"closed","ping_status":"closed","template":"","meta":{"footnotes":""},"yoast_head":"<!-- This site is optimized with the Yoast SEO plugin v17.7.1 - https:\/\/yoast.com\/wordpress\/plugins\/seo\/ -->\n<title>Katia Lorenzon\/Portfolio\/Libri Mai Mai Visti\/Expo sur le livre-objet - Katia Lorenzon<\/title>\n<meta name=\"robots\" content=\"index, follow, max-snippet:-1, max-image-preview:large, max-video-preview:-1\" \/>\n<link rel=\"canonical\" href=\"https:\/\/katialorenzon.com\/index.php\/portfolio-libri-mai-mai-visti_2020\/\" \/>\n<meta property=\"og:locale\" content=\"it_IT\" \/>\n<meta property=\"og:type\" content=\"article\" \/>\n<meta property=\"og:title\" content=\"Katia Lorenzon\/Portfolio\/Libri Mai Mai Visti\/Expo sur le livre-objet - Katia Lorenzon\" \/>\n<meta property=\"og:description\" content=\"Participation \u00e0 l&#8217;exposition &#8220;Libri Mai Mai Visti&#8220; &#8211; &#8220;Livres Jamais Jamais Vus&#8221; &#8211; avec mon livre-objet titr\u00e9 &#8220;Dal Mulino Bianco al Moulin Rouge&#8220;. Cette \u0153uvre,&#8230;\" \/>\n<meta property=\"og:url\" content=\"https:\/\/katialorenzon.com\/index.php\/portfolio-libri-mai-mai-visti_2020\/\" \/>\n<meta property=\"og:site_name\" content=\"Katia Lorenzon\" \/>\n<meta property=\"article:modified_time\" content=\"2022-01-24T07:48:32+00:00\" \/>\n<meta property=\"og:image\" content=\"http:\/\/katialorenzon.com\/wp-content\/uploads\/2020\/01\/livre-objet-libri-mai-mai-visti-katia-lorenzon.jpg\" \/>\n<meta name=\"twitter:card\" content=\"summary\" \/>\n<meta name=\"twitter:label1\" content=\"Tempo di lettura stimato\" \/>\n\t<meta name=\"twitter:data1\" content=\"4 minuti\" \/>\n<script type=\"application\/ld+json\" class=\"yoast-schema-graph\">{\"@context\":\"https:\/\/schema.org\",\"@graph\":[{\"@type\":\"WebSite\",\"@id\":\"https:\/\/katialorenzon.com\/#website\",\"url\":\"https:\/\/katialorenzon.com\/\",\"name\":\"Katia Lorenzon\",\"description\":\"Design graphique et illustration\",\"potentialAction\":[{\"@type\":\"SearchAction\",\"target\":{\"@type\":\"EntryPoint\",\"urlTemplate\":\"https:\/\/katialorenzon.com\/?s={search_term_string}\"},\"query-input\":\"required name=search_term_string\"}],\"inLanguage\":\"it-IT\"},{\"@type\":\"ImageObject\",\"@id\":\"https:\/\/katialorenzon.com\/index.php\/portfolio-libri-mai-mai-visti_2020\/#primaryimage\",\"inLanguage\":\"it-IT\",\"url\":\"http:\/\/katialorenzon.com\/wp-content\/uploads\/2020\/01\/livre-objet-libri-mai-mai-visti-katia-lorenzon.jpg\",\"contentUrl\":\"http:\/\/katialorenzon.com\/wp-content\/uploads\/2020\/01\/livre-objet-libri-mai-mai-visti-katia-lorenzon.jpg\"},{\"@type\":\"WebPage\",\"@id\":\"https:\/\/katialorenzon.com\/index.php\/portfolio-libri-mai-mai-visti_2020\/#webpage\",\"url\":\"https:\/\/katialorenzon.com\/index.php\/portfolio-libri-mai-mai-visti_2020\/\",\"name\":\"Katia Lorenzon\/Portfolio\/Libri Mai Mai Visti\/Expo sur le livre-objet - Katia Lorenzon\",\"isPartOf\":{\"@id\":\"https:\/\/katialorenzon.com\/#website\"},\"primaryImageOfPage\":{\"@id\":\"https:\/\/katialorenzon.com\/index.php\/portfolio-libri-mai-mai-visti_2020\/#primaryimage\"},\"datePublished\":\"2020-01-22T11:00:33+00:00\",\"dateModified\":\"2022-01-24T07:48:32+00:00\",\"breadcrumb\":{\"@id\":\"https:\/\/katialorenzon.com\/index.php\/portfolio-libri-mai-mai-visti_2020\/#breadcrumb\"},\"inLanguage\":\"it-IT\",\"potentialAction\":[{\"@type\":\"ReadAction\",\"target\":[\"https:\/\/katialorenzon.com\/index.php\/portfolio-libri-mai-mai-visti_2020\/\"]}]},{\"@type\":\"BreadcrumbList\",\"@id\":\"https:\/\/katialorenzon.com\/index.php\/portfolio-libri-mai-mai-visti_2020\/#breadcrumb\",\"itemListElement\":[{\"@type\":\"ListItem\",\"position\":1,\"name\":\"Accueil\",\"item\":\"https:\/\/katialorenzon.com\/\"},{\"@type\":\"ListItem\",\"position\":2,\"name\":\"Katia Lorenzon\/Portfolio\/Libri Mai Mai Visti\/Expo sur le livre-objet\"}]}]}<\/script>\n<!-- \/ Yoast SEO plugin. -->","yoast_head_json":{"title":"Katia Lorenzon\/Portfolio\/Libri Mai Mai Visti\/Expo sur le livre-objet - Katia Lorenzon","robots":{"index":"index","follow":"follow","max-snippet":"max-snippet:-1","max-image-preview":"max-image-preview:large","max-video-preview":"max-video-preview:-1"},"canonical":"https:\/\/katialorenzon.com\/index.php\/portfolio-libri-mai-mai-visti_2020\/","og_locale":"it_IT","og_type":"article","og_title":"Katia Lorenzon\/Portfolio\/Libri Mai Mai Visti\/Expo sur le livre-objet - Katia Lorenzon","og_description":"Participation \u00e0 l&#8217;exposition &#8220;Libri Mai Mai Visti&#8220; &#8211; &#8220;Livres Jamais Jamais Vus&#8221; &#8211; avec mon livre-objet titr\u00e9 &#8220;Dal Mulino Bianco al Moulin Rouge&#8220;. Cette \u0153uvre,&#8230;","og_url":"https:\/\/katialorenzon.com\/index.php\/portfolio-libri-mai-mai-visti_2020\/","og_site_name":"Katia Lorenzon","article_modified_time":"2022-01-24T07:48:32+00:00","og_image":[{"url":"http:\/\/katialorenzon.com\/wp-content\/uploads\/2020\/01\/livre-objet-libri-mai-mai-visti-katia-lorenzon.jpg"}],"twitter_card":"summary","twitter_misc":{"Tempo di lettura stimato":"4 minuti"},"schema":{"@context":"https:\/\/schema.org","@graph":[{"@type":"WebSite","@id":"https:\/\/katialorenzon.com\/#website","url":"https:\/\/katialorenzon.com\/","name":"Katia Lorenzon","description":"Design graphique et illustration","potentialAction":[{"@type":"SearchAction","target":{"@type":"EntryPoint","urlTemplate":"https:\/\/katialorenzon.com\/?s={search_term_string}"},"query-input":"required name=search_term_string"}],"inLanguage":"it-IT"},{"@type":"ImageObject","@id":"https:\/\/katialorenzon.com\/index.php\/portfolio-libri-mai-mai-visti_2020\/#primaryimage","inLanguage":"it-IT","url":"http:\/\/katialorenzon.com\/wp-content\/uploads\/2020\/01\/livre-objet-libri-mai-mai-visti-katia-lorenzon.jpg","contentUrl":"http:\/\/katialorenzon.com\/wp-content\/uploads\/2020\/01\/livre-objet-libri-mai-mai-visti-katia-lorenzon.jpg"},{"@type":"WebPage","@id":"https:\/\/katialorenzon.com\/index.php\/portfolio-libri-mai-mai-visti_2020\/#webpage","url":"https:\/\/katialorenzon.com\/index.php\/portfolio-libri-mai-mai-visti_2020\/","name":"Katia Lorenzon\/Portfolio\/Libri Mai Mai Visti\/Expo sur le livre-objet - Katia Lorenzon","isPartOf":{"@id":"https:\/\/katialorenzon.com\/#website"},"primaryImageOfPage":{"@id":"https:\/\/katialorenzon.com\/index.php\/portfolio-libri-mai-mai-visti_2020\/#primaryimage"},"datePublished":"2020-01-22T11:00:33+00:00","dateModified":"2022-01-24T07:48:32+00:00","breadcrumb":{"@id":"https:\/\/katialorenzon.com\/index.php\/portfolio-libri-mai-mai-visti_2020\/#breadcrumb"},"inLanguage":"it-IT","potentialAction":[{"@type":"ReadAction","target":["https:\/\/katialorenzon.com\/index.php\/portfolio-libri-mai-mai-visti_2020\/"]}]},{"@type":"BreadcrumbList","@id":"https:\/\/katialorenzon.com\/index.php\/portfolio-libri-mai-mai-visti_2020\/#breadcrumb","itemListElement":[{"@type":"ListItem","position":1,"name":"Accueil","item":"https:\/\/katialorenzon.com\/"},{"@type":"ListItem","position":2,"name":"Katia Lorenzon\/Portfolio\/Libri Mai Mai Visti\/Expo sur le livre-objet"}]}]}},"_links":{"self":[{"href":"https:\/\/katialorenzon.com\/index.php\/wp-json\/wp\/v2\/pages\/2336"}],"collection":[{"href":"https:\/\/katialorenzon.com\/index.php\/wp-json\/wp\/v2\/pages"}],"about":[{"href":"https:\/\/katialorenzon.com\/index.php\/wp-json\/wp\/v2\/types\/page"}],"author":[{"embeddable":true,"href":"https:\/\/katialorenzon.com\/index.php\/wp-json\/wp\/v2\/users\/1"}],"replies":[{"embeddable":true,"href":"https:\/\/katialorenzon.com\/index.php\/wp-json\/wp\/v2\/comments?post=2336"}],"version-history":[{"count":29,"href":"https:\/\/katialorenzon.com\/index.php\/wp-json\/wp\/v2\/pages\/2336\/revisions"}],"predecessor-version":[{"id":4557,"href":"https:\/\/katialorenzon.com\/index.php\/wp-json\/wp\/v2\/pages\/2336\/revisions\/4557"}],"wp:attachment":[{"href":"https:\/\/katialorenzon.com\/index.php\/wp-json\/wp\/v2\/media?parent=2336"}],"curies":[{"name":"wp","href":"https:\/\/api.w.org\/{rel}","templated":true}]}}