{"id":2422,"date":"2020-01-07T13:11:46","date_gmt":"2020-01-07T12:11:46","guid":{"rendered":"http:\/\/katialorenzon.com\/?page_id=2422"},"modified":"2022-01-24T08:41:38","modified_gmt":"2022-01-24T07:41:38","slug":"katia-lorenzonportfoliocartes-de-voeux-2019-20","status":"publish","type":"page","link":"https:\/\/katialorenzon.com\/index.php\/katia-lorenzonportfoliocartes-de-voeux-2019-20\/","title":{"rendered":"Katia Lorenzon\/portfolio\/Cartes de v\u0153ux 2019-20"},"content":{"rendered":"\n<p><strong>\u00c0<\/strong> l&#8217;occasion des festivit\u00e9s de la fin d&#8217;ann\u00e9e 2019 et d\u00e9but de 2020, cr\u00e9ation d&#8217;une petite s\u00e9rie de cartes de v\u0153ux. Textes en langue Fran\u00e7aise ou en langue Italienne.\u00a0<em>Paris, 2019<\/em>.<\/p>\n\n\n\n<div class=\"wp-block-image\"><figure class=\"aligncenter size-full\"><img decoding=\"async\" loading=\"lazy\" width=\"1000\" height=\"1000\" src=\"https:\/\/katialorenzon.com\/wp-content\/uploads\/2021\/12\/voeux-noel-ed-2019-vertical-k-lorenzon.jpg\" alt=\"\" class=\"wp-image-3823\" srcset=\"https:\/\/katialorenzon.com\/wp-content\/uploads\/2021\/12\/voeux-noel-ed-2019-vertical-k-lorenzon.jpg 1000w, https:\/\/katialorenzon.com\/wp-content\/uploads\/2021\/12\/voeux-noel-ed-2019-vertical-k-lorenzon-300x300.jpg 300w, https:\/\/katialorenzon.com\/wp-content\/uploads\/2021\/12\/voeux-noel-ed-2019-vertical-k-lorenzon-150x150.jpg 150w, https:\/\/katialorenzon.com\/wp-content\/uploads\/2021\/12\/voeux-noel-ed-2019-vertical-k-lorenzon-768x768.jpg 768w\" sizes=\"(max-width: 1000px) 100vw, 1000px\" \/><\/figure><\/div>\n\n\n\n<p><\/p>\n\n\n\n<div class=\"wp-block-image\"><figure class=\"aligncenter size-full\"><img decoding=\"async\" loading=\"lazy\" width=\"1000\" height=\"1000\" src=\"https:\/\/katialorenzon.com\/wp-content\/uploads\/2021\/12\/voeux-noel-2019-horizontal-k-lorenzon.jpg\" alt=\"\" class=\"wp-image-3824\" srcset=\"https:\/\/katialorenzon.com\/wp-content\/uploads\/2021\/12\/voeux-noel-2019-horizontal-k-lorenzon.jpg 1000w, https:\/\/katialorenzon.com\/wp-content\/uploads\/2021\/12\/voeux-noel-2019-horizontal-k-lorenzon-300x300.jpg 300w, https:\/\/katialorenzon.com\/wp-content\/uploads\/2021\/12\/voeux-noel-2019-horizontal-k-lorenzon-150x150.jpg 150w, https:\/\/katialorenzon.com\/wp-content\/uploads\/2021\/12\/voeux-noel-2019-horizontal-k-lorenzon-768x768.jpg 768w\" sizes=\"(max-width: 1000px) 100vw, 1000px\" \/><\/figure><\/div>\n\n\n\n<p><\/p>\n\n\n\n<figure class=\"wp-block-image size-full\"><img decoding=\"async\" loading=\"lazy\" width=\"1000\" height=\"1000\" src=\"https:\/\/katialorenzon.com\/wp-content\/uploads\/2021\/12\/voeux-annee-ed-2020-k-lorenzon.jpg\" alt=\"\" class=\"wp-image-3825\" srcset=\"https:\/\/katialorenzon.com\/wp-content\/uploads\/2021\/12\/voeux-annee-ed-2020-k-lorenzon.jpg 1000w, https:\/\/katialorenzon.com\/wp-content\/uploads\/2021\/12\/voeux-annee-ed-2020-k-lorenzon-300x300.jpg 300w, https:\/\/katialorenzon.com\/wp-content\/uploads\/2021\/12\/voeux-annee-ed-2020-k-lorenzon-150x150.jpg 150w, https:\/\/katialorenzon.com\/wp-content\/uploads\/2021\/12\/voeux-annee-ed-2020-k-lorenzon-768x768.jpg 768w\" sizes=\"(max-width: 1000px) 100vw, 1000px\" \/><\/figure>\n\n\n\n<p><\/p>\n\n\n\n<p><\/p>\n\n\n\n<p><\/p>\n\n\n\n<p><\/p>\n\n\n\n<p><\/p>\n\n\n\n<p><\/p>\n","protected":false},"excerpt":{"rendered":"<p>\u00c0 l&#8217;occasion des festivit\u00e9s de la fin d&#8217;ann\u00e9e 2019 et d\u00e9but de 2020, cr\u00e9ation d&#8217;une petite s\u00e9rie de cartes de v\u0153ux. Textes en langue Fran\u00e7aise&#8230;<\/p>\n<div class=\"more-link-wrapper\"><a class=\"more-link\" href=\"https:\/\/katialorenzon.com\/index.php\/katia-lorenzonportfoliocartes-de-voeux-2019-20\/\">zoom<span class=\"screen-reader-text\">Katia Lorenzon\/portfolio\/Cartes de v\u0153ux 2019-20<\/span><\/a><\/div>\n","protected":false},"author":1,"featured_media":0,"parent":0,"menu_order":0,"comment_status":"closed","ping_status":"closed","template":"","meta":{"footnotes":""},"yoast_head":"<!-- This site is optimized with the Yoast SEO plugin v17.7.1 - https:\/\/yoast.com\/wordpress\/plugins\/seo\/ -->\n<title>Katia Lorenzon\/portfolio\/Cartes de v\u0153ux 2019-20 - Katia Lorenzon<\/title>\n<meta name=\"robots\" content=\"index, follow, max-snippet:-1, max-image-preview:large, max-video-preview:-1\" \/>\n<link rel=\"canonical\" href=\"https:\/\/katialorenzon.com\/index.php\/katia-lorenzonportfoliocartes-de-voeux-2019-20\/\" \/>\n<meta property=\"og:locale\" content=\"it_IT\" \/>\n<meta property=\"og:type\" content=\"article\" \/>\n<meta property=\"og:title\" content=\"Katia Lorenzon\/portfolio\/Cartes de v\u0153ux 2019-20 - Katia Lorenzon\" \/>\n<meta property=\"og:description\" content=\"\u00c0 l&#8217;occasion des festivit\u00e9s de la fin d&#8217;ann\u00e9e 2019 et d\u00e9but de 2020, cr\u00e9ation d&#8217;une petite s\u00e9rie de cartes de v\u0153ux. Textes en langue Fran\u00e7aise&#8230;\" \/>\n<meta property=\"og:url\" content=\"https:\/\/katialorenzon.com\/index.php\/katia-lorenzonportfoliocartes-de-voeux-2019-20\/\" \/>\n<meta property=\"og:site_name\" content=\"Katia Lorenzon\" \/>\n<meta property=\"article:modified_time\" content=\"2022-01-24T07:41:38+00:00\" \/>\n<meta property=\"og:image\" content=\"http:\/\/katialorenzon.com\/wp-content\/uploads\/2021\/12\/voeux-noel-ed-2019-vertical-k-lorenzon.jpg\" \/>\n<meta name=\"twitter:card\" content=\"summary\" \/>\n<meta name=\"twitter:label1\" content=\"Tempo di lettura stimato\" \/>\n\t<meta name=\"twitter:data1\" content=\"1 minuto\" \/>\n<script type=\"application\/ld+json\" class=\"yoast-schema-graph\">{\"@context\":\"https:\/\/schema.org\",\"@graph\":[{\"@type\":\"WebSite\",\"@id\":\"https:\/\/katialorenzon.com\/#website\",\"url\":\"https:\/\/katialorenzon.com\/\",\"name\":\"Katia Lorenzon\",\"description\":\"Design graphique et illustration\",\"potentialAction\":[{\"@type\":\"SearchAction\",\"target\":{\"@type\":\"EntryPoint\",\"urlTemplate\":\"https:\/\/katialorenzon.com\/?s={search_term_string}\"},\"query-input\":\"required name=search_term_string\"}],\"inLanguage\":\"it-IT\"},{\"@type\":\"ImageObject\",\"@id\":\"https:\/\/katialorenzon.com\/index.php\/katia-lorenzonportfoliocartes-de-voeux-2019-20\/#primaryimage\",\"inLanguage\":\"it-IT\",\"url\":\"http:\/\/katialorenzon.com\/wp-content\/uploads\/2021\/12\/voeux-noel-ed-2019-vertical-k-lorenzon.jpg\",\"contentUrl\":\"http:\/\/katialorenzon.com\/wp-content\/uploads\/2021\/12\/voeux-noel-ed-2019-vertical-k-lorenzon.jpg\"},{\"@type\":\"WebPage\",\"@id\":\"https:\/\/katialorenzon.com\/index.php\/katia-lorenzonportfoliocartes-de-voeux-2019-20\/#webpage\",\"url\":\"https:\/\/katialorenzon.com\/index.php\/katia-lorenzonportfoliocartes-de-voeux-2019-20\/\",\"name\":\"Katia Lorenzon\/portfolio\/Cartes de v\\u0153ux 2019-20 - Katia Lorenzon\",\"isPartOf\":{\"@id\":\"https:\/\/katialorenzon.com\/#website\"},\"primaryImageOfPage\":{\"@id\":\"https:\/\/katialorenzon.com\/index.php\/katia-lorenzonportfoliocartes-de-voeux-2019-20\/#primaryimage\"},\"datePublished\":\"2020-01-07T12:11:46+00:00\",\"dateModified\":\"2022-01-24T07:41:38+00:00\",\"breadcrumb\":{\"@id\":\"https:\/\/katialorenzon.com\/index.php\/katia-lorenzonportfoliocartes-de-voeux-2019-20\/#breadcrumb\"},\"inLanguage\":\"it-IT\",\"potentialAction\":[{\"@type\":\"ReadAction\",\"target\":[\"https:\/\/katialorenzon.com\/index.php\/katia-lorenzonportfoliocartes-de-voeux-2019-20\/\"]}]},{\"@type\":\"BreadcrumbList\",\"@id\":\"https:\/\/katialorenzon.com\/index.php\/katia-lorenzonportfoliocartes-de-voeux-2019-20\/#breadcrumb\",\"itemListElement\":[{\"@type\":\"ListItem\",\"position\":1,\"name\":\"Accueil\",\"item\":\"https:\/\/katialorenzon.com\/\"},{\"@type\":\"ListItem\",\"position\":2,\"name\":\"Katia Lorenzon\/portfolio\/Cartes de v\\u0153ux 2019-20\"}]}]}<\/script>\n<!-- \/ Yoast SEO plugin. -->","yoast_head_json":{"title":"Katia Lorenzon\/portfolio\/Cartes de v\u0153ux 2019-20 - Katia Lorenzon","robots":{"index":"index","follow":"follow","max-snippet":"max-snippet:-1","max-image-preview":"max-image-preview:large","max-video-preview":"max-video-preview:-1"},"canonical":"https:\/\/katialorenzon.com\/index.php\/katia-lorenzonportfoliocartes-de-voeux-2019-20\/","og_locale":"it_IT","og_type":"article","og_title":"Katia Lorenzon\/portfolio\/Cartes de v\u0153ux 2019-20 - Katia Lorenzon","og_description":"\u00c0 l&#8217;occasion des festivit\u00e9s de la fin d&#8217;ann\u00e9e 2019 et d\u00e9but de 2020, cr\u00e9ation d&#8217;une petite s\u00e9rie de cartes de v\u0153ux. Textes en langue Fran\u00e7aise&#8230;","og_url":"https:\/\/katialorenzon.com\/index.php\/katia-lorenzonportfoliocartes-de-voeux-2019-20\/","og_site_name":"Katia Lorenzon","article_modified_time":"2022-01-24T07:41:38+00:00","og_image":[{"url":"http:\/\/katialorenzon.com\/wp-content\/uploads\/2021\/12\/voeux-noel-ed-2019-vertical-k-lorenzon.jpg"}],"twitter_card":"summary","twitter_misc":{"Tempo di lettura stimato":"1 minuto"},"schema":{"@context":"https:\/\/schema.org","@graph":[{"@type":"WebSite","@id":"https:\/\/katialorenzon.com\/#website","url":"https:\/\/katialorenzon.com\/","name":"Katia Lorenzon","description":"Design graphique et illustration","potentialAction":[{"@type":"SearchAction","target":{"@type":"EntryPoint","urlTemplate":"https:\/\/katialorenzon.com\/?s={search_term_string}"},"query-input":"required name=search_term_string"}],"inLanguage":"it-IT"},{"@type":"ImageObject","@id":"https:\/\/katialorenzon.com\/index.php\/katia-lorenzonportfoliocartes-de-voeux-2019-20\/#primaryimage","inLanguage":"it-IT","url":"http:\/\/katialorenzon.com\/wp-content\/uploads\/2021\/12\/voeux-noel-ed-2019-vertical-k-lorenzon.jpg","contentUrl":"http:\/\/katialorenzon.com\/wp-content\/uploads\/2021\/12\/voeux-noel-ed-2019-vertical-k-lorenzon.jpg"},{"@type":"WebPage","@id":"https:\/\/katialorenzon.com\/index.php\/katia-lorenzonportfoliocartes-de-voeux-2019-20\/#webpage","url":"https:\/\/katialorenzon.com\/index.php\/katia-lorenzonportfoliocartes-de-voeux-2019-20\/","name":"Katia Lorenzon\/portfolio\/Cartes de v\u0153ux 2019-20 - Katia Lorenzon","isPartOf":{"@id":"https:\/\/katialorenzon.com\/#website"},"primaryImageOfPage":{"@id":"https:\/\/katialorenzon.com\/index.php\/katia-lorenzonportfoliocartes-de-voeux-2019-20\/#primaryimage"},"datePublished":"2020-01-07T12:11:46+00:00","dateModified":"2022-01-24T07:41:38+00:00","breadcrumb":{"@id":"https:\/\/katialorenzon.com\/index.php\/katia-lorenzonportfoliocartes-de-voeux-2019-20\/#breadcrumb"},"inLanguage":"it-IT","potentialAction":[{"@type":"ReadAction","target":["https:\/\/katialorenzon.com\/index.php\/katia-lorenzonportfoliocartes-de-voeux-2019-20\/"]}]},{"@type":"BreadcrumbList","@id":"https:\/\/katialorenzon.com\/index.php\/katia-lorenzonportfoliocartes-de-voeux-2019-20\/#breadcrumb","itemListElement":[{"@type":"ListItem","position":1,"name":"Accueil","item":"https:\/\/katialorenzon.com\/"},{"@type":"ListItem","position":2,"name":"Katia Lorenzon\/portfolio\/Cartes de v\u0153ux 2019-20"}]}]}},"_links":{"self":[{"href":"https:\/\/katialorenzon.com\/index.php\/wp-json\/wp\/v2\/pages\/2422"}],"collection":[{"href":"https:\/\/katialorenzon.com\/index.php\/wp-json\/wp\/v2\/pages"}],"about":[{"href":"https:\/\/katialorenzon.com\/index.php\/wp-json\/wp\/v2\/types\/page"}],"author":[{"embeddable":true,"href":"https:\/\/katialorenzon.com\/index.php\/wp-json\/wp\/v2\/users\/1"}],"replies":[{"embeddable":true,"href":"https:\/\/katialorenzon.com\/index.php\/wp-json\/wp\/v2\/comments?post=2422"}],"version-history":[{"count":26,"href":"https:\/\/katialorenzon.com\/index.php\/wp-json\/wp\/v2\/pages\/2422\/revisions"}],"predecessor-version":[{"id":4547,"href":"https:\/\/katialorenzon.com\/index.php\/wp-json\/wp\/v2\/pages\/2422\/revisions\/4547"}],"wp:attachment":[{"href":"https:\/\/katialorenzon.com\/index.php\/wp-json\/wp\/v2\/media?parent=2422"}],"curies":[{"name":"wp","href":"https:\/\/api.w.org\/{rel}","templated":true}]}}