{"id":2590,"date":"2020-02-23T17:23:25","date_gmt":"2020-02-23T16:23:25","guid":{"rendered":"http:\/\/katialorenzon.com\/?page_id=2590"},"modified":"2022-01-24T08:45:19","modified_gmt":"2022-01-24T07:45:19","slug":"katia-lorenzonportfoliola-grande-epicerie-de-paris-packaging-sur-mesure","status":"publish","type":"page","link":"https:\/\/katialorenzon.com\/index.php\/katia-lorenzonportfoliola-grande-epicerie-de-paris-packaging-sur-mesure\/","title":{"rendered":"Katia Lorenzon\/portfolio\/La Grande \u00c9picerie de Paris\/ Packaging sur mesure"},"content":{"rendered":"<p class=\"p1\"><strong>\u00c0<\/strong> <a href=\"https:\/\/www.lagrandeepicerie.com\/fr\/histoire-rive-gauche\"><b>La Grande \u00c9picerie de Paris<\/b><\/a>, v\u00e9ritable institution Parisienne de la gastronomie, le packaging sur mesure est un service tr\u00e8s demand\u00e9 par les clients. En particulier pendant les f\u00eates de No\u00ebl. Chaque ann\u00e9e la charte graphique est renouvel\u00e9e : papiers, coffrets, pochettes et sacheries.<\/p>\n<p class=\"p1\">Durant cinq saisons, j&#8217;ai particip\u00e9 \u00e0 la r\u00e9ussite de cette mission : faire d&#8217;un achat un rituel.<br \/>Ma passion pour le papier, mon sens des volumes, l\u2019attention constante pour le travail \u00e0 la main au rendu impeccable, m\u2019ont amen\u00e9 \u00e0 m\u2019occuper des r\u00e9alisations (pour les particuliers ou les entreprises) et \u00e0 la formation des \u00e9quipes.<\/p>\n<p>Les biscuits dentelle, les bouteilles rares, les produits qui doivent voyager : tout trouve son format le plus adapt\u00e9\u00a0et les mat\u00e9riaux d\u2019emballage les plus fonctionnels, pour une pr\u00e9sentation soign\u00e9 dans les d\u00e9tails, avec un brin de po\u00e9sie. <em>Paris, 2016-2020.<\/em><\/p>\n\n\n<div class=\"wp-block-image\"><figure class=\"aligncenter size-full\"><img decoding=\"async\" loading=\"lazy\" width=\"1000\" height=\"400\" src=\"https:\/\/katialorenzon.com\/wp-content\/uploads\/2020\/05\/logo.png\" alt=\"\" class=\"wp-image-2608\" srcset=\"https:\/\/katialorenzon.com\/wp-content\/uploads\/2020\/05\/logo.png 1000w, https:\/\/katialorenzon.com\/wp-content\/uploads\/2020\/05\/logo-300x120.png 300w, https:\/\/katialorenzon.com\/wp-content\/uploads\/2020\/05\/logo-768x307.png 768w\" sizes=\"(max-width: 1000px) 100vw, 1000px\" \/><\/figure><\/div>\n\n\n\n<p><\/p>\n\n\n\n<div class=\"wp-block-image\"><figure class=\"aligncenter size-full\"><img decoding=\"async\" loading=\"lazy\" width=\"1000\" height=\"750\" src=\"https:\/\/katialorenzon.com\/wp-content\/uploads\/2020\/05\/papier-soie-motif-et-texture.png\" alt=\"\" class=\"wp-image-2610\" srcset=\"https:\/\/katialorenzon.com\/wp-content\/uploads\/2020\/05\/papier-soie-motif-et-texture.png 1000w, https:\/\/katialorenzon.com\/wp-content\/uploads\/2020\/05\/papier-soie-motif-et-texture-300x225.png 300w, https:\/\/katialorenzon.com\/wp-content\/uploads\/2020\/05\/papier-soie-motif-et-texture-768x576.png 768w\" sizes=\"(max-width: 1000px) 100vw, 1000px\" \/><\/figure><\/div>\n\n\n\n<p><\/p>\n\n\n\n<div class=\"wp-block-image\"><figure class=\"aligncenter size-full\"><img decoding=\"async\" loading=\"lazy\" width=\"1000\" height=\"580\" src=\"https:\/\/katialorenzon.com\/wp-content\/uploads\/2020\/05\/vitrine-et-paquet-cadeau.png\" alt=\"\" class=\"wp-image-2611\" srcset=\"https:\/\/katialorenzon.com\/wp-content\/uploads\/2020\/05\/vitrine-et-paquet-cadeau.png 1000w, https:\/\/katialorenzon.com\/wp-content\/uploads\/2020\/05\/vitrine-et-paquet-cadeau-300x174.png 300w, https:\/\/katialorenzon.com\/wp-content\/uploads\/2020\/05\/vitrine-et-paquet-cadeau-768x445.png 768w\" sizes=\"(max-width: 1000px) 100vw, 1000px\" \/><\/figure><\/div>\n\n\n\n<p><\/p>\n\n\n\n<div class=\"wp-block-image\"><figure class=\"aligncenter size-full\"><img decoding=\"async\" loading=\"lazy\" width=\"1000\" height=\"560\" src=\"https:\/\/katialorenzon.com\/wp-content\/uploads\/2020\/05\/paquets-sur-mesure-ensemble.png\" alt=\"\" class=\"wp-image-2615\" srcset=\"https:\/\/katialorenzon.com\/wp-content\/uploads\/2020\/05\/paquets-sur-mesure-ensemble.png 1000w, https:\/\/katialorenzon.com\/wp-content\/uploads\/2020\/05\/paquets-sur-mesure-ensemble-300x168.png 300w, https:\/\/katialorenzon.com\/wp-content\/uploads\/2020\/05\/paquets-sur-mesure-ensemble-768x430.png 768w\" sizes=\"(max-width: 1000px) 100vw, 1000px\" \/><\/figure><\/div>\n\n\n\n<p><\/p>\n\n\n\n<div class=\"wp-block-image\"><figure class=\"aligncenter size-full\"><img decoding=\"async\" loading=\"lazy\" width=\"1000\" height=\"534\" src=\"https:\/\/katialorenzon.com\/wp-content\/uploads\/2020\/05\/packaging-des-fetes.png\" alt=\"\" class=\"wp-image-2616\" srcset=\"https:\/\/katialorenzon.com\/wp-content\/uploads\/2020\/05\/packaging-des-fetes.png 1000w, https:\/\/katialorenzon.com\/wp-content\/uploads\/2020\/05\/packaging-des-fetes-300x160.png 300w, https:\/\/katialorenzon.com\/wp-content\/uploads\/2020\/05\/packaging-des-fetes-768x410.png 768w\" sizes=\"(max-width: 1000px) 100vw, 1000px\" \/><\/figure><\/div>\n\n\n\n<p><\/p>\n\n\n\n<figure class=\"wp-block-image size-full\"><img decoding=\"async\" loading=\"lazy\" width=\"1000\" height=\"668\" src=\"https:\/\/katialorenzon.com\/wp-content\/uploads\/2020\/05\/packaging-en-papier-soie-motif-neige.png\" alt=\"\" class=\"wp-image-2614\" srcset=\"https:\/\/katialorenzon.com\/wp-content\/uploads\/2020\/05\/packaging-en-papier-soie-motif-neige.png 1000w, https:\/\/katialorenzon.com\/wp-content\/uploads\/2020\/05\/packaging-en-papier-soie-motif-neige-300x200.png 300w, https:\/\/katialorenzon.com\/wp-content\/uploads\/2020\/05\/packaging-en-papier-soie-motif-neige-768x513.png 768w\" sizes=\"(max-width: 1000px) 100vw, 1000px\" \/><\/figure>\n\n\n\n<p><\/p>\n\n\n\n<div class=\"wp-block-image\"><figure class=\"aligncenter size-full\"><img decoding=\"async\" loading=\"lazy\" width=\"1000\" height=\"600\" src=\"https:\/\/katialorenzon.com\/wp-content\/uploads\/2021\/12\/packaging_detail.jpg\" alt=\"\" class=\"wp-image-3353\" srcset=\"https:\/\/katialorenzon.com\/wp-content\/uploads\/2021\/12\/packaging_detail.jpg 1000w, https:\/\/katialorenzon.com\/wp-content\/uploads\/2021\/12\/packaging_detail-300x180.jpg 300w, https:\/\/katialorenzon.com\/wp-content\/uploads\/2021\/12\/packaging_detail-768x461.jpg 768w\" sizes=\"(max-width: 1000px) 100vw, 1000px\" \/><\/figure><\/div>\n","protected":false},"excerpt":{"rendered":"<p>\u00c0 La Grande \u00c9picerie de Paris, v\u00e9ritable institution Parisienne de la gastronomie, le packaging sur mesure est un service tr\u00e8s demand\u00e9 par les clients. En&#8230;<\/p>\n<div class=\"more-link-wrapper\"><a class=\"more-link\" href=\"https:\/\/katialorenzon.com\/index.php\/katia-lorenzonportfoliola-grande-epicerie-de-paris-packaging-sur-mesure\/\">zoom<span class=\"screen-reader-text\">Katia Lorenzon\/portfolio\/La Grande \u00c9picerie de Paris\/ Packaging sur mesure<\/span><\/a><\/div>\n","protected":false},"author":1,"featured_media":0,"parent":0,"menu_order":0,"comment_status":"closed","ping_status":"closed","template":"","meta":{"footnotes":""},"yoast_head":"<!-- This site is optimized with the Yoast SEO plugin v17.7.1 - https:\/\/yoast.com\/wordpress\/plugins\/seo\/ -->\n<title>Katia Lorenzon\/portfolio\/La Grande \u00c9picerie de Paris\/ Packaging sur mesure - Katia Lorenzon<\/title>\n<meta name=\"robots\" content=\"index, follow, max-snippet:-1, max-image-preview:large, max-video-preview:-1\" \/>\n<link rel=\"canonical\" href=\"https:\/\/katialorenzon.com\/index.php\/katia-lorenzonportfoliola-grande-epicerie-de-paris-packaging-sur-mesure\/\" \/>\n<meta property=\"og:locale\" content=\"it_IT\" \/>\n<meta property=\"og:type\" content=\"article\" \/>\n<meta property=\"og:title\" content=\"Katia Lorenzon\/portfolio\/La Grande \u00c9picerie de Paris\/ Packaging sur mesure - Katia Lorenzon\" \/>\n<meta property=\"og:description\" content=\"\u00c0 La Grande \u00c9picerie de Paris, v\u00e9ritable institution Parisienne de la gastronomie, le packaging sur mesure est un service tr\u00e8s demand\u00e9 par les clients. En&#8230;\" \/>\n<meta property=\"og:url\" content=\"https:\/\/katialorenzon.com\/index.php\/katia-lorenzonportfoliola-grande-epicerie-de-paris-packaging-sur-mesure\/\" \/>\n<meta property=\"og:site_name\" content=\"Katia Lorenzon\" \/>\n<meta property=\"article:modified_time\" content=\"2022-01-24T07:45:19+00:00\" \/>\n<meta property=\"og:image\" content=\"http:\/\/katialorenzon.com\/wp-content\/uploads\/2020\/05\/logo.png\" \/>\n<meta name=\"twitter:card\" content=\"summary\" \/>\n<meta name=\"twitter:label1\" content=\"Tempo di lettura stimato\" \/>\n\t<meta name=\"twitter:data1\" content=\"2 minuti\" \/>\n<script type=\"application\/ld+json\" class=\"yoast-schema-graph\">{\"@context\":\"https:\/\/schema.org\",\"@graph\":[{\"@type\":\"WebSite\",\"@id\":\"https:\/\/katialorenzon.com\/#website\",\"url\":\"https:\/\/katialorenzon.com\/\",\"name\":\"Katia Lorenzon\",\"description\":\"Design graphique et illustration\",\"potentialAction\":[{\"@type\":\"SearchAction\",\"target\":{\"@type\":\"EntryPoint\",\"urlTemplate\":\"https:\/\/katialorenzon.com\/?s={search_term_string}\"},\"query-input\":\"required name=search_term_string\"}],\"inLanguage\":\"it-IT\"},{\"@type\":\"ImageObject\",\"@id\":\"https:\/\/katialorenzon.com\/index.php\/katia-lorenzonportfoliola-grande-epicerie-de-paris-packaging-sur-mesure\/#primaryimage\",\"inLanguage\":\"it-IT\",\"url\":\"http:\/\/katialorenzon.com\/wp-content\/uploads\/2020\/05\/logo.png\",\"contentUrl\":\"http:\/\/katialorenzon.com\/wp-content\/uploads\/2020\/05\/logo.png\"},{\"@type\":\"WebPage\",\"@id\":\"https:\/\/katialorenzon.com\/index.php\/katia-lorenzonportfoliola-grande-epicerie-de-paris-packaging-sur-mesure\/#webpage\",\"url\":\"https:\/\/katialorenzon.com\/index.php\/katia-lorenzonportfoliola-grande-epicerie-de-paris-packaging-sur-mesure\/\",\"name\":\"Katia Lorenzon\/portfolio\/La Grande \\u00c9picerie de Paris\/ Packaging sur mesure - Katia Lorenzon\",\"isPartOf\":{\"@id\":\"https:\/\/katialorenzon.com\/#website\"},\"primaryImageOfPage\":{\"@id\":\"https:\/\/katialorenzon.com\/index.php\/katia-lorenzonportfoliola-grande-epicerie-de-paris-packaging-sur-mesure\/#primaryimage\"},\"datePublished\":\"2020-02-23T16:23:25+00:00\",\"dateModified\":\"2022-01-24T07:45:19+00:00\",\"breadcrumb\":{\"@id\":\"https:\/\/katialorenzon.com\/index.php\/katia-lorenzonportfoliola-grande-epicerie-de-paris-packaging-sur-mesure\/#breadcrumb\"},\"inLanguage\":\"it-IT\",\"potentialAction\":[{\"@type\":\"ReadAction\",\"target\":[\"https:\/\/katialorenzon.com\/index.php\/katia-lorenzonportfoliola-grande-epicerie-de-paris-packaging-sur-mesure\/\"]}]},{\"@type\":\"BreadcrumbList\",\"@id\":\"https:\/\/katialorenzon.com\/index.php\/katia-lorenzonportfoliola-grande-epicerie-de-paris-packaging-sur-mesure\/#breadcrumb\",\"itemListElement\":[{\"@type\":\"ListItem\",\"position\":1,\"name\":\"Accueil\",\"item\":\"https:\/\/katialorenzon.com\/\"},{\"@type\":\"ListItem\",\"position\":2,\"name\":\"Katia Lorenzon\/portfolio\/La Grande \\u00c9picerie de Paris\/ Packaging sur mesure\"}]}]}<\/script>\n<!-- \/ Yoast SEO plugin. -->","yoast_head_json":{"title":"Katia Lorenzon\/portfolio\/La Grande \u00c9picerie de Paris\/ Packaging sur mesure - Katia Lorenzon","robots":{"index":"index","follow":"follow","max-snippet":"max-snippet:-1","max-image-preview":"max-image-preview:large","max-video-preview":"max-video-preview:-1"},"canonical":"https:\/\/katialorenzon.com\/index.php\/katia-lorenzonportfoliola-grande-epicerie-de-paris-packaging-sur-mesure\/","og_locale":"it_IT","og_type":"article","og_title":"Katia Lorenzon\/portfolio\/La Grande \u00c9picerie de Paris\/ Packaging sur mesure - Katia Lorenzon","og_description":"\u00c0 La Grande \u00c9picerie de Paris, v\u00e9ritable institution Parisienne de la gastronomie, le packaging sur mesure est un service tr\u00e8s demand\u00e9 par les clients. En&#8230;","og_url":"https:\/\/katialorenzon.com\/index.php\/katia-lorenzonportfoliola-grande-epicerie-de-paris-packaging-sur-mesure\/","og_site_name":"Katia Lorenzon","article_modified_time":"2022-01-24T07:45:19+00:00","og_image":[{"url":"http:\/\/katialorenzon.com\/wp-content\/uploads\/2020\/05\/logo.png"}],"twitter_card":"summary","twitter_misc":{"Tempo di lettura stimato":"2 minuti"},"schema":{"@context":"https:\/\/schema.org","@graph":[{"@type":"WebSite","@id":"https:\/\/katialorenzon.com\/#website","url":"https:\/\/katialorenzon.com\/","name":"Katia Lorenzon","description":"Design graphique et illustration","potentialAction":[{"@type":"SearchAction","target":{"@type":"EntryPoint","urlTemplate":"https:\/\/katialorenzon.com\/?s={search_term_string}"},"query-input":"required name=search_term_string"}],"inLanguage":"it-IT"},{"@type":"ImageObject","@id":"https:\/\/katialorenzon.com\/index.php\/katia-lorenzonportfoliola-grande-epicerie-de-paris-packaging-sur-mesure\/#primaryimage","inLanguage":"it-IT","url":"http:\/\/katialorenzon.com\/wp-content\/uploads\/2020\/05\/logo.png","contentUrl":"http:\/\/katialorenzon.com\/wp-content\/uploads\/2020\/05\/logo.png"},{"@type":"WebPage","@id":"https:\/\/katialorenzon.com\/index.php\/katia-lorenzonportfoliola-grande-epicerie-de-paris-packaging-sur-mesure\/#webpage","url":"https:\/\/katialorenzon.com\/index.php\/katia-lorenzonportfoliola-grande-epicerie-de-paris-packaging-sur-mesure\/","name":"Katia Lorenzon\/portfolio\/La Grande \u00c9picerie de Paris\/ Packaging sur mesure - Katia Lorenzon","isPartOf":{"@id":"https:\/\/katialorenzon.com\/#website"},"primaryImageOfPage":{"@id":"https:\/\/katialorenzon.com\/index.php\/katia-lorenzonportfoliola-grande-epicerie-de-paris-packaging-sur-mesure\/#primaryimage"},"datePublished":"2020-02-23T16:23:25+00:00","dateModified":"2022-01-24T07:45:19+00:00","breadcrumb":{"@id":"https:\/\/katialorenzon.com\/index.php\/katia-lorenzonportfoliola-grande-epicerie-de-paris-packaging-sur-mesure\/#breadcrumb"},"inLanguage":"it-IT","potentialAction":[{"@type":"ReadAction","target":["https:\/\/katialorenzon.com\/index.php\/katia-lorenzonportfoliola-grande-epicerie-de-paris-packaging-sur-mesure\/"]}]},{"@type":"BreadcrumbList","@id":"https:\/\/katialorenzon.com\/index.php\/katia-lorenzonportfoliola-grande-epicerie-de-paris-packaging-sur-mesure\/#breadcrumb","itemListElement":[{"@type":"ListItem","position":1,"name":"Accueil","item":"https:\/\/katialorenzon.com\/"},{"@type":"ListItem","position":2,"name":"Katia Lorenzon\/portfolio\/La Grande \u00c9picerie de Paris\/ Packaging sur mesure"}]}]}},"_links":{"self":[{"href":"https:\/\/katialorenzon.com\/index.php\/wp-json\/wp\/v2\/pages\/2590"}],"collection":[{"href":"https:\/\/katialorenzon.com\/index.php\/wp-json\/wp\/v2\/pages"}],"about":[{"href":"https:\/\/katialorenzon.com\/index.php\/wp-json\/wp\/v2\/types\/page"}],"author":[{"embeddable":true,"href":"https:\/\/katialorenzon.com\/index.php\/wp-json\/wp\/v2\/users\/1"}],"replies":[{"embeddable":true,"href":"https:\/\/katialorenzon.com\/index.php\/wp-json\/wp\/v2\/comments?post=2590"}],"version-history":[{"count":35,"href":"https:\/\/katialorenzon.com\/index.php\/wp-json\/wp\/v2\/pages\/2590\/revisions"}],"predecessor-version":[{"id":4553,"href":"https:\/\/katialorenzon.com\/index.php\/wp-json\/wp\/v2\/pages\/2590\/revisions\/4553"}],"wp:attachment":[{"href":"https:\/\/katialorenzon.com\/index.php\/wp-json\/wp\/v2\/media?parent=2590"}],"curies":[{"name":"wp","href":"https:\/\/api.w.org\/{rel}","templated":true}]}}