{"id":2709,"date":"2020-03-03T13:27:56","date_gmt":"2020-03-03T12:27:56","guid":{"rendered":"http:\/\/katialorenzon.com\/?page_id=2709"},"modified":"2022-01-23T21:23:35","modified_gmt":"2022-01-23T20:23:35","slug":"katia-lorenzonportfolioecole-conte","status":"publish","type":"page","link":"https:\/\/katialorenzon.com\/index.php\/katia-lorenzonportfolioecole-conte\/","title":{"rendered":"Katia Lorenzon\/portfolio\/\u00c9cole Conte"},"content":{"rendered":"<p class=\"p1\"><span class=\"s1\"><b>E<\/b>n connexion \u00e0 ma production graphique dans le design textiles, j\u2019ai \u00e9t\u00e9 enseignante en infographie \u00e0 l\u2019<a href=\"https:\/\/www.ecole-conte.com\/\"><span class=\"s2\"><b>\u00c9cole Conte<\/b><\/span><\/a><b>,\u00a0<\/b>pour des \u00e9l\u00e8ves en<b>\u00a0<\/b>niveau Bac+3.<br \/>\n<\/span><span class=\"s3\"><br \/>\nDans cette \u00c9cole sup\u00e9rieure d\u2019Art, o\u00f9 tous les enseignants sont tr\u00e8s passionn\u00e9s par leur m\u00e9tier, il y a des ateliers magnifiques, comme celui o\u00f9 nous faisons de la recherche de mati\u00e8res et d\u2019autres surprenants, tel celui o\u00f9 nous apprenons par un professionnel des arts dramatiques de l\u2019Actors Studio, la communication d\u2019une id\u00e9e ou d\u2019un projet devant du public ou un jury.<\/p>\n<p>Mes cours \u00e9taient orient\u00e9s \u00e0 former les \u00e9l\u00e8ves aux logiciels Adobe, dans leur application sp\u00e9cifique li\u00e9e \u00e0 la cr\u00e9ation textiles et mode.<br \/>\n<\/span><span class=\"s4\">Programme p\u00e9dagogique cibl\u00e9 sur l\u2019apprentissage et le perfectionnement\u00a0du dessin technique et sur la mise en forme de la pr\u00e9sentation des projets.\u00a0<i>Paris, 2014-15.<\/i><\/span><\/p>\n<p><img decoding=\"async\" loading=\"lazy\" class=\"aligncenter size-full wp-image-2710\" src=\"https:\/\/katialorenzon.com\/wp-content\/uploads\/2020\/03\/cours-d-infographie-01.png\" alt=\"\" width=\"1200\" height=\"600\" srcset=\"https:\/\/katialorenzon.com\/wp-content\/uploads\/2020\/03\/cours-d-infographie-01.png 1200w, https:\/\/katialorenzon.com\/wp-content\/uploads\/2020\/03\/cours-d-infographie-01-300x150.png 300w, https:\/\/katialorenzon.com\/wp-content\/uploads\/2020\/03\/cours-d-infographie-01-768x384.png 768w\" sizes=\"(max-width: 1200px) 100vw, 1200px\" \/><\/p>\n<p><img decoding=\"async\" loading=\"lazy\" class=\"aligncenter size-full wp-image-2711\" src=\"https:\/\/katialorenzon.com\/wp-content\/uploads\/2020\/03\/cours-d-infographie-02.png\" alt=\"\" width=\"1200\" height=\"600\" srcset=\"https:\/\/katialorenzon.com\/wp-content\/uploads\/2020\/03\/cours-d-infographie-02.png 1200w, https:\/\/katialorenzon.com\/wp-content\/uploads\/2020\/03\/cours-d-infographie-02-300x150.png 300w, https:\/\/katialorenzon.com\/wp-content\/uploads\/2020\/03\/cours-d-infographie-02-768x384.png 768w\" sizes=\"(max-width: 1200px) 100vw, 1200px\" \/><\/p>\n<p><img decoding=\"async\" loading=\"lazy\" class=\"aligncenter size-full wp-image-2712\" src=\"https:\/\/katialorenzon.com\/wp-content\/uploads\/2020\/03\/cours-d-infographie-03.png\" alt=\"\" width=\"1200\" height=\"650\" srcset=\"https:\/\/katialorenzon.com\/wp-content\/uploads\/2020\/03\/cours-d-infographie-03.png 1200w, https:\/\/katialorenzon.com\/wp-content\/uploads\/2020\/03\/cours-d-infographie-03-300x163.png 300w, https:\/\/katialorenzon.com\/wp-content\/uploads\/2020\/03\/cours-d-infographie-03-768x416.png 768w\" sizes=\"(max-width: 1200px) 100vw, 1200px\" \/><\/p>\n<p><img decoding=\"async\" loading=\"lazy\" class=\"aligncenter size-full wp-image-2733\" src=\"https:\/\/katialorenzon.com\/wp-content\/uploads\/2020\/03\/cours-d-infographie-04b.png\" alt=\"\" width=\"1200\" height=\"800\" srcset=\"https:\/\/katialorenzon.com\/wp-content\/uploads\/2020\/03\/cours-d-infographie-04b.png 1200w, https:\/\/katialorenzon.com\/wp-content\/uploads\/2020\/03\/cours-d-infographie-04b-300x200.png 300w, https:\/\/katialorenzon.com\/wp-content\/uploads\/2020\/03\/cours-d-infographie-04b-768x512.png 768w\" sizes=\"(max-width: 1200px) 100vw, 1200px\" \/><\/p>\n<p><img decoding=\"async\" loading=\"lazy\" class=\"aligncenter size-full wp-image-2737\" src=\"https:\/\/katialorenzon.com\/wp-content\/uploads\/2020\/03\/cours-d-infographie-05c.png\" alt=\"\" width=\"1200\" height=\"650\" srcset=\"https:\/\/katialorenzon.com\/wp-content\/uploads\/2020\/03\/cours-d-infographie-05c.png 1200w, https:\/\/katialorenzon.com\/wp-content\/uploads\/2020\/03\/cours-d-infographie-05c-300x163.png 300w, https:\/\/katialorenzon.com\/wp-content\/uploads\/2020\/03\/cours-d-infographie-05c-768x416.png 768w\" sizes=\"(max-width: 1200px) 100vw, 1200px\" \/><\/p>\n<p><img decoding=\"async\" loading=\"lazy\" class=\"aligncenter size-full wp-image-2715\" src=\"https:\/\/katialorenzon.com\/wp-content\/uploads\/2020\/03\/cours-d-infographie-06.png\" alt=\"\" width=\"1200\" height=\"750\" srcset=\"https:\/\/katialorenzon.com\/wp-content\/uploads\/2020\/03\/cours-d-infographie-06.png 1200w, https:\/\/katialorenzon.com\/wp-content\/uploads\/2020\/03\/cours-d-infographie-06-300x188.png 300w, https:\/\/katialorenzon.com\/wp-content\/uploads\/2020\/03\/cours-d-infographie-06-768x480.png 768w\" sizes=\"(max-width: 1200px) 100vw, 1200px\" \/><\/p>\n<p><img decoding=\"async\" loading=\"lazy\" class=\"aligncenter size-full wp-image-2716\" src=\"https:\/\/katialorenzon.com\/wp-content\/uploads\/2020\/03\/cours-d-infographie-07.png\" alt=\"\" width=\"1200\" height=\"700\" srcset=\"https:\/\/katialorenzon.com\/wp-content\/uploads\/2020\/03\/cours-d-infographie-07.png 1200w, https:\/\/katialorenzon.com\/wp-content\/uploads\/2020\/03\/cours-d-infographie-07-300x175.png 300w, https:\/\/katialorenzon.com\/wp-content\/uploads\/2020\/03\/cours-d-infographie-07-768x448.png 768w\" sizes=\"(max-width: 1200px) 100vw, 1200px\" \/><\/p>\n<p><img decoding=\"async\" loading=\"lazy\" class=\"aligncenter size-full wp-image-2717\" src=\"https:\/\/katialorenzon.com\/wp-content\/uploads\/2020\/03\/cours-d-infographie-08.png\" alt=\"\" width=\"1200\" height=\"600\" srcset=\"https:\/\/katialorenzon.com\/wp-content\/uploads\/2020\/03\/cours-d-infographie-08.png 1200w, https:\/\/katialorenzon.com\/wp-content\/uploads\/2020\/03\/cours-d-infographie-08-300x150.png 300w, https:\/\/katialorenzon.com\/wp-content\/uploads\/2020\/03\/cours-d-infographie-08-768x384.png 768w\" sizes=\"(max-width: 1200px) 100vw, 1200px\" \/><\/p>\n<p><img decoding=\"async\" loading=\"lazy\" class=\"aligncenter size-full wp-image-2718\" src=\"https:\/\/katialorenzon.com\/wp-content\/uploads\/2020\/03\/cours-d-infographie-09.png\" alt=\"\" width=\"1200\" height=\"600\" srcset=\"https:\/\/katialorenzon.com\/wp-content\/uploads\/2020\/03\/cours-d-infographie-09.png 1200w, https:\/\/katialorenzon.com\/wp-content\/uploads\/2020\/03\/cours-d-infographie-09-300x150.png 300w, https:\/\/katialorenzon.com\/wp-content\/uploads\/2020\/03\/cours-d-infographie-09-768x384.png 768w\" sizes=\"(max-width: 1200px) 100vw, 1200px\" \/><\/p>\n<p>Toutes les images sont relatives aux projets des \u00e9l\u00e8ves et ne sont pas libres des droits. Merci de contacter l&#8217;\u00c9cole Conte pour toute diffusion ou utilisation.<\/p>\n","protected":false},"excerpt":{"rendered":"<p>En connexion \u00e0 ma production graphique dans le design textiles, j\u2019ai \u00e9t\u00e9 enseignante en infographie \u00e0 l\u2019\u00c9cole Conte,\u00a0pour des \u00e9l\u00e8ves en\u00a0niveau Bac+3. Dans cette \u00c9cole&#8230;<\/p>\n<div class=\"more-link-wrapper\"><a class=\"more-link\" href=\"https:\/\/katialorenzon.com\/index.php\/katia-lorenzonportfolioecole-conte\/\">zoom<span class=\"screen-reader-text\">Katia Lorenzon\/portfolio\/\u00c9cole Conte<\/span><\/a><\/div>\n","protected":false},"author":1,"featured_media":0,"parent":0,"menu_order":0,"comment_status":"closed","ping_status":"closed","template":"","meta":{"footnotes":""},"yoast_head":"<!-- This site is optimized with the Yoast SEO plugin v17.7.1 - https:\/\/yoast.com\/wordpress\/plugins\/seo\/ -->\n<title>Katia Lorenzon\/portfolio\/\u00c9cole Conte - Katia Lorenzon<\/title>\n<meta name=\"robots\" content=\"index, follow, max-snippet:-1, max-image-preview:large, max-video-preview:-1\" \/>\n<link rel=\"canonical\" href=\"https:\/\/katialorenzon.com\/index.php\/katia-lorenzonportfolioecole-conte\/\" \/>\n<meta property=\"og:locale\" content=\"it_IT\" \/>\n<meta property=\"og:type\" content=\"article\" \/>\n<meta property=\"og:title\" content=\"Katia Lorenzon\/portfolio\/\u00c9cole Conte - Katia Lorenzon\" \/>\n<meta property=\"og:description\" content=\"En connexion \u00e0 ma production graphique dans le design textiles, j\u2019ai \u00e9t\u00e9 enseignante en infographie \u00e0 l\u2019\u00c9cole Conte,\u00a0pour des \u00e9l\u00e8ves en\u00a0niveau Bac+3. Dans cette \u00c9cole&#8230;\" \/>\n<meta property=\"og:url\" content=\"https:\/\/katialorenzon.com\/index.php\/katia-lorenzonportfolioecole-conte\/\" \/>\n<meta property=\"og:site_name\" content=\"Katia Lorenzon\" \/>\n<meta property=\"article:modified_time\" content=\"2022-01-23T20:23:35+00:00\" \/>\n<meta property=\"og:image\" content=\"http:\/\/katialorenzon.com\/wp-content\/uploads\/2020\/03\/cours-d-infographie-01.png\" \/>\n<meta name=\"twitter:card\" content=\"summary\" \/>\n<meta name=\"twitter:label1\" content=\"Tempo di lettura stimato\" \/>\n\t<meta name=\"twitter:data1\" content=\"3 minuti\" \/>\n<script type=\"application\/ld+json\" class=\"yoast-schema-graph\">{\"@context\":\"https:\/\/schema.org\",\"@graph\":[{\"@type\":\"WebSite\",\"@id\":\"https:\/\/katialorenzon.com\/#website\",\"url\":\"https:\/\/katialorenzon.com\/\",\"name\":\"Katia Lorenzon\",\"description\":\"Design graphique et illustration\",\"potentialAction\":[{\"@type\":\"SearchAction\",\"target\":{\"@type\":\"EntryPoint\",\"urlTemplate\":\"https:\/\/katialorenzon.com\/?s={search_term_string}\"},\"query-input\":\"required name=search_term_string\"}],\"inLanguage\":\"it-IT\"},{\"@type\":\"ImageObject\",\"@id\":\"https:\/\/katialorenzon.com\/index.php\/katia-lorenzonportfolioecole-conte\/#primaryimage\",\"inLanguage\":\"it-IT\",\"url\":\"http:\/\/katialorenzon.com\/wp-content\/uploads\/2020\/03\/cours-d-infographie-01.png\",\"contentUrl\":\"http:\/\/katialorenzon.com\/wp-content\/uploads\/2020\/03\/cours-d-infographie-01.png\"},{\"@type\":\"WebPage\",\"@id\":\"https:\/\/katialorenzon.com\/index.php\/katia-lorenzonportfolioecole-conte\/#webpage\",\"url\":\"https:\/\/katialorenzon.com\/index.php\/katia-lorenzonportfolioecole-conte\/\",\"name\":\"Katia Lorenzon\/portfolio\/\\u00c9cole Conte - Katia Lorenzon\",\"isPartOf\":{\"@id\":\"https:\/\/katialorenzon.com\/#website\"},\"primaryImageOfPage\":{\"@id\":\"https:\/\/katialorenzon.com\/index.php\/katia-lorenzonportfolioecole-conte\/#primaryimage\"},\"datePublished\":\"2020-03-03T12:27:56+00:00\",\"dateModified\":\"2022-01-23T20:23:35+00:00\",\"breadcrumb\":{\"@id\":\"https:\/\/katialorenzon.com\/index.php\/katia-lorenzonportfolioecole-conte\/#breadcrumb\"},\"inLanguage\":\"it-IT\",\"potentialAction\":[{\"@type\":\"ReadAction\",\"target\":[\"https:\/\/katialorenzon.com\/index.php\/katia-lorenzonportfolioecole-conte\/\"]}]},{\"@type\":\"BreadcrumbList\",\"@id\":\"https:\/\/katialorenzon.com\/index.php\/katia-lorenzonportfolioecole-conte\/#breadcrumb\",\"itemListElement\":[{\"@type\":\"ListItem\",\"position\":1,\"name\":\"Accueil\",\"item\":\"https:\/\/katialorenzon.com\/\"},{\"@type\":\"ListItem\",\"position\":2,\"name\":\"Katia Lorenzon\/portfolio\/\\u00c9cole Conte\"}]}]}<\/script>\n<!-- \/ Yoast SEO plugin. -->","yoast_head_json":{"title":"Katia Lorenzon\/portfolio\/\u00c9cole Conte - Katia Lorenzon","robots":{"index":"index","follow":"follow","max-snippet":"max-snippet:-1","max-image-preview":"max-image-preview:large","max-video-preview":"max-video-preview:-1"},"canonical":"https:\/\/katialorenzon.com\/index.php\/katia-lorenzonportfolioecole-conte\/","og_locale":"it_IT","og_type":"article","og_title":"Katia Lorenzon\/portfolio\/\u00c9cole Conte - Katia Lorenzon","og_description":"En connexion \u00e0 ma production graphique dans le design textiles, j\u2019ai \u00e9t\u00e9 enseignante en infographie \u00e0 l\u2019\u00c9cole Conte,\u00a0pour des \u00e9l\u00e8ves en\u00a0niveau Bac+3. Dans cette \u00c9cole&#8230;","og_url":"https:\/\/katialorenzon.com\/index.php\/katia-lorenzonportfolioecole-conte\/","og_site_name":"Katia Lorenzon","article_modified_time":"2022-01-23T20:23:35+00:00","og_image":[{"url":"http:\/\/katialorenzon.com\/wp-content\/uploads\/2020\/03\/cours-d-infographie-01.png"}],"twitter_card":"summary","twitter_misc":{"Tempo di lettura stimato":"3 minuti"},"schema":{"@context":"https:\/\/schema.org","@graph":[{"@type":"WebSite","@id":"https:\/\/katialorenzon.com\/#website","url":"https:\/\/katialorenzon.com\/","name":"Katia Lorenzon","description":"Design graphique et illustration","potentialAction":[{"@type":"SearchAction","target":{"@type":"EntryPoint","urlTemplate":"https:\/\/katialorenzon.com\/?s={search_term_string}"},"query-input":"required name=search_term_string"}],"inLanguage":"it-IT"},{"@type":"ImageObject","@id":"https:\/\/katialorenzon.com\/index.php\/katia-lorenzonportfolioecole-conte\/#primaryimage","inLanguage":"it-IT","url":"http:\/\/katialorenzon.com\/wp-content\/uploads\/2020\/03\/cours-d-infographie-01.png","contentUrl":"http:\/\/katialorenzon.com\/wp-content\/uploads\/2020\/03\/cours-d-infographie-01.png"},{"@type":"WebPage","@id":"https:\/\/katialorenzon.com\/index.php\/katia-lorenzonportfolioecole-conte\/#webpage","url":"https:\/\/katialorenzon.com\/index.php\/katia-lorenzonportfolioecole-conte\/","name":"Katia Lorenzon\/portfolio\/\u00c9cole Conte - Katia Lorenzon","isPartOf":{"@id":"https:\/\/katialorenzon.com\/#website"},"primaryImageOfPage":{"@id":"https:\/\/katialorenzon.com\/index.php\/katia-lorenzonportfolioecole-conte\/#primaryimage"},"datePublished":"2020-03-03T12:27:56+00:00","dateModified":"2022-01-23T20:23:35+00:00","breadcrumb":{"@id":"https:\/\/katialorenzon.com\/index.php\/katia-lorenzonportfolioecole-conte\/#breadcrumb"},"inLanguage":"it-IT","potentialAction":[{"@type":"ReadAction","target":["https:\/\/katialorenzon.com\/index.php\/katia-lorenzonportfolioecole-conte\/"]}]},{"@type":"BreadcrumbList","@id":"https:\/\/katialorenzon.com\/index.php\/katia-lorenzonportfolioecole-conte\/#breadcrumb","itemListElement":[{"@type":"ListItem","position":1,"name":"Accueil","item":"https:\/\/katialorenzon.com\/"},{"@type":"ListItem","position":2,"name":"Katia Lorenzon\/portfolio\/\u00c9cole Conte"}]}]}},"_links":{"self":[{"href":"https:\/\/katialorenzon.com\/index.php\/wp-json\/wp\/v2\/pages\/2709"}],"collection":[{"href":"https:\/\/katialorenzon.com\/index.php\/wp-json\/wp\/v2\/pages"}],"about":[{"href":"https:\/\/katialorenzon.com\/index.php\/wp-json\/wp\/v2\/types\/page"}],"author":[{"embeddable":true,"href":"https:\/\/katialorenzon.com\/index.php\/wp-json\/wp\/v2\/users\/1"}],"replies":[{"embeddable":true,"href":"https:\/\/katialorenzon.com\/index.php\/wp-json\/wp\/v2\/comments?post=2709"}],"version-history":[{"count":14,"href":"https:\/\/katialorenzon.com\/index.php\/wp-json\/wp\/v2\/pages\/2709\/revisions"}],"predecessor-version":[{"id":4422,"href":"https:\/\/katialorenzon.com\/index.php\/wp-json\/wp\/v2\/pages\/2709\/revisions\/4422"}],"wp:attachment":[{"href":"https:\/\/katialorenzon.com\/index.php\/wp-json\/wp\/v2\/media?parent=2709"}],"curies":[{"name":"wp","href":"https:\/\/api.w.org\/{rel}","templated":true}]}}