{"id":2796,"date":"2020-03-03T22:57:18","date_gmt":"2020-03-03T21:57:18","guid":{"rendered":"http:\/\/katialorenzon.com\/?page_id=2796"},"modified":"2022-11-17T12:28:17","modified_gmt":"2022-11-17T11:28:17","slug":"a-propos","status":"publish","type":"page","link":"https:\/\/katialorenzon.com\/index.php\/a-propos\/","title":{"rendered":"\u00c0 propos"},"content":{"rendered":"\n<figure class=\"wp-block-image size-full\"><img decoding=\"async\" loading=\"lazy\" width=\"1000\" height=\"650\" src=\"https:\/\/katialorenzon.com\/wp-content\/uploads\/2022\/01\/katia-lorenzon-site-web-bio.jpg\" alt=\"\" class=\"wp-image-4462\" srcset=\"https:\/\/katialorenzon.com\/wp-content\/uploads\/2022\/01\/katia-lorenzon-site-web-bio.jpg 1000w, https:\/\/katialorenzon.com\/wp-content\/uploads\/2022\/01\/katia-lorenzon-site-web-bio-300x195.jpg 300w, https:\/\/katialorenzon.com\/wp-content\/uploads\/2022\/01\/katia-lorenzon-site-web-bio-768x499.jpg 768w\" sizes=\"(max-width: 1000px) 100vw, 1000px\" \/><\/figure>\n\n\n\n<p><strong>N<\/strong>\u00e9e \u00e0 Bassano del Grappa dans la V\u00e9n\u00e9tie, en Italie, mon travail tourne autour du design et de la narration.<br>Etudiante \u2013 \u00c9cole sup\u00e9rieure d\u2019Art, Beaux Arts \u2013 mon int\u00e9r\u00eat se porte tr\u00e8s vite sur la pratique de l\u2019illustration en techniques traditionnelles et sur le potentiel des logiciels d\u00e9di\u00e9s au dessin, aux projets visuels et aux techniques num\u00e9riques.<br><br>Ma vie professionnelle d\u00e9marre comme technicienne dans une soci\u00e9t\u00e9 de production de dessins anim\u00e9s pour Raidue et l\u2019Unesco. En parall\u00e8le, je collabore \u00e0 d\u2019autres projets en tant qu\u2019illustratrice : d\u00e9cors de th\u00e9\u00e2tre, visuels pour v\u00eatements et expositions collectives.<br><br>En 2009, mes passions professionnelles et ma curiosit\u00e9 inn\u00e9e m\u2019am\u00e8nent \u00e0 m\u2019installer en France.<br>\u00c0 Paris et ses alentours, je travaille dans la cr\u00e9ation graphique et l\u2019illustration pour la communication visuelle, dans le visual merchandising, pour l\u2019industrie textile et les productions destin\u00e9es aux \u00e9crans. J\u2019ai par ailleurs \u00e9t\u00e9 enseignante en infographie.<br><br>Mon moteur est de toujours donner \u00e9nergie et clart\u00e9 \u00e0 une vision ou une id\u00e9e, en alliant la sensibilit\u00e9 du travail artisanal aux performances du num\u00e9rique.<br>Toute collaboration, est la possibilit\u00e9 de raconter une nouvelle histoire.<\/p>\n\n\n\n<!--more-->\n\n\n\n<hr class=\"wp-block-separator\"\/>\n\n\n\n<p class=\"has-text-align-left\">COLLABORATIONS ET CLIENTS CHOISIS&nbsp;:<\/p>\n\n\n\n<figure class=\"wp-block-image size-full\"><img decoding=\"async\" loading=\"lazy\" width=\"900\" height=\"600\" src=\"https:\/\/katialorenzon.com\/wp-content\/uploads\/2021\/12\/logos-clients-collaborations-choisis.jpg\" alt=\"\" class=\"wp-image-3176\" srcset=\"https:\/\/katialorenzon.com\/wp-content\/uploads\/2021\/12\/logos-clients-collaborations-choisis.jpg 900w, https:\/\/katialorenzon.com\/wp-content\/uploads\/2021\/12\/logos-clients-collaborations-choisis-300x200.jpg 300w, https:\/\/katialorenzon.com\/wp-content\/uploads\/2021\/12\/logos-clients-collaborations-choisis-768x512.jpg 768w\" sizes=\"(max-width: 900px) 100vw, 900px\" \/><\/figure>\n","protected":false},"excerpt":{"rendered":"<p>N\u00e9e \u00e0 Bassano del Grappa dans la V\u00e9n\u00e9tie, en Italie, mon travail tourne autour du design et de la narration.Etudiante \u2013 \u00c9cole sup\u00e9rieure d\u2019Art, Beaux<\/p>\n<div class=\"more-link-wrapper\"><a class=\"more-link\" href=\"https:\/\/katialorenzon.com\/index.php\/a-propos\/\">zoom<span class=\"screen-reader-text\">\u00c0 propos<\/span><\/a><\/div>\n","protected":false},"author":1,"featured_media":0,"parent":0,"menu_order":0,"comment_status":"closed","ping_status":"closed","template":"","meta":{"footnotes":""},"yoast_head":"<!-- This site is optimized with the Yoast SEO plugin v17.7.1 - https:\/\/yoast.com\/wordpress\/plugins\/seo\/ -->\n<title>\u00c0 propos - Katia Lorenzon<\/title>\n<meta name=\"description\" content=\"Katia Lorenzon, photo.\" \/>\n<meta name=\"robots\" content=\"index, follow, max-snippet:-1, max-image-preview:large, max-video-preview:-1\" \/>\n<link rel=\"canonical\" href=\"https:\/\/katialorenzon.com\/index.php\/a-propos\/\" \/>\n<meta property=\"og:locale\" content=\"it_IT\" \/>\n<meta property=\"og:type\" content=\"article\" \/>\n<meta property=\"og:title\" content=\"\u00c0 propos - Katia Lorenzon\" \/>\n<meta property=\"og:description\" content=\"Katia Lorenzon, photo.\" \/>\n<meta property=\"og:url\" content=\"https:\/\/katialorenzon.com\/index.php\/a-propos\/\" \/>\n<meta property=\"og:site_name\" content=\"Katia Lorenzon\" \/>\n<meta property=\"article:modified_time\" content=\"2022-11-17T11:28:17+00:00\" \/>\n<meta property=\"og:image\" content=\"http:\/\/katialorenzon.com\/wp-content\/uploads\/2022\/01\/katia-lorenzon-site-web-bio.jpg\" \/>\n<meta name=\"twitter:card\" content=\"summary\" \/>\n<meta name=\"twitter:label1\" content=\"Tempo di lettura stimato\" \/>\n\t<meta name=\"twitter:data1\" content=\"2 minuti\" \/>\n<script type=\"application\/ld+json\" class=\"yoast-schema-graph\">{\"@context\":\"https:\/\/schema.org\",\"@graph\":[{\"@type\":\"WebSite\",\"@id\":\"https:\/\/katialorenzon.com\/#website\",\"url\":\"https:\/\/katialorenzon.com\/\",\"name\":\"Katia Lorenzon\",\"description\":\"Design graphique et illustration\",\"potentialAction\":[{\"@type\":\"SearchAction\",\"target\":{\"@type\":\"EntryPoint\",\"urlTemplate\":\"https:\/\/katialorenzon.com\/?s={search_term_string}\"},\"query-input\":\"required name=search_term_string\"}],\"inLanguage\":\"it-IT\"},{\"@type\":\"ImageObject\",\"@id\":\"https:\/\/katialorenzon.com\/index.php\/a-propos\/#primaryimage\",\"inLanguage\":\"it-IT\",\"url\":\"http:\/\/katialorenzon.com\/wp-content\/uploads\/2022\/01\/katia-lorenzon-site-web-bio.jpg\",\"contentUrl\":\"http:\/\/katialorenzon.com\/wp-content\/uploads\/2022\/01\/katia-lorenzon-site-web-bio.jpg\"},{\"@type\":\"WebPage\",\"@id\":\"https:\/\/katialorenzon.com\/index.php\/a-propos\/#webpage\",\"url\":\"https:\/\/katialorenzon.com\/index.php\/a-propos\/\",\"name\":\"\\u00c0 propos - Katia Lorenzon\",\"isPartOf\":{\"@id\":\"https:\/\/katialorenzon.com\/#website\"},\"primaryImageOfPage\":{\"@id\":\"https:\/\/katialorenzon.com\/index.php\/a-propos\/#primaryimage\"},\"datePublished\":\"2020-03-03T21:57:18+00:00\",\"dateModified\":\"2022-11-17T11:28:17+00:00\",\"description\":\"Katia Lorenzon, photo.\",\"breadcrumb\":{\"@id\":\"https:\/\/katialorenzon.com\/index.php\/a-propos\/#breadcrumb\"},\"inLanguage\":\"it-IT\",\"potentialAction\":[{\"@type\":\"ReadAction\",\"target\":[\"https:\/\/katialorenzon.com\/index.php\/a-propos\/\"]}]},{\"@type\":\"BreadcrumbList\",\"@id\":\"https:\/\/katialorenzon.com\/index.php\/a-propos\/#breadcrumb\",\"itemListElement\":[{\"@type\":\"ListItem\",\"position\":1,\"name\":\"Accueil\",\"item\":\"https:\/\/katialorenzon.com\/\"},{\"@type\":\"ListItem\",\"position\":2,\"name\":\"\\u00c0 propos\"}]}]}<\/script>\n<!-- \/ Yoast SEO plugin. -->","yoast_head_json":{"title":"\u00c0 propos - Katia Lorenzon","description":"Katia Lorenzon, photo.","robots":{"index":"index","follow":"follow","max-snippet":"max-snippet:-1","max-image-preview":"max-image-preview:large","max-video-preview":"max-video-preview:-1"},"canonical":"https:\/\/katialorenzon.com\/index.php\/a-propos\/","og_locale":"it_IT","og_type":"article","og_title":"\u00c0 propos - Katia Lorenzon","og_description":"Katia Lorenzon, photo.","og_url":"https:\/\/katialorenzon.com\/index.php\/a-propos\/","og_site_name":"Katia Lorenzon","article_modified_time":"2022-11-17T11:28:17+00:00","og_image":[{"url":"http:\/\/katialorenzon.com\/wp-content\/uploads\/2022\/01\/katia-lorenzon-site-web-bio.jpg"}],"twitter_card":"summary","twitter_misc":{"Tempo di lettura stimato":"2 minuti"},"schema":{"@context":"https:\/\/schema.org","@graph":[{"@type":"WebSite","@id":"https:\/\/katialorenzon.com\/#website","url":"https:\/\/katialorenzon.com\/","name":"Katia Lorenzon","description":"Design graphique et illustration","potentialAction":[{"@type":"SearchAction","target":{"@type":"EntryPoint","urlTemplate":"https:\/\/katialorenzon.com\/?s={search_term_string}"},"query-input":"required name=search_term_string"}],"inLanguage":"it-IT"},{"@type":"ImageObject","@id":"https:\/\/katialorenzon.com\/index.php\/a-propos\/#primaryimage","inLanguage":"it-IT","url":"http:\/\/katialorenzon.com\/wp-content\/uploads\/2022\/01\/katia-lorenzon-site-web-bio.jpg","contentUrl":"http:\/\/katialorenzon.com\/wp-content\/uploads\/2022\/01\/katia-lorenzon-site-web-bio.jpg"},{"@type":"WebPage","@id":"https:\/\/katialorenzon.com\/index.php\/a-propos\/#webpage","url":"https:\/\/katialorenzon.com\/index.php\/a-propos\/","name":"\u00c0 propos - Katia Lorenzon","isPartOf":{"@id":"https:\/\/katialorenzon.com\/#website"},"primaryImageOfPage":{"@id":"https:\/\/katialorenzon.com\/index.php\/a-propos\/#primaryimage"},"datePublished":"2020-03-03T21:57:18+00:00","dateModified":"2022-11-17T11:28:17+00:00","description":"Katia Lorenzon, photo.","breadcrumb":{"@id":"https:\/\/katialorenzon.com\/index.php\/a-propos\/#breadcrumb"},"inLanguage":"it-IT","potentialAction":[{"@type":"ReadAction","target":["https:\/\/katialorenzon.com\/index.php\/a-propos\/"]}]},{"@type":"BreadcrumbList","@id":"https:\/\/katialorenzon.com\/index.php\/a-propos\/#breadcrumb","itemListElement":[{"@type":"ListItem","position":1,"name":"Accueil","item":"https:\/\/katialorenzon.com\/"},{"@type":"ListItem","position":2,"name":"\u00c0 propos"}]}]}},"_links":{"self":[{"href":"https:\/\/katialorenzon.com\/index.php\/wp-json\/wp\/v2\/pages\/2796"}],"collection":[{"href":"https:\/\/katialorenzon.com\/index.php\/wp-json\/wp\/v2\/pages"}],"about":[{"href":"https:\/\/katialorenzon.com\/index.php\/wp-json\/wp\/v2\/types\/page"}],"author":[{"embeddable":true,"href":"https:\/\/katialorenzon.com\/index.php\/wp-json\/wp\/v2\/users\/1"}],"replies":[{"embeddable":true,"href":"https:\/\/katialorenzon.com\/index.php\/wp-json\/wp\/v2\/comments?post=2796"}],"version-history":[{"count":45,"href":"https:\/\/katialorenzon.com\/index.php\/wp-json\/wp\/v2\/pages\/2796\/revisions"}],"predecessor-version":[{"id":4724,"href":"https:\/\/katialorenzon.com\/index.php\/wp-json\/wp\/v2\/pages\/2796\/revisions\/4724"}],"wp:attachment":[{"href":"https:\/\/katialorenzon.com\/index.php\/wp-json\/wp\/v2\/media?parent=2796"}],"curies":[{"name":"wp","href":"https:\/\/api.w.org\/{rel}","templated":true}]}}