{"id":2905,"date":"2020-06-02T14:00:29","date_gmt":"2020-06-02T12:00:29","guid":{"rendered":"http:\/\/katialorenzon.com\/?page_id=2905"},"modified":"2022-01-24T08:51:30","modified_gmt":"2022-01-24T07:51:30","slug":"katia-lorenzonportfoliomediapostcampagne-de-communication-merci","status":"publish","type":"page","link":"https:\/\/katialorenzon.com\/index.php\/katia-lorenzonportfoliomediapostcampagne-de-communication-merci\/","title":{"rendered":"Katia Lorenzon\/portfolio\/Mediapost\/Campagne de communication Merci"},"content":{"rendered":"\n<p><strong>D<\/strong>es imprim\u00e9s pour dire\u00a0\u00ab\u00a0<em>Merci\u00a0<\/em>\u00bb\u00a0aux fran\u00e7aises et fran\u00e7ais.<br>S\u00e9rie d\u2019illustrations pour une campagne de communication\u00a0<a href=\"https:\/\/www.mediapost.fr\/\"><strong>Mediapost<\/strong><\/a>, avec un tirage de 25 millions de copies distribu\u00e9es dans les bo\u00eetes aux lettres sur tout le territoire.<br><br> Collaboration avec Le Groupe\u00a0<a href=\"https:\/\/www.groupelaposte.com\/fr\"><strong>La Poste<\/strong><\/a>\u00a0et\u00a0l\u2019agence\u00a0<a href=\"https:\/\/www.r-agency.fr\/qui_sommes_nous\/\">R-Agency<\/a>.\u00a0<em>Paris, 2020<\/em>.<\/p>\n\n\n\n<div class=\"wp-block-image\"><figure class=\"aligncenter size-full\"><img decoding=\"async\" loading=\"lazy\" width=\"1000\" height=\"400\" src=\"https:\/\/katialorenzon.com\/wp-content\/uploads\/2020\/06\/mediapost-logo.jpg\" alt=\"\" class=\"wp-image-2911\" srcset=\"https:\/\/katialorenzon.com\/wp-content\/uploads\/2020\/06\/mediapost-logo.jpg 1000w, https:\/\/katialorenzon.com\/wp-content\/uploads\/2020\/06\/mediapost-logo-300x120.jpg 300w, https:\/\/katialorenzon.com\/wp-content\/uploads\/2020\/06\/mediapost-logo-768x307.jpg 768w\" sizes=\"(max-width: 1000px) 100vw, 1000px\" \/><\/figure><\/div>\n\n\n\n<p><\/p>\n\n\n\n<div class=\"wp-block-image\"><figure class=\"aligncenter size-full\"><img decoding=\"async\" loading=\"lazy\" width=\"1000\" height=\"906\" src=\"https:\/\/katialorenzon.com\/wp-content\/uploads\/2020\/06\/mediapost-campagne-merci-ville-katia-lorenzon.jpg\" alt=\"\" class=\"wp-image-2912\" srcset=\"https:\/\/katialorenzon.com\/wp-content\/uploads\/2020\/06\/mediapost-campagne-merci-ville-katia-lorenzon.jpg 1000w, https:\/\/katialorenzon.com\/wp-content\/uploads\/2020\/06\/mediapost-campagne-merci-ville-katia-lorenzon-300x272.jpg 300w, https:\/\/katialorenzon.com\/wp-content\/uploads\/2020\/06\/mediapost-campagne-merci-ville-katia-lorenzon-768x696.jpg 768w\" sizes=\"(max-width: 1000px) 100vw, 1000px\" \/><\/figure><\/div>\n\n\n\n<p><\/p>\n\n\n\n<div class=\"wp-block-image\"><figure class=\"aligncenter size-full\"><img decoding=\"async\" loading=\"lazy\" width=\"1000\" height=\"456\" src=\"https:\/\/katialorenzon.com\/wp-content\/uploads\/2020\/06\/mediapost-imprime-katia-lorenzon.jpg\" alt=\"\" class=\"wp-image-2914\" srcset=\"https:\/\/katialorenzon.com\/wp-content\/uploads\/2020\/06\/mediapost-imprime-katia-lorenzon.jpg 1000w, https:\/\/katialorenzon.com\/wp-content\/uploads\/2020\/06\/mediapost-imprime-katia-lorenzon-300x137.jpg 300w, https:\/\/katialorenzon.com\/wp-content\/uploads\/2020\/06\/mediapost-imprime-katia-lorenzon-768x350.jpg 768w\" sizes=\"(max-width: 1000px) 100vw, 1000px\" \/><\/figure><\/div>\n\n\n\n<p><\/p>\n\n\n\n<figure class=\"wp-block-image size-full\"><img decoding=\"async\" loading=\"lazy\" width=\"1000\" height=\"800\" src=\"https:\/\/katialorenzon.com\/wp-content\/uploads\/2020\/06\/mediapost-boutique-katia-lorenzon.jpg\" alt=\"\" class=\"wp-image-2915\" srcset=\"https:\/\/katialorenzon.com\/wp-content\/uploads\/2020\/06\/mediapost-boutique-katia-lorenzon.jpg 1000w, https:\/\/katialorenzon.com\/wp-content\/uploads\/2020\/06\/mediapost-boutique-katia-lorenzon-300x240.jpg 300w, https:\/\/katialorenzon.com\/wp-content\/uploads\/2020\/06\/mediapost-boutique-katia-lorenzon-768x614.jpg 768w\" sizes=\"(max-width: 1000px) 100vw, 1000px\" \/><\/figure>\n\n\n\n<p><\/p>\n\n\n\n<div class=\"wp-block-image\"><figure class=\"aligncenter size-full\"><img decoding=\"async\" loading=\"lazy\" width=\"1000\" height=\"763\" src=\"https:\/\/katialorenzon.com\/wp-content\/uploads\/2020\/06\/mediapost-campagne-merci-jardin-katia-lorenzon.jpg\" alt=\"\" class=\"wp-image-2916\" srcset=\"https:\/\/katialorenzon.com\/wp-content\/uploads\/2020\/06\/mediapost-campagne-merci-jardin-katia-lorenzon.jpg 1000w, https:\/\/katialorenzon.com\/wp-content\/uploads\/2020\/06\/mediapost-campagne-merci-jardin-katia-lorenzon-300x229.jpg 300w, https:\/\/katialorenzon.com\/wp-content\/uploads\/2020\/06\/mediapost-campagne-merci-jardin-katia-lorenzon-768x586.jpg 768w\" sizes=\"(max-width: 1000px) 100vw, 1000px\" \/><\/figure><\/div>\n\n\n\n<p><\/p>\n\n\n\n<div class=\"wp-block-image\"><figure class=\"aligncenter size-full\"><img decoding=\"async\" loading=\"lazy\" width=\"1000\" height=\"750\" src=\"https:\/\/katialorenzon.com\/wp-content\/uploads\/2021\/12\/mediapost-prospectus-realisation-katia-lorenzon.jpg\" alt=\"\" class=\"wp-image-3312\" srcset=\"https:\/\/katialorenzon.com\/wp-content\/uploads\/2021\/12\/mediapost-prospectus-realisation-katia-lorenzon.jpg 1000w, https:\/\/katialorenzon.com\/wp-content\/uploads\/2021\/12\/mediapost-prospectus-realisation-katia-lorenzon-300x225.jpg 300w, https:\/\/katialorenzon.com\/wp-content\/uploads\/2021\/12\/mediapost-prospectus-realisation-katia-lorenzon-768x576.jpg 768w\" sizes=\"(max-width: 1000px) 100vw, 1000px\" \/><\/figure><\/div>\n\n\n\n<p><\/p>\n\n\n\n<div class=\"wp-block-image\"><figure class=\"aligncenter size-full\"><img decoding=\"async\" loading=\"lazy\" width=\"1000\" height=\"640\" src=\"https:\/\/katialorenzon.com\/wp-content\/uploads\/2020\/06\/mediapost-campagne-communication-merci-web.jpg\" alt=\"\" class=\"wp-image-2917\" srcset=\"https:\/\/katialorenzon.com\/wp-content\/uploads\/2020\/06\/mediapost-campagne-communication-merci-web.jpg 1000w, https:\/\/katialorenzon.com\/wp-content\/uploads\/2020\/06\/mediapost-campagne-communication-merci-web-300x192.jpg 300w, https:\/\/katialorenzon.com\/wp-content\/uploads\/2020\/06\/mediapost-campagne-communication-merci-web-768x492.jpg 768w\" sizes=\"(max-width: 1000px) 100vw, 1000px\" \/><\/figure><\/div>\n\n\n\n<p><\/p>\n\n\n\n<div class=\"wp-block-image\"><figure class=\"aligncenter size-full\"><img decoding=\"async\" loading=\"lazy\" width=\"1000\" height=\"600\" src=\"https:\/\/katialorenzon.com\/wp-content\/uploads\/2021\/12\/mediapost-baloon-et-merci-katia-lorenzon.jpg\" alt=\"\" class=\"wp-image-3323\" srcset=\"https:\/\/katialorenzon.com\/wp-content\/uploads\/2021\/12\/mediapost-baloon-et-merci-katia-lorenzon.jpg 1000w, https:\/\/katialorenzon.com\/wp-content\/uploads\/2021\/12\/mediapost-baloon-et-merci-katia-lorenzon-300x180.jpg 300w, https:\/\/katialorenzon.com\/wp-content\/uploads\/2021\/12\/mediapost-baloon-et-merci-katia-lorenzon-768x461.jpg 768w\" sizes=\"(max-width: 1000px) 100vw, 1000px\" \/><\/figure><\/div>\n\n\n\n<p><\/p>\n\n\n\n<div class=\"wp-block-image\"><figure class=\"aligncenter size-full\"><img decoding=\"async\" loading=\"lazy\" width=\"1000\" height=\"800\" src=\"https:\/\/katialorenzon.com\/wp-content\/uploads\/2020\/06\/mediapost-campagne-communication-merci-affiches-katia-lorenzon.jpg\" alt=\"\" class=\"wp-image-2919\" srcset=\"https:\/\/katialorenzon.com\/wp-content\/uploads\/2020\/06\/mediapost-campagne-communication-merci-affiches-katia-lorenzon.jpg 1000w, https:\/\/katialorenzon.com\/wp-content\/uploads\/2020\/06\/mediapost-campagne-communication-merci-affiches-katia-lorenzon-300x240.jpg 300w, https:\/\/katialorenzon.com\/wp-content\/uploads\/2020\/06\/mediapost-campagne-communication-merci-affiches-katia-lorenzon-768x614.jpg 768w\" sizes=\"(max-width: 1000px) 100vw, 1000px\" \/><\/figure><\/div>\n\n\n\n<p><\/p>\n\n\n\n<div class=\"wp-block-image\"><figure class=\"aligncenter size-full\"><img decoding=\"async\" loading=\"lazy\" width=\"1000\" height=\"400\" src=\"https:\/\/katialorenzon.com\/wp-content\/uploads\/2020\/06\/la-poste-logo.jpg\" alt=\"\" class=\"wp-image-2920\" srcset=\"https:\/\/katialorenzon.com\/wp-content\/uploads\/2020\/06\/la-poste-logo.jpg 1000w, https:\/\/katialorenzon.com\/wp-content\/uploads\/2020\/06\/la-poste-logo-300x120.jpg 300w, https:\/\/katialorenzon.com\/wp-content\/uploads\/2020\/06\/la-poste-logo-768x307.jpg 768w\" sizes=\"(max-width: 1000px) 100vw, 1000px\" \/><\/figure><\/div>\n","protected":false},"excerpt":{"rendered":"<p>Des imprim\u00e9s pour dire\u00a0\u00ab\u00a0Merci\u00a0\u00bb\u00a0aux fran\u00e7aises et fran\u00e7ais.S\u00e9rie d\u2019illustrations pour une campagne de communication\u00a0Mediapost, avec un tirage de 25 millions de copies distribu\u00e9es dans les bo\u00eetes&#8230;<\/p>\n<div class=\"more-link-wrapper\"><a class=\"more-link\" href=\"https:\/\/katialorenzon.com\/index.php\/katia-lorenzonportfoliomediapostcampagne-de-communication-merci\/\">zoom<span class=\"screen-reader-text\">Katia Lorenzon\/portfolio\/Mediapost\/Campagne de communication Merci<\/span><\/a><\/div>\n","protected":false},"author":1,"featured_media":0,"parent":0,"menu_order":0,"comment_status":"closed","ping_status":"closed","template":"","meta":{"footnotes":""},"yoast_head":"<!-- This site is optimized with the Yoast SEO plugin v17.7.1 - https:\/\/yoast.com\/wordpress\/plugins\/seo\/ -->\n<title>Katia Lorenzon\/portfolio\/Mediapost\/Campagne de communication Merci - Katia Lorenzon<\/title>\n<meta name=\"robots\" content=\"index, follow, max-snippet:-1, max-image-preview:large, max-video-preview:-1\" \/>\n<link rel=\"canonical\" href=\"https:\/\/katialorenzon.com\/index.php\/katia-lorenzonportfoliomediapostcampagne-de-communication-merci\/\" \/>\n<meta property=\"og:locale\" content=\"it_IT\" \/>\n<meta property=\"og:type\" content=\"article\" \/>\n<meta property=\"og:title\" content=\"Katia Lorenzon\/portfolio\/Mediapost\/Campagne de communication Merci - Katia Lorenzon\" \/>\n<meta property=\"og:description\" content=\"Des imprim\u00e9s pour dire\u00a0\u00ab\u00a0Merci\u00a0\u00bb\u00a0aux fran\u00e7aises et fran\u00e7ais.S\u00e9rie d\u2019illustrations pour une campagne de communication\u00a0Mediapost, avec un tirage de 25 millions de copies distribu\u00e9es dans les bo\u00eetes&#8230;\" \/>\n<meta property=\"og:url\" content=\"https:\/\/katialorenzon.com\/index.php\/katia-lorenzonportfoliomediapostcampagne-de-communication-merci\/\" \/>\n<meta property=\"og:site_name\" content=\"Katia Lorenzon\" \/>\n<meta property=\"article:modified_time\" content=\"2022-01-24T07:51:30+00:00\" \/>\n<meta property=\"og:image\" content=\"http:\/\/katialorenzon.com\/wp-content\/uploads\/2020\/06\/mediapost-logo.jpg\" \/>\n<meta name=\"twitter:card\" content=\"summary\" \/>\n<meta name=\"twitter:label1\" content=\"Tempo di lettura stimato\" \/>\n\t<meta name=\"twitter:data1\" content=\"3 minuti\" \/>\n<script type=\"application\/ld+json\" class=\"yoast-schema-graph\">{\"@context\":\"https:\/\/schema.org\",\"@graph\":[{\"@type\":\"WebSite\",\"@id\":\"https:\/\/katialorenzon.com\/#website\",\"url\":\"https:\/\/katialorenzon.com\/\",\"name\":\"Katia Lorenzon\",\"description\":\"Design graphique et illustration\",\"potentialAction\":[{\"@type\":\"SearchAction\",\"target\":{\"@type\":\"EntryPoint\",\"urlTemplate\":\"https:\/\/katialorenzon.com\/?s={search_term_string}\"},\"query-input\":\"required name=search_term_string\"}],\"inLanguage\":\"it-IT\"},{\"@type\":\"ImageObject\",\"@id\":\"https:\/\/katialorenzon.com\/index.php\/katia-lorenzonportfoliomediapostcampagne-de-communication-merci\/#primaryimage\",\"inLanguage\":\"it-IT\",\"url\":\"http:\/\/katialorenzon.com\/wp-content\/uploads\/2020\/06\/mediapost-logo.jpg\",\"contentUrl\":\"http:\/\/katialorenzon.com\/wp-content\/uploads\/2020\/06\/mediapost-logo.jpg\"},{\"@type\":\"WebPage\",\"@id\":\"https:\/\/katialorenzon.com\/index.php\/katia-lorenzonportfoliomediapostcampagne-de-communication-merci\/#webpage\",\"url\":\"https:\/\/katialorenzon.com\/index.php\/katia-lorenzonportfoliomediapostcampagne-de-communication-merci\/\",\"name\":\"Katia Lorenzon\/portfolio\/Mediapost\/Campagne de communication Merci - Katia Lorenzon\",\"isPartOf\":{\"@id\":\"https:\/\/katialorenzon.com\/#website\"},\"primaryImageOfPage\":{\"@id\":\"https:\/\/katialorenzon.com\/index.php\/katia-lorenzonportfoliomediapostcampagne-de-communication-merci\/#primaryimage\"},\"datePublished\":\"2020-06-02T12:00:29+00:00\",\"dateModified\":\"2022-01-24T07:51:30+00:00\",\"breadcrumb\":{\"@id\":\"https:\/\/katialorenzon.com\/index.php\/katia-lorenzonportfoliomediapostcampagne-de-communication-merci\/#breadcrumb\"},\"inLanguage\":\"it-IT\",\"potentialAction\":[{\"@type\":\"ReadAction\",\"target\":[\"https:\/\/katialorenzon.com\/index.php\/katia-lorenzonportfoliomediapostcampagne-de-communication-merci\/\"]}]},{\"@type\":\"BreadcrumbList\",\"@id\":\"https:\/\/katialorenzon.com\/index.php\/katia-lorenzonportfoliomediapostcampagne-de-communication-merci\/#breadcrumb\",\"itemListElement\":[{\"@type\":\"ListItem\",\"position\":1,\"name\":\"Accueil\",\"item\":\"https:\/\/katialorenzon.com\/\"},{\"@type\":\"ListItem\",\"position\":2,\"name\":\"Katia Lorenzon\/portfolio\/Mediapost\/Campagne de communication Merci\"}]}]}<\/script>\n<!-- \/ Yoast SEO plugin. -->","yoast_head_json":{"title":"Katia Lorenzon\/portfolio\/Mediapost\/Campagne de communication Merci - Katia Lorenzon","robots":{"index":"index","follow":"follow","max-snippet":"max-snippet:-1","max-image-preview":"max-image-preview:large","max-video-preview":"max-video-preview:-1"},"canonical":"https:\/\/katialorenzon.com\/index.php\/katia-lorenzonportfoliomediapostcampagne-de-communication-merci\/","og_locale":"it_IT","og_type":"article","og_title":"Katia Lorenzon\/portfolio\/Mediapost\/Campagne de communication Merci - Katia Lorenzon","og_description":"Des imprim\u00e9s pour dire\u00a0\u00ab\u00a0Merci\u00a0\u00bb\u00a0aux fran\u00e7aises et fran\u00e7ais.S\u00e9rie d\u2019illustrations pour une campagne de communication\u00a0Mediapost, avec un tirage de 25 millions de copies distribu\u00e9es dans les bo\u00eetes&#8230;","og_url":"https:\/\/katialorenzon.com\/index.php\/katia-lorenzonportfoliomediapostcampagne-de-communication-merci\/","og_site_name":"Katia Lorenzon","article_modified_time":"2022-01-24T07:51:30+00:00","og_image":[{"url":"http:\/\/katialorenzon.com\/wp-content\/uploads\/2020\/06\/mediapost-logo.jpg"}],"twitter_card":"summary","twitter_misc":{"Tempo di lettura stimato":"3 minuti"},"schema":{"@context":"https:\/\/schema.org","@graph":[{"@type":"WebSite","@id":"https:\/\/katialorenzon.com\/#website","url":"https:\/\/katialorenzon.com\/","name":"Katia Lorenzon","description":"Design graphique et illustration","potentialAction":[{"@type":"SearchAction","target":{"@type":"EntryPoint","urlTemplate":"https:\/\/katialorenzon.com\/?s={search_term_string}"},"query-input":"required name=search_term_string"}],"inLanguage":"it-IT"},{"@type":"ImageObject","@id":"https:\/\/katialorenzon.com\/index.php\/katia-lorenzonportfoliomediapostcampagne-de-communication-merci\/#primaryimage","inLanguage":"it-IT","url":"http:\/\/katialorenzon.com\/wp-content\/uploads\/2020\/06\/mediapost-logo.jpg","contentUrl":"http:\/\/katialorenzon.com\/wp-content\/uploads\/2020\/06\/mediapost-logo.jpg"},{"@type":"WebPage","@id":"https:\/\/katialorenzon.com\/index.php\/katia-lorenzonportfoliomediapostcampagne-de-communication-merci\/#webpage","url":"https:\/\/katialorenzon.com\/index.php\/katia-lorenzonportfoliomediapostcampagne-de-communication-merci\/","name":"Katia Lorenzon\/portfolio\/Mediapost\/Campagne de communication Merci - Katia Lorenzon","isPartOf":{"@id":"https:\/\/katialorenzon.com\/#website"},"primaryImageOfPage":{"@id":"https:\/\/katialorenzon.com\/index.php\/katia-lorenzonportfoliomediapostcampagne-de-communication-merci\/#primaryimage"},"datePublished":"2020-06-02T12:00:29+00:00","dateModified":"2022-01-24T07:51:30+00:00","breadcrumb":{"@id":"https:\/\/katialorenzon.com\/index.php\/katia-lorenzonportfoliomediapostcampagne-de-communication-merci\/#breadcrumb"},"inLanguage":"it-IT","potentialAction":[{"@type":"ReadAction","target":["https:\/\/katialorenzon.com\/index.php\/katia-lorenzonportfoliomediapostcampagne-de-communication-merci\/"]}]},{"@type":"BreadcrumbList","@id":"https:\/\/katialorenzon.com\/index.php\/katia-lorenzonportfoliomediapostcampagne-de-communication-merci\/#breadcrumb","itemListElement":[{"@type":"ListItem","position":1,"name":"Accueil","item":"https:\/\/katialorenzon.com\/"},{"@type":"ListItem","position":2,"name":"Katia Lorenzon\/portfolio\/Mediapost\/Campagne de communication Merci"}]}]}},"_links":{"self":[{"href":"https:\/\/katialorenzon.com\/index.php\/wp-json\/wp\/v2\/pages\/2905"}],"collection":[{"href":"https:\/\/katialorenzon.com\/index.php\/wp-json\/wp\/v2\/pages"}],"about":[{"href":"https:\/\/katialorenzon.com\/index.php\/wp-json\/wp\/v2\/types\/page"}],"author":[{"embeddable":true,"href":"https:\/\/katialorenzon.com\/index.php\/wp-json\/wp\/v2\/users\/1"}],"replies":[{"embeddable":true,"href":"https:\/\/katialorenzon.com\/index.php\/wp-json\/wp\/v2\/comments?post=2905"}],"version-history":[{"count":20,"href":"https:\/\/katialorenzon.com\/index.php\/wp-json\/wp\/v2\/pages\/2905\/revisions"}],"predecessor-version":[{"id":4562,"href":"https:\/\/katialorenzon.com\/index.php\/wp-json\/wp\/v2\/pages\/2905\/revisions\/4562"}],"wp:attachment":[{"href":"https:\/\/katialorenzon.com\/index.php\/wp-json\/wp\/v2\/media?parent=2905"}],"curies":[{"name":"wp","href":"https:\/\/api.w.org\/{rel}","templated":true}]}}