{"id":292,"date":"2016-10-14T00:11:52","date_gmt":"2016-10-13T22:11:52","guid":{"rendered":"http:\/\/katialorenzon.com\/?page_id=292"},"modified":"2022-01-24T08:49:19","modified_gmt":"2022-01-24T07:49:19","slug":"portfolio-maskott-projet-tactileo","status":"publish","type":"page","link":"https:\/\/katialorenzon.com\/index.php\/portfolio-maskott-projet-tactileo\/","title":{"rendered":"Katia Lorenzon\/portfolio\/Maskott &#8211; Projet tactileo"},"content":{"rendered":"<p><strong>I<\/strong>llustrations pour\u00a0l&#8217;histoire et les jeux de\u00a0<em>&#8220;Les aventures fantastiques de max\u00b2&#8221;,\u00a0<\/em>application didactique-ludique pour l&#8217;apprentissage des math\u00e9matiques dans les \u00e9coles. Dans le cadre du projet Tactileo (tablettes et \u00e9crans tactiles de grand format), pour <a href=\"https:\/\/www.maskott.com\/\"><strong>Maskott<\/strong><\/a> et en partenariat avec l&#8217;<strong>\u00c9ducation nationale<\/strong>. <em>Paris\/Le Puy-en-Velay, 2014<\/em>.<\/p>\n<p><img decoding=\"async\" loading=\"lazy\" class=\"aligncenter size-full wp-image-344\" src=\"https:\/\/katialorenzon.com\/wp-content\/uploads\/2016\/10\/logo-tactileo.png\" alt=\"logo-tactileo\" width=\"1000\" height=\"338\" srcset=\"https:\/\/katialorenzon.com\/wp-content\/uploads\/2016\/10\/logo-tactileo.png 1000w, https:\/\/katialorenzon.com\/wp-content\/uploads\/2016\/10\/logo-tactileo-300x101.png 300w, https:\/\/katialorenzon.com\/wp-content\/uploads\/2016\/10\/logo-tactileo-768x260.png 768w\" sizes=\"(max-width: 1000px) 100vw, 1000px\" \/><\/p>\n<p><img decoding=\"async\" loading=\"lazy\" class=\"aligncenter size-full wp-image-356\" src=\"https:\/\/katialorenzon.com\/wp-content\/uploads\/2016\/10\/maskott-ecrans-tactiles-education-nationale.jpg\" alt=\"maskott-ecrans-tactiles-education-nationale\" width=\"1000\" height=\"340\" srcset=\"https:\/\/katialorenzon.com\/wp-content\/uploads\/2016\/10\/maskott-ecrans-tactiles-education-nationale.jpg 1000w, https:\/\/katialorenzon.com\/wp-content\/uploads\/2016\/10\/maskott-ecrans-tactiles-education-nationale-300x102.jpg 300w, https:\/\/katialorenzon.com\/wp-content\/uploads\/2016\/10\/maskott-ecrans-tactiles-education-nationale-768x261.jpg 768w\" sizes=\"(max-width: 1000px) 100vw, 1000px\" \/><\/p>\n<p><img decoding=\"async\" loading=\"lazy\" class=\"aligncenter size-full wp-image-352\" src=\"https:\/\/katialorenzon.com\/wp-content\/uploads\/2016\/10\/maskott-dessin-personnages-app-katia-lorenzon.jpg\" alt=\"maskott-dessin-personnages-app-katia-lorenzon\" width=\"1000\" height=\"635\" srcset=\"https:\/\/katialorenzon.com\/wp-content\/uploads\/2016\/10\/maskott-dessin-personnages-app-katia-lorenzon.jpg 1000w, https:\/\/katialorenzon.com\/wp-content\/uploads\/2016\/10\/maskott-dessin-personnages-app-katia-lorenzon-300x191.jpg 300w, https:\/\/katialorenzon.com\/wp-content\/uploads\/2016\/10\/maskott-dessin-personnages-app-katia-lorenzon-768x488.jpg 768w\" sizes=\"(max-width: 1000px) 100vw, 1000px\" \/><\/p>\n<p><img decoding=\"async\" loading=\"lazy\" class=\"aligncenter size-full wp-image-296\" src=\"https:\/\/katialorenzon.com\/wp-content\/uploads\/2016\/10\/maskott-app-didactique-illustration-katia-lorenzon.jpg\" alt=\"maskott-app-didactique-illustration-katia-lorenzon\" width=\"1000\" height=\"563\" srcset=\"https:\/\/katialorenzon.com\/wp-content\/uploads\/2016\/10\/maskott-app-didactique-illustration-katia-lorenzon.jpg 1000w, https:\/\/katialorenzon.com\/wp-content\/uploads\/2016\/10\/maskott-app-didactique-illustration-katia-lorenzon-300x169.jpg 300w, https:\/\/katialorenzon.com\/wp-content\/uploads\/2016\/10\/maskott-app-didactique-illustration-katia-lorenzon-768x432.jpg 768w\" sizes=\"(max-width: 1000px) 100vw, 1000px\" \/><\/p>\n<p><img decoding=\"async\" loading=\"lazy\" class=\"aligncenter size-full wp-image-303\" src=\"https:\/\/katialorenzon.com\/wp-content\/uploads\/2016\/10\/maskott-jeu-didactique-illustration-katia-lorenzon.jpg\" alt=\"maskott-jeu-didactique-illustration-katia-lorenzon\" width=\"1000\" height=\"563\" srcset=\"https:\/\/katialorenzon.com\/wp-content\/uploads\/2016\/10\/maskott-jeu-didactique-illustration-katia-lorenzon.jpg 1000w, https:\/\/katialorenzon.com\/wp-content\/uploads\/2016\/10\/maskott-jeu-didactique-illustration-katia-lorenzon-300x169.jpg 300w, https:\/\/katialorenzon.com\/wp-content\/uploads\/2016\/10\/maskott-jeu-didactique-illustration-katia-lorenzon-768x432.jpg 768w\" sizes=\"(max-width: 1000px) 100vw, 1000px\" \/><\/p>\n<p><img decoding=\"async\" loading=\"lazy\" class=\"aligncenter size-full wp-image-307\" src=\"https:\/\/katialorenzon.com\/wp-content\/uploads\/2016\/10\/maskott-max-et-dolores-katia-lorenzon.jpg\" alt=\"maskott-max-et-dolores-katia-lorenzon\" width=\"1000\" height=\"563\" srcset=\"https:\/\/katialorenzon.com\/wp-content\/uploads\/2016\/10\/maskott-max-et-dolores-katia-lorenzon.jpg 1000w, https:\/\/katialorenzon.com\/wp-content\/uploads\/2016\/10\/maskott-max-et-dolores-katia-lorenzon-300x169.jpg 300w, https:\/\/katialorenzon.com\/wp-content\/uploads\/2016\/10\/maskott-max-et-dolores-katia-lorenzon-768x432.jpg 768w\" sizes=\"(max-width: 1000px) 100vw, 1000px\" \/><\/p>\n<p><img decoding=\"async\" loading=\"lazy\" class=\"aligncenter size-full wp-image-300\" src=\"https:\/\/katialorenzon.com\/wp-content\/uploads\/2016\/10\/maskott-education-nationale.jpg\" alt=\"maskott-education-nationale\" width=\"1000\" height=\"563\" srcset=\"https:\/\/katialorenzon.com\/wp-content\/uploads\/2016\/10\/maskott-education-nationale.jpg 1000w, https:\/\/katialorenzon.com\/wp-content\/uploads\/2016\/10\/maskott-education-nationale-300x169.jpg 300w, https:\/\/katialorenzon.com\/wp-content\/uploads\/2016\/10\/maskott-education-nationale-768x432.jpg 768w\" sizes=\"(max-width: 1000px) 100vw, 1000px\" \/><\/p>\n<p><img decoding=\"async\" loading=\"lazy\" class=\"aligncenter size-full wp-image-304\" src=\"https:\/\/katialorenzon.com\/wp-content\/uploads\/2016\/10\/maskott-max_dolores-illustration-katia-lorenzon.jpg\" alt=\"maskott-max_dolores-illustration-katia-lorenzon\" width=\"1000\" height=\"563\" srcset=\"https:\/\/katialorenzon.com\/wp-content\/uploads\/2016\/10\/maskott-max_dolores-illustration-katia-lorenzon.jpg 1000w, https:\/\/katialorenzon.com\/wp-content\/uploads\/2016\/10\/maskott-max_dolores-illustration-katia-lorenzon-300x169.jpg 300w, https:\/\/katialorenzon.com\/wp-content\/uploads\/2016\/10\/maskott-max_dolores-illustration-katia-lorenzon-768x432.jpg 768w\" sizes=\"(max-width: 1000px) 100vw, 1000px\" \/><\/p>\n<p><img decoding=\"async\" loading=\"lazy\" class=\"aligncenter size-full wp-image-308\" src=\"https:\/\/katialorenzon.com\/wp-content\/uploads\/2016\/10\/maskott-max2-illustration-katia-lorenzon.jpg\" alt=\"maskott-max2-illustration-katia-lorenzon\" width=\"1000\" height=\"563\" srcset=\"https:\/\/katialorenzon.com\/wp-content\/uploads\/2016\/10\/maskott-max2-illustration-katia-lorenzon.jpg 1000w, https:\/\/katialorenzon.com\/wp-content\/uploads\/2016\/10\/maskott-max2-illustration-katia-lorenzon-300x169.jpg 300w, https:\/\/katialorenzon.com\/wp-content\/uploads\/2016\/10\/maskott-max2-illustration-katia-lorenzon-768x432.jpg 768w\" sizes=\"(max-width: 1000px) 100vw, 1000px\" \/><\/p>\n<p><img decoding=\"async\" loading=\"lazy\" class=\"aligncenter size-full wp-image-298\" src=\"https:\/\/katialorenzon.com\/wp-content\/uploads\/2016\/10\/maskott-apprentissage-mathematique-illustration.jpg\" alt=\"maskott-apprentissage-mathematique-illustration\" width=\"1000\" height=\"563\" srcset=\"https:\/\/katialorenzon.com\/wp-content\/uploads\/2016\/10\/maskott-apprentissage-mathematique-illustration.jpg 1000w, https:\/\/katialorenzon.com\/wp-content\/uploads\/2016\/10\/maskott-apprentissage-mathematique-illustration-300x169.jpg 300w, https:\/\/katialorenzon.com\/wp-content\/uploads\/2016\/10\/maskott-apprentissage-mathematique-illustration-768x432.jpg 768w\" sizes=\"(max-width: 1000px) 100vw, 1000px\" \/><\/p>\n<p><img decoding=\"async\" loading=\"lazy\" class=\"aligncenter size-full wp-image-306\" src=\"https:\/\/katialorenzon.com\/wp-content\/uploads\/2016\/10\/maskott-max-ecrans-tactiles-katia-lorenzon.jpg\" alt=\"maskott-max-ecrans-tactiles-katia-lorenzon\" width=\"1000\" height=\"563\" srcset=\"https:\/\/katialorenzon.com\/wp-content\/uploads\/2016\/10\/maskott-max-ecrans-tactiles-katia-lorenzon.jpg 1000w, https:\/\/katialorenzon.com\/wp-content\/uploads\/2016\/10\/maskott-max-ecrans-tactiles-katia-lorenzon-300x169.jpg 300w, https:\/\/katialorenzon.com\/wp-content\/uploads\/2016\/10\/maskott-max-ecrans-tactiles-katia-lorenzon-768x432.jpg 768w\" sizes=\"(max-width: 1000px) 100vw, 1000px\" \/><\/p>\n<p><img decoding=\"async\" loading=\"lazy\" class=\"aligncenter size-full wp-image-305\" src=\"https:\/\/katialorenzon.com\/wp-content\/uploads\/2016\/10\/maskott-max-alfredo-katia-lorenzon.jpg\" alt=\"maskott-max-alfredo-katia-lorenzon\" width=\"1000\" height=\"563\" srcset=\"https:\/\/katialorenzon.com\/wp-content\/uploads\/2016\/10\/maskott-max-alfredo-katia-lorenzon.jpg 1000w, https:\/\/katialorenzon.com\/wp-content\/uploads\/2016\/10\/maskott-max-alfredo-katia-lorenzon-300x169.jpg 300w, https:\/\/katialorenzon.com\/wp-content\/uploads\/2016\/10\/maskott-max-alfredo-katia-lorenzon-768x432.jpg 768w\" sizes=\"(max-width: 1000px) 100vw, 1000px\" \/><\/p>\n<p><img decoding=\"async\" loading=\"lazy\" class=\"aligncenter size-full wp-image-302\" src=\"https:\/\/katialorenzon.com\/wp-content\/uploads\/2016\/10\/maskott-illustration-katia-lorenzon.jpg\" alt=\"maskott-illustration-katia-lorenzon\" width=\"1000\" height=\"563\" srcset=\"https:\/\/katialorenzon.com\/wp-content\/uploads\/2016\/10\/maskott-illustration-katia-lorenzon.jpg 1000w, https:\/\/katialorenzon.com\/wp-content\/uploads\/2016\/10\/maskott-illustration-katia-lorenzon-300x169.jpg 300w, https:\/\/katialorenzon.com\/wp-content\/uploads\/2016\/10\/maskott-illustration-katia-lorenzon-768x432.jpg 768w\" sizes=\"(max-width: 1000px) 100vw, 1000px\" \/><\/p>\n<p><img decoding=\"async\" loading=\"lazy\" class=\"aligncenter size-full wp-image-343\" src=\"https:\/\/katialorenzon.com\/wp-content\/uploads\/2016\/10\/logo-maskott.png\" alt=\"logo-maskott\" width=\"1000\" height=\"338\" srcset=\"https:\/\/katialorenzon.com\/wp-content\/uploads\/2016\/10\/logo-maskott.png 1000w, https:\/\/katialorenzon.com\/wp-content\/uploads\/2016\/10\/logo-maskott-300x101.png 300w, https:\/\/katialorenzon.com\/wp-content\/uploads\/2016\/10\/logo-maskott-768x260.png 768w\" sizes=\"(max-width: 1000px) 100vw, 1000px\" \/><\/p>\n","protected":false},"excerpt":{"rendered":"<p>Illustrations pour\u00a0l&#8217;histoire et les jeux de\u00a0&#8220;Les aventures fantastiques de max\u00b2&#8221;,\u00a0application didactique-ludique pour l&#8217;apprentissage des math\u00e9matiques dans les \u00e9coles. Dans le cadre du projet Tactileo (tablettes&#8230;<\/p>\n<div class=\"more-link-wrapper\"><a class=\"more-link\" href=\"https:\/\/katialorenzon.com\/index.php\/portfolio-maskott-projet-tactileo\/\">zoom<span class=\"screen-reader-text\">Katia Lorenzon\/portfolio\/Maskott &#8211; Projet tactileo<\/span><\/a><\/div>\n","protected":false},"author":1,"featured_media":0,"parent":0,"menu_order":0,"comment_status":"closed","ping_status":"closed","template":"","meta":{"footnotes":""},"yoast_head":"<!-- This site is optimized with the Yoast SEO plugin v17.7.1 - https:\/\/yoast.com\/wordpress\/plugins\/seo\/ -->\n<title>Katia Lorenzon\/portfolio\/Maskott - Projet tactileo - Katia Lorenzon<\/title>\n<meta name=\"robots\" content=\"index, follow, max-snippet:-1, max-image-preview:large, max-video-preview:-1\" \/>\n<link rel=\"canonical\" href=\"https:\/\/katialorenzon.com\/index.php\/portfolio-maskott-projet-tactileo\/\" \/>\n<meta property=\"og:locale\" content=\"it_IT\" \/>\n<meta property=\"og:type\" content=\"article\" \/>\n<meta property=\"og:title\" content=\"Katia Lorenzon\/portfolio\/Maskott - Projet tactileo - Katia Lorenzon\" \/>\n<meta property=\"og:description\" content=\"Illustrations pour\u00a0l&#8217;histoire et les jeux de\u00a0&#8220;Les aventures fantastiques de max\u00b2&#8221;,\u00a0application didactique-ludique pour l&#8217;apprentissage des math\u00e9matiques dans les \u00e9coles. Dans le cadre du projet Tactileo (tablettes&#8230;\" \/>\n<meta property=\"og:url\" content=\"https:\/\/katialorenzon.com\/index.php\/portfolio-maskott-projet-tactileo\/\" \/>\n<meta property=\"og:site_name\" content=\"Katia Lorenzon\" \/>\n<meta property=\"article:modified_time\" content=\"2022-01-24T07:49:19+00:00\" \/>\n<meta property=\"og:image\" content=\"http:\/\/katialorenzon.com\/wp-content\/uploads\/2016\/10\/logo-tactileo.png\" \/>\n<meta name=\"twitter:card\" content=\"summary\" \/>\n<meta name=\"twitter:label1\" content=\"Tempo di lettura stimato\" \/>\n\t<meta name=\"twitter:data1\" content=\"4 minuti\" \/>\n<script type=\"application\/ld+json\" class=\"yoast-schema-graph\">{\"@context\":\"https:\/\/schema.org\",\"@graph\":[{\"@type\":\"WebSite\",\"@id\":\"https:\/\/katialorenzon.com\/#website\",\"url\":\"https:\/\/katialorenzon.com\/\",\"name\":\"Katia Lorenzon\",\"description\":\"Design graphique et illustration\",\"potentialAction\":[{\"@type\":\"SearchAction\",\"target\":{\"@type\":\"EntryPoint\",\"urlTemplate\":\"https:\/\/katialorenzon.com\/?s={search_term_string}\"},\"query-input\":\"required name=search_term_string\"}],\"inLanguage\":\"it-IT\"},{\"@type\":\"ImageObject\",\"@id\":\"https:\/\/katialorenzon.com\/index.php\/portfolio-maskott-projet-tactileo\/#primaryimage\",\"inLanguage\":\"it-IT\",\"url\":\"http:\/\/katialorenzon.com\/wp-content\/uploads\/2016\/10\/logo-tactileo.png\",\"contentUrl\":\"http:\/\/katialorenzon.com\/wp-content\/uploads\/2016\/10\/logo-tactileo.png\"},{\"@type\":\"WebPage\",\"@id\":\"https:\/\/katialorenzon.com\/index.php\/portfolio-maskott-projet-tactileo\/#webpage\",\"url\":\"https:\/\/katialorenzon.com\/index.php\/portfolio-maskott-projet-tactileo\/\",\"name\":\"Katia Lorenzon\/portfolio\/Maskott - Projet tactileo - Katia Lorenzon\",\"isPartOf\":{\"@id\":\"https:\/\/katialorenzon.com\/#website\"},\"primaryImageOfPage\":{\"@id\":\"https:\/\/katialorenzon.com\/index.php\/portfolio-maskott-projet-tactileo\/#primaryimage\"},\"datePublished\":\"2016-10-13T22:11:52+00:00\",\"dateModified\":\"2022-01-24T07:49:19+00:00\",\"breadcrumb\":{\"@id\":\"https:\/\/katialorenzon.com\/index.php\/portfolio-maskott-projet-tactileo\/#breadcrumb\"},\"inLanguage\":\"it-IT\",\"potentialAction\":[{\"@type\":\"ReadAction\",\"target\":[\"https:\/\/katialorenzon.com\/index.php\/portfolio-maskott-projet-tactileo\/\"]}]},{\"@type\":\"BreadcrumbList\",\"@id\":\"https:\/\/katialorenzon.com\/index.php\/portfolio-maskott-projet-tactileo\/#breadcrumb\",\"itemListElement\":[{\"@type\":\"ListItem\",\"position\":1,\"name\":\"Accueil\",\"item\":\"https:\/\/katialorenzon.com\/\"},{\"@type\":\"ListItem\",\"position\":2,\"name\":\"Katia Lorenzon\/portfolio\/Maskott &#8211; Projet tactileo\"}]}]}<\/script>\n<!-- \/ Yoast SEO plugin. -->","yoast_head_json":{"title":"Katia Lorenzon\/portfolio\/Maskott - Projet tactileo - Katia Lorenzon","robots":{"index":"index","follow":"follow","max-snippet":"max-snippet:-1","max-image-preview":"max-image-preview:large","max-video-preview":"max-video-preview:-1"},"canonical":"https:\/\/katialorenzon.com\/index.php\/portfolio-maskott-projet-tactileo\/","og_locale":"it_IT","og_type":"article","og_title":"Katia Lorenzon\/portfolio\/Maskott - Projet tactileo - Katia Lorenzon","og_description":"Illustrations pour\u00a0l&#8217;histoire et les jeux de\u00a0&#8220;Les aventures fantastiques de max\u00b2&#8221;,\u00a0application didactique-ludique pour l&#8217;apprentissage des math\u00e9matiques dans les \u00e9coles. Dans le cadre du projet Tactileo (tablettes&#8230;","og_url":"https:\/\/katialorenzon.com\/index.php\/portfolio-maskott-projet-tactileo\/","og_site_name":"Katia Lorenzon","article_modified_time":"2022-01-24T07:49:19+00:00","og_image":[{"url":"http:\/\/katialorenzon.com\/wp-content\/uploads\/2016\/10\/logo-tactileo.png"}],"twitter_card":"summary","twitter_misc":{"Tempo di lettura stimato":"4 minuti"},"schema":{"@context":"https:\/\/schema.org","@graph":[{"@type":"WebSite","@id":"https:\/\/katialorenzon.com\/#website","url":"https:\/\/katialorenzon.com\/","name":"Katia Lorenzon","description":"Design graphique et illustration","potentialAction":[{"@type":"SearchAction","target":{"@type":"EntryPoint","urlTemplate":"https:\/\/katialorenzon.com\/?s={search_term_string}"},"query-input":"required name=search_term_string"}],"inLanguage":"it-IT"},{"@type":"ImageObject","@id":"https:\/\/katialorenzon.com\/index.php\/portfolio-maskott-projet-tactileo\/#primaryimage","inLanguage":"it-IT","url":"http:\/\/katialorenzon.com\/wp-content\/uploads\/2016\/10\/logo-tactileo.png","contentUrl":"http:\/\/katialorenzon.com\/wp-content\/uploads\/2016\/10\/logo-tactileo.png"},{"@type":"WebPage","@id":"https:\/\/katialorenzon.com\/index.php\/portfolio-maskott-projet-tactileo\/#webpage","url":"https:\/\/katialorenzon.com\/index.php\/portfolio-maskott-projet-tactileo\/","name":"Katia Lorenzon\/portfolio\/Maskott - Projet tactileo - Katia Lorenzon","isPartOf":{"@id":"https:\/\/katialorenzon.com\/#website"},"primaryImageOfPage":{"@id":"https:\/\/katialorenzon.com\/index.php\/portfolio-maskott-projet-tactileo\/#primaryimage"},"datePublished":"2016-10-13T22:11:52+00:00","dateModified":"2022-01-24T07:49:19+00:00","breadcrumb":{"@id":"https:\/\/katialorenzon.com\/index.php\/portfolio-maskott-projet-tactileo\/#breadcrumb"},"inLanguage":"it-IT","potentialAction":[{"@type":"ReadAction","target":["https:\/\/katialorenzon.com\/index.php\/portfolio-maskott-projet-tactileo\/"]}]},{"@type":"BreadcrumbList","@id":"https:\/\/katialorenzon.com\/index.php\/portfolio-maskott-projet-tactileo\/#breadcrumb","itemListElement":[{"@type":"ListItem","position":1,"name":"Accueil","item":"https:\/\/katialorenzon.com\/"},{"@type":"ListItem","position":2,"name":"Katia Lorenzon\/portfolio\/Maskott &#8211; Projet tactileo"}]}]}},"_links":{"self":[{"href":"https:\/\/katialorenzon.com\/index.php\/wp-json\/wp\/v2\/pages\/292"}],"collection":[{"href":"https:\/\/katialorenzon.com\/index.php\/wp-json\/wp\/v2\/pages"}],"about":[{"href":"https:\/\/katialorenzon.com\/index.php\/wp-json\/wp\/v2\/types\/page"}],"author":[{"embeddable":true,"href":"https:\/\/katialorenzon.com\/index.php\/wp-json\/wp\/v2\/users\/1"}],"replies":[{"embeddable":true,"href":"https:\/\/katialorenzon.com\/index.php\/wp-json\/wp\/v2\/comments?post=292"}],"version-history":[{"count":31,"href":"https:\/\/katialorenzon.com\/index.php\/wp-json\/wp\/v2\/pages\/292\/revisions"}],"predecessor-version":[{"id":4559,"href":"https:\/\/katialorenzon.com\/index.php\/wp-json\/wp\/v2\/pages\/292\/revisions\/4559"}],"wp:attachment":[{"href":"https:\/\/katialorenzon.com\/index.php\/wp-json\/wp\/v2\/media?parent=292"}],"curies":[{"name":"wp","href":"https:\/\/api.w.org\/{rel}","templated":true}]}}