{"id":3005,"date":"2021-12-01T19:09:45","date_gmt":"2021-12-01T18:09:45","guid":{"rendered":"http:\/\/katialorenzon.com\/?page_id=3005"},"modified":"2023-01-28T22:14:08","modified_gmt":"2023-01-28T21:14:08","slug":"katia-lorenzonportfoliomumac-senso-espresso","status":"publish","type":"page","link":"https:\/\/katialorenzon.com\/index.php\/katia-lorenzonportfoliomumac-senso-espresso\/","title":{"rendered":"Katia Lorenzon\/portfolio\/SENSO ESPRESSO &#8211; Mumac"},"content":{"rendered":"<p><strong>U<\/strong>ne ode au caf\u00e9.<br \/>\nLe\u00a0<strong><span class=\"s3\"><a href=\"https:\/\/www.mumac.it\/\"><span class=\"s5\">MUMAC<\/span><\/a> <\/span><\/strong>&#8211; Mus\u00e9e de la machine \u00e0 caf\u00e9 du Groupe Cimbali &#8211; a publi\u00e9 r\u00e9cemment un beau livre sur le th\u00e8me : le caf\u00e9 comme exp\u00e9rience sensorielle et sensuelle, symbole fort de socialit\u00e9, parenth\u00e8se de plaisir.<br \/>\nSa l\u00e9gendaire d\u00e9clinaison \u00ab ESPRESSO \u00bb est un concentr\u00e9 de l\u2019<em>Italian Way of Life<\/em> et marque une trace ind\u00e9l\u00e9bile de la cr\u00e9ativit\u00e9 italienne &#8211; le brevet de la machine diffus\u00e9 dans le bistrots du monde entier.<br \/>\nChapitres : Ar\u00f4me, Son, Vue, Toucher, Go\u00fbt, Sens. Les pages d\u00e9filent de mani\u00e8re fluide sur des textes aux accents po\u00e9tiques, des reconstitutions historiques, des citations d\u2019auteur et des images qui donnent de l\u2019\u00e9motion.<\/p>\n<p>Sensible aux histoires bien racont\u00e9es et au th\u00e8me lui-m\u00eame &#8211; je suis une amatrice du caf\u00e9 espresso &#8211; mon \u0153uvre r\u00e9cente a \u00e9t\u00e9 ins\u00e9r\u00e9 dans la publication pour raconter le sixi\u00e8me sens, l\u2019intuition.<br \/>\nUn vif remerciement \u00e0 Edgardo Ferrero, un des principaux curateurs du projet et des contenus. Un merci de c\u0153ur \u00e0 Barbara Foglia, manager du MUMAC, gr\u00e2ce \u00e0 laquelle <strong><span class=\"s3\"><a href=\"https:\/\/www.mumac.it\/event\/senso-espresso-coffee-style-emotions\/\"><span class=\"s5\">SENSO ESPRESSO Coffee. Style. Emotions<\/span><\/a><\/span><\/strong>\u00a0a pu se concr\u00e9tiser.<\/p>\n<p>Imprim\u00e9 par\u00a0<span class=\"s3\"><a href=\"https:\/\/www.graficheantiga.it\/fr\/\"><span class=\"s5\">Grafiche Antiga<\/span><\/a><\/span>. &#8211;\u00a0<span class=\"s3\"><a href=\"https:\/\/www.antigaedizioni.it\/prodotto-it\/senso-espresso_coffee-style-emotions\/\"><span class=\"s5\">Antiga Edizioni<\/span><\/a> <\/span> \u00e9diteur. <em>Milan\/Crocetta del Montello, 2021.<\/em><\/p>\n<p><img decoding=\"async\" loading=\"lazy\" class=\"aligncenter size-full wp-image-3045\" src=\"https:\/\/katialorenzon.com\/wp-content\/uploads\/2021\/12\/musee-mumac-logo.png\" alt=\"\" width=\"1014\" height=\"418\" srcset=\"https:\/\/katialorenzon.com\/wp-content\/uploads\/2021\/12\/musee-mumac-logo.png 1014w, https:\/\/katialorenzon.com\/wp-content\/uploads\/2021\/12\/musee-mumac-logo-300x124.png 300w, https:\/\/katialorenzon.com\/wp-content\/uploads\/2021\/12\/musee-mumac-logo-768x317.png 768w\" sizes=\"(max-width: 1014px) 100vw, 1014px\" \/><\/p>\n<p><img decoding=\"async\" loading=\"lazy\" class=\"aligncenter size-full wp-image-3035\" src=\"https:\/\/katialorenzon.com\/wp-content\/uploads\/2021\/12\/mumac-musee-exterieur.jpg\" alt=\"\" width=\"1014\" height=\"641\" srcset=\"https:\/\/katialorenzon.com\/wp-content\/uploads\/2021\/12\/mumac-musee-exterieur.jpg 1014w, https:\/\/katialorenzon.com\/wp-content\/uploads\/2021\/12\/mumac-musee-exterieur-300x190.jpg 300w, https:\/\/katialorenzon.com\/wp-content\/uploads\/2021\/12\/mumac-musee-exterieur-768x485.jpg 768w\" sizes=\"(max-width: 1014px) 100vw, 1014px\" \/><img decoding=\"async\" loading=\"lazy\" class=\"aligncenter size-full wp-image-3036\" src=\"https:\/\/katialorenzon.com\/wp-content\/uploads\/2021\/12\/senso-espresso-couverture-livre.jpg\" alt=\"\" width=\"1014\" height=\"812\" srcset=\"https:\/\/katialorenzon.com\/wp-content\/uploads\/2021\/12\/senso-espresso-couverture-livre.jpg 1014w, https:\/\/katialorenzon.com\/wp-content\/uploads\/2021\/12\/senso-espresso-couverture-livre-300x240.jpg 300w, https:\/\/katialorenzon.com\/wp-content\/uploads\/2021\/12\/senso-espresso-couverture-livre-768x615.jpg 768w\" sizes=\"(max-width: 1014px) 100vw, 1014px\" \/><img decoding=\"async\" loading=\"lazy\" class=\"aligncenter size-full wp-image-3037\" src=\"https:\/\/katialorenzon.com\/wp-content\/uploads\/2021\/12\/senso-espresso-livre-interieur-katia-lorenzon.jpg\" alt=\"\" width=\"1014\" height=\"1012\" srcset=\"https:\/\/katialorenzon.com\/wp-content\/uploads\/2021\/12\/senso-espresso-livre-interieur-katia-lorenzon.jpg 1014w, https:\/\/katialorenzon.com\/wp-content\/uploads\/2021\/12\/senso-espresso-livre-interieur-katia-lorenzon-150x150.jpg 150w, https:\/\/katialorenzon.com\/wp-content\/uploads\/2021\/12\/senso-espresso-livre-interieur-katia-lorenzon-300x300.jpg 300w, https:\/\/katialorenzon.com\/wp-content\/uploads\/2021\/12\/senso-espresso-livre-interieur-katia-lorenzon-768x766.jpg 768w\" sizes=\"(max-width: 1014px) 100vw, 1014px\" \/><img decoding=\"async\" loading=\"lazy\" class=\"aligncenter size-full wp-image-3038\" src=\"https:\/\/katialorenzon.com\/wp-content\/uploads\/2021\/12\/senso-espresso-presentation-milan.jpg\" alt=\"\" width=\"1014\" height=\"780\" srcset=\"https:\/\/katialorenzon.com\/wp-content\/uploads\/2021\/12\/senso-espresso-presentation-milan.jpg 1014w, https:\/\/katialorenzon.com\/wp-content\/uploads\/2021\/12\/senso-espresso-presentation-milan-300x231.jpg 300w, https:\/\/katialorenzon.com\/wp-content\/uploads\/2021\/12\/senso-espresso-presentation-milan-768x591.jpg 768w\" sizes=\"(max-width: 1014px) 100vw, 1014px\" \/><img decoding=\"async\" loading=\"lazy\" class=\"aligncenter size-full wp-image-3039\" src=\"https:\/\/katialorenzon.com\/wp-content\/uploads\/2021\/12\/livre-senso-espresso-katia-lorenzon.png\" alt=\"\" width=\"1014\" height=\"718\" srcset=\"https:\/\/katialorenzon.com\/wp-content\/uploads\/2021\/12\/livre-senso-espresso-katia-lorenzon.png 1014w, https:\/\/katialorenzon.com\/wp-content\/uploads\/2021\/12\/livre-senso-espresso-katia-lorenzon-300x212.png 300w, https:\/\/katialorenzon.com\/wp-content\/uploads\/2021\/12\/livre-senso-espresso-katia-lorenzon-768x544.png 768w\" sizes=\"(max-width: 1014px) 100vw, 1014px\" \/><img decoding=\"async\" loading=\"lazy\" class=\"aligncenter size-full wp-image-3040\" src=\"https:\/\/katialorenzon.com\/wp-content\/uploads\/2021\/12\/senso-espresso-presentation-1.jpg\" alt=\"\" width=\"1014\" height=\"512\" srcset=\"https:\/\/katialorenzon.com\/wp-content\/uploads\/2021\/12\/senso-espresso-presentation-1.jpg 1014w, https:\/\/katialorenzon.com\/wp-content\/uploads\/2021\/12\/senso-espresso-presentation-1-300x151.jpg 300w, https:\/\/katialorenzon.com\/wp-content\/uploads\/2021\/12\/senso-espresso-presentation-1-768x388.jpg 768w\" sizes=\"(max-width: 1014px) 100vw, 1014px\" \/><img decoding=\"async\" loading=\"lazy\" class=\"aligncenter size-full wp-image-3041\" src=\"https:\/\/katialorenzon.com\/wp-content\/uploads\/2021\/12\/senso-espresso-presentation-2.jpg\" alt=\"\" width=\"1014\" height=\"512\" srcset=\"https:\/\/katialorenzon.com\/wp-content\/uploads\/2021\/12\/senso-espresso-presentation-2.jpg 1014w, https:\/\/katialorenzon.com\/wp-content\/uploads\/2021\/12\/senso-espresso-presentation-2-300x151.jpg 300w, https:\/\/katialorenzon.com\/wp-content\/uploads\/2021\/12\/senso-espresso-presentation-2-768x388.jpg 768w\" sizes=\"(max-width: 1014px) 100vw, 1014px\" \/><img decoding=\"async\" loading=\"lazy\" class=\"aligncenter size-full wp-image-3042\" src=\"https:\/\/katialorenzon.com\/wp-content\/uploads\/2021\/12\/cafe-espresso-et-dessin-technique.png\" alt=\"\" width=\"1014\" height=\"512\" srcset=\"https:\/\/katialorenzon.com\/wp-content\/uploads\/2021\/12\/cafe-espresso-et-dessin-technique.png 1014w, https:\/\/katialorenzon.com\/wp-content\/uploads\/2021\/12\/cafe-espresso-et-dessin-technique-300x151.png 300w, https:\/\/katialorenzon.com\/wp-content\/uploads\/2021\/12\/cafe-espresso-et-dessin-technique-768x388.png 768w\" sizes=\"(max-width: 1014px) 100vw, 1014px\" \/><img decoding=\"async\" loading=\"lazy\" class=\"aligncenter size-full wp-image-3080\" src=\"https:\/\/katialorenzon.com\/wp-content\/uploads\/2021\/12\/mumac-musee-entree-soir.jpg\" alt=\"\" width=\"1014\" height=\"529\" srcset=\"https:\/\/katialorenzon.com\/wp-content\/uploads\/2021\/12\/mumac-musee-entree-soir.jpg 1014w, https:\/\/katialorenzon.com\/wp-content\/uploads\/2021\/12\/mumac-musee-entree-soir-300x157.jpg 300w, https:\/\/katialorenzon.com\/wp-content\/uploads\/2021\/12\/mumac-musee-entree-soir-768x401.jpg 768w\" sizes=\"(max-width: 1014px) 100vw, 1014px\" \/><img decoding=\"async\" loading=\"lazy\" class=\"aligncenter size-full wp-image-3084\" src=\"https:\/\/katialorenzon.com\/wp-content\/uploads\/2021\/12\/cimbali_faema_mumac_logos.jpg\" alt=\"\" width=\"1014\" height=\"212\" srcset=\"https:\/\/katialorenzon.com\/wp-content\/uploads\/2021\/12\/cimbali_faema_mumac_logos.jpg 1014w, https:\/\/katialorenzon.com\/wp-content\/uploads\/2021\/12\/cimbali_faema_mumac_logos-300x63.jpg 300w, https:\/\/katialorenzon.com\/wp-content\/uploads\/2021\/12\/cimbali_faema_mumac_logos-768x161.jpg 768w\" sizes=\"(max-width: 1014px) 100vw, 1014px\" \/><\/p>\n","protected":false},"excerpt":{"rendered":"<p>Une ode au caf\u00e9. Le\u00a0MUMAC &#8211; Mus\u00e9e de la machine \u00e0 caf\u00e9 du Groupe Cimbali &#8211; a publi\u00e9 r\u00e9cemment un beau livre sur le th\u00e8me&#8230;<\/p>\n<div class=\"more-link-wrapper\"><a class=\"more-link\" href=\"https:\/\/katialorenzon.com\/index.php\/katia-lorenzonportfoliomumac-senso-espresso\/\">zoom<span class=\"screen-reader-text\">Katia Lorenzon\/portfolio\/SENSO ESPRESSO &#8211; Mumac<\/span><\/a><\/div>\n","protected":false},"author":1,"featured_media":0,"parent":0,"menu_order":0,"comment_status":"closed","ping_status":"closed","template":"","meta":{"footnotes":""},"yoast_head":"<!-- This site is optimized with the Yoast SEO plugin v17.7.1 - https:\/\/yoast.com\/wordpress\/plugins\/seo\/ -->\n<title>Katia Lorenzon\/portfolio\/SENSO ESPRESSO - Mumac - Katia Lorenzon<\/title>\n<meta name=\"robots\" content=\"index, follow, max-snippet:-1, max-image-preview:large, max-video-preview:-1\" \/>\n<link rel=\"canonical\" href=\"https:\/\/katialorenzon.com\/index.php\/katia-lorenzonportfoliomumac-senso-espresso\/\" \/>\n<meta property=\"og:locale\" content=\"it_IT\" \/>\n<meta property=\"og:type\" content=\"article\" \/>\n<meta property=\"og:title\" content=\"Katia Lorenzon\/portfolio\/SENSO ESPRESSO - Mumac - Katia Lorenzon\" \/>\n<meta property=\"og:description\" content=\"Une ode au caf\u00e9. Le\u00a0MUMAC &#8211; Mus\u00e9e de la machine \u00e0 caf\u00e9 du Groupe Cimbali &#8211; a publi\u00e9 r\u00e9cemment un beau livre sur le th\u00e8me&#8230;\" \/>\n<meta property=\"og:url\" content=\"https:\/\/katialorenzon.com\/index.php\/katia-lorenzonportfoliomumac-senso-espresso\/\" \/>\n<meta property=\"og:site_name\" content=\"Katia Lorenzon\" \/>\n<meta property=\"article:modified_time\" content=\"2023-01-28T21:14:08+00:00\" \/>\n<meta property=\"og:image\" content=\"http:\/\/katialorenzon.com\/wp-content\/uploads\/2021\/12\/musee-mumac-logo.png\" \/>\n<meta name=\"twitter:card\" content=\"summary\" \/>\n<meta name=\"twitter:label1\" content=\"Tempo di lettura stimato\" \/>\n\t<meta name=\"twitter:data1\" content=\"4 minuti\" \/>\n<script type=\"application\/ld+json\" class=\"yoast-schema-graph\">{\"@context\":\"https:\/\/schema.org\",\"@graph\":[{\"@type\":\"WebSite\",\"@id\":\"https:\/\/katialorenzon.com\/#website\",\"url\":\"https:\/\/katialorenzon.com\/\",\"name\":\"Katia Lorenzon\",\"description\":\"Design graphique et illustration\",\"potentialAction\":[{\"@type\":\"SearchAction\",\"target\":{\"@type\":\"EntryPoint\",\"urlTemplate\":\"https:\/\/katialorenzon.com\/?s={search_term_string}\"},\"query-input\":\"required name=search_term_string\"}],\"inLanguage\":\"it-IT\"},{\"@type\":\"ImageObject\",\"@id\":\"https:\/\/katialorenzon.com\/index.php\/katia-lorenzonportfoliomumac-senso-espresso\/#primaryimage\",\"inLanguage\":\"it-IT\",\"url\":\"http:\/\/katialorenzon.com\/wp-content\/uploads\/2021\/12\/musee-mumac-logo.png\",\"contentUrl\":\"http:\/\/katialorenzon.com\/wp-content\/uploads\/2021\/12\/musee-mumac-logo.png\"},{\"@type\":\"WebPage\",\"@id\":\"https:\/\/katialorenzon.com\/index.php\/katia-lorenzonportfoliomumac-senso-espresso\/#webpage\",\"url\":\"https:\/\/katialorenzon.com\/index.php\/katia-lorenzonportfoliomumac-senso-espresso\/\",\"name\":\"Katia Lorenzon\/portfolio\/SENSO ESPRESSO - Mumac - Katia Lorenzon\",\"isPartOf\":{\"@id\":\"https:\/\/katialorenzon.com\/#website\"},\"primaryImageOfPage\":{\"@id\":\"https:\/\/katialorenzon.com\/index.php\/katia-lorenzonportfoliomumac-senso-espresso\/#primaryimage\"},\"datePublished\":\"2021-12-01T18:09:45+00:00\",\"dateModified\":\"2023-01-28T21:14:08+00:00\",\"breadcrumb\":{\"@id\":\"https:\/\/katialorenzon.com\/index.php\/katia-lorenzonportfoliomumac-senso-espresso\/#breadcrumb\"},\"inLanguage\":\"it-IT\",\"potentialAction\":[{\"@type\":\"ReadAction\",\"target\":[\"https:\/\/katialorenzon.com\/index.php\/katia-lorenzonportfoliomumac-senso-espresso\/\"]}]},{\"@type\":\"BreadcrumbList\",\"@id\":\"https:\/\/katialorenzon.com\/index.php\/katia-lorenzonportfoliomumac-senso-espresso\/#breadcrumb\",\"itemListElement\":[{\"@type\":\"ListItem\",\"position\":1,\"name\":\"Accueil\",\"item\":\"https:\/\/katialorenzon.com\/\"},{\"@type\":\"ListItem\",\"position\":2,\"name\":\"Katia Lorenzon\/portfolio\/SENSO ESPRESSO &#8211; Mumac\"}]}]}<\/script>\n<!-- \/ Yoast SEO plugin. -->","yoast_head_json":{"title":"Katia Lorenzon\/portfolio\/SENSO ESPRESSO - Mumac - Katia Lorenzon","robots":{"index":"index","follow":"follow","max-snippet":"max-snippet:-1","max-image-preview":"max-image-preview:large","max-video-preview":"max-video-preview:-1"},"canonical":"https:\/\/katialorenzon.com\/index.php\/katia-lorenzonportfoliomumac-senso-espresso\/","og_locale":"it_IT","og_type":"article","og_title":"Katia Lorenzon\/portfolio\/SENSO ESPRESSO - Mumac - Katia Lorenzon","og_description":"Une ode au caf\u00e9. Le\u00a0MUMAC &#8211; Mus\u00e9e de la machine \u00e0 caf\u00e9 du Groupe Cimbali &#8211; a publi\u00e9 r\u00e9cemment un beau livre sur le th\u00e8me&#8230;","og_url":"https:\/\/katialorenzon.com\/index.php\/katia-lorenzonportfoliomumac-senso-espresso\/","og_site_name":"Katia Lorenzon","article_modified_time":"2023-01-28T21:14:08+00:00","og_image":[{"url":"http:\/\/katialorenzon.com\/wp-content\/uploads\/2021\/12\/musee-mumac-logo.png"}],"twitter_card":"summary","twitter_misc":{"Tempo di lettura stimato":"4 minuti"},"schema":{"@context":"https:\/\/schema.org","@graph":[{"@type":"WebSite","@id":"https:\/\/katialorenzon.com\/#website","url":"https:\/\/katialorenzon.com\/","name":"Katia Lorenzon","description":"Design graphique et illustration","potentialAction":[{"@type":"SearchAction","target":{"@type":"EntryPoint","urlTemplate":"https:\/\/katialorenzon.com\/?s={search_term_string}"},"query-input":"required name=search_term_string"}],"inLanguage":"it-IT"},{"@type":"ImageObject","@id":"https:\/\/katialorenzon.com\/index.php\/katia-lorenzonportfoliomumac-senso-espresso\/#primaryimage","inLanguage":"it-IT","url":"http:\/\/katialorenzon.com\/wp-content\/uploads\/2021\/12\/musee-mumac-logo.png","contentUrl":"http:\/\/katialorenzon.com\/wp-content\/uploads\/2021\/12\/musee-mumac-logo.png"},{"@type":"WebPage","@id":"https:\/\/katialorenzon.com\/index.php\/katia-lorenzonportfoliomumac-senso-espresso\/#webpage","url":"https:\/\/katialorenzon.com\/index.php\/katia-lorenzonportfoliomumac-senso-espresso\/","name":"Katia Lorenzon\/portfolio\/SENSO ESPRESSO - Mumac - Katia Lorenzon","isPartOf":{"@id":"https:\/\/katialorenzon.com\/#website"},"primaryImageOfPage":{"@id":"https:\/\/katialorenzon.com\/index.php\/katia-lorenzonportfoliomumac-senso-espresso\/#primaryimage"},"datePublished":"2021-12-01T18:09:45+00:00","dateModified":"2023-01-28T21:14:08+00:00","breadcrumb":{"@id":"https:\/\/katialorenzon.com\/index.php\/katia-lorenzonportfoliomumac-senso-espresso\/#breadcrumb"},"inLanguage":"it-IT","potentialAction":[{"@type":"ReadAction","target":["https:\/\/katialorenzon.com\/index.php\/katia-lorenzonportfoliomumac-senso-espresso\/"]}]},{"@type":"BreadcrumbList","@id":"https:\/\/katialorenzon.com\/index.php\/katia-lorenzonportfoliomumac-senso-espresso\/#breadcrumb","itemListElement":[{"@type":"ListItem","position":1,"name":"Accueil","item":"https:\/\/katialorenzon.com\/"},{"@type":"ListItem","position":2,"name":"Katia Lorenzon\/portfolio\/SENSO ESPRESSO &#8211; Mumac"}]}]}},"_links":{"self":[{"href":"https:\/\/katialorenzon.com\/index.php\/wp-json\/wp\/v2\/pages\/3005"}],"collection":[{"href":"https:\/\/katialorenzon.com\/index.php\/wp-json\/wp\/v2\/pages"}],"about":[{"href":"https:\/\/katialorenzon.com\/index.php\/wp-json\/wp\/v2\/types\/page"}],"author":[{"embeddable":true,"href":"https:\/\/katialorenzon.com\/index.php\/wp-json\/wp\/v2\/users\/1"}],"replies":[{"embeddable":true,"href":"https:\/\/katialorenzon.com\/index.php\/wp-json\/wp\/v2\/comments?post=3005"}],"version-history":[{"count":39,"href":"https:\/\/katialorenzon.com\/index.php\/wp-json\/wp\/v2\/pages\/3005\/revisions"}],"predecessor-version":[{"id":4759,"href":"https:\/\/katialorenzon.com\/index.php\/wp-json\/wp\/v2\/pages\/3005\/revisions\/4759"}],"wp:attachment":[{"href":"https:\/\/katialorenzon.com\/index.php\/wp-json\/wp\/v2\/media?parent=3005"}],"curies":[{"name":"wp","href":"https:\/\/api.w.org\/{rel}","templated":true}]}}