{"id":3124,"date":"2021-12-08T12:45:23","date_gmt":"2021-12-08T11:45:23","guid":{"rendered":"http:\/\/katialorenzon.com\/?page_id=3124"},"modified":"2022-01-24T08:52:11","modified_gmt":"2022-01-24T07:52:11","slug":"katia-lorenzon-portfolio-mirabilia-libris-2021","status":"publish","type":"page","link":"https:\/\/katialorenzon.com\/index.php\/katia-lorenzon-portfolio-mirabilia-libris-2021\/","title":{"rendered":"Katia Lorenzon\/portfolio\/Mirabilia  Libris 2021"},"content":{"rendered":"\n<p><strong>S<\/strong>uite \u00e0 une ann\u00e9e tr\u00e8s tourment\u00e9e, l\u2019\u00e9v\u00e9nement d\u00e9di\u00e9 au livre-objet\u00a0<strong>Mirabilia Libris\u00a0<\/strong>s&#8217;est enfin d\u00e9roul\u00e9 dans\u00a0<em>Liber L\u2019Aquila<\/em>, qui a lieu traditionnellement au Palazzo dell\u2019Emiciclo.<br>J&#8217;ai eu le plaisir de recevoir <meta charset=\"utf-8\">la mention d&#8217;honneur pour mon \u0153uvre<em>,\u00a0<\/em>un vif remerciement \u00e0 Gianni Zauli et Enrico Cristofaro.\u00a0<em>L\u2019Aquila, Italie, 2021<\/em><\/p>\n\n\n<p><!-- \/wp:paragraph --><\/p>\n<p><!-- wp:paragraph --><\/p>\n<p>&#8211;<\/p>\n<p><!-- \/wp:paragraph --><\/p>\n<p><!-- wp:paragraph --><\/p>\n<p><em>Ha avuto luogo finalmente, dopo un anno molto travagliato, l&#8217;evento dedicato al libro-oggetto <strong>Mirabilia Libris<\/strong>, all&#8217;interno di <\/em>Liber L&#8217;Aquila, che ha luogo tradizionalmente al Palazzo dell&#8217;Emiciclo.<br><em>Una mia opera ha ricevuto la menzione d&#8217;onore, un vivo grazie a Gianni Zauli ed a Enrico Cristofaro. <\/em>L&#8217;Aquila, Italia, 2021.<\/p>\n<figure class=\"wp-block-image size-full is-resized\"><img decoding=\"async\" loading=\"lazy\" class=\"wp-image-3093\" src=\"https:\/\/katialorenzon.com\/wp-content\/uploads\/2021\/12\/panneaux-expo-mirabilia-libris-2021.jpg\" alt=\"\" width=\"1000\" height=\"650\" srcset=\"https:\/\/katialorenzon.com\/wp-content\/uploads\/2021\/12\/panneaux-expo-mirabilia-libris-2021.jpg 1000w, https:\/\/katialorenzon.com\/wp-content\/uploads\/2021\/12\/panneaux-expo-mirabilia-libris-2021-300x195.jpg 300w, https:\/\/katialorenzon.com\/wp-content\/uploads\/2021\/12\/panneaux-expo-mirabilia-libris-2021-768x499.jpg 768w\" sizes=\"(max-width: 1000px) 100vw, 1000px\" \/><\/figure>\n<p><!-- \/wp:image --><\/p>\n<p><!-- wp:paragraph --><\/p>\n<p><!-- \/wp:paragraph --><\/p>\n<p><!-- wp:image {\"id\":3094,\"width\":1001,\"height\":751,\"sizeSlug\":\"full\",\"linkDestination\":\"none\"} --><\/p>\n<figure class=\"wp-block-image size-full is-resized\"><img decoding=\"async\" loading=\"lazy\" class=\"wp-image-3094\" src=\"https:\/\/katialorenzon.com\/wp-content\/uploads\/2021\/12\/mirabilia-libris-livre-objet-katia-lorenzon.jpg\" alt=\"\" width=\"1001\" height=\"751\" srcset=\"https:\/\/katialorenzon.com\/wp-content\/uploads\/2021\/12\/mirabilia-libris-livre-objet-katia-lorenzon.jpg 1000w, https:\/\/katialorenzon.com\/wp-content\/uploads\/2021\/12\/mirabilia-libris-livre-objet-katia-lorenzon-300x225.jpg 300w, https:\/\/katialorenzon.com\/wp-content\/uploads\/2021\/12\/mirabilia-libris-livre-objet-katia-lorenzon-768x576.jpg 768w\" sizes=\"(max-width: 1001px) 100vw, 1001px\" \/><\/figure>\n<p><!-- \/wp:image --><\/p>\n<p><!-- wp:paragraph --><\/p>\n<p><!-- \/wp:paragraph --><\/p>\n<p><!-- wp:image {\"id\":3095,\"width\":1000,\"height\":1000,\"sizeSlug\":\"full\",\"linkDestination\":\"none\"} --><\/p>\n<figure class=\"wp-block-image size-full is-resized\"><img decoding=\"async\" loading=\"lazy\" class=\"wp-image-3095\" src=\"https:\/\/katialorenzon.com\/wp-content\/uploads\/2021\/12\/palazzo-dell-emiciclo-aquila.jpg\" alt=\"\" width=\"1000\" height=\"1000\" srcset=\"https:\/\/katialorenzon.com\/wp-content\/uploads\/2021\/12\/palazzo-dell-emiciclo-aquila.jpg 1000w, https:\/\/katialorenzon.com\/wp-content\/uploads\/2021\/12\/palazzo-dell-emiciclo-aquila-300x300.jpg 300w, https:\/\/katialorenzon.com\/wp-content\/uploads\/2021\/12\/palazzo-dell-emiciclo-aquila-150x150.jpg 150w, https:\/\/katialorenzon.com\/wp-content\/uploads\/2021\/12\/palazzo-dell-emiciclo-aquila-768x768.jpg 768w\" sizes=\"(max-width: 1000px) 100vw, 1000px\" \/><\/figure>\n<p><!-- \/wp:image --><\/p>\n<p><!-- wp:paragraph --><\/p>\n<p><!-- \/wp:paragraph --><\/p>\n<p><!-- wp:image {\"id\":3096,\"width\":1000,\"height\":650,\"sizeSlug\":\"full\",\"linkDestination\":\"none\"} --><\/p>\n<figure class=\"wp-block-image size-full is-resized\"><img decoding=\"async\" loading=\"lazy\" class=\"wp-image-3096\" src=\"https:\/\/katialorenzon.com\/wp-content\/uploads\/2021\/12\/palazzo-emiciclo-int.jpg\" alt=\"\" width=\"1000\" height=\"650\" srcset=\"https:\/\/katialorenzon.com\/wp-content\/uploads\/2021\/12\/palazzo-emiciclo-int.jpg 1000w, https:\/\/katialorenzon.com\/wp-content\/uploads\/2021\/12\/palazzo-emiciclo-int-300x195.jpg 300w, https:\/\/katialorenzon.com\/wp-content\/uploads\/2021\/12\/palazzo-emiciclo-int-768x499.jpg 768w\" sizes=\"(max-width: 1000px) 100vw, 1000px\" \/><\/figure>\n<p><!-- \/wp:image --><\/p>\n<p><!-- wp:paragraph --><\/p>\n<p><!-- \/wp:paragraph --><\/p>\n<p><!-- wp:image {\"id\":3097,\"width\":1000,\"height\":1000,\"sizeSlug\":\"full\",\"linkDestination\":\"none\"} --><\/p>\n<figure class=\"wp-block-image size-full is-resized\"><img decoding=\"async\" loading=\"lazy\" class=\"wp-image-3097\" src=\"https:\/\/katialorenzon.com\/wp-content\/uploads\/2021\/12\/mirabilia-libris-katia-lorenzon.jpg\" alt=\"\" width=\"1000\" height=\"1000\" srcset=\"https:\/\/katialorenzon.com\/wp-content\/uploads\/2021\/12\/mirabilia-libris-katia-lorenzon.jpg 1000w, https:\/\/katialorenzon.com\/wp-content\/uploads\/2021\/12\/mirabilia-libris-katia-lorenzon-300x300.jpg 300w, https:\/\/katialorenzon.com\/wp-content\/uploads\/2021\/12\/mirabilia-libris-katia-lorenzon-150x150.jpg 150w, https:\/\/katialorenzon.com\/wp-content\/uploads\/2021\/12\/mirabilia-libris-katia-lorenzon-768x768.jpg 768w\" sizes=\"(max-width: 1000px) 100vw, 1000px\" \/><\/figure>\n<p><!-- \/wp:image --><\/p>\n<p><!-- wp:paragraph --><\/p>\n<p><!-- \/wp:paragraph --><\/p>\n<p><!-- wp:image {\"id\":3098,\"width\":1000,\"height\":250,\"sizeSlug\":\"full\",\"linkDestination\":\"none\"} --><\/p>\n<figure class=\"wp-block-image size-full is-resized\"><img decoding=\"async\" loading=\"lazy\" class=\"wp-image-3098\" src=\"https:\/\/katialorenzon.com\/wp-content\/uploads\/2021\/12\/libris-in-fabula-logo.jpg\" alt=\"\" width=\"1000\" height=\"250\" srcset=\"https:\/\/katialorenzon.com\/wp-content\/uploads\/2021\/12\/libris-in-fabula-logo.jpg 1000w, https:\/\/katialorenzon.com\/wp-content\/uploads\/2021\/12\/libris-in-fabula-logo-300x75.jpg 300w, https:\/\/katialorenzon.com\/wp-content\/uploads\/2021\/12\/libris-in-fabula-logo-768x192.jpg 768w\" sizes=\"(max-width: 1000px) 100vw, 1000px\" \/><\/figure>\n<p><!-- \/wp:image --><\/p>","protected":false},"excerpt":{"rendered":"<p>Suite \u00e0 une ann\u00e9e tr\u00e8s tourment\u00e9e, l\u2019\u00e9v\u00e9nement d\u00e9di\u00e9 au livre-objet\u00a0Mirabilia Libris\u00a0s&#8217;est enfin d\u00e9roul\u00e9 dans\u00a0Liber L\u2019Aquila, qui a lieu traditionnellement au Palazzo dell\u2019Emiciclo.J&#8217;ai eu le plaisir&#8230;<\/p>\n<div class=\"more-link-wrapper\"><a class=\"more-link\" href=\"https:\/\/katialorenzon.com\/index.php\/katia-lorenzon-portfolio-mirabilia-libris-2021\/\">zoom<span class=\"screen-reader-text\">Katia Lorenzon\/portfolio\/Mirabilia  Libris 2021<\/span><\/a><\/div>\n","protected":false},"author":1,"featured_media":0,"parent":0,"menu_order":0,"comment_status":"closed","ping_status":"closed","template":"","meta":{"footnotes":""},"yoast_head":"<!-- This site is optimized with the Yoast SEO plugin v17.7.1 - https:\/\/yoast.com\/wordpress\/plugins\/seo\/ -->\n<title>Katia Lorenzon\/portfolio\/Mirabilia Libris 2021 - Katia Lorenzon<\/title>\n<meta name=\"robots\" content=\"index, follow, max-snippet:-1, max-image-preview:large, max-video-preview:-1\" \/>\n<link rel=\"canonical\" href=\"https:\/\/katialorenzon.com\/index.php\/katia-lorenzon-portfolio-mirabilia-libris-2021\/\" \/>\n<meta property=\"og:locale\" content=\"it_IT\" \/>\n<meta property=\"og:type\" content=\"article\" \/>\n<meta property=\"og:title\" content=\"Katia Lorenzon\/portfolio\/Mirabilia Libris 2021 - Katia Lorenzon\" \/>\n<meta property=\"og:description\" content=\"Suite \u00e0 une ann\u00e9e tr\u00e8s tourment\u00e9e, l\u2019\u00e9v\u00e9nement d\u00e9di\u00e9 au livre-objet\u00a0Mirabilia Libris\u00a0s&#8217;est enfin d\u00e9roul\u00e9 dans\u00a0Liber L\u2019Aquila, qui a lieu traditionnellement au Palazzo dell\u2019Emiciclo.J&#8217;ai eu le plaisir&#8230;\" \/>\n<meta property=\"og:url\" content=\"https:\/\/katialorenzon.com\/index.php\/katia-lorenzon-portfolio-mirabilia-libris-2021\/\" \/>\n<meta property=\"og:site_name\" content=\"Katia Lorenzon\" \/>\n<meta property=\"article:modified_time\" content=\"2022-01-24T07:52:11+00:00\" \/>\n<meta property=\"og:image\" content=\"http:\/\/katialorenzon.com\/wp-content\/uploads\/2021\/12\/panneaux-expo-mirabilia-libris-2021.jpg\" \/>\n<meta name=\"twitter:card\" content=\"summary\" \/>\n<meta name=\"twitter:label1\" content=\"Tempo di lettura stimato\" \/>\n\t<meta name=\"twitter:data1\" content=\"2 minuti\" \/>\n<script type=\"application\/ld+json\" class=\"yoast-schema-graph\">{\"@context\":\"https:\/\/schema.org\",\"@graph\":[{\"@type\":\"WebSite\",\"@id\":\"https:\/\/katialorenzon.com\/#website\",\"url\":\"https:\/\/katialorenzon.com\/\",\"name\":\"Katia Lorenzon\",\"description\":\"Design graphique et illustration\",\"potentialAction\":[{\"@type\":\"SearchAction\",\"target\":{\"@type\":\"EntryPoint\",\"urlTemplate\":\"https:\/\/katialorenzon.com\/?s={search_term_string}\"},\"query-input\":\"required name=search_term_string\"}],\"inLanguage\":\"it-IT\"},{\"@type\":\"ImageObject\",\"@id\":\"https:\/\/katialorenzon.com\/index.php\/katia-lorenzon-portfolio-mirabilia-libris-2021\/#primaryimage\",\"inLanguage\":\"it-IT\",\"url\":\"http:\/\/katialorenzon.com\/wp-content\/uploads\/2021\/12\/panneaux-expo-mirabilia-libris-2021.jpg\",\"contentUrl\":\"http:\/\/katialorenzon.com\/wp-content\/uploads\/2021\/12\/panneaux-expo-mirabilia-libris-2021.jpg\"},{\"@type\":\"WebPage\",\"@id\":\"https:\/\/katialorenzon.com\/index.php\/katia-lorenzon-portfolio-mirabilia-libris-2021\/#webpage\",\"url\":\"https:\/\/katialorenzon.com\/index.php\/katia-lorenzon-portfolio-mirabilia-libris-2021\/\",\"name\":\"Katia Lorenzon\/portfolio\/Mirabilia Libris 2021 - Katia Lorenzon\",\"isPartOf\":{\"@id\":\"https:\/\/katialorenzon.com\/#website\"},\"primaryImageOfPage\":{\"@id\":\"https:\/\/katialorenzon.com\/index.php\/katia-lorenzon-portfolio-mirabilia-libris-2021\/#primaryimage\"},\"datePublished\":\"2021-12-08T11:45:23+00:00\",\"dateModified\":\"2022-01-24T07:52:11+00:00\",\"breadcrumb\":{\"@id\":\"https:\/\/katialorenzon.com\/index.php\/katia-lorenzon-portfolio-mirabilia-libris-2021\/#breadcrumb\"},\"inLanguage\":\"it-IT\",\"potentialAction\":[{\"@type\":\"ReadAction\",\"target\":[\"https:\/\/katialorenzon.com\/index.php\/katia-lorenzon-portfolio-mirabilia-libris-2021\/\"]}]},{\"@type\":\"BreadcrumbList\",\"@id\":\"https:\/\/katialorenzon.com\/index.php\/katia-lorenzon-portfolio-mirabilia-libris-2021\/#breadcrumb\",\"itemListElement\":[{\"@type\":\"ListItem\",\"position\":1,\"name\":\"Accueil\",\"item\":\"https:\/\/katialorenzon.com\/\"},{\"@type\":\"ListItem\",\"position\":2,\"name\":\"Katia Lorenzon\/portfolio\/Mirabilia Libris 2021\"}]}]}<\/script>\n<!-- \/ Yoast SEO plugin. -->","yoast_head_json":{"title":"Katia Lorenzon\/portfolio\/Mirabilia Libris 2021 - Katia Lorenzon","robots":{"index":"index","follow":"follow","max-snippet":"max-snippet:-1","max-image-preview":"max-image-preview:large","max-video-preview":"max-video-preview:-1"},"canonical":"https:\/\/katialorenzon.com\/index.php\/katia-lorenzon-portfolio-mirabilia-libris-2021\/","og_locale":"it_IT","og_type":"article","og_title":"Katia Lorenzon\/portfolio\/Mirabilia Libris 2021 - Katia Lorenzon","og_description":"Suite \u00e0 une ann\u00e9e tr\u00e8s tourment\u00e9e, l\u2019\u00e9v\u00e9nement d\u00e9di\u00e9 au livre-objet\u00a0Mirabilia Libris\u00a0s&#8217;est enfin d\u00e9roul\u00e9 dans\u00a0Liber L\u2019Aquila, qui a lieu traditionnellement au Palazzo dell\u2019Emiciclo.J&#8217;ai eu le plaisir&#8230;","og_url":"https:\/\/katialorenzon.com\/index.php\/katia-lorenzon-portfolio-mirabilia-libris-2021\/","og_site_name":"Katia Lorenzon","article_modified_time":"2022-01-24T07:52:11+00:00","og_image":[{"url":"http:\/\/katialorenzon.com\/wp-content\/uploads\/2021\/12\/panneaux-expo-mirabilia-libris-2021.jpg"}],"twitter_card":"summary","twitter_misc":{"Tempo di lettura stimato":"2 minuti"},"schema":{"@context":"https:\/\/schema.org","@graph":[{"@type":"WebSite","@id":"https:\/\/katialorenzon.com\/#website","url":"https:\/\/katialorenzon.com\/","name":"Katia Lorenzon","description":"Design graphique et illustration","potentialAction":[{"@type":"SearchAction","target":{"@type":"EntryPoint","urlTemplate":"https:\/\/katialorenzon.com\/?s={search_term_string}"},"query-input":"required name=search_term_string"}],"inLanguage":"it-IT"},{"@type":"ImageObject","@id":"https:\/\/katialorenzon.com\/index.php\/katia-lorenzon-portfolio-mirabilia-libris-2021\/#primaryimage","inLanguage":"it-IT","url":"http:\/\/katialorenzon.com\/wp-content\/uploads\/2021\/12\/panneaux-expo-mirabilia-libris-2021.jpg","contentUrl":"http:\/\/katialorenzon.com\/wp-content\/uploads\/2021\/12\/panneaux-expo-mirabilia-libris-2021.jpg"},{"@type":"WebPage","@id":"https:\/\/katialorenzon.com\/index.php\/katia-lorenzon-portfolio-mirabilia-libris-2021\/#webpage","url":"https:\/\/katialorenzon.com\/index.php\/katia-lorenzon-portfolio-mirabilia-libris-2021\/","name":"Katia Lorenzon\/portfolio\/Mirabilia Libris 2021 - Katia Lorenzon","isPartOf":{"@id":"https:\/\/katialorenzon.com\/#website"},"primaryImageOfPage":{"@id":"https:\/\/katialorenzon.com\/index.php\/katia-lorenzon-portfolio-mirabilia-libris-2021\/#primaryimage"},"datePublished":"2021-12-08T11:45:23+00:00","dateModified":"2022-01-24T07:52:11+00:00","breadcrumb":{"@id":"https:\/\/katialorenzon.com\/index.php\/katia-lorenzon-portfolio-mirabilia-libris-2021\/#breadcrumb"},"inLanguage":"it-IT","potentialAction":[{"@type":"ReadAction","target":["https:\/\/katialorenzon.com\/index.php\/katia-lorenzon-portfolio-mirabilia-libris-2021\/"]}]},{"@type":"BreadcrumbList","@id":"https:\/\/katialorenzon.com\/index.php\/katia-lorenzon-portfolio-mirabilia-libris-2021\/#breadcrumb","itemListElement":[{"@type":"ListItem","position":1,"name":"Accueil","item":"https:\/\/katialorenzon.com\/"},{"@type":"ListItem","position":2,"name":"Katia Lorenzon\/portfolio\/Mirabilia Libris 2021"}]}]}},"_links":{"self":[{"href":"https:\/\/katialorenzon.com\/index.php\/wp-json\/wp\/v2\/pages\/3124"}],"collection":[{"href":"https:\/\/katialorenzon.com\/index.php\/wp-json\/wp\/v2\/pages"}],"about":[{"href":"https:\/\/katialorenzon.com\/index.php\/wp-json\/wp\/v2\/types\/page"}],"author":[{"embeddable":true,"href":"https:\/\/katialorenzon.com\/index.php\/wp-json\/wp\/v2\/users\/1"}],"replies":[{"embeddable":true,"href":"https:\/\/katialorenzon.com\/index.php\/wp-json\/wp\/v2\/comments?post=3124"}],"version-history":[{"count":28,"href":"https:\/\/katialorenzon.com\/index.php\/wp-json\/wp\/v2\/pages\/3124\/revisions"}],"predecessor-version":[{"id":4564,"href":"https:\/\/katialorenzon.com\/index.php\/wp-json\/wp\/v2\/pages\/3124\/revisions\/4564"}],"wp:attachment":[{"href":"https:\/\/katialorenzon.com\/index.php\/wp-json\/wp\/v2\/media?parent=3124"}],"curies":[{"name":"wp","href":"https:\/\/api.w.org\/{rel}","templated":true}]}}