{"id":3836,"date":"2022-01-01T16:25:05","date_gmt":"2022-01-01T15:25:05","guid":{"rendered":"http:\/\/katialorenzon.com\/?page_id=3836"},"modified":"2022-01-23T21:19:31","modified_gmt":"2022-01-23T20:19:31","slug":"katia-lorenzon-portfolio-lettrage","status":"publish","type":"page","link":"https:\/\/katialorenzon.com\/index.php\/katia-lorenzon-portfolio-lettrage\/","title":{"rendered":"Katia Lorenzon\/portfolio\/Lettrage."},"content":{"rendered":"\n<p><strong>C<\/strong>ommande de lettrage \u00e0 la main\u00a0pour une s\u00e9rie de cadeaux du d\u00e9but d\u2019ann\u00e9e : les deux variantes de typo sont r\u00e9alis\u00e9es au pinceau et encre de chine, ou bien en num\u00e9rique avec \u00e9cran tactile et impression en plusieurs exemplaires. Papier Fabriano Ingres, finition verg\u00e9e.\u00a0<em>Paris, 2020<\/em>.<\/p>\n\n\n\n<div class=\"wp-block-image\"><figure class=\"aligncenter size-full\"><img decoding=\"async\" loading=\"lazy\" width=\"1000\" height=\"800\" src=\"https:\/\/katialorenzon.com\/wp-content\/uploads\/2022\/01\/lettrage-katia-lorenzon.jpg\" alt=\"\" class=\"wp-image-3852\" srcset=\"https:\/\/katialorenzon.com\/wp-content\/uploads\/2022\/01\/lettrage-katia-lorenzon.jpg 1000w, https:\/\/katialorenzon.com\/wp-content\/uploads\/2022\/01\/lettrage-katia-lorenzon-300x240.jpg 300w, https:\/\/katialorenzon.com\/wp-content\/uploads\/2022\/01\/lettrage-katia-lorenzon-768x614.jpg 768w\" sizes=\"(max-width: 1000px) 100vw, 1000px\" \/><\/figure><\/div>\n\n\n\n<p><\/p>\n\n\n\n<div class=\"wp-block-image\"><figure class=\"aligncenter size-full\"><img decoding=\"async\" loading=\"lazy\" width=\"1000\" height=\"800\" src=\"https:\/\/katialorenzon.com\/wp-content\/uploads\/2022\/01\/lettrage-feutre-katia-lorenzon.jpg\" alt=\"\" class=\"wp-image-3842\" srcset=\"https:\/\/katialorenzon.com\/wp-content\/uploads\/2022\/01\/lettrage-feutre-katia-lorenzon.jpg 1000w, https:\/\/katialorenzon.com\/wp-content\/uploads\/2022\/01\/lettrage-feutre-katia-lorenzon-300x240.jpg 300w, https:\/\/katialorenzon.com\/wp-content\/uploads\/2022\/01\/lettrage-feutre-katia-lorenzon-768x614.jpg 768w\" sizes=\"(max-width: 1000px) 100vw, 1000px\" \/><\/figure><\/div>\n\n\n\n<p><\/p>\n\n\n\n<div class=\"wp-block-image\"><figure class=\"aligncenter size-full\"><img decoding=\"async\" loading=\"lazy\" width=\"1000\" height=\"800\" src=\"https:\/\/katialorenzon.com\/wp-content\/uploads\/2022\/01\/lettrage-encre-chine-katia-lorenzon.jpg\" alt=\"\" class=\"wp-image-3843\" srcset=\"https:\/\/katialorenzon.com\/wp-content\/uploads\/2022\/01\/lettrage-encre-chine-katia-lorenzon.jpg 1000w, https:\/\/katialorenzon.com\/wp-content\/uploads\/2022\/01\/lettrage-encre-chine-katia-lorenzon-300x240.jpg 300w, https:\/\/katialorenzon.com\/wp-content\/uploads\/2022\/01\/lettrage-encre-chine-katia-lorenzon-768x614.jpg 768w\" sizes=\"(max-width: 1000px) 100vw, 1000px\" \/><\/figure><\/div>\n\n\n\n<p><\/p>\n\n\n\n<p><\/p>\n","protected":false},"excerpt":{"rendered":"<p>Commande de lettrage \u00e0 la main\u00a0pour une s\u00e9rie de cadeaux du d\u00e9but d\u2019ann\u00e9e : les deux variantes de typo sont r\u00e9alis\u00e9es au pinceau et encre&#8230;<\/p>\n<div class=\"more-link-wrapper\"><a class=\"more-link\" href=\"https:\/\/katialorenzon.com\/index.php\/katia-lorenzon-portfolio-lettrage\/\">zoom<span class=\"screen-reader-text\">Katia Lorenzon\/portfolio\/Lettrage.<\/span><\/a><\/div>\n","protected":false},"author":1,"featured_media":0,"parent":0,"menu_order":0,"comment_status":"closed","ping_status":"closed","template":"","meta":{"footnotes":""},"yoast_head":"<!-- This site is optimized with the Yoast SEO plugin v17.7.1 - https:\/\/yoast.com\/wordpress\/plugins\/seo\/ -->\n<title>Katia Lorenzon\/portfolio\/Lettrage. - Katia Lorenzon<\/title>\n<meta name=\"robots\" content=\"index, follow, max-snippet:-1, max-image-preview:large, max-video-preview:-1\" \/>\n<link rel=\"canonical\" href=\"https:\/\/katialorenzon.com\/index.php\/katia-lorenzon-portfolio-lettrage\/\" \/>\n<meta property=\"og:locale\" content=\"it_IT\" \/>\n<meta property=\"og:type\" content=\"article\" \/>\n<meta property=\"og:title\" content=\"Katia Lorenzon\/portfolio\/Lettrage. - Katia Lorenzon\" \/>\n<meta property=\"og:description\" content=\"Commande de lettrage \u00e0 la main\u00a0pour une s\u00e9rie de cadeaux du d\u00e9but d\u2019ann\u00e9e : les deux variantes de typo sont r\u00e9alis\u00e9es au pinceau et encre&#8230;\" \/>\n<meta property=\"og:url\" content=\"https:\/\/katialorenzon.com\/index.php\/katia-lorenzon-portfolio-lettrage\/\" \/>\n<meta property=\"og:site_name\" content=\"Katia Lorenzon\" \/>\n<meta property=\"article:modified_time\" content=\"2022-01-23T20:19:31+00:00\" \/>\n<meta property=\"og:image\" content=\"http:\/\/katialorenzon.com\/wp-content\/uploads\/2022\/01\/lettrage-katia-lorenzon.jpg\" \/>\n<meta name=\"twitter:card\" content=\"summary\" \/>\n<meta name=\"twitter:label1\" content=\"Tempo di lettura stimato\" \/>\n\t<meta name=\"twitter:data1\" content=\"1 minuto\" \/>\n<script type=\"application\/ld+json\" class=\"yoast-schema-graph\">{\"@context\":\"https:\/\/schema.org\",\"@graph\":[{\"@type\":\"WebSite\",\"@id\":\"https:\/\/katialorenzon.com\/#website\",\"url\":\"https:\/\/katialorenzon.com\/\",\"name\":\"Katia Lorenzon\",\"description\":\"Design graphique et illustration\",\"potentialAction\":[{\"@type\":\"SearchAction\",\"target\":{\"@type\":\"EntryPoint\",\"urlTemplate\":\"https:\/\/katialorenzon.com\/?s={search_term_string}\"},\"query-input\":\"required name=search_term_string\"}],\"inLanguage\":\"it-IT\"},{\"@type\":\"ImageObject\",\"@id\":\"https:\/\/katialorenzon.com\/index.php\/katia-lorenzon-portfolio-lettrage\/#primaryimage\",\"inLanguage\":\"it-IT\",\"url\":\"http:\/\/katialorenzon.com\/wp-content\/uploads\/2022\/01\/lettrage-katia-lorenzon.jpg\",\"contentUrl\":\"http:\/\/katialorenzon.com\/wp-content\/uploads\/2022\/01\/lettrage-katia-lorenzon.jpg\"},{\"@type\":\"WebPage\",\"@id\":\"https:\/\/katialorenzon.com\/index.php\/katia-lorenzon-portfolio-lettrage\/#webpage\",\"url\":\"https:\/\/katialorenzon.com\/index.php\/katia-lorenzon-portfolio-lettrage\/\",\"name\":\"Katia Lorenzon\/portfolio\/Lettrage. - Katia Lorenzon\",\"isPartOf\":{\"@id\":\"https:\/\/katialorenzon.com\/#website\"},\"primaryImageOfPage\":{\"@id\":\"https:\/\/katialorenzon.com\/index.php\/katia-lorenzon-portfolio-lettrage\/#primaryimage\"},\"datePublished\":\"2022-01-01T15:25:05+00:00\",\"dateModified\":\"2022-01-23T20:19:31+00:00\",\"breadcrumb\":{\"@id\":\"https:\/\/katialorenzon.com\/index.php\/katia-lorenzon-portfolio-lettrage\/#breadcrumb\"},\"inLanguage\":\"it-IT\",\"potentialAction\":[{\"@type\":\"ReadAction\",\"target\":[\"https:\/\/katialorenzon.com\/index.php\/katia-lorenzon-portfolio-lettrage\/\"]}]},{\"@type\":\"BreadcrumbList\",\"@id\":\"https:\/\/katialorenzon.com\/index.php\/katia-lorenzon-portfolio-lettrage\/#breadcrumb\",\"itemListElement\":[{\"@type\":\"ListItem\",\"position\":1,\"name\":\"Accueil\",\"item\":\"https:\/\/katialorenzon.com\/\"},{\"@type\":\"ListItem\",\"position\":2,\"name\":\"Katia Lorenzon\/portfolio\/Lettrage.\"}]}]}<\/script>\n<!-- \/ Yoast SEO plugin. -->","yoast_head_json":{"title":"Katia Lorenzon\/portfolio\/Lettrage. - Katia Lorenzon","robots":{"index":"index","follow":"follow","max-snippet":"max-snippet:-1","max-image-preview":"max-image-preview:large","max-video-preview":"max-video-preview:-1"},"canonical":"https:\/\/katialorenzon.com\/index.php\/katia-lorenzon-portfolio-lettrage\/","og_locale":"it_IT","og_type":"article","og_title":"Katia Lorenzon\/portfolio\/Lettrage. - Katia Lorenzon","og_description":"Commande de lettrage \u00e0 la main\u00a0pour une s\u00e9rie de cadeaux du d\u00e9but d\u2019ann\u00e9e : les deux variantes de typo sont r\u00e9alis\u00e9es au pinceau et encre&#8230;","og_url":"https:\/\/katialorenzon.com\/index.php\/katia-lorenzon-portfolio-lettrage\/","og_site_name":"Katia Lorenzon","article_modified_time":"2022-01-23T20:19:31+00:00","og_image":[{"url":"http:\/\/katialorenzon.com\/wp-content\/uploads\/2022\/01\/lettrage-katia-lorenzon.jpg"}],"twitter_card":"summary","twitter_misc":{"Tempo di lettura stimato":"1 minuto"},"schema":{"@context":"https:\/\/schema.org","@graph":[{"@type":"WebSite","@id":"https:\/\/katialorenzon.com\/#website","url":"https:\/\/katialorenzon.com\/","name":"Katia Lorenzon","description":"Design graphique et illustration","potentialAction":[{"@type":"SearchAction","target":{"@type":"EntryPoint","urlTemplate":"https:\/\/katialorenzon.com\/?s={search_term_string}"},"query-input":"required name=search_term_string"}],"inLanguage":"it-IT"},{"@type":"ImageObject","@id":"https:\/\/katialorenzon.com\/index.php\/katia-lorenzon-portfolio-lettrage\/#primaryimage","inLanguage":"it-IT","url":"http:\/\/katialorenzon.com\/wp-content\/uploads\/2022\/01\/lettrage-katia-lorenzon.jpg","contentUrl":"http:\/\/katialorenzon.com\/wp-content\/uploads\/2022\/01\/lettrage-katia-lorenzon.jpg"},{"@type":"WebPage","@id":"https:\/\/katialorenzon.com\/index.php\/katia-lorenzon-portfolio-lettrage\/#webpage","url":"https:\/\/katialorenzon.com\/index.php\/katia-lorenzon-portfolio-lettrage\/","name":"Katia Lorenzon\/portfolio\/Lettrage. - Katia Lorenzon","isPartOf":{"@id":"https:\/\/katialorenzon.com\/#website"},"primaryImageOfPage":{"@id":"https:\/\/katialorenzon.com\/index.php\/katia-lorenzon-portfolio-lettrage\/#primaryimage"},"datePublished":"2022-01-01T15:25:05+00:00","dateModified":"2022-01-23T20:19:31+00:00","breadcrumb":{"@id":"https:\/\/katialorenzon.com\/index.php\/katia-lorenzon-portfolio-lettrage\/#breadcrumb"},"inLanguage":"it-IT","potentialAction":[{"@type":"ReadAction","target":["https:\/\/katialorenzon.com\/index.php\/katia-lorenzon-portfolio-lettrage\/"]}]},{"@type":"BreadcrumbList","@id":"https:\/\/katialorenzon.com\/index.php\/katia-lorenzon-portfolio-lettrage\/#breadcrumb","itemListElement":[{"@type":"ListItem","position":1,"name":"Accueil","item":"https:\/\/katialorenzon.com\/"},{"@type":"ListItem","position":2,"name":"Katia Lorenzon\/portfolio\/Lettrage."}]}]}},"_links":{"self":[{"href":"https:\/\/katialorenzon.com\/index.php\/wp-json\/wp\/v2\/pages\/3836"}],"collection":[{"href":"https:\/\/katialorenzon.com\/index.php\/wp-json\/wp\/v2\/pages"}],"about":[{"href":"https:\/\/katialorenzon.com\/index.php\/wp-json\/wp\/v2\/types\/page"}],"author":[{"embeddable":true,"href":"https:\/\/katialorenzon.com\/index.php\/wp-json\/wp\/v2\/users\/1"}],"replies":[{"embeddable":true,"href":"https:\/\/katialorenzon.com\/index.php\/wp-json\/wp\/v2\/comments?post=3836"}],"version-history":[{"count":12,"href":"https:\/\/katialorenzon.com\/index.php\/wp-json\/wp\/v2\/pages\/3836\/revisions"}],"predecessor-version":[{"id":4419,"href":"https:\/\/katialorenzon.com\/index.php\/wp-json\/wp\/v2\/pages\/3836\/revisions\/4419"}],"wp:attachment":[{"href":"https:\/\/katialorenzon.com\/index.php\/wp-json\/wp\/v2\/media?parent=3836"}],"curies":[{"name":"wp","href":"https:\/\/api.w.org\/{rel}","templated":true}]}}