{"id":3916,"date":"2022-01-02T02:14:24","date_gmt":"2022-01-02T01:14:24","guid":{"rendered":"http:\/\/katialorenzon.com\/?page_id=3916"},"modified":"2022-01-24T08:42:49","modified_gmt":"2022-01-24T07:42:49","slug":"katia-lorenzon-portfolio-france-tv-cahier-de-vacances-numerique-les-defis-du-professeur-muchi","status":"publish","type":"page","link":"https:\/\/katialorenzon.com\/index.php\/katia-lorenzon-portfolio-france-tv-cahier-de-vacances-numerique-les-defis-du-professeur-muchi\/","title":{"rendered":"Katia Lorenzon\/portfolio\/France TV &#8211; Cahier de vacances num\u00e9rique &#8220;les d\u00e9fis du professeur Muchi&#8221;."},"content":{"rendered":"\n<p><strong>C<\/strong>onception des d\u00e9cors pour le cahier de vacances num\u00e9rique pour enfants &#8220;Les d\u00e9fis du professeur Muchi&#8221;. \u00c9diteur <strong>France t\u00e9l\u00e9visions \u00e9ducation<\/strong>. D\u00e9veloppeur <a href=\"https:\/\/pinpinteam.com\/\"><strong>Pinpin Team<\/strong><\/a>. <em>Paris, 2015<\/em>.<\/p>\n\n\n\n<div class=\"wp-block-image\"><figure class=\"aligncenter size-full\"><img decoding=\"async\" loading=\"lazy\" width=\"1000\" height=\"750\" src=\"https:\/\/katialorenzon.com\/wp-content\/uploads\/2016\/10\/pinpin-team-defis-professeur-muchi.jpg\" alt=\"\" class=\"wp-image-547\" srcset=\"https:\/\/katialorenzon.com\/wp-content\/uploads\/2016\/10\/pinpin-team-defis-professeur-muchi.jpg 1000w, https:\/\/katialorenzon.com\/wp-content\/uploads\/2016\/10\/pinpin-team-defis-professeur-muchi-300x225.jpg 300w, https:\/\/katialorenzon.com\/wp-content\/uploads\/2016\/10\/pinpin-team-defis-professeur-muchi-768x576.jpg 768w\" sizes=\"(max-width: 1000px) 100vw, 1000px\" \/><\/figure><\/div>\n\n\n\n<p><\/p>\n\n\n\n<div class=\"wp-block-image\"><figure class=\"aligncenter size-full\"><img decoding=\"async\" loading=\"lazy\" width=\"1000\" height=\"750\" src=\"https:\/\/katialorenzon.com\/wp-content\/uploads\/2016\/10\/pinpin-team-decor-katia-lorenzon.jpg\" alt=\"pinpin team, v\u00e9randa. d\u00e9cor de katia lorenzon\" class=\"wp-image-544\" srcset=\"https:\/\/katialorenzon.com\/wp-content\/uploads\/2016\/10\/pinpin-team-decor-katia-lorenzon.jpg 1000w, https:\/\/katialorenzon.com\/wp-content\/uploads\/2016\/10\/pinpin-team-decor-katia-lorenzon-300x225.jpg 300w, https:\/\/katialorenzon.com\/wp-content\/uploads\/2016\/10\/pinpin-team-decor-katia-lorenzon-768x576.jpg 768w\" sizes=\"(max-width: 1000px) 100vw, 1000px\" \/><\/figure><\/div>\n\n\n\n<p><\/p>\n\n\n\n<div class=\"wp-block-image\"><figure class=\"aligncenter size-full\"><img decoding=\"async\" loading=\"lazy\" width=\"1000\" height=\"750\" src=\"https:\/\/katialorenzon.com\/wp-content\/uploads\/2016\/10\/pinpin-team-salle-mathematique-katia-lorenzon.jpg\" alt=\"pinpin team, salle mathematique. katia lorenzon\" class=\"wp-image-550\" srcset=\"https:\/\/katialorenzon.com\/wp-content\/uploads\/2016\/10\/pinpin-team-salle-mathematique-katia-lorenzon.jpg 1000w, https:\/\/katialorenzon.com\/wp-content\/uploads\/2016\/10\/pinpin-team-salle-mathematique-katia-lorenzon-300x225.jpg 300w, https:\/\/katialorenzon.com\/wp-content\/uploads\/2016\/10\/pinpin-team-salle-mathematique-katia-lorenzon-768x576.jpg 768w\" sizes=\"(max-width: 1000px) 100vw, 1000px\" \/><\/figure><\/div>\n\n\n\n<p><\/p>\n\n\n\n<div class=\"wp-block-image\"><figure class=\"aligncenter size-full\"><img decoding=\"async\" loading=\"lazy\" width=\"1000\" height=\"750\" src=\"https:\/\/katialorenzon.com\/wp-content\/uploads\/2016\/10\/pinpin-team-menu.jpg\" alt=\"\" class=\"wp-image-549\" srcset=\"https:\/\/katialorenzon.com\/wp-content\/uploads\/2016\/10\/pinpin-team-menu.jpg 1000w, https:\/\/katialorenzon.com\/wp-content\/uploads\/2016\/10\/pinpin-team-menu-300x225.jpg 300w, https:\/\/katialorenzon.com\/wp-content\/uploads\/2016\/10\/pinpin-team-menu-768x576.jpg 768w\" sizes=\"(max-width: 1000px) 100vw, 1000px\" \/><\/figure><\/div>\n\n\n\n<p><\/p>\n\n\n\n<div class=\"wp-block-image\"><figure class=\"aligncenter size-full\"><img decoding=\"async\" loading=\"lazy\" width=\"1000\" height=\"750\" src=\"https:\/\/katialorenzon.com\/wp-content\/uploads\/2022\/01\/splashscreen.jpg\" alt=\"\" class=\"wp-image-3911\" srcset=\"https:\/\/katialorenzon.com\/wp-content\/uploads\/2022\/01\/splashscreen.jpg 1000w, https:\/\/katialorenzon.com\/wp-content\/uploads\/2022\/01\/splashscreen-300x225.jpg 300w, https:\/\/katialorenzon.com\/wp-content\/uploads\/2022\/01\/splashscreen-768x576.jpg 768w\" sizes=\"(max-width: 1000px) 100vw, 1000px\" \/><\/figure><\/div>\n\n\n\n<p><\/p>\n\n\n\n<div class=\"wp-block-image\"><figure class=\"aligncenter size-full\"><img decoding=\"async\" loading=\"lazy\" width=\"1000\" height=\"350\" src=\"https:\/\/katialorenzon.com\/wp-content\/uploads\/2016\/10\/pinpin-team-logo.jpg\" alt=\"\" class=\"wp-image-548\" srcset=\"https:\/\/katialorenzon.com\/wp-content\/uploads\/2016\/10\/pinpin-team-logo.jpg 1000w, https:\/\/katialorenzon.com\/wp-content\/uploads\/2016\/10\/pinpin-team-logo-300x105.jpg 300w, https:\/\/katialorenzon.com\/wp-content\/uploads\/2016\/10\/pinpin-team-logo-768x269.jpg 768w\" sizes=\"(max-width: 1000px) 100vw, 1000px\" \/><\/figure><\/div>\n\n\n\n<p><\/p>\n","protected":false},"excerpt":{"rendered":"<p>Conception des d\u00e9cors pour le cahier de vacances num\u00e9rique pour enfants &#8220;Les d\u00e9fis du professeur Muchi&#8221;. \u00c9diteur France t\u00e9l\u00e9visions \u00e9ducation. D\u00e9veloppeur Pinpin Team. Paris, 2015.<\/p>\n","protected":false},"author":1,"featured_media":0,"parent":0,"menu_order":0,"comment_status":"closed","ping_status":"closed","template":"","meta":{"footnotes":""},"yoast_head":"<!-- This site is optimized with the Yoast SEO plugin v17.7.1 - https:\/\/yoast.com\/wordpress\/plugins\/seo\/ -->\n<title>Katia Lorenzon\/portfolio\/France TV - Cahier de vacances num\u00e9rique &quot;les d\u00e9fis du professeur Muchi&quot;. - Katia Lorenzon<\/title>\n<meta name=\"robots\" content=\"index, follow, max-snippet:-1, max-image-preview:large, max-video-preview:-1\" \/>\n<link rel=\"canonical\" href=\"https:\/\/katialorenzon.com\/index.php\/katia-lorenzon-portfolio-france-tv-cahier-de-vacances-numerique-les-defis-du-professeur-muchi\/\" \/>\n<meta property=\"og:locale\" content=\"it_IT\" \/>\n<meta property=\"og:type\" content=\"article\" \/>\n<meta property=\"og:title\" content=\"Katia Lorenzon\/portfolio\/France TV - Cahier de vacances num\u00e9rique &quot;les d\u00e9fis du professeur Muchi&quot;. - Katia Lorenzon\" \/>\n<meta property=\"og:description\" content=\"Conception des d\u00e9cors pour le cahier de vacances num\u00e9rique pour enfants &#8220;Les d\u00e9fis du professeur Muchi&#8221;. \u00c9diteur France t\u00e9l\u00e9visions \u00e9ducation. D\u00e9veloppeur Pinpin Team. Paris, 2015.\" \/>\n<meta property=\"og:url\" content=\"https:\/\/katialorenzon.com\/index.php\/katia-lorenzon-portfolio-france-tv-cahier-de-vacances-numerique-les-defis-du-professeur-muchi\/\" \/>\n<meta property=\"og:site_name\" content=\"Katia Lorenzon\" \/>\n<meta property=\"article:modified_time\" content=\"2022-01-24T07:42:49+00:00\" \/>\n<meta property=\"og:image\" content=\"http:\/\/katialorenzon.com\/wp-content\/uploads\/2016\/10\/pinpin-team-defis-professeur-muchi.jpg\" \/>\n<meta name=\"twitter:card\" content=\"summary\" \/>\n<meta name=\"twitter:label1\" content=\"Tempo di lettura stimato\" \/>\n\t<meta name=\"twitter:data1\" content=\"2 minuti\" \/>\n<script type=\"application\/ld+json\" class=\"yoast-schema-graph\">{\"@context\":\"https:\/\/schema.org\",\"@graph\":[{\"@type\":\"WebSite\",\"@id\":\"https:\/\/katialorenzon.com\/#website\",\"url\":\"https:\/\/katialorenzon.com\/\",\"name\":\"Katia Lorenzon\",\"description\":\"Design graphique et illustration\",\"potentialAction\":[{\"@type\":\"SearchAction\",\"target\":{\"@type\":\"EntryPoint\",\"urlTemplate\":\"https:\/\/katialorenzon.com\/?s={search_term_string}\"},\"query-input\":\"required name=search_term_string\"}],\"inLanguage\":\"it-IT\"},{\"@type\":\"ImageObject\",\"@id\":\"https:\/\/katialorenzon.com\/index.php\/katia-lorenzon-portfolio-france-tv-cahier-de-vacances-numerique-les-defis-du-professeur-muchi\/#primaryimage\",\"inLanguage\":\"it-IT\",\"url\":\"http:\/\/katialorenzon.com\/wp-content\/uploads\/2016\/10\/pinpin-team-defis-professeur-muchi.jpg\",\"contentUrl\":\"http:\/\/katialorenzon.com\/wp-content\/uploads\/2016\/10\/pinpin-team-defis-professeur-muchi.jpg\"},{\"@type\":\"WebPage\",\"@id\":\"https:\/\/katialorenzon.com\/index.php\/katia-lorenzon-portfolio-france-tv-cahier-de-vacances-numerique-les-defis-du-professeur-muchi\/#webpage\",\"url\":\"https:\/\/katialorenzon.com\/index.php\/katia-lorenzon-portfolio-france-tv-cahier-de-vacances-numerique-les-defis-du-professeur-muchi\/\",\"name\":\"Katia Lorenzon\/portfolio\/France TV - Cahier de vacances num\\u00e9rique \\\"les d\\u00e9fis du professeur Muchi\\\". - Katia Lorenzon\",\"isPartOf\":{\"@id\":\"https:\/\/katialorenzon.com\/#website\"},\"primaryImageOfPage\":{\"@id\":\"https:\/\/katialorenzon.com\/index.php\/katia-lorenzon-portfolio-france-tv-cahier-de-vacances-numerique-les-defis-du-professeur-muchi\/#primaryimage\"},\"datePublished\":\"2022-01-02T01:14:24+00:00\",\"dateModified\":\"2022-01-24T07:42:49+00:00\",\"breadcrumb\":{\"@id\":\"https:\/\/katialorenzon.com\/index.php\/katia-lorenzon-portfolio-france-tv-cahier-de-vacances-numerique-les-defis-du-professeur-muchi\/#breadcrumb\"},\"inLanguage\":\"it-IT\",\"potentialAction\":[{\"@type\":\"ReadAction\",\"target\":[\"https:\/\/katialorenzon.com\/index.php\/katia-lorenzon-portfolio-france-tv-cahier-de-vacances-numerique-les-defis-du-professeur-muchi\/\"]}]},{\"@type\":\"BreadcrumbList\",\"@id\":\"https:\/\/katialorenzon.com\/index.php\/katia-lorenzon-portfolio-france-tv-cahier-de-vacances-numerique-les-defis-du-professeur-muchi\/#breadcrumb\",\"itemListElement\":[{\"@type\":\"ListItem\",\"position\":1,\"name\":\"Accueil\",\"item\":\"https:\/\/katialorenzon.com\/\"},{\"@type\":\"ListItem\",\"position\":2,\"name\":\"Katia Lorenzon\/portfolio\/France TV &#8211; Cahier de vacances num\\u00e9rique &#8220;les d\\u00e9fis du professeur Muchi&#8221;.\"}]}]}<\/script>\n<!-- \/ Yoast SEO plugin. -->","yoast_head_json":{"title":"Katia Lorenzon\/portfolio\/France TV - Cahier de vacances num\u00e9rique \"les d\u00e9fis du professeur Muchi\". - Katia Lorenzon","robots":{"index":"index","follow":"follow","max-snippet":"max-snippet:-1","max-image-preview":"max-image-preview:large","max-video-preview":"max-video-preview:-1"},"canonical":"https:\/\/katialorenzon.com\/index.php\/katia-lorenzon-portfolio-france-tv-cahier-de-vacances-numerique-les-defis-du-professeur-muchi\/","og_locale":"it_IT","og_type":"article","og_title":"Katia Lorenzon\/portfolio\/France TV - Cahier de vacances num\u00e9rique \"les d\u00e9fis du professeur Muchi\". - Katia Lorenzon","og_description":"Conception des d\u00e9cors pour le cahier de vacances num\u00e9rique pour enfants &#8220;Les d\u00e9fis du professeur Muchi&#8221;. \u00c9diteur France t\u00e9l\u00e9visions \u00e9ducation. D\u00e9veloppeur Pinpin Team. Paris, 2015.","og_url":"https:\/\/katialorenzon.com\/index.php\/katia-lorenzon-portfolio-france-tv-cahier-de-vacances-numerique-les-defis-du-professeur-muchi\/","og_site_name":"Katia Lorenzon","article_modified_time":"2022-01-24T07:42:49+00:00","og_image":[{"url":"http:\/\/katialorenzon.com\/wp-content\/uploads\/2016\/10\/pinpin-team-defis-professeur-muchi.jpg"}],"twitter_card":"summary","twitter_misc":{"Tempo di lettura stimato":"2 minuti"},"schema":{"@context":"https:\/\/schema.org","@graph":[{"@type":"WebSite","@id":"https:\/\/katialorenzon.com\/#website","url":"https:\/\/katialorenzon.com\/","name":"Katia Lorenzon","description":"Design graphique et illustration","potentialAction":[{"@type":"SearchAction","target":{"@type":"EntryPoint","urlTemplate":"https:\/\/katialorenzon.com\/?s={search_term_string}"},"query-input":"required name=search_term_string"}],"inLanguage":"it-IT"},{"@type":"ImageObject","@id":"https:\/\/katialorenzon.com\/index.php\/katia-lorenzon-portfolio-france-tv-cahier-de-vacances-numerique-les-defis-du-professeur-muchi\/#primaryimage","inLanguage":"it-IT","url":"http:\/\/katialorenzon.com\/wp-content\/uploads\/2016\/10\/pinpin-team-defis-professeur-muchi.jpg","contentUrl":"http:\/\/katialorenzon.com\/wp-content\/uploads\/2016\/10\/pinpin-team-defis-professeur-muchi.jpg"},{"@type":"WebPage","@id":"https:\/\/katialorenzon.com\/index.php\/katia-lorenzon-portfolio-france-tv-cahier-de-vacances-numerique-les-defis-du-professeur-muchi\/#webpage","url":"https:\/\/katialorenzon.com\/index.php\/katia-lorenzon-portfolio-france-tv-cahier-de-vacances-numerique-les-defis-du-professeur-muchi\/","name":"Katia Lorenzon\/portfolio\/France TV - Cahier de vacances num\u00e9rique \"les d\u00e9fis du professeur Muchi\". - Katia Lorenzon","isPartOf":{"@id":"https:\/\/katialorenzon.com\/#website"},"primaryImageOfPage":{"@id":"https:\/\/katialorenzon.com\/index.php\/katia-lorenzon-portfolio-france-tv-cahier-de-vacances-numerique-les-defis-du-professeur-muchi\/#primaryimage"},"datePublished":"2022-01-02T01:14:24+00:00","dateModified":"2022-01-24T07:42:49+00:00","breadcrumb":{"@id":"https:\/\/katialorenzon.com\/index.php\/katia-lorenzon-portfolio-france-tv-cahier-de-vacances-numerique-les-defis-du-professeur-muchi\/#breadcrumb"},"inLanguage":"it-IT","potentialAction":[{"@type":"ReadAction","target":["https:\/\/katialorenzon.com\/index.php\/katia-lorenzon-portfolio-france-tv-cahier-de-vacances-numerique-les-defis-du-professeur-muchi\/"]}]},{"@type":"BreadcrumbList","@id":"https:\/\/katialorenzon.com\/index.php\/katia-lorenzon-portfolio-france-tv-cahier-de-vacances-numerique-les-defis-du-professeur-muchi\/#breadcrumb","itemListElement":[{"@type":"ListItem","position":1,"name":"Accueil","item":"https:\/\/katialorenzon.com\/"},{"@type":"ListItem","position":2,"name":"Katia Lorenzon\/portfolio\/France TV &#8211; Cahier de vacances num\u00e9rique &#8220;les d\u00e9fis du professeur Muchi&#8221;."}]}]}},"_links":{"self":[{"href":"https:\/\/katialorenzon.com\/index.php\/wp-json\/wp\/v2\/pages\/3916"}],"collection":[{"href":"https:\/\/katialorenzon.com\/index.php\/wp-json\/wp\/v2\/pages"}],"about":[{"href":"https:\/\/katialorenzon.com\/index.php\/wp-json\/wp\/v2\/types\/page"}],"author":[{"embeddable":true,"href":"https:\/\/katialorenzon.com\/index.php\/wp-json\/wp\/v2\/users\/1"}],"replies":[{"embeddable":true,"href":"https:\/\/katialorenzon.com\/index.php\/wp-json\/wp\/v2\/comments?post=3916"}],"version-history":[{"count":12,"href":"https:\/\/katialorenzon.com\/index.php\/wp-json\/wp\/v2\/pages\/3916\/revisions"}],"predecessor-version":[{"id":4549,"href":"https:\/\/katialorenzon.com\/index.php\/wp-json\/wp\/v2\/pages\/3916\/revisions\/4549"}],"wp:attachment":[{"href":"https:\/\/katialorenzon.com\/index.php\/wp-json\/wp\/v2\/media?parent=3916"}],"curies":[{"name":"wp","href":"https:\/\/api.w.org\/{rel}","templated":true}]}}