{"id":3950,"date":"2022-01-02T12:45:00","date_gmt":"2022-01-02T11:45:00","guid":{"rendered":"http:\/\/katialorenzon.com\/?page_id=3950"},"modified":"2022-01-24T08:42:12","modified_gmt":"2022-01-24T07:42:12","slug":"katia-lorenzon-portfolio-dotscreen-character-design","status":"publish","type":"page","link":"https:\/\/katialorenzon.com\/index.php\/katia-lorenzon-portfolio-dotscreen-character-design\/","title":{"rendered":"Katia Lorenzon\/portfolio\/Dotscreen &#8211; Character design"},"content":{"rendered":"\n<p><strong>C<\/strong>haracter design : set de pictos vectoriels d&#8217;horoscope pour smart TV.\u00a0Cr\u00e9ation graphique pour <a href=\"https:\/\/dotscreen.com\/\"><strong>Dotscreen<\/strong><\/a>, soci\u00e9t\u00e9 de conception, design et d\u00e9veloppement d&#8217;application multi-\u00e9cran. <em>Boulogne Billancourt, 2012.<\/em><\/p>\n\n\n\n<div class=\"wp-block-image\"><figure class=\"aligncenter size-full is-resized\"><img decoding=\"async\" loading=\"lazy\" src=\"https:\/\/katialorenzon.com\/wp-content\/uploads\/2016\/10\/dotscreen-capricorne-illustration-katia-lorenzon.png\" alt=\"horoscope, signe capricorne, illustration katia lorenzon pur Dot screen\" class=\"wp-image-1344\" width=\"1000\" height=\"1000\" srcset=\"https:\/\/katialorenzon.com\/wp-content\/uploads\/2016\/10\/dotscreen-capricorne-illustration-katia-lorenzon.png 800w, https:\/\/katialorenzon.com\/wp-content\/uploads\/2016\/10\/dotscreen-capricorne-illustration-katia-lorenzon-150x150.png 150w, https:\/\/katialorenzon.com\/wp-content\/uploads\/2016\/10\/dotscreen-capricorne-illustration-katia-lorenzon-300x300.png 300w, https:\/\/katialorenzon.com\/wp-content\/uploads\/2016\/10\/dotscreen-capricorne-illustration-katia-lorenzon-768x768.png 768w\" sizes=\"(max-width: 1000px) 100vw, 1000px\" \/><\/figure><\/div>\n\n\n\n<p><\/p>\n\n\n\n<figure class=\"wp-block-image size-large is-resized\"><img decoding=\"async\" src=\"https:\/\/katialorenzon.com\/wp-content\/uploads\/2016\/10\/dotscreen-horoscope-illustration-katia-lorenzon-846x1024.png\" alt=\"horoscope, tous les signe, illustration katia lorenzon pur Dot screen\" class=\"wp-image-1345\" width=\"1000\" height=\"NaN\" srcset=\"https:\/\/katialorenzon.com\/wp-content\/uploads\/2016\/10\/dotscreen-horoscope-illustration-katia-lorenzon-846x1024.png 846w, https:\/\/katialorenzon.com\/wp-content\/uploads\/2016\/10\/dotscreen-horoscope-illustration-katia-lorenzon-248x300.png 248w, https:\/\/katialorenzon.com\/wp-content\/uploads\/2016\/10\/dotscreen-horoscope-illustration-katia-lorenzon-768x929.png 768w, https:\/\/katialorenzon.com\/wp-content\/uploads\/2016\/10\/dotscreen-horoscope-illustration-katia-lorenzon.png 1000w\" sizes=\"(max-width: 846px) 100vw, 846px\" \/><\/figure>\n\n\n\n<p><\/p>\n\n\n\n<div class=\"wp-block-image\"><figure class=\"aligncenter size-full is-resized\"><img decoding=\"async\" loading=\"lazy\" src=\"https:\/\/katialorenzon.com\/wp-content\/uploads\/2016\/10\/dotscreen-vierge-illustration-katia-lorenzon.png\" alt=\"horoscope, signe vierge, illustration katia lorenzon pur Dot screen\" class=\"wp-image-1347\" width=\"998\" height=\"998\" srcset=\"https:\/\/katialorenzon.com\/wp-content\/uploads\/2016\/10\/dotscreen-vierge-illustration-katia-lorenzon.png 800w, https:\/\/katialorenzon.com\/wp-content\/uploads\/2016\/10\/dotscreen-vierge-illustration-katia-lorenzon-150x150.png 150w, https:\/\/katialorenzon.com\/wp-content\/uploads\/2016\/10\/dotscreen-vierge-illustration-katia-lorenzon-300x300.png 300w, https:\/\/katialorenzon.com\/wp-content\/uploads\/2016\/10\/dotscreen-vierge-illustration-katia-lorenzon-768x768.png 768w\" sizes=\"(max-width: 998px) 100vw, 998px\" \/><\/figure><\/div>\n\n\n\n<p><\/p>\n\n\n\n<div class=\"wp-block-image\"><figure class=\"aligncenter size-full is-resized\"><img decoding=\"async\" loading=\"lazy\" src=\"https:\/\/katialorenzon.com\/wp-content\/uploads\/2016\/10\/dotscreen-sagittaire-illustration-katia-lorenzon.png\" alt=\"horoscope, signe sagittaire, illustration katia lorenzon pur Dot screen\" class=\"wp-image-1346\" width=\"1000\" height=\"1000\" srcset=\"https:\/\/katialorenzon.com\/wp-content\/uploads\/2016\/10\/dotscreen-sagittaire-illustration-katia-lorenzon.png 800w, https:\/\/katialorenzon.com\/wp-content\/uploads\/2016\/10\/dotscreen-sagittaire-illustration-katia-lorenzon-150x150.png 150w, https:\/\/katialorenzon.com\/wp-content\/uploads\/2016\/10\/dotscreen-sagittaire-illustration-katia-lorenzon-300x300.png 300w, https:\/\/katialorenzon.com\/wp-content\/uploads\/2016\/10\/dotscreen-sagittaire-illustration-katia-lorenzon-768x768.png 768w\" sizes=\"(max-width: 1000px) 100vw, 1000px\" \/><\/figure><\/div>\n\n\n\n<p><\/p>\n\n\n\n<figure class=\"wp-block-image size-full\"><img decoding=\"async\" loading=\"lazy\" width=\"1000\" height=\"504\" src=\"https:\/\/katialorenzon.com\/wp-content\/uploads\/2016\/10\/dotscreen_logo_sito.png\" alt=\"\" class=\"wp-image-1343\" srcset=\"https:\/\/katialorenzon.com\/wp-content\/uploads\/2016\/10\/dotscreen_logo_sito.png 1000w, https:\/\/katialorenzon.com\/wp-content\/uploads\/2016\/10\/dotscreen_logo_sito-300x151.png 300w, https:\/\/katialorenzon.com\/wp-content\/uploads\/2016\/10\/dotscreen_logo_sito-768x387.png 768w\" sizes=\"(max-width: 1000px) 100vw, 1000px\" \/><\/figure>\n","protected":false},"excerpt":{"rendered":"<p>Character design : set de pictos vectoriels d&#8217;horoscope pour smart TV.\u00a0Cr\u00e9ation graphique pour Dotscreen, soci\u00e9t\u00e9 de conception, design et d\u00e9veloppement d&#8217;application multi-\u00e9cran. Boulogne Billancourt, 2012.<\/p>\n","protected":false},"author":1,"featured_media":0,"parent":0,"menu_order":0,"comment_status":"closed","ping_status":"closed","template":"","meta":{"footnotes":""},"yoast_head":"<!-- This site is optimized with the Yoast SEO plugin v17.7.1 - https:\/\/yoast.com\/wordpress\/plugins\/seo\/ -->\n<title>Katia Lorenzon\/portfolio\/Dotscreen - Character design - Katia Lorenzon<\/title>\n<meta name=\"robots\" content=\"index, follow, max-snippet:-1, max-image-preview:large, max-video-preview:-1\" \/>\n<link rel=\"canonical\" href=\"https:\/\/katialorenzon.com\/index.php\/katia-lorenzon-portfolio-dotscreen-character-design\/\" \/>\n<meta property=\"og:locale\" content=\"it_IT\" \/>\n<meta property=\"og:type\" content=\"article\" \/>\n<meta property=\"og:title\" content=\"Katia Lorenzon\/portfolio\/Dotscreen - Character design - Katia Lorenzon\" \/>\n<meta property=\"og:description\" content=\"Character design : set de pictos vectoriels d&#8217;horoscope pour smart TV.\u00a0Cr\u00e9ation graphique pour Dotscreen, soci\u00e9t\u00e9 de conception, design et d\u00e9veloppement d&#8217;application multi-\u00e9cran. Boulogne Billancourt, 2012.\" \/>\n<meta property=\"og:url\" content=\"https:\/\/katialorenzon.com\/index.php\/katia-lorenzon-portfolio-dotscreen-character-design\/\" \/>\n<meta property=\"og:site_name\" content=\"Katia Lorenzon\" \/>\n<meta property=\"article:modified_time\" content=\"2022-01-24T07:42:12+00:00\" \/>\n<meta property=\"og:image\" content=\"http:\/\/katialorenzon.com\/wp-content\/uploads\/2016\/10\/dotscreen-capricorne-illustration-katia-lorenzon.png\" \/>\n<meta name=\"twitter:card\" content=\"summary\" \/>\n<meta name=\"twitter:label1\" content=\"Tempo di lettura stimato\" \/>\n\t<meta name=\"twitter:data1\" content=\"2 minuti\" \/>\n<script type=\"application\/ld+json\" class=\"yoast-schema-graph\">{\"@context\":\"https:\/\/schema.org\",\"@graph\":[{\"@type\":\"WebSite\",\"@id\":\"https:\/\/katialorenzon.com\/#website\",\"url\":\"https:\/\/katialorenzon.com\/\",\"name\":\"Katia Lorenzon\",\"description\":\"Design graphique et illustration\",\"potentialAction\":[{\"@type\":\"SearchAction\",\"target\":{\"@type\":\"EntryPoint\",\"urlTemplate\":\"https:\/\/katialorenzon.com\/?s={search_term_string}\"},\"query-input\":\"required name=search_term_string\"}],\"inLanguage\":\"it-IT\"},{\"@type\":\"ImageObject\",\"@id\":\"https:\/\/katialorenzon.com\/index.php\/katia-lorenzon-portfolio-dotscreen-character-design\/#primaryimage\",\"inLanguage\":\"it-IT\",\"url\":\"http:\/\/katialorenzon.com\/wp-content\/uploads\/2016\/10\/dotscreen-capricorne-illustration-katia-lorenzon.png\",\"contentUrl\":\"http:\/\/katialorenzon.com\/wp-content\/uploads\/2016\/10\/dotscreen-capricorne-illustration-katia-lorenzon.png\"},{\"@type\":\"WebPage\",\"@id\":\"https:\/\/katialorenzon.com\/index.php\/katia-lorenzon-portfolio-dotscreen-character-design\/#webpage\",\"url\":\"https:\/\/katialorenzon.com\/index.php\/katia-lorenzon-portfolio-dotscreen-character-design\/\",\"name\":\"Katia Lorenzon\/portfolio\/Dotscreen - Character design - Katia Lorenzon\",\"isPartOf\":{\"@id\":\"https:\/\/katialorenzon.com\/#website\"},\"primaryImageOfPage\":{\"@id\":\"https:\/\/katialorenzon.com\/index.php\/katia-lorenzon-portfolio-dotscreen-character-design\/#primaryimage\"},\"datePublished\":\"2022-01-02T11:45:00+00:00\",\"dateModified\":\"2022-01-24T07:42:12+00:00\",\"breadcrumb\":{\"@id\":\"https:\/\/katialorenzon.com\/index.php\/katia-lorenzon-portfolio-dotscreen-character-design\/#breadcrumb\"},\"inLanguage\":\"it-IT\",\"potentialAction\":[{\"@type\":\"ReadAction\",\"target\":[\"https:\/\/katialorenzon.com\/index.php\/katia-lorenzon-portfolio-dotscreen-character-design\/\"]}]},{\"@type\":\"BreadcrumbList\",\"@id\":\"https:\/\/katialorenzon.com\/index.php\/katia-lorenzon-portfolio-dotscreen-character-design\/#breadcrumb\",\"itemListElement\":[{\"@type\":\"ListItem\",\"position\":1,\"name\":\"Accueil\",\"item\":\"https:\/\/katialorenzon.com\/\"},{\"@type\":\"ListItem\",\"position\":2,\"name\":\"Katia Lorenzon\/portfolio\/Dotscreen &#8211; Character design\"}]}]}<\/script>\n<!-- \/ Yoast SEO plugin. -->","yoast_head_json":{"title":"Katia Lorenzon\/portfolio\/Dotscreen - Character design - Katia Lorenzon","robots":{"index":"index","follow":"follow","max-snippet":"max-snippet:-1","max-image-preview":"max-image-preview:large","max-video-preview":"max-video-preview:-1"},"canonical":"https:\/\/katialorenzon.com\/index.php\/katia-lorenzon-portfolio-dotscreen-character-design\/","og_locale":"it_IT","og_type":"article","og_title":"Katia Lorenzon\/portfolio\/Dotscreen - Character design - Katia Lorenzon","og_description":"Character design : set de pictos vectoriels d&#8217;horoscope pour smart TV.\u00a0Cr\u00e9ation graphique pour Dotscreen, soci\u00e9t\u00e9 de conception, design et d\u00e9veloppement d&#8217;application multi-\u00e9cran. Boulogne Billancourt, 2012.","og_url":"https:\/\/katialorenzon.com\/index.php\/katia-lorenzon-portfolio-dotscreen-character-design\/","og_site_name":"Katia Lorenzon","article_modified_time":"2022-01-24T07:42:12+00:00","og_image":[{"url":"http:\/\/katialorenzon.com\/wp-content\/uploads\/2016\/10\/dotscreen-capricorne-illustration-katia-lorenzon.png"}],"twitter_card":"summary","twitter_misc":{"Tempo di lettura stimato":"2 minuti"},"schema":{"@context":"https:\/\/schema.org","@graph":[{"@type":"WebSite","@id":"https:\/\/katialorenzon.com\/#website","url":"https:\/\/katialorenzon.com\/","name":"Katia Lorenzon","description":"Design graphique et illustration","potentialAction":[{"@type":"SearchAction","target":{"@type":"EntryPoint","urlTemplate":"https:\/\/katialorenzon.com\/?s={search_term_string}"},"query-input":"required name=search_term_string"}],"inLanguage":"it-IT"},{"@type":"ImageObject","@id":"https:\/\/katialorenzon.com\/index.php\/katia-lorenzon-portfolio-dotscreen-character-design\/#primaryimage","inLanguage":"it-IT","url":"http:\/\/katialorenzon.com\/wp-content\/uploads\/2016\/10\/dotscreen-capricorne-illustration-katia-lorenzon.png","contentUrl":"http:\/\/katialorenzon.com\/wp-content\/uploads\/2016\/10\/dotscreen-capricorne-illustration-katia-lorenzon.png"},{"@type":"WebPage","@id":"https:\/\/katialorenzon.com\/index.php\/katia-lorenzon-portfolio-dotscreen-character-design\/#webpage","url":"https:\/\/katialorenzon.com\/index.php\/katia-lorenzon-portfolio-dotscreen-character-design\/","name":"Katia Lorenzon\/portfolio\/Dotscreen - Character design - Katia Lorenzon","isPartOf":{"@id":"https:\/\/katialorenzon.com\/#website"},"primaryImageOfPage":{"@id":"https:\/\/katialorenzon.com\/index.php\/katia-lorenzon-portfolio-dotscreen-character-design\/#primaryimage"},"datePublished":"2022-01-02T11:45:00+00:00","dateModified":"2022-01-24T07:42:12+00:00","breadcrumb":{"@id":"https:\/\/katialorenzon.com\/index.php\/katia-lorenzon-portfolio-dotscreen-character-design\/#breadcrumb"},"inLanguage":"it-IT","potentialAction":[{"@type":"ReadAction","target":["https:\/\/katialorenzon.com\/index.php\/katia-lorenzon-portfolio-dotscreen-character-design\/"]}]},{"@type":"BreadcrumbList","@id":"https:\/\/katialorenzon.com\/index.php\/katia-lorenzon-portfolio-dotscreen-character-design\/#breadcrumb","itemListElement":[{"@type":"ListItem","position":1,"name":"Accueil","item":"https:\/\/katialorenzon.com\/"},{"@type":"ListItem","position":2,"name":"Katia Lorenzon\/portfolio\/Dotscreen &#8211; Character design"}]}]}},"_links":{"self":[{"href":"https:\/\/katialorenzon.com\/index.php\/wp-json\/wp\/v2\/pages\/3950"}],"collection":[{"href":"https:\/\/katialorenzon.com\/index.php\/wp-json\/wp\/v2\/pages"}],"about":[{"href":"https:\/\/katialorenzon.com\/index.php\/wp-json\/wp\/v2\/types\/page"}],"author":[{"embeddable":true,"href":"https:\/\/katialorenzon.com\/index.php\/wp-json\/wp\/v2\/users\/1"}],"replies":[{"embeddable":true,"href":"https:\/\/katialorenzon.com\/index.php\/wp-json\/wp\/v2\/comments?post=3950"}],"version-history":[{"count":13,"href":"https:\/\/katialorenzon.com\/index.php\/wp-json\/wp\/v2\/pages\/3950\/revisions"}],"predecessor-version":[{"id":4548,"href":"https:\/\/katialorenzon.com\/index.php\/wp-json\/wp\/v2\/pages\/3950\/revisions\/4548"}],"wp:attachment":[{"href":"https:\/\/katialorenzon.com\/index.php\/wp-json\/wp\/v2\/media?parent=3950"}],"curies":[{"name":"wp","href":"https:\/\/api.w.org\/{rel}","templated":true}]}}