{"id":4087,"date":"2022-01-06T17:29:18","date_gmt":"2022-01-06T16:29:18","guid":{"rendered":"http:\/\/katialorenzon.com\/?page_id=4087"},"modified":"2022-01-23T19:25:51","modified_gmt":"2022-01-23T18:25:51","slug":"katia-lorenzon-portfolio-cartes-de-voeux-2022","status":"publish","type":"page","link":"https:\/\/katialorenzon.com\/index.php\/katia-lorenzon-portfolio-cartes-de-voeux-2022\/","title":{"rendered":"Katia Lorenzon\/portfolio\/Cartes de v\u0153ux 2022"},"content":{"rendered":"\n<p><strong>C<\/strong>haque d\u00e9but d\u2019ann\u00e9e a un caract\u00e8re et une humeur qui lui sont propres.<br>Pour 2022, je souhaitais une effervescence pour dissoudre pesanteurs et inqui\u00e9tudes.<br>J\u2019ai choisi l\u2019harmonie de courbes plut\u00f4t qu\u2019un contraste de lignes cass\u00e9es et d\u00e9clin\u00e9 une gamme de couleurs sobre et naturelle.<br>Enfin, je voulais rappeler la douceur du toucher avec la micro-texture du papier et le rendu chaud et artisanal du trait au crayon. <br><br>Illustrations et lettrage \u00e0 la main pour deux cartes de voeux, li\u00e9es aux festivit\u00e9s de 2022.<em>\u00a0Paris, 2022<\/em>.<\/p>\n\n\n\n<div class=\"wp-block-image\"><figure class=\"aligncenter size-full\"><img decoding=\"async\" loading=\"lazy\" width=\"1000\" height=\"1000\" src=\"https:\/\/katialorenzon.com\/wp-content\/uploads\/2022\/01\/voeux-2022-ville-katia-lorenzon.jpg\" alt=\"\" class=\"wp-image-4106\" srcset=\"https:\/\/katialorenzon.com\/wp-content\/uploads\/2022\/01\/voeux-2022-ville-katia-lorenzon.jpg 1000w, https:\/\/katialorenzon.com\/wp-content\/uploads\/2022\/01\/voeux-2022-ville-katia-lorenzon-300x300.jpg 300w, https:\/\/katialorenzon.com\/wp-content\/uploads\/2022\/01\/voeux-2022-ville-katia-lorenzon-150x150.jpg 150w, https:\/\/katialorenzon.com\/wp-content\/uploads\/2022\/01\/voeux-2022-ville-katia-lorenzon-768x768.jpg 768w\" sizes=\"(max-width: 1000px) 100vw, 1000px\" \/><\/figure><\/div>\n\n\n\n<p><\/p>\n\n\n\n<div class=\"wp-block-image\"><figure class=\"aligncenter size-full\"><img decoding=\"async\" loading=\"lazy\" width=\"1000\" height=\"1000\" src=\"https:\/\/katialorenzon.com\/wp-content\/uploads\/2022\/01\/voeux-2022-detail-bicyclette-katia-lorenzon.jpg\" alt=\"\" class=\"wp-image-4341\" srcset=\"https:\/\/katialorenzon.com\/wp-content\/uploads\/2022\/01\/voeux-2022-detail-bicyclette-katia-lorenzon.jpg 1000w, https:\/\/katialorenzon.com\/wp-content\/uploads\/2022\/01\/voeux-2022-detail-bicyclette-katia-lorenzon-300x300.jpg 300w, https:\/\/katialorenzon.com\/wp-content\/uploads\/2022\/01\/voeux-2022-detail-bicyclette-katia-lorenzon-150x150.jpg 150w, https:\/\/katialorenzon.com\/wp-content\/uploads\/2022\/01\/voeux-2022-detail-bicyclette-katia-lorenzon-768x768.jpg 768w\" sizes=\"(max-width: 1000px) 100vw, 1000px\" \/><\/figure><\/div>\n\n\n\n<p><\/p>\n\n\n\n<div class=\"wp-block-image\"><figure class=\"aligncenter size-full\"><img decoding=\"async\" loading=\"lazy\" width=\"1000\" height=\"1000\" src=\"https:\/\/katialorenzon.com\/wp-content\/uploads\/2022\/01\/voeux-2022-ville-det-katia-lorenzon.jpg\" alt=\"\" class=\"wp-image-4108\" srcset=\"https:\/\/katialorenzon.com\/wp-content\/uploads\/2022\/01\/voeux-2022-ville-det-katia-lorenzon.jpg 1000w, https:\/\/katialorenzon.com\/wp-content\/uploads\/2022\/01\/voeux-2022-ville-det-katia-lorenzon-300x300.jpg 300w, https:\/\/katialorenzon.com\/wp-content\/uploads\/2022\/01\/voeux-2022-ville-det-katia-lorenzon-150x150.jpg 150w, https:\/\/katialorenzon.com\/wp-content\/uploads\/2022\/01\/voeux-2022-ville-det-katia-lorenzon-768x768.jpg 768w\" sizes=\"(max-width: 1000px) 100vw, 1000px\" \/><\/figure><\/div>\n\n\n\n<p><\/p>\n\n\n\n<div class=\"wp-block-image\"><figure class=\"aligncenter size-full\"><img decoding=\"async\" loading=\"lazy\" width=\"1000\" height=\"1000\" src=\"https:\/\/katialorenzon.com\/wp-content\/uploads\/2022\/01\/voeux-2022-antidote-katia-lorenzon.jpg\" alt=\"\" class=\"wp-image-4123\" srcset=\"https:\/\/katialorenzon.com\/wp-content\/uploads\/2022\/01\/voeux-2022-antidote-katia-lorenzon.jpg 1000w, https:\/\/katialorenzon.com\/wp-content\/uploads\/2022\/01\/voeux-2022-antidote-katia-lorenzon-300x300.jpg 300w, https:\/\/katialorenzon.com\/wp-content\/uploads\/2022\/01\/voeux-2022-antidote-katia-lorenzon-150x150.jpg 150w, https:\/\/katialorenzon.com\/wp-content\/uploads\/2022\/01\/voeux-2022-antidote-katia-lorenzon-768x768.jpg 768w\" sizes=\"(max-width: 1000px) 100vw, 1000px\" \/><\/figure><\/div>\n\n\n\n<p><\/p>\n\n\n\n<div class=\"wp-block-image\"><figure class=\"aligncenter size-full\"><img decoding=\"async\" loading=\"lazy\" width=\"1000\" height=\"700\" src=\"https:\/\/katialorenzon.com\/wp-content\/uploads\/2022\/01\/voeux-2022-antidote-detail-katia-lorenzon.jpg\" alt=\"\" class=\"wp-image-4124\" srcset=\"https:\/\/katialorenzon.com\/wp-content\/uploads\/2022\/01\/voeux-2022-antidote-detail-katia-lorenzon.jpg 1000w, https:\/\/katialorenzon.com\/wp-content\/uploads\/2022\/01\/voeux-2022-antidote-detail-katia-lorenzon-300x210.jpg 300w, https:\/\/katialorenzon.com\/wp-content\/uploads\/2022\/01\/voeux-2022-antidote-detail-katia-lorenzon-768x538.jpg 768w\" sizes=\"(max-width: 1000px) 100vw, 1000px\" \/><\/figure><\/div>\n","protected":false},"excerpt":{"rendered":"<p>Chaque d\u00e9but d\u2019ann\u00e9e a un caract\u00e8re et une humeur qui lui sont propres.Pour 2022, je souhaitais une effervescence pour dissoudre pesanteurs et inqui\u00e9tudes.J\u2019ai choisi l\u2019harmonie&#8230;<\/p>\n<div class=\"more-link-wrapper\"><a class=\"more-link\" href=\"https:\/\/katialorenzon.com\/index.php\/katia-lorenzon-portfolio-cartes-de-voeux-2022\/\">zoom<span class=\"screen-reader-text\">Katia Lorenzon\/portfolio\/Cartes de v\u0153ux 2022<\/span><\/a><\/div>\n","protected":false},"author":1,"featured_media":0,"parent":0,"menu_order":0,"comment_status":"closed","ping_status":"closed","template":"","meta":{"footnotes":""},"yoast_head":"<!-- This site is optimized with the Yoast SEO plugin v17.7.1 - https:\/\/yoast.com\/wordpress\/plugins\/seo\/ -->\n<title>Katia Lorenzon\/portfolio\/Cartes de v\u0153ux 2022 - Katia Lorenzon<\/title>\n<meta name=\"robots\" content=\"index, follow, max-snippet:-1, max-image-preview:large, max-video-preview:-1\" \/>\n<link rel=\"canonical\" href=\"https:\/\/katialorenzon.com\/index.php\/katia-lorenzon-portfolio-cartes-de-voeux-2022\/\" \/>\n<meta property=\"og:locale\" content=\"it_IT\" \/>\n<meta property=\"og:type\" content=\"article\" \/>\n<meta property=\"og:title\" content=\"Katia Lorenzon\/portfolio\/Cartes de v\u0153ux 2022 - Katia Lorenzon\" \/>\n<meta property=\"og:description\" content=\"Chaque d\u00e9but d\u2019ann\u00e9e a un caract\u00e8re et une humeur qui lui sont propres.Pour 2022, je souhaitais une effervescence pour dissoudre pesanteurs et inqui\u00e9tudes.J\u2019ai choisi l\u2019harmonie&#8230;\" \/>\n<meta property=\"og:url\" content=\"https:\/\/katialorenzon.com\/index.php\/katia-lorenzon-portfolio-cartes-de-voeux-2022\/\" \/>\n<meta property=\"og:site_name\" content=\"Katia Lorenzon\" \/>\n<meta property=\"article:modified_time\" content=\"2022-01-23T18:25:51+00:00\" \/>\n<meta property=\"og:image\" content=\"http:\/\/katialorenzon.com\/wp-content\/uploads\/2022\/01\/voeux-2022-ville-katia-lorenzon.jpg\" \/>\n<meta name=\"twitter:card\" content=\"summary\" \/>\n<meta name=\"twitter:label1\" content=\"Tempo di lettura stimato\" \/>\n\t<meta name=\"twitter:data1\" content=\"2 minuti\" \/>\n<script type=\"application\/ld+json\" class=\"yoast-schema-graph\">{\"@context\":\"https:\/\/schema.org\",\"@graph\":[{\"@type\":\"WebSite\",\"@id\":\"https:\/\/katialorenzon.com\/#website\",\"url\":\"https:\/\/katialorenzon.com\/\",\"name\":\"Katia Lorenzon\",\"description\":\"Design graphique et illustration\",\"potentialAction\":[{\"@type\":\"SearchAction\",\"target\":{\"@type\":\"EntryPoint\",\"urlTemplate\":\"https:\/\/katialorenzon.com\/?s={search_term_string}\"},\"query-input\":\"required name=search_term_string\"}],\"inLanguage\":\"it-IT\"},{\"@type\":\"ImageObject\",\"@id\":\"https:\/\/katialorenzon.com\/index.php\/katia-lorenzon-portfolio-cartes-de-voeux-2022\/#primaryimage\",\"inLanguage\":\"it-IT\",\"url\":\"http:\/\/katialorenzon.com\/wp-content\/uploads\/2022\/01\/voeux-2022-ville-katia-lorenzon.jpg\",\"contentUrl\":\"http:\/\/katialorenzon.com\/wp-content\/uploads\/2022\/01\/voeux-2022-ville-katia-lorenzon.jpg\"},{\"@type\":\"WebPage\",\"@id\":\"https:\/\/katialorenzon.com\/index.php\/katia-lorenzon-portfolio-cartes-de-voeux-2022\/#webpage\",\"url\":\"https:\/\/katialorenzon.com\/index.php\/katia-lorenzon-portfolio-cartes-de-voeux-2022\/\",\"name\":\"Katia Lorenzon\/portfolio\/Cartes de v\\u0153ux 2022 - Katia Lorenzon\",\"isPartOf\":{\"@id\":\"https:\/\/katialorenzon.com\/#website\"},\"primaryImageOfPage\":{\"@id\":\"https:\/\/katialorenzon.com\/index.php\/katia-lorenzon-portfolio-cartes-de-voeux-2022\/#primaryimage\"},\"datePublished\":\"2022-01-06T16:29:18+00:00\",\"dateModified\":\"2022-01-23T18:25:51+00:00\",\"breadcrumb\":{\"@id\":\"https:\/\/katialorenzon.com\/index.php\/katia-lorenzon-portfolio-cartes-de-voeux-2022\/#breadcrumb\"},\"inLanguage\":\"it-IT\",\"potentialAction\":[{\"@type\":\"ReadAction\",\"target\":[\"https:\/\/katialorenzon.com\/index.php\/katia-lorenzon-portfolio-cartes-de-voeux-2022\/\"]}]},{\"@type\":\"BreadcrumbList\",\"@id\":\"https:\/\/katialorenzon.com\/index.php\/katia-lorenzon-portfolio-cartes-de-voeux-2022\/#breadcrumb\",\"itemListElement\":[{\"@type\":\"ListItem\",\"position\":1,\"name\":\"Accueil\",\"item\":\"https:\/\/katialorenzon.com\/\"},{\"@type\":\"ListItem\",\"position\":2,\"name\":\"Katia Lorenzon\/portfolio\/Cartes de v\\u0153ux 2022\"}]}]}<\/script>\n<!-- \/ Yoast SEO plugin. -->","yoast_head_json":{"title":"Katia Lorenzon\/portfolio\/Cartes de v\u0153ux 2022 - Katia Lorenzon","robots":{"index":"index","follow":"follow","max-snippet":"max-snippet:-1","max-image-preview":"max-image-preview:large","max-video-preview":"max-video-preview:-1"},"canonical":"https:\/\/katialorenzon.com\/index.php\/katia-lorenzon-portfolio-cartes-de-voeux-2022\/","og_locale":"it_IT","og_type":"article","og_title":"Katia Lorenzon\/portfolio\/Cartes de v\u0153ux 2022 - Katia Lorenzon","og_description":"Chaque d\u00e9but d\u2019ann\u00e9e a un caract\u00e8re et une humeur qui lui sont propres.Pour 2022, je souhaitais une effervescence pour dissoudre pesanteurs et inqui\u00e9tudes.J\u2019ai choisi l\u2019harmonie&#8230;","og_url":"https:\/\/katialorenzon.com\/index.php\/katia-lorenzon-portfolio-cartes-de-voeux-2022\/","og_site_name":"Katia Lorenzon","article_modified_time":"2022-01-23T18:25:51+00:00","og_image":[{"url":"http:\/\/katialorenzon.com\/wp-content\/uploads\/2022\/01\/voeux-2022-ville-katia-lorenzon.jpg"}],"twitter_card":"summary","twitter_misc":{"Tempo di lettura stimato":"2 minuti"},"schema":{"@context":"https:\/\/schema.org","@graph":[{"@type":"WebSite","@id":"https:\/\/katialorenzon.com\/#website","url":"https:\/\/katialorenzon.com\/","name":"Katia Lorenzon","description":"Design graphique et illustration","potentialAction":[{"@type":"SearchAction","target":{"@type":"EntryPoint","urlTemplate":"https:\/\/katialorenzon.com\/?s={search_term_string}"},"query-input":"required name=search_term_string"}],"inLanguage":"it-IT"},{"@type":"ImageObject","@id":"https:\/\/katialorenzon.com\/index.php\/katia-lorenzon-portfolio-cartes-de-voeux-2022\/#primaryimage","inLanguage":"it-IT","url":"http:\/\/katialorenzon.com\/wp-content\/uploads\/2022\/01\/voeux-2022-ville-katia-lorenzon.jpg","contentUrl":"http:\/\/katialorenzon.com\/wp-content\/uploads\/2022\/01\/voeux-2022-ville-katia-lorenzon.jpg"},{"@type":"WebPage","@id":"https:\/\/katialorenzon.com\/index.php\/katia-lorenzon-portfolio-cartes-de-voeux-2022\/#webpage","url":"https:\/\/katialorenzon.com\/index.php\/katia-lorenzon-portfolio-cartes-de-voeux-2022\/","name":"Katia Lorenzon\/portfolio\/Cartes de v\u0153ux 2022 - Katia Lorenzon","isPartOf":{"@id":"https:\/\/katialorenzon.com\/#website"},"primaryImageOfPage":{"@id":"https:\/\/katialorenzon.com\/index.php\/katia-lorenzon-portfolio-cartes-de-voeux-2022\/#primaryimage"},"datePublished":"2022-01-06T16:29:18+00:00","dateModified":"2022-01-23T18:25:51+00:00","breadcrumb":{"@id":"https:\/\/katialorenzon.com\/index.php\/katia-lorenzon-portfolio-cartes-de-voeux-2022\/#breadcrumb"},"inLanguage":"it-IT","potentialAction":[{"@type":"ReadAction","target":["https:\/\/katialorenzon.com\/index.php\/katia-lorenzon-portfolio-cartes-de-voeux-2022\/"]}]},{"@type":"BreadcrumbList","@id":"https:\/\/katialorenzon.com\/index.php\/katia-lorenzon-portfolio-cartes-de-voeux-2022\/#breadcrumb","itemListElement":[{"@type":"ListItem","position":1,"name":"Accueil","item":"https:\/\/katialorenzon.com\/"},{"@type":"ListItem","position":2,"name":"Katia Lorenzon\/portfolio\/Cartes de v\u0153ux 2022"}]}]}},"_links":{"self":[{"href":"https:\/\/katialorenzon.com\/index.php\/wp-json\/wp\/v2\/pages\/4087"}],"collection":[{"href":"https:\/\/katialorenzon.com\/index.php\/wp-json\/wp\/v2\/pages"}],"about":[{"href":"https:\/\/katialorenzon.com\/index.php\/wp-json\/wp\/v2\/types\/page"}],"author":[{"embeddable":true,"href":"https:\/\/katialorenzon.com\/index.php\/wp-json\/wp\/v2\/users\/1"}],"replies":[{"embeddable":true,"href":"https:\/\/katialorenzon.com\/index.php\/wp-json\/wp\/v2\/comments?post=4087"}],"version-history":[{"count":23,"href":"https:\/\/katialorenzon.com\/index.php\/wp-json\/wp\/v2\/pages\/4087\/revisions"}],"predecessor-version":[{"id":4357,"href":"https:\/\/katialorenzon.com\/index.php\/wp-json\/wp\/v2\/pages\/4087\/revisions\/4357"}],"wp:attachment":[{"href":"https:\/\/katialorenzon.com\/index.php\/wp-json\/wp\/v2\/media?parent=4087"}],"curies":[{"name":"wp","href":"https:\/\/api.w.org\/{rel}","templated":true}]}}