{"id":4161,"date":"2022-01-07T10:59:27","date_gmt":"2022-01-07T09:59:27","guid":{"rendered":"http:\/\/katialorenzon.com\/?page_id=4161"},"modified":"2022-01-23T23:34:38","modified_gmt":"2022-01-23T22:34:38","slug":"katia-lorenzon-portfolio-gruppo-alcuni-decors-de-theatre-layouts","status":"publish","type":"page","link":"https:\/\/katialorenzon.com\/index.php\/katia-lorenzon-portfolio-gruppo-alcuni-decors-de-theatre-layouts\/","title":{"rendered":"Katia Lorenzon\/portfolio\/Gruppo Alcuni &#8211; D\u00e9cors de th\u00e9\u00e2tre, layouts"},"content":{"rendered":"\n<p class=\"has-text-align-left\"><strong>M<\/strong>on travail, allie mon coup de crayon \u00e0 mes comp\u00e9tence num\u00e9riques. J\u2019ai produit un certain nombre de layouts pour d\u00e9cors destin\u00e9s au th\u00e9\u00e2tre, aux dessins anim\u00e9s pour la t\u00e9l\u00e9vision et aux applications multi \u00e9crans.<br><br>Dans cette page : layouts pour d\u00e9cors de th\u00e9\u00e2tre de la pi\u00e8ce \u201c<em>Il folletto del bosco di mezzo<\/em>\u201d. Production\u00a0<strong>Gruppo Alcuni<\/strong><em>,\u00a0<\/em>soci\u00e9t\u00e9 active dans le\u00a0th\u00e9\u00e2tre jeunesse et les productions de dessins anim\u00e9s pour la t\u00e9l\u00e9vision.\u00a0<em>Italie,\u00a02007<\/em><\/p>\n\n\n\n<div class=\"wp-block-image\"><figure class=\"aligncenter size-full\"><img decoding=\"async\" loading=\"lazy\" width=\"1000\" height=\"722\" src=\"https:\/\/katialorenzon.com\/wp-content\/uploads\/2016\/10\/decor-layout-galerie-1.jpg\" alt=\"layout pour d\u00e9cors de th\u00e9\u00e2tre, katia lorenzon\" class=\"wp-image-1158\" srcset=\"https:\/\/katialorenzon.com\/wp-content\/uploads\/2016\/10\/decor-layout-galerie-1.jpg 1000w, https:\/\/katialorenzon.com\/wp-content\/uploads\/2016\/10\/decor-layout-galerie-1-300x217.jpg 300w, https:\/\/katialorenzon.com\/wp-content\/uploads\/2016\/10\/decor-layout-galerie-1-768x554.jpg 768w\" sizes=\"(max-width: 1000px) 100vw, 1000px\" \/><\/figure><\/div>\n\n\n\n<p><\/p>\n\n\n\n<div class=\"wp-block-image\"><figure class=\"aligncenter size-full\"><img decoding=\"async\" loading=\"lazy\" width=\"1000\" height=\"438\" src=\"https:\/\/katialorenzon.com\/wp-content\/uploads\/2016\/10\/decor-theatre-paysage-layout-katia-lorenzon.jpg\" alt=\"arbres et rue, layout d\u00e9cors de th\u00e9\u00e2tre\" class=\"wp-image-802\" srcset=\"https:\/\/katialorenzon.com\/wp-content\/uploads\/2016\/10\/decor-theatre-paysage-layout-katia-lorenzon.jpg 1000w, https:\/\/katialorenzon.com\/wp-content\/uploads\/2016\/10\/decor-theatre-paysage-layout-katia-lorenzon-300x131.jpg 300w, https:\/\/katialorenzon.com\/wp-content\/uploads\/2016\/10\/decor-theatre-paysage-layout-katia-lorenzon-768x336.jpg 768w\" sizes=\"(max-width: 1000px) 100vw, 1000px\" \/><\/figure><\/div>\n\n\n\n<p><\/p>\n\n\n\n<div class=\"wp-block-image\"><figure class=\"aligncenter size-full\"><img decoding=\"async\" loading=\"lazy\" width=\"1000\" height=\"716\" src=\"https:\/\/katialorenzon.com\/wp-content\/uploads\/2016\/10\/decor-theatre-layout-katia-lorenzon.jpg\" alt=\"arbres1 layout d\u00e9cors de th\u00e9\u00e2tre\" class=\"wp-image-801\" srcset=\"https:\/\/katialorenzon.com\/wp-content\/uploads\/2016\/10\/decor-theatre-layout-katia-lorenzon.jpg 1000w, https:\/\/katialorenzon.com\/wp-content\/uploads\/2016\/10\/decor-theatre-layout-katia-lorenzon-300x215.jpg 300w, https:\/\/katialorenzon.com\/wp-content\/uploads\/2016\/10\/decor-theatre-layout-katia-lorenzon-768x550.jpg 768w\" sizes=\"(max-width: 1000px) 100vw, 1000px\" \/><\/figure><\/div>\n\n\n\n<p><\/p>\n\n\n\n<div class=\"wp-block-image\"><figure class=\"aligncenter size-full\"><img decoding=\"async\" loading=\"lazy\" width=\"1000\" height=\"222\" src=\"https:\/\/katialorenzon.com\/wp-content\/uploads\/2016\/10\/decor-theatre-total-layout-katia-lorenzon.jpg\" alt=\"arbres layout d\u00e9cors de th\u00e9\u00e2tre\" class=\"wp-image-805\" srcset=\"https:\/\/katialorenzon.com\/wp-content\/uploads\/2016\/10\/decor-theatre-total-layout-katia-lorenzon.jpg 1000w, https:\/\/katialorenzon.com\/wp-content\/uploads\/2016\/10\/decor-theatre-total-layout-katia-lorenzon-300x67.jpg 300w, https:\/\/katialorenzon.com\/wp-content\/uploads\/2016\/10\/decor-theatre-total-layout-katia-lorenzon-768x170.jpg 768w\" sizes=\"(max-width: 1000px) 100vw, 1000px\" \/><\/figure><\/div>\n\n\n\n<p><\/p>\n\n\n\n<div class=\"wp-block-image\"><figure class=\"aligncenter size-full\"><img decoding=\"async\" loading=\"lazy\" width=\"722\" height=\"800\" src=\"https:\/\/katialorenzon.com\/wp-content\/uploads\/2016\/10\/decor-theatre-total-boutique-katia-lorenzon.jpg\" alt=\"bazar etnique 1 layout d\u00e9cors de th\u00e9\u00e2tre\" class=\"wp-image-803\" srcset=\"https:\/\/katialorenzon.com\/wp-content\/uploads\/2016\/10\/decor-theatre-total-boutique-katia-lorenzon.jpg 722w, https:\/\/katialorenzon.com\/wp-content\/uploads\/2016\/10\/decor-theatre-total-boutique-katia-lorenzon-271x300.jpg 271w\" sizes=\"(max-width: 722px) 100vw, 722px\" \/><\/figure><\/div>\n\n\n\n<p><\/p>\n\n\n\n<div class=\"wp-block-image\"><figure class=\"aligncenter size-full\"><img decoding=\"async\" loading=\"lazy\" width=\"714\" height=\"800\" src=\"https:\/\/katialorenzon.com\/wp-content\/uploads\/2016\/10\/decor-theatre-total-etnique-katia-lorenzon.jpg\" alt=\"bazar etnique 1 layout d\u00e9cors de th\u00e9\u00e2tre\" class=\"wp-image-804\" srcset=\"https:\/\/katialorenzon.com\/wp-content\/uploads\/2016\/10\/decor-theatre-total-etnique-katia-lorenzon.jpg 714w, https:\/\/katialorenzon.com\/wp-content\/uploads\/2016\/10\/decor-theatre-total-etnique-katia-lorenzon-268x300.jpg 268w\" sizes=\"(max-width: 714px) 100vw, 714px\" \/><\/figure><\/div>\n","protected":false},"excerpt":{"rendered":"<p>Mon travail, allie mon coup de crayon \u00e0 mes comp\u00e9tence num\u00e9riques. J\u2019ai produit un certain nombre de layouts pour d\u00e9cors destin\u00e9s au th\u00e9\u00e2tre, aux dessins&#8230;<\/p>\n<div class=\"more-link-wrapper\"><a class=\"more-link\" href=\"https:\/\/katialorenzon.com\/index.php\/katia-lorenzon-portfolio-gruppo-alcuni-decors-de-theatre-layouts\/\">zoom<span class=\"screen-reader-text\">Katia Lorenzon\/portfolio\/Gruppo Alcuni &#8211; D\u00e9cors de th\u00e9\u00e2tre, layouts<\/span><\/a><\/div>\n","protected":false},"author":1,"featured_media":0,"parent":0,"menu_order":0,"comment_status":"closed","ping_status":"closed","template":"","meta":{"footnotes":""},"yoast_head":"<!-- This site is optimized with the Yoast SEO plugin v17.7.1 - https:\/\/yoast.com\/wordpress\/plugins\/seo\/ -->\n<title>Katia Lorenzon\/portfolio\/Gruppo Alcuni - D\u00e9cors de th\u00e9\u00e2tre, layouts - Katia Lorenzon<\/title>\n<meta name=\"robots\" content=\"index, follow, max-snippet:-1, max-image-preview:large, max-video-preview:-1\" \/>\n<link rel=\"canonical\" href=\"https:\/\/katialorenzon.com\/index.php\/katia-lorenzon-portfolio-gruppo-alcuni-decors-de-theatre-layouts\/\" \/>\n<meta property=\"og:locale\" content=\"it_IT\" \/>\n<meta property=\"og:type\" content=\"article\" \/>\n<meta property=\"og:title\" content=\"Katia Lorenzon\/portfolio\/Gruppo Alcuni - D\u00e9cors de th\u00e9\u00e2tre, layouts - Katia Lorenzon\" \/>\n<meta property=\"og:description\" content=\"Mon travail, allie mon coup de crayon \u00e0 mes comp\u00e9tence num\u00e9riques. J\u2019ai produit un certain nombre de layouts pour d\u00e9cors destin\u00e9s au th\u00e9\u00e2tre, aux dessins&#8230;\" \/>\n<meta property=\"og:url\" content=\"https:\/\/katialorenzon.com\/index.php\/katia-lorenzon-portfolio-gruppo-alcuni-decors-de-theatre-layouts\/\" \/>\n<meta property=\"og:site_name\" content=\"Katia Lorenzon\" \/>\n<meta property=\"article:modified_time\" content=\"2022-01-23T22:34:38+00:00\" \/>\n<meta property=\"og:image\" content=\"http:\/\/katialorenzon.com\/wp-content\/uploads\/2016\/10\/decor-layout-galerie-1.jpg\" \/>\n<meta name=\"twitter:card\" content=\"summary\" \/>\n<meta name=\"twitter:label1\" content=\"Tempo di lettura stimato\" \/>\n\t<meta name=\"twitter:data1\" content=\"2 minuti\" \/>\n<script type=\"application\/ld+json\" class=\"yoast-schema-graph\">{\"@context\":\"https:\/\/schema.org\",\"@graph\":[{\"@type\":\"WebSite\",\"@id\":\"https:\/\/katialorenzon.com\/#website\",\"url\":\"https:\/\/katialorenzon.com\/\",\"name\":\"Katia Lorenzon\",\"description\":\"Design graphique et illustration\",\"potentialAction\":[{\"@type\":\"SearchAction\",\"target\":{\"@type\":\"EntryPoint\",\"urlTemplate\":\"https:\/\/katialorenzon.com\/?s={search_term_string}\"},\"query-input\":\"required name=search_term_string\"}],\"inLanguage\":\"it-IT\"},{\"@type\":\"ImageObject\",\"@id\":\"https:\/\/katialorenzon.com\/index.php\/katia-lorenzon-portfolio-gruppo-alcuni-decors-de-theatre-layouts\/#primaryimage\",\"inLanguage\":\"it-IT\",\"url\":\"http:\/\/katialorenzon.com\/wp-content\/uploads\/2016\/10\/decor-layout-galerie-1.jpg\",\"contentUrl\":\"http:\/\/katialorenzon.com\/wp-content\/uploads\/2016\/10\/decor-layout-galerie-1.jpg\"},{\"@type\":\"WebPage\",\"@id\":\"https:\/\/katialorenzon.com\/index.php\/katia-lorenzon-portfolio-gruppo-alcuni-decors-de-theatre-layouts\/#webpage\",\"url\":\"https:\/\/katialorenzon.com\/index.php\/katia-lorenzon-portfolio-gruppo-alcuni-decors-de-theatre-layouts\/\",\"name\":\"Katia Lorenzon\/portfolio\/Gruppo Alcuni - D\\u00e9cors de th\\u00e9\\u00e2tre, layouts - Katia Lorenzon\",\"isPartOf\":{\"@id\":\"https:\/\/katialorenzon.com\/#website\"},\"primaryImageOfPage\":{\"@id\":\"https:\/\/katialorenzon.com\/index.php\/katia-lorenzon-portfolio-gruppo-alcuni-decors-de-theatre-layouts\/#primaryimage\"},\"datePublished\":\"2022-01-07T09:59:27+00:00\",\"dateModified\":\"2022-01-23T22:34:38+00:00\",\"breadcrumb\":{\"@id\":\"https:\/\/katialorenzon.com\/index.php\/katia-lorenzon-portfolio-gruppo-alcuni-decors-de-theatre-layouts\/#breadcrumb\"},\"inLanguage\":\"it-IT\",\"potentialAction\":[{\"@type\":\"ReadAction\",\"target\":[\"https:\/\/katialorenzon.com\/index.php\/katia-lorenzon-portfolio-gruppo-alcuni-decors-de-theatre-layouts\/\"]}]},{\"@type\":\"BreadcrumbList\",\"@id\":\"https:\/\/katialorenzon.com\/index.php\/katia-lorenzon-portfolio-gruppo-alcuni-decors-de-theatre-layouts\/#breadcrumb\",\"itemListElement\":[{\"@type\":\"ListItem\",\"position\":1,\"name\":\"Accueil\",\"item\":\"https:\/\/katialorenzon.com\/\"},{\"@type\":\"ListItem\",\"position\":2,\"name\":\"Katia Lorenzon\/portfolio\/Gruppo Alcuni &#8211; D\\u00e9cors de th\\u00e9\\u00e2tre, layouts\"}]}]}<\/script>\n<!-- \/ Yoast SEO plugin. -->","yoast_head_json":{"title":"Katia Lorenzon\/portfolio\/Gruppo Alcuni - D\u00e9cors de th\u00e9\u00e2tre, layouts - Katia Lorenzon","robots":{"index":"index","follow":"follow","max-snippet":"max-snippet:-1","max-image-preview":"max-image-preview:large","max-video-preview":"max-video-preview:-1"},"canonical":"https:\/\/katialorenzon.com\/index.php\/katia-lorenzon-portfolio-gruppo-alcuni-decors-de-theatre-layouts\/","og_locale":"it_IT","og_type":"article","og_title":"Katia Lorenzon\/portfolio\/Gruppo Alcuni - D\u00e9cors de th\u00e9\u00e2tre, layouts - Katia Lorenzon","og_description":"Mon travail, allie mon coup de crayon \u00e0 mes comp\u00e9tence num\u00e9riques. J\u2019ai produit un certain nombre de layouts pour d\u00e9cors destin\u00e9s au th\u00e9\u00e2tre, aux dessins&#8230;","og_url":"https:\/\/katialorenzon.com\/index.php\/katia-lorenzon-portfolio-gruppo-alcuni-decors-de-theatre-layouts\/","og_site_name":"Katia Lorenzon","article_modified_time":"2022-01-23T22:34:38+00:00","og_image":[{"url":"http:\/\/katialorenzon.com\/wp-content\/uploads\/2016\/10\/decor-layout-galerie-1.jpg"}],"twitter_card":"summary","twitter_misc":{"Tempo di lettura stimato":"2 minuti"},"schema":{"@context":"https:\/\/schema.org","@graph":[{"@type":"WebSite","@id":"https:\/\/katialorenzon.com\/#website","url":"https:\/\/katialorenzon.com\/","name":"Katia Lorenzon","description":"Design graphique et illustration","potentialAction":[{"@type":"SearchAction","target":{"@type":"EntryPoint","urlTemplate":"https:\/\/katialorenzon.com\/?s={search_term_string}"},"query-input":"required name=search_term_string"}],"inLanguage":"it-IT"},{"@type":"ImageObject","@id":"https:\/\/katialorenzon.com\/index.php\/katia-lorenzon-portfolio-gruppo-alcuni-decors-de-theatre-layouts\/#primaryimage","inLanguage":"it-IT","url":"http:\/\/katialorenzon.com\/wp-content\/uploads\/2016\/10\/decor-layout-galerie-1.jpg","contentUrl":"http:\/\/katialorenzon.com\/wp-content\/uploads\/2016\/10\/decor-layout-galerie-1.jpg"},{"@type":"WebPage","@id":"https:\/\/katialorenzon.com\/index.php\/katia-lorenzon-portfolio-gruppo-alcuni-decors-de-theatre-layouts\/#webpage","url":"https:\/\/katialorenzon.com\/index.php\/katia-lorenzon-portfolio-gruppo-alcuni-decors-de-theatre-layouts\/","name":"Katia Lorenzon\/portfolio\/Gruppo Alcuni - D\u00e9cors de th\u00e9\u00e2tre, layouts - Katia Lorenzon","isPartOf":{"@id":"https:\/\/katialorenzon.com\/#website"},"primaryImageOfPage":{"@id":"https:\/\/katialorenzon.com\/index.php\/katia-lorenzon-portfolio-gruppo-alcuni-decors-de-theatre-layouts\/#primaryimage"},"datePublished":"2022-01-07T09:59:27+00:00","dateModified":"2022-01-23T22:34:38+00:00","breadcrumb":{"@id":"https:\/\/katialorenzon.com\/index.php\/katia-lorenzon-portfolio-gruppo-alcuni-decors-de-theatre-layouts\/#breadcrumb"},"inLanguage":"it-IT","potentialAction":[{"@type":"ReadAction","target":["https:\/\/katialorenzon.com\/index.php\/katia-lorenzon-portfolio-gruppo-alcuni-decors-de-theatre-layouts\/"]}]},{"@type":"BreadcrumbList","@id":"https:\/\/katialorenzon.com\/index.php\/katia-lorenzon-portfolio-gruppo-alcuni-decors-de-theatre-layouts\/#breadcrumb","itemListElement":[{"@type":"ListItem","position":1,"name":"Accueil","item":"https:\/\/katialorenzon.com\/"},{"@type":"ListItem","position":2,"name":"Katia Lorenzon\/portfolio\/Gruppo Alcuni &#8211; D\u00e9cors de th\u00e9\u00e2tre, layouts"}]}]}},"_links":{"self":[{"href":"https:\/\/katialorenzon.com\/index.php\/wp-json\/wp\/v2\/pages\/4161"}],"collection":[{"href":"https:\/\/katialorenzon.com\/index.php\/wp-json\/wp\/v2\/pages"}],"about":[{"href":"https:\/\/katialorenzon.com\/index.php\/wp-json\/wp\/v2\/types\/page"}],"author":[{"embeddable":true,"href":"https:\/\/katialorenzon.com\/index.php\/wp-json\/wp\/v2\/users\/1"}],"replies":[{"embeddable":true,"href":"https:\/\/katialorenzon.com\/index.php\/wp-json\/wp\/v2\/comments?post=4161"}],"version-history":[{"count":13,"href":"https:\/\/katialorenzon.com\/index.php\/wp-json\/wp\/v2\/pages\/4161\/revisions"}],"predecessor-version":[{"id":4539,"href":"https:\/\/katialorenzon.com\/index.php\/wp-json\/wp\/v2\/pages\/4161\/revisions\/4539"}],"wp:attachment":[{"href":"https:\/\/katialorenzon.com\/index.php\/wp-json\/wp\/v2\/media?parent=4161"}],"curies":[{"name":"wp","href":"https:\/\/api.w.org\/{rel}","templated":true}]}}