{"id":4618,"date":"2022-10-02T21:28:45","date_gmt":"2022-10-02T19:28:45","guid":{"rendered":"http:\/\/katialorenzon.com\/?page_id=4618"},"modified":"2022-10-28T11:37:24","modified_gmt":"2022-10-28T09:37:24","slug":"katia-lorenzon-portfolio-gaby-le-pirate","status":"publish","type":"page","link":"https:\/\/katialorenzon.com\/index.php\/katia-lorenzon-portfolio-gaby-le-pirate\/","title":{"rendered":"Katia Lorenzon\/portfolio\/Gaby le pirate &#8211; volume 1"},"content":{"rendered":"\n<p><strong>C<\/strong>et \u00e9t\u00e9, ma v\u00e9ritable aventure a \u00e9t\u00e9 un voyage imaginaire.<br>J&#8217;ai d\u00e9barqu\u00e9 dans l&#8217;\u00eele la plus pure et ensoleill\u00e9e, j&#8217;y ai cherch\u00e9 une fleur myst\u00e9rieuse et je suis all\u00e9e \u00e0 la rencontre de Gaby, un pirate hirsute et ombrageux, mais avec les yeux qui p\u00e9tillent, un tee-shirt technicolor et un c\u0153ur d&#8217;or.<br><br>C&#8217;est avec joie que j&#8217;ai collabor\u00e9 \u00e0 ce projet, dont j&#8217;ai d\u00e9velopp\u00e9 la narration visuelle, le concept graphique et suivi la fabrication.<br>Album illustr\u00e9<strong> &#8220;Gaby le pirate&#8221;<\/strong> &#8211; volume 1. \u00c0 partir d&#8217;un sujet et du texte de <strong>Cyril Regnier.<\/strong> <em>Paris, 2022.<\/em><\/p>\n\n\n\n<p><\/p>\n\n\n\n<figure class=\"wp-block-image size-full\"><img decoding=\"async\" loading=\"lazy\" width=\"1000\" height=\"800\" src=\"https:\/\/katialorenzon.com\/wp-content\/uploads\/2022\/10\/gaby-le-pirate-couverture.jpg\" alt=\"\" class=\"wp-image-4622\" srcset=\"https:\/\/katialorenzon.com\/wp-content\/uploads\/2022\/10\/gaby-le-pirate-couverture.jpg 1000w, https:\/\/katialorenzon.com\/wp-content\/uploads\/2022\/10\/gaby-le-pirate-couverture-300x240.jpg 300w, https:\/\/katialorenzon.com\/wp-content\/uploads\/2022\/10\/gaby-le-pirate-couverture-768x614.jpg 768w\" sizes=\"(max-width: 1000px) 100vw, 1000px\" \/><\/figure>\n\n\n\n<p><\/p>\n\n\n\n<figure class=\"wp-block-image size-full\"><img decoding=\"async\" loading=\"lazy\" width=\"1000\" height=\"800\" src=\"https:\/\/katialorenzon.com\/wp-content\/uploads\/2022\/10\/gaby-le-pirate-reveil.jpg\" alt=\"\" class=\"wp-image-4626\" srcset=\"https:\/\/katialorenzon.com\/wp-content\/uploads\/2022\/10\/gaby-le-pirate-reveil.jpg 1000w, https:\/\/katialorenzon.com\/wp-content\/uploads\/2022\/10\/gaby-le-pirate-reveil-300x240.jpg 300w, https:\/\/katialorenzon.com\/wp-content\/uploads\/2022\/10\/gaby-le-pirate-reveil-768x614.jpg 768w\" sizes=\"(max-width: 1000px) 100vw, 1000px\" \/><\/figure>\n\n\n\n<p><\/p>\n\n\n\n<figure class=\"wp-block-image size-full\"><img decoding=\"async\" loading=\"lazy\" width=\"1000\" height=\"500\" src=\"https:\/\/katialorenzon.com\/wp-content\/uploads\/2022\/10\/gaby-le-pirate-petit-dejeuner-katia-lorenzon.jpg\" alt=\"\" class=\"wp-image-4624\" srcset=\"https:\/\/katialorenzon.com\/wp-content\/uploads\/2022\/10\/gaby-le-pirate-petit-dejeuner-katia-lorenzon.jpg 1000w, https:\/\/katialorenzon.com\/wp-content\/uploads\/2022\/10\/gaby-le-pirate-petit-dejeuner-katia-lorenzon-300x150.jpg 300w, https:\/\/katialorenzon.com\/wp-content\/uploads\/2022\/10\/gaby-le-pirate-petit-dejeuner-katia-lorenzon-768x384.jpg 768w\" sizes=\"(max-width: 1000px) 100vw, 1000px\" \/><\/figure>\n\n\n\n<p><\/p>\n\n\n\n<figure class=\"wp-block-image size-full\"><img decoding=\"async\" loading=\"lazy\" width=\"1000\" height=\"700\" src=\"https:\/\/katialorenzon.com\/wp-content\/uploads\/2022\/10\/gaby-le-pirate-pages-internes-katia-lorenzon.jpg\" alt=\"\" class=\"wp-image-4680\" srcset=\"https:\/\/katialorenzon.com\/wp-content\/uploads\/2022\/10\/gaby-le-pirate-pages-internes-katia-lorenzon.jpg 1000w, https:\/\/katialorenzon.com\/wp-content\/uploads\/2022\/10\/gaby-le-pirate-pages-internes-katia-lorenzon-300x210.jpg 300w, https:\/\/katialorenzon.com\/wp-content\/uploads\/2022\/10\/gaby-le-pirate-pages-internes-katia-lorenzon-768x538.jpg 768w\" sizes=\"(max-width: 1000px) 100vw, 1000px\" \/><\/figure>\n\n\n\n<p><\/p>\n\n\n\n<figure class=\"wp-block-image size-full\"><img decoding=\"async\" loading=\"lazy\" width=\"1000\" height=\"650\" src=\"https:\/\/katialorenzon.com\/wp-content\/uploads\/2022\/10\/gaby-le-pirate-petit-en-plein-mer-katia-lorenzon.jpg\" alt=\"\" class=\"wp-image-4625\" srcset=\"https:\/\/katialorenzon.com\/wp-content\/uploads\/2022\/10\/gaby-le-pirate-petit-en-plein-mer-katia-lorenzon.jpg 1000w, https:\/\/katialorenzon.com\/wp-content\/uploads\/2022\/10\/gaby-le-pirate-petit-en-plein-mer-katia-lorenzon-300x195.jpg 300w, https:\/\/katialorenzon.com\/wp-content\/uploads\/2022\/10\/gaby-le-pirate-petit-en-plein-mer-katia-lorenzon-768x499.jpg 768w\" sizes=\"(max-width: 1000px) 100vw, 1000px\" \/><\/figure>\n\n\n\n<p><\/p>\n\n\n\n<figure class=\"wp-block-image size-full\"><img decoding=\"async\" loading=\"lazy\" width=\"1000\" height=\"500\" src=\"https:\/\/katialorenzon.com\/wp-content\/uploads\/2022\/10\/gaby-le-pirate-dans-le-bateau-katia-lorenzon.jpg\" alt=\"\" class=\"wp-image-4627\" srcset=\"https:\/\/katialorenzon.com\/wp-content\/uploads\/2022\/10\/gaby-le-pirate-dans-le-bateau-katia-lorenzon.jpg 1000w, https:\/\/katialorenzon.com\/wp-content\/uploads\/2022\/10\/gaby-le-pirate-dans-le-bateau-katia-lorenzon-300x150.jpg 300w, https:\/\/katialorenzon.com\/wp-content\/uploads\/2022\/10\/gaby-le-pirate-dans-le-bateau-katia-lorenzon-768x384.jpg 768w\" sizes=\"(max-width: 1000px) 100vw, 1000px\" \/><\/figure>\n\n\n\n<p><\/p>\n\n\n\n<figure class=\"wp-block-image size-full\"><img decoding=\"async\" loading=\"lazy\" width=\"1000\" height=\"800\" src=\"https:\/\/katialorenzon.com\/wp-content\/uploads\/2022\/10\/gaby-le-pirate-et-l-ile-camille-katia-lorenzon.jpg\" alt=\"\" class=\"wp-image-4628\" srcset=\"https:\/\/katialorenzon.com\/wp-content\/uploads\/2022\/10\/gaby-le-pirate-et-l-ile-camille-katia-lorenzon.jpg 1000w, https:\/\/katialorenzon.com\/wp-content\/uploads\/2022\/10\/gaby-le-pirate-et-l-ile-camille-katia-lorenzon-300x240.jpg 300w, https:\/\/katialorenzon.com\/wp-content\/uploads\/2022\/10\/gaby-le-pirate-et-l-ile-camille-katia-lorenzon-768x614.jpg 768w\" sizes=\"(max-width: 1000px) 100vw, 1000px\" \/><\/figure>\n\n\n\n<p><\/p>\n\n\n\n<figure class=\"wp-block-image size-full\"><img decoding=\"async\" loading=\"lazy\" width=\"1000\" height=\"800\" src=\"https:\/\/katialorenzon.com\/wp-content\/uploads\/2022\/10\/gaby-le-pirate-dans-l-oeil-du-cyclone-katia-lorenzon.jpg\" alt=\"\" class=\"wp-image-4629\" srcset=\"https:\/\/katialorenzon.com\/wp-content\/uploads\/2022\/10\/gaby-le-pirate-dans-l-oeil-du-cyclone-katia-lorenzon.jpg 1000w, https:\/\/katialorenzon.com\/wp-content\/uploads\/2022\/10\/gaby-le-pirate-dans-l-oeil-du-cyclone-katia-lorenzon-300x240.jpg 300w, https:\/\/katialorenzon.com\/wp-content\/uploads\/2022\/10\/gaby-le-pirate-dans-l-oeil-du-cyclone-katia-lorenzon-768x614.jpg 768w\" sizes=\"(max-width: 1000px) 100vw, 1000px\" \/><\/figure>\n\n\n\n<p><\/p>\n\n\n\n<figure class=\"wp-block-image size-full\"><img decoding=\"async\" loading=\"lazy\" width=\"1000\" height=\"500\" src=\"https:\/\/katialorenzon.com\/wp-content\/uploads\/2022\/10\/gaby-le-pirate-gardes-de-couleurs-katia-lorenzon.jpg\" alt=\"\" class=\"wp-image-4630\" srcset=\"https:\/\/katialorenzon.com\/wp-content\/uploads\/2022\/10\/gaby-le-pirate-gardes-de-couleurs-katia-lorenzon.jpg 1000w, https:\/\/katialorenzon.com\/wp-content\/uploads\/2022\/10\/gaby-le-pirate-gardes-de-couleurs-katia-lorenzon-300x150.jpg 300w, https:\/\/katialorenzon.com\/wp-content\/uploads\/2022\/10\/gaby-le-pirate-gardes-de-couleurs-katia-lorenzon-768x384.jpg 768w\" sizes=\"(max-width: 1000px) 100vw, 1000px\" \/><\/figure>\n\n\n\n<p><\/p>\n\n\n\n<figure class=\"wp-block-image size-full\"><img decoding=\"async\" loading=\"lazy\" width=\"1000\" height=\"800\" src=\"https:\/\/katialorenzon.com\/wp-content\/uploads\/2022\/10\/gaby-le-pirate-volume-1.jpg\" alt=\"\" class=\"wp-image-4631\" srcset=\"https:\/\/katialorenzon.com\/wp-content\/uploads\/2022\/10\/gaby-le-pirate-volume-1.jpg 1000w, https:\/\/katialorenzon.com\/wp-content\/uploads\/2022\/10\/gaby-le-pirate-volume-1-300x240.jpg 300w, https:\/\/katialorenzon.com\/wp-content\/uploads\/2022\/10\/gaby-le-pirate-volume-1-768x614.jpg 768w\" sizes=\"(max-width: 1000px) 100vw, 1000px\" \/><\/figure>\n","protected":false},"excerpt":{"rendered":"<p>Cet \u00e9t\u00e9, ma v\u00e9ritable aventure a \u00e9t\u00e9 un voyage imaginaire.J&#8217;ai d\u00e9barqu\u00e9 dans l&#8217;\u00eele la plus pure et ensoleill\u00e9e, j&#8217;y ai cherch\u00e9 une fleur myst\u00e9rieuse et&#8230;<\/p>\n<div class=\"more-link-wrapper\"><a class=\"more-link\" href=\"https:\/\/katialorenzon.com\/index.php\/katia-lorenzon-portfolio-gaby-le-pirate\/\">zoom<span class=\"screen-reader-text\">Katia Lorenzon\/portfolio\/Gaby le pirate &#8211; volume 1<\/span><\/a><\/div>\n","protected":false},"author":1,"featured_media":0,"parent":0,"menu_order":0,"comment_status":"closed","ping_status":"closed","template":"","meta":{"footnotes":""},"yoast_head":"<!-- This site is optimized with the Yoast SEO plugin v17.7.1 - https:\/\/yoast.com\/wordpress\/plugins\/seo\/ -->\n<title>Katia Lorenzon\/portfolio\/Gaby le pirate - volume 1 - Katia Lorenzon<\/title>\n<meta name=\"robots\" content=\"index, follow, max-snippet:-1, max-image-preview:large, max-video-preview:-1\" \/>\n<link rel=\"canonical\" href=\"https:\/\/katialorenzon.com\/index.php\/katia-lorenzon-portfolio-gaby-le-pirate\/\" \/>\n<meta property=\"og:locale\" content=\"it_IT\" \/>\n<meta property=\"og:type\" content=\"article\" \/>\n<meta property=\"og:title\" content=\"Katia Lorenzon\/portfolio\/Gaby le pirate - volume 1 - Katia Lorenzon\" \/>\n<meta property=\"og:description\" content=\"Cet \u00e9t\u00e9, ma v\u00e9ritable aventure a \u00e9t\u00e9 un voyage imaginaire.J&#8217;ai d\u00e9barqu\u00e9 dans l&#8217;\u00eele la plus pure et ensoleill\u00e9e, j&#8217;y ai cherch\u00e9 une fleur myst\u00e9rieuse et&#8230;\" \/>\n<meta property=\"og:url\" content=\"https:\/\/katialorenzon.com\/index.php\/katia-lorenzon-portfolio-gaby-le-pirate\/\" \/>\n<meta property=\"og:site_name\" content=\"Katia Lorenzon\" \/>\n<meta property=\"article:modified_time\" content=\"2022-10-28T09:37:24+00:00\" \/>\n<meta property=\"og:image\" content=\"http:\/\/katialorenzon.com\/wp-content\/uploads\/2022\/10\/gaby-le-pirate-couverture.jpg\" \/>\n<meta name=\"twitter:card\" content=\"summary\" \/>\n<meta name=\"twitter:label1\" content=\"Tempo di lettura stimato\" \/>\n\t<meta name=\"twitter:data1\" content=\"3 minuti\" \/>\n<script type=\"application\/ld+json\" class=\"yoast-schema-graph\">{\"@context\":\"https:\/\/schema.org\",\"@graph\":[{\"@type\":\"WebSite\",\"@id\":\"https:\/\/katialorenzon.com\/#website\",\"url\":\"https:\/\/katialorenzon.com\/\",\"name\":\"Katia Lorenzon\",\"description\":\"Design graphique et illustration\",\"potentialAction\":[{\"@type\":\"SearchAction\",\"target\":{\"@type\":\"EntryPoint\",\"urlTemplate\":\"https:\/\/katialorenzon.com\/?s={search_term_string}\"},\"query-input\":\"required name=search_term_string\"}],\"inLanguage\":\"it-IT\"},{\"@type\":\"ImageObject\",\"@id\":\"https:\/\/katialorenzon.com\/index.php\/katia-lorenzon-portfolio-gaby-le-pirate\/#primaryimage\",\"inLanguage\":\"it-IT\",\"url\":\"http:\/\/katialorenzon.com\/wp-content\/uploads\/2022\/10\/gaby-le-pirate-couverture.jpg\",\"contentUrl\":\"http:\/\/katialorenzon.com\/wp-content\/uploads\/2022\/10\/gaby-le-pirate-couverture.jpg\"},{\"@type\":\"WebPage\",\"@id\":\"https:\/\/katialorenzon.com\/index.php\/katia-lorenzon-portfolio-gaby-le-pirate\/#webpage\",\"url\":\"https:\/\/katialorenzon.com\/index.php\/katia-lorenzon-portfolio-gaby-le-pirate\/\",\"name\":\"Katia Lorenzon\/portfolio\/Gaby le pirate - volume 1 - Katia Lorenzon\",\"isPartOf\":{\"@id\":\"https:\/\/katialorenzon.com\/#website\"},\"primaryImageOfPage\":{\"@id\":\"https:\/\/katialorenzon.com\/index.php\/katia-lorenzon-portfolio-gaby-le-pirate\/#primaryimage\"},\"datePublished\":\"2022-10-02T19:28:45+00:00\",\"dateModified\":\"2022-10-28T09:37:24+00:00\",\"breadcrumb\":{\"@id\":\"https:\/\/katialorenzon.com\/index.php\/katia-lorenzon-portfolio-gaby-le-pirate\/#breadcrumb\"},\"inLanguage\":\"it-IT\",\"potentialAction\":[{\"@type\":\"ReadAction\",\"target\":[\"https:\/\/katialorenzon.com\/index.php\/katia-lorenzon-portfolio-gaby-le-pirate\/\"]}]},{\"@type\":\"BreadcrumbList\",\"@id\":\"https:\/\/katialorenzon.com\/index.php\/katia-lorenzon-portfolio-gaby-le-pirate\/#breadcrumb\",\"itemListElement\":[{\"@type\":\"ListItem\",\"position\":1,\"name\":\"Accueil\",\"item\":\"https:\/\/katialorenzon.com\/\"},{\"@type\":\"ListItem\",\"position\":2,\"name\":\"Katia Lorenzon\/portfolio\/Gaby le pirate &#8211; volume 1\"}]}]}<\/script>\n<!-- \/ Yoast SEO plugin. -->","yoast_head_json":{"title":"Katia Lorenzon\/portfolio\/Gaby le pirate - volume 1 - Katia Lorenzon","robots":{"index":"index","follow":"follow","max-snippet":"max-snippet:-1","max-image-preview":"max-image-preview:large","max-video-preview":"max-video-preview:-1"},"canonical":"https:\/\/katialorenzon.com\/index.php\/katia-lorenzon-portfolio-gaby-le-pirate\/","og_locale":"it_IT","og_type":"article","og_title":"Katia Lorenzon\/portfolio\/Gaby le pirate - volume 1 - Katia Lorenzon","og_description":"Cet \u00e9t\u00e9, ma v\u00e9ritable aventure a \u00e9t\u00e9 un voyage imaginaire.J&#8217;ai d\u00e9barqu\u00e9 dans l&#8217;\u00eele la plus pure et ensoleill\u00e9e, j&#8217;y ai cherch\u00e9 une fleur myst\u00e9rieuse et&#8230;","og_url":"https:\/\/katialorenzon.com\/index.php\/katia-lorenzon-portfolio-gaby-le-pirate\/","og_site_name":"Katia Lorenzon","article_modified_time":"2022-10-28T09:37:24+00:00","og_image":[{"url":"http:\/\/katialorenzon.com\/wp-content\/uploads\/2022\/10\/gaby-le-pirate-couverture.jpg"}],"twitter_card":"summary","twitter_misc":{"Tempo di lettura stimato":"3 minuti"},"schema":{"@context":"https:\/\/schema.org","@graph":[{"@type":"WebSite","@id":"https:\/\/katialorenzon.com\/#website","url":"https:\/\/katialorenzon.com\/","name":"Katia Lorenzon","description":"Design graphique et illustration","potentialAction":[{"@type":"SearchAction","target":{"@type":"EntryPoint","urlTemplate":"https:\/\/katialorenzon.com\/?s={search_term_string}"},"query-input":"required name=search_term_string"}],"inLanguage":"it-IT"},{"@type":"ImageObject","@id":"https:\/\/katialorenzon.com\/index.php\/katia-lorenzon-portfolio-gaby-le-pirate\/#primaryimage","inLanguage":"it-IT","url":"http:\/\/katialorenzon.com\/wp-content\/uploads\/2022\/10\/gaby-le-pirate-couverture.jpg","contentUrl":"http:\/\/katialorenzon.com\/wp-content\/uploads\/2022\/10\/gaby-le-pirate-couverture.jpg"},{"@type":"WebPage","@id":"https:\/\/katialorenzon.com\/index.php\/katia-lorenzon-portfolio-gaby-le-pirate\/#webpage","url":"https:\/\/katialorenzon.com\/index.php\/katia-lorenzon-portfolio-gaby-le-pirate\/","name":"Katia Lorenzon\/portfolio\/Gaby le pirate - volume 1 - Katia Lorenzon","isPartOf":{"@id":"https:\/\/katialorenzon.com\/#website"},"primaryImageOfPage":{"@id":"https:\/\/katialorenzon.com\/index.php\/katia-lorenzon-portfolio-gaby-le-pirate\/#primaryimage"},"datePublished":"2022-10-02T19:28:45+00:00","dateModified":"2022-10-28T09:37:24+00:00","breadcrumb":{"@id":"https:\/\/katialorenzon.com\/index.php\/katia-lorenzon-portfolio-gaby-le-pirate\/#breadcrumb"},"inLanguage":"it-IT","potentialAction":[{"@type":"ReadAction","target":["https:\/\/katialorenzon.com\/index.php\/katia-lorenzon-portfolio-gaby-le-pirate\/"]}]},{"@type":"BreadcrumbList","@id":"https:\/\/katialorenzon.com\/index.php\/katia-lorenzon-portfolio-gaby-le-pirate\/#breadcrumb","itemListElement":[{"@type":"ListItem","position":1,"name":"Accueil","item":"https:\/\/katialorenzon.com\/"},{"@type":"ListItem","position":2,"name":"Katia Lorenzon\/portfolio\/Gaby le pirate &#8211; volume 1"}]}]}},"_links":{"self":[{"href":"https:\/\/katialorenzon.com\/index.php\/wp-json\/wp\/v2\/pages\/4618"}],"collection":[{"href":"https:\/\/katialorenzon.com\/index.php\/wp-json\/wp\/v2\/pages"}],"about":[{"href":"https:\/\/katialorenzon.com\/index.php\/wp-json\/wp\/v2\/types\/page"}],"author":[{"embeddable":true,"href":"https:\/\/katialorenzon.com\/index.php\/wp-json\/wp\/v2\/users\/1"}],"replies":[{"embeddable":true,"href":"https:\/\/katialorenzon.com\/index.php\/wp-json\/wp\/v2\/comments?post=4618"}],"version-history":[{"count":21,"href":"https:\/\/katialorenzon.com\/index.php\/wp-json\/wp\/v2\/pages\/4618\/revisions"}],"predecessor-version":[{"id":4720,"href":"https:\/\/katialorenzon.com\/index.php\/wp-json\/wp\/v2\/pages\/4618\/revisions\/4720"}],"wp:attachment":[{"href":"https:\/\/katialorenzon.com\/index.php\/wp-json\/wp\/v2\/media?parent=4618"}],"curies":[{"name":"wp","href":"https:\/\/api.w.org\/{rel}","templated":true}]}}