{"id":4732,"date":"2023-01-28T21:06:37","date_gmt":"2023-01-28T20:06:37","guid":{"rendered":"http:\/\/katialorenzon.com\/?page_id=4732"},"modified":"2023-10-25T19:01:57","modified_gmt":"2023-10-25T17:01:57","slug":"katia-lorenzon-portfolio-cartes-de-voeux-2023","status":"publish","type":"page","link":"https:\/\/katialorenzon.com\/index.php\/katia-lorenzon-portfolio-cartes-de-voeux-2023\/","title":{"rendered":"Katia Lorenzon\/portfolio\/Cartes de v\u0153ux 2023"},"content":{"rendered":"\n<p><strong>V<\/strong>\u0153ux 2023, mini-s\u00e9rie de deux cartes.<br><br>Pour cette nouvelle ann\u00e9e, un trait essentiel et des images faites d&#8217;\u00e9nergie joyeuse.<br>\u00c9lan orient\u00e9, id\u00e9alement, autant \u00e0 l&#8217;ext\u00e9rieur vers les grands espaces, qu&#8217;\u00e0 l&#8217;int\u00e9rieur en donnant la place aux grandes bouff\u00e9es d&#8217;oxyg\u00e8ne. Bonne ann\u00e9e ! <em>Paris, 2023.<\/em><\/p>\n\n\n\n<figure class=\"wp-block-image size-full\"><img decoding=\"async\" loading=\"lazy\" width=\"1000\" height=\"667\" src=\"https:\/\/katialorenzon.com\/wp-content\/uploads\/2023\/01\/voeux-2023-heureux-2023-katia-lorenzon.jpg\" alt=\"\" class=\"wp-image-4743\" srcset=\"https:\/\/katialorenzon.com\/wp-content\/uploads\/2023\/01\/voeux-2023-heureux-2023-katia-lorenzon.jpg 1000w, https:\/\/katialorenzon.com\/wp-content\/uploads\/2023\/01\/voeux-2023-heureux-2023-katia-lorenzon-300x200.jpg 300w, https:\/\/katialorenzon.com\/wp-content\/uploads\/2023\/01\/voeux-2023-heureux-2023-katia-lorenzon-768x512.jpg 768w\" sizes=\"(max-width: 1000px) 100vw, 1000px\" \/><\/figure>\n\n\n\n<p><\/p>\n\n\n\n<figure class=\"wp-block-image size-full\"><img decoding=\"async\" loading=\"lazy\" width=\"1000\" height=\"667\" src=\"https:\/\/katialorenzon.com\/wp-content\/uploads\/2023\/01\/voeux-2023-heureux-2023-detail-katia-lorenzon.jpg\" alt=\"\" class=\"wp-image-4753\" srcset=\"https:\/\/katialorenzon.com\/wp-content\/uploads\/2023\/01\/voeux-2023-heureux-2023-detail-katia-lorenzon.jpg 1000w, https:\/\/katialorenzon.com\/wp-content\/uploads\/2023\/01\/voeux-2023-heureux-2023-detail-katia-lorenzon-300x200.jpg 300w, https:\/\/katialorenzon.com\/wp-content\/uploads\/2023\/01\/voeux-2023-heureux-2023-detail-katia-lorenzon-768x512.jpg 768w\" sizes=\"(max-width: 1000px) 100vw, 1000px\" \/><\/figure>\n\n\n\n<p><\/p>\n\n\n\n<figure class=\"wp-block-image size-full\"><img decoding=\"async\" loading=\"lazy\" width=\"1000\" height=\"667\" src=\"https:\/\/katialorenzon.com\/wp-content\/uploads\/2023\/01\/voeux-2023-sound-katia-lorenzon.jpg\" alt=\"\" class=\"wp-image-4729\" srcset=\"https:\/\/katialorenzon.com\/wp-content\/uploads\/2023\/01\/voeux-2023-sound-katia-lorenzon.jpg 1000w, https:\/\/katialorenzon.com\/wp-content\/uploads\/2023\/01\/voeux-2023-sound-katia-lorenzon-300x200.jpg 300w, https:\/\/katialorenzon.com\/wp-content\/uploads\/2023\/01\/voeux-2023-sound-katia-lorenzon-768x512.jpg 768w\" sizes=\"(max-width: 1000px) 100vw, 1000px\" \/><\/figure>\n\n\n\n<p><\/p>\n\n\n\n<figure class=\"wp-block-image size-full\"><img decoding=\"async\" loading=\"lazy\" width=\"1000\" height=\"667\" src=\"https:\/\/katialorenzon.com\/wp-content\/uploads\/2023\/01\/voeux-2023-sound-katia-lorenzon-det.jpg\" alt=\"\" class=\"wp-image-4730\" srcset=\"https:\/\/katialorenzon.com\/wp-content\/uploads\/2023\/01\/voeux-2023-sound-katia-lorenzon-det.jpg 1000w, https:\/\/katialorenzon.com\/wp-content\/uploads\/2023\/01\/voeux-2023-sound-katia-lorenzon-det-300x200.jpg 300w, https:\/\/katialorenzon.com\/wp-content\/uploads\/2023\/01\/voeux-2023-sound-katia-lorenzon-det-768x512.jpg 768w\" sizes=\"(max-width: 1000px) 100vw, 1000px\" \/><\/figure>\n\n\n\n<p><\/p>\n\n\n\n<p><\/p>\n\n\n\n<p><\/p>\n\n\n\n<p><\/p>\n","protected":false},"excerpt":{"rendered":"<p>V\u0153ux 2023, mini-s\u00e9rie de deux cartes. Pour cette nouvelle ann\u00e9e, un trait essentiel et des images faites d&#8217;\u00e9nergie joyeuse.\u00c9lan orient\u00e9, id\u00e9alement, autant \u00e0 l&#8217;ext\u00e9rieur vers&#8230;<\/p>\n<div class=\"more-link-wrapper\"><a class=\"more-link\" href=\"https:\/\/katialorenzon.com\/index.php\/katia-lorenzon-portfolio-cartes-de-voeux-2023\/\">zoom<span class=\"screen-reader-text\">Katia Lorenzon\/portfolio\/Cartes de v\u0153ux 2023<\/span><\/a><\/div>\n","protected":false},"author":1,"featured_media":0,"parent":0,"menu_order":0,"comment_status":"closed","ping_status":"closed","template":"","meta":{"footnotes":""},"yoast_head":"<!-- This site is optimized with the Yoast SEO plugin v17.7.1 - https:\/\/yoast.com\/wordpress\/plugins\/seo\/ -->\n<title>Katia Lorenzon\/portfolio\/Cartes de v\u0153ux 2023 - Katia Lorenzon<\/title>\n<meta name=\"robots\" content=\"index, follow, max-snippet:-1, max-image-preview:large, max-video-preview:-1\" \/>\n<link rel=\"canonical\" href=\"https:\/\/katialorenzon.com\/index.php\/katia-lorenzon-portfolio-cartes-de-voeux-2023\/\" \/>\n<meta property=\"og:locale\" content=\"it_IT\" \/>\n<meta property=\"og:type\" content=\"article\" \/>\n<meta property=\"og:title\" content=\"Katia Lorenzon\/portfolio\/Cartes de v\u0153ux 2023 - Katia Lorenzon\" \/>\n<meta property=\"og:description\" content=\"V\u0153ux 2023, mini-s\u00e9rie de deux cartes. Pour cette nouvelle ann\u00e9e, un trait essentiel et des images faites d&#8217;\u00e9nergie joyeuse.\u00c9lan orient\u00e9, id\u00e9alement, autant \u00e0 l&#8217;ext\u00e9rieur vers&#8230;\" \/>\n<meta property=\"og:url\" content=\"https:\/\/katialorenzon.com\/index.php\/katia-lorenzon-portfolio-cartes-de-voeux-2023\/\" \/>\n<meta property=\"og:site_name\" content=\"Katia Lorenzon\" \/>\n<meta property=\"article:modified_time\" content=\"2023-10-25T17:01:57+00:00\" \/>\n<meta property=\"og:image\" content=\"http:\/\/katialorenzon.com\/wp-content\/uploads\/2023\/01\/voeux-2023-heureux-2023-katia-lorenzon.jpg\" \/>\n<meta name=\"twitter:card\" content=\"summary\" \/>\n<meta name=\"twitter:label1\" content=\"Tempo di lettura stimato\" \/>\n\t<meta name=\"twitter:data1\" content=\"1 minuto\" \/>\n<script type=\"application\/ld+json\" class=\"yoast-schema-graph\">{\"@context\":\"https:\/\/schema.org\",\"@graph\":[{\"@type\":\"WebSite\",\"@id\":\"https:\/\/katialorenzon.com\/#website\",\"url\":\"https:\/\/katialorenzon.com\/\",\"name\":\"Katia Lorenzon\",\"description\":\"Design graphique et illustration\",\"potentialAction\":[{\"@type\":\"SearchAction\",\"target\":{\"@type\":\"EntryPoint\",\"urlTemplate\":\"https:\/\/katialorenzon.com\/?s={search_term_string}\"},\"query-input\":\"required name=search_term_string\"}],\"inLanguage\":\"it-IT\"},{\"@type\":\"ImageObject\",\"@id\":\"https:\/\/katialorenzon.com\/index.php\/katia-lorenzon-portfolio-cartes-de-voeux-2023\/#primaryimage\",\"inLanguage\":\"it-IT\",\"url\":\"http:\/\/katialorenzon.com\/wp-content\/uploads\/2023\/01\/voeux-2023-heureux-2023-katia-lorenzon.jpg\",\"contentUrl\":\"http:\/\/katialorenzon.com\/wp-content\/uploads\/2023\/01\/voeux-2023-heureux-2023-katia-lorenzon.jpg\"},{\"@type\":\"WebPage\",\"@id\":\"https:\/\/katialorenzon.com\/index.php\/katia-lorenzon-portfolio-cartes-de-voeux-2023\/#webpage\",\"url\":\"https:\/\/katialorenzon.com\/index.php\/katia-lorenzon-portfolio-cartes-de-voeux-2023\/\",\"name\":\"Katia Lorenzon\/portfolio\/Cartes de v\\u0153ux 2023 - Katia Lorenzon\",\"isPartOf\":{\"@id\":\"https:\/\/katialorenzon.com\/#website\"},\"primaryImageOfPage\":{\"@id\":\"https:\/\/katialorenzon.com\/index.php\/katia-lorenzon-portfolio-cartes-de-voeux-2023\/#primaryimage\"},\"datePublished\":\"2023-01-28T20:06:37+00:00\",\"dateModified\":\"2023-10-25T17:01:57+00:00\",\"breadcrumb\":{\"@id\":\"https:\/\/katialorenzon.com\/index.php\/katia-lorenzon-portfolio-cartes-de-voeux-2023\/#breadcrumb\"},\"inLanguage\":\"it-IT\",\"potentialAction\":[{\"@type\":\"ReadAction\",\"target\":[\"https:\/\/katialorenzon.com\/index.php\/katia-lorenzon-portfolio-cartes-de-voeux-2023\/\"]}]},{\"@type\":\"BreadcrumbList\",\"@id\":\"https:\/\/katialorenzon.com\/index.php\/katia-lorenzon-portfolio-cartes-de-voeux-2023\/#breadcrumb\",\"itemListElement\":[{\"@type\":\"ListItem\",\"position\":1,\"name\":\"Accueil\",\"item\":\"https:\/\/katialorenzon.com\/\"},{\"@type\":\"ListItem\",\"position\":2,\"name\":\"Katia Lorenzon\/portfolio\/Cartes de v\\u0153ux 2023\"}]}]}<\/script>\n<!-- \/ Yoast SEO plugin. -->","yoast_head_json":{"title":"Katia Lorenzon\/portfolio\/Cartes de v\u0153ux 2023 - Katia Lorenzon","robots":{"index":"index","follow":"follow","max-snippet":"max-snippet:-1","max-image-preview":"max-image-preview:large","max-video-preview":"max-video-preview:-1"},"canonical":"https:\/\/katialorenzon.com\/index.php\/katia-lorenzon-portfolio-cartes-de-voeux-2023\/","og_locale":"it_IT","og_type":"article","og_title":"Katia Lorenzon\/portfolio\/Cartes de v\u0153ux 2023 - Katia Lorenzon","og_description":"V\u0153ux 2023, mini-s\u00e9rie de deux cartes. Pour cette nouvelle ann\u00e9e, un trait essentiel et des images faites d&#8217;\u00e9nergie joyeuse.\u00c9lan orient\u00e9, id\u00e9alement, autant \u00e0 l&#8217;ext\u00e9rieur vers&#8230;","og_url":"https:\/\/katialorenzon.com\/index.php\/katia-lorenzon-portfolio-cartes-de-voeux-2023\/","og_site_name":"Katia Lorenzon","article_modified_time":"2023-10-25T17:01:57+00:00","og_image":[{"url":"http:\/\/katialorenzon.com\/wp-content\/uploads\/2023\/01\/voeux-2023-heureux-2023-katia-lorenzon.jpg"}],"twitter_card":"summary","twitter_misc":{"Tempo di lettura stimato":"1 minuto"},"schema":{"@context":"https:\/\/schema.org","@graph":[{"@type":"WebSite","@id":"https:\/\/katialorenzon.com\/#website","url":"https:\/\/katialorenzon.com\/","name":"Katia Lorenzon","description":"Design graphique et illustration","potentialAction":[{"@type":"SearchAction","target":{"@type":"EntryPoint","urlTemplate":"https:\/\/katialorenzon.com\/?s={search_term_string}"},"query-input":"required name=search_term_string"}],"inLanguage":"it-IT"},{"@type":"ImageObject","@id":"https:\/\/katialorenzon.com\/index.php\/katia-lorenzon-portfolio-cartes-de-voeux-2023\/#primaryimage","inLanguage":"it-IT","url":"http:\/\/katialorenzon.com\/wp-content\/uploads\/2023\/01\/voeux-2023-heureux-2023-katia-lorenzon.jpg","contentUrl":"http:\/\/katialorenzon.com\/wp-content\/uploads\/2023\/01\/voeux-2023-heureux-2023-katia-lorenzon.jpg"},{"@type":"WebPage","@id":"https:\/\/katialorenzon.com\/index.php\/katia-lorenzon-portfolio-cartes-de-voeux-2023\/#webpage","url":"https:\/\/katialorenzon.com\/index.php\/katia-lorenzon-portfolio-cartes-de-voeux-2023\/","name":"Katia Lorenzon\/portfolio\/Cartes de v\u0153ux 2023 - Katia Lorenzon","isPartOf":{"@id":"https:\/\/katialorenzon.com\/#website"},"primaryImageOfPage":{"@id":"https:\/\/katialorenzon.com\/index.php\/katia-lorenzon-portfolio-cartes-de-voeux-2023\/#primaryimage"},"datePublished":"2023-01-28T20:06:37+00:00","dateModified":"2023-10-25T17:01:57+00:00","breadcrumb":{"@id":"https:\/\/katialorenzon.com\/index.php\/katia-lorenzon-portfolio-cartes-de-voeux-2023\/#breadcrumb"},"inLanguage":"it-IT","potentialAction":[{"@type":"ReadAction","target":["https:\/\/katialorenzon.com\/index.php\/katia-lorenzon-portfolio-cartes-de-voeux-2023\/"]}]},{"@type":"BreadcrumbList","@id":"https:\/\/katialorenzon.com\/index.php\/katia-lorenzon-portfolio-cartes-de-voeux-2023\/#breadcrumb","itemListElement":[{"@type":"ListItem","position":1,"name":"Accueil","item":"https:\/\/katialorenzon.com\/"},{"@type":"ListItem","position":2,"name":"Katia Lorenzon\/portfolio\/Cartes de v\u0153ux 2023"}]}]}},"_links":{"self":[{"href":"https:\/\/katialorenzon.com\/index.php\/wp-json\/wp\/v2\/pages\/4732"}],"collection":[{"href":"https:\/\/katialorenzon.com\/index.php\/wp-json\/wp\/v2\/pages"}],"about":[{"href":"https:\/\/katialorenzon.com\/index.php\/wp-json\/wp\/v2\/types\/page"}],"author":[{"embeddable":true,"href":"https:\/\/katialorenzon.com\/index.php\/wp-json\/wp\/v2\/users\/1"}],"replies":[{"embeddable":true,"href":"https:\/\/katialorenzon.com\/index.php\/wp-json\/wp\/v2\/comments?post=4732"}],"version-history":[{"count":14,"href":"https:\/\/katialorenzon.com\/index.php\/wp-json\/wp\/v2\/pages\/4732\/revisions"}],"predecessor-version":[{"id":4770,"href":"https:\/\/katialorenzon.com\/index.php\/wp-json\/wp\/v2\/pages\/4732\/revisions\/4770"}],"wp:attachment":[{"href":"https:\/\/katialorenzon.com\/index.php\/wp-json\/wp\/v2\/media?parent=4732"}],"curies":[{"name":"wp","href":"https:\/\/api.w.org\/{rel}","templated":true}]}}