{"id":499,"date":"2016-10-17T11:56:20","date_gmt":"2016-10-17T09:56:20","guid":{"rendered":"http:\/\/katialorenzon.com\/?page_id=499"},"modified":"2022-01-24T08:41:13","modified_gmt":"2022-01-24T07:41:13","slug":"portfolio-aptilink-carte-de-voeux","status":"publish","type":"page","link":"https:\/\/katialorenzon.com\/index.php\/portfolio-aptilink-carte-de-voeux\/","title":{"rendered":"Katia Lorenzon\/portfolio\/Aptilink\/Carte de v\u0153ux"},"content":{"rendered":"<p><strong>D<\/strong>esign graphique et illustrations pour la carte de v\u0153ux promotionnelle. Client : <strong>Aptilink, <\/strong>soci\u00e9t\u00e9 s&#8217;occupant de digital learning, de vid\u00e9o interactives et de dispositifs de formation. <em>Paris\/Saint-Germain-en-Laye 2016<\/em>.<\/p>\n\n\n<div class=\"wp-block-image\"><figure class=\"aligncenter size-large is-resized\"><img decoding=\"async\" loading=\"lazy\" src=\"https:\/\/katialorenzon.com\/wp-content\/uploads\/2022\/01\/aptilink-carte-voeux-350x1024.jpg\" alt=\"\" class=\"wp-image-3897\" width=\"1000\" height=\"2923\" srcset=\"https:\/\/katialorenzon.com\/wp-content\/uploads\/2022\/01\/aptilink-carte-voeux-350x1024.jpg 350w, https:\/\/katialorenzon.com\/wp-content\/uploads\/2022\/01\/aptilink-carte-voeux-103x300.jpg 103w, https:\/\/katialorenzon.com\/wp-content\/uploads\/2022\/01\/aptilink-carte-voeux-768x2245.jpg 768w, https:\/\/katialorenzon.com\/wp-content\/uploads\/2022\/01\/aptilink-carte-voeux-525x1536.jpg 525w, https:\/\/katialorenzon.com\/wp-content\/uploads\/2022\/01\/aptilink-carte-voeux-701x2048.jpg 701w, https:\/\/katialorenzon.com\/wp-content\/uploads\/2022\/01\/aptilink-carte-voeux-scaled.jpg 876w\" sizes=\"(max-width: 1000px) 100vw, 1000px\" \/><\/figure><\/div>\n\n\n\n<div class=\"wp-block-image\"><figure class=\"aligncenter size-full\"><img decoding=\"async\" loading=\"lazy\" width=\"1000\" height=\"355\" src=\"https:\/\/katialorenzon.com\/wp-content\/uploads\/2016\/10\/logo-aptilink.png\" alt=\"\" class=\"wp-image-1274\" srcset=\"https:\/\/katialorenzon.com\/wp-content\/uploads\/2016\/10\/logo-aptilink.png 1000w, https:\/\/katialorenzon.com\/wp-content\/uploads\/2016\/10\/logo-aptilink-300x107.png 300w, https:\/\/katialorenzon.com\/wp-content\/uploads\/2016\/10\/logo-aptilink-768x273.png 768w\" sizes=\"(max-width: 1000px) 100vw, 1000px\" \/><\/figure><\/div>\n","protected":false},"excerpt":{"rendered":"<p>Design graphique et illustrations pour la carte de v\u0153ux promotionnelle. Client : Aptilink, soci\u00e9t\u00e9 s&#8217;occupant de digital learning, de vid\u00e9o interactives et de dispositifs de&#8230;<\/p>\n<div class=\"more-link-wrapper\"><a class=\"more-link\" href=\"https:\/\/katialorenzon.com\/index.php\/portfolio-aptilink-carte-de-voeux\/\">zoom<span class=\"screen-reader-text\">Katia Lorenzon\/portfolio\/Aptilink\/Carte de v\u0153ux<\/span><\/a><\/div>\n","protected":false},"author":1,"featured_media":0,"parent":0,"menu_order":0,"comment_status":"closed","ping_status":"closed","template":"","meta":{"footnotes":""},"yoast_head":"<!-- This site is optimized with the Yoast SEO plugin v17.7.1 - https:\/\/yoast.com\/wordpress\/plugins\/seo\/ -->\n<title>Katia Lorenzon\/portfolio\/Aptilink\/Carte de v\u0153ux - Katia Lorenzon<\/title>\n<meta name=\"robots\" content=\"index, follow, max-snippet:-1, max-image-preview:large, max-video-preview:-1\" \/>\n<link rel=\"canonical\" href=\"https:\/\/katialorenzon.com\/index.php\/portfolio-aptilink-carte-de-voeux\/\" \/>\n<meta property=\"og:locale\" content=\"it_IT\" \/>\n<meta property=\"og:type\" content=\"article\" \/>\n<meta property=\"og:title\" content=\"Katia Lorenzon\/portfolio\/Aptilink\/Carte de v\u0153ux - Katia Lorenzon\" \/>\n<meta property=\"og:description\" content=\"Design graphique et illustrations pour la carte de v\u0153ux promotionnelle. Client : Aptilink, soci\u00e9t\u00e9 s&#8217;occupant de digital learning, de vid\u00e9o interactives et de dispositifs de&#8230;\" \/>\n<meta property=\"og:url\" content=\"https:\/\/katialorenzon.com\/index.php\/portfolio-aptilink-carte-de-voeux\/\" \/>\n<meta property=\"og:site_name\" content=\"Katia Lorenzon\" \/>\n<meta property=\"article:modified_time\" content=\"2022-01-24T07:41:13+00:00\" \/>\n<meta property=\"og:image\" content=\"http:\/\/katialorenzon.com\/wp-content\/uploads\/2022\/01\/aptilink-carte-voeux-350x1024.jpg\" \/>\n<meta name=\"twitter:card\" content=\"summary\" \/>\n<meta name=\"twitter:label1\" content=\"Tempo di lettura stimato\" \/>\n\t<meta name=\"twitter:data1\" content=\"1 minuto\" \/>\n<script type=\"application\/ld+json\" class=\"yoast-schema-graph\">{\"@context\":\"https:\/\/schema.org\",\"@graph\":[{\"@type\":\"WebSite\",\"@id\":\"https:\/\/katialorenzon.com\/#website\",\"url\":\"https:\/\/katialorenzon.com\/\",\"name\":\"Katia Lorenzon\",\"description\":\"Design graphique et illustration\",\"potentialAction\":[{\"@type\":\"SearchAction\",\"target\":{\"@type\":\"EntryPoint\",\"urlTemplate\":\"https:\/\/katialorenzon.com\/?s={search_term_string}\"},\"query-input\":\"required name=search_term_string\"}],\"inLanguage\":\"it-IT\"},{\"@type\":\"ImageObject\",\"@id\":\"https:\/\/katialorenzon.com\/index.php\/portfolio-aptilink-carte-de-voeux\/#primaryimage\",\"inLanguage\":\"it-IT\",\"url\":\"http:\/\/katialorenzon.com\/wp-content\/uploads\/2022\/01\/aptilink-carte-voeux-350x1024.jpg\",\"contentUrl\":\"http:\/\/katialorenzon.com\/wp-content\/uploads\/2022\/01\/aptilink-carte-voeux-350x1024.jpg\"},{\"@type\":\"WebPage\",\"@id\":\"https:\/\/katialorenzon.com\/index.php\/portfolio-aptilink-carte-de-voeux\/#webpage\",\"url\":\"https:\/\/katialorenzon.com\/index.php\/portfolio-aptilink-carte-de-voeux\/\",\"name\":\"Katia Lorenzon\/portfolio\/Aptilink\/Carte de v\\u0153ux - Katia Lorenzon\",\"isPartOf\":{\"@id\":\"https:\/\/katialorenzon.com\/#website\"},\"primaryImageOfPage\":{\"@id\":\"https:\/\/katialorenzon.com\/index.php\/portfolio-aptilink-carte-de-voeux\/#primaryimage\"},\"datePublished\":\"2016-10-17T09:56:20+00:00\",\"dateModified\":\"2022-01-24T07:41:13+00:00\",\"breadcrumb\":{\"@id\":\"https:\/\/katialorenzon.com\/index.php\/portfolio-aptilink-carte-de-voeux\/#breadcrumb\"},\"inLanguage\":\"it-IT\",\"potentialAction\":[{\"@type\":\"ReadAction\",\"target\":[\"https:\/\/katialorenzon.com\/index.php\/portfolio-aptilink-carte-de-voeux\/\"]}]},{\"@type\":\"BreadcrumbList\",\"@id\":\"https:\/\/katialorenzon.com\/index.php\/portfolio-aptilink-carte-de-voeux\/#breadcrumb\",\"itemListElement\":[{\"@type\":\"ListItem\",\"position\":1,\"name\":\"Accueil\",\"item\":\"https:\/\/katialorenzon.com\/\"},{\"@type\":\"ListItem\",\"position\":2,\"name\":\"Katia Lorenzon\/portfolio\/Aptilink\/Carte de v\\u0153ux\"}]}]}<\/script>\n<!-- \/ Yoast SEO plugin. -->","yoast_head_json":{"title":"Katia Lorenzon\/portfolio\/Aptilink\/Carte de v\u0153ux - Katia Lorenzon","robots":{"index":"index","follow":"follow","max-snippet":"max-snippet:-1","max-image-preview":"max-image-preview:large","max-video-preview":"max-video-preview:-1"},"canonical":"https:\/\/katialorenzon.com\/index.php\/portfolio-aptilink-carte-de-voeux\/","og_locale":"it_IT","og_type":"article","og_title":"Katia Lorenzon\/portfolio\/Aptilink\/Carte de v\u0153ux - Katia Lorenzon","og_description":"Design graphique et illustrations pour la carte de v\u0153ux promotionnelle. Client : Aptilink, soci\u00e9t\u00e9 s&#8217;occupant de digital learning, de vid\u00e9o interactives et de dispositifs de&#8230;","og_url":"https:\/\/katialorenzon.com\/index.php\/portfolio-aptilink-carte-de-voeux\/","og_site_name":"Katia Lorenzon","article_modified_time":"2022-01-24T07:41:13+00:00","og_image":[{"url":"http:\/\/katialorenzon.com\/wp-content\/uploads\/2022\/01\/aptilink-carte-voeux-350x1024.jpg"}],"twitter_card":"summary","twitter_misc":{"Tempo di lettura stimato":"1 minuto"},"schema":{"@context":"https:\/\/schema.org","@graph":[{"@type":"WebSite","@id":"https:\/\/katialorenzon.com\/#website","url":"https:\/\/katialorenzon.com\/","name":"Katia Lorenzon","description":"Design graphique et illustration","potentialAction":[{"@type":"SearchAction","target":{"@type":"EntryPoint","urlTemplate":"https:\/\/katialorenzon.com\/?s={search_term_string}"},"query-input":"required name=search_term_string"}],"inLanguage":"it-IT"},{"@type":"ImageObject","@id":"https:\/\/katialorenzon.com\/index.php\/portfolio-aptilink-carte-de-voeux\/#primaryimage","inLanguage":"it-IT","url":"http:\/\/katialorenzon.com\/wp-content\/uploads\/2022\/01\/aptilink-carte-voeux-350x1024.jpg","contentUrl":"http:\/\/katialorenzon.com\/wp-content\/uploads\/2022\/01\/aptilink-carte-voeux-350x1024.jpg"},{"@type":"WebPage","@id":"https:\/\/katialorenzon.com\/index.php\/portfolio-aptilink-carte-de-voeux\/#webpage","url":"https:\/\/katialorenzon.com\/index.php\/portfolio-aptilink-carte-de-voeux\/","name":"Katia Lorenzon\/portfolio\/Aptilink\/Carte de v\u0153ux - Katia Lorenzon","isPartOf":{"@id":"https:\/\/katialorenzon.com\/#website"},"primaryImageOfPage":{"@id":"https:\/\/katialorenzon.com\/index.php\/portfolio-aptilink-carte-de-voeux\/#primaryimage"},"datePublished":"2016-10-17T09:56:20+00:00","dateModified":"2022-01-24T07:41:13+00:00","breadcrumb":{"@id":"https:\/\/katialorenzon.com\/index.php\/portfolio-aptilink-carte-de-voeux\/#breadcrumb"},"inLanguage":"it-IT","potentialAction":[{"@type":"ReadAction","target":["https:\/\/katialorenzon.com\/index.php\/portfolio-aptilink-carte-de-voeux\/"]}]},{"@type":"BreadcrumbList","@id":"https:\/\/katialorenzon.com\/index.php\/portfolio-aptilink-carte-de-voeux\/#breadcrumb","itemListElement":[{"@type":"ListItem","position":1,"name":"Accueil","item":"https:\/\/katialorenzon.com\/"},{"@type":"ListItem","position":2,"name":"Katia Lorenzon\/portfolio\/Aptilink\/Carte de v\u0153ux"}]}]}},"_links":{"self":[{"href":"https:\/\/katialorenzon.com\/index.php\/wp-json\/wp\/v2\/pages\/499"}],"collection":[{"href":"https:\/\/katialorenzon.com\/index.php\/wp-json\/wp\/v2\/pages"}],"about":[{"href":"https:\/\/katialorenzon.com\/index.php\/wp-json\/wp\/v2\/types\/page"}],"author":[{"embeddable":true,"href":"https:\/\/katialorenzon.com\/index.php\/wp-json\/wp\/v2\/users\/1"}],"replies":[{"embeddable":true,"href":"https:\/\/katialorenzon.com\/index.php\/wp-json\/wp\/v2\/comments?post=499"}],"version-history":[{"count":28,"href":"https:\/\/katialorenzon.com\/index.php\/wp-json\/wp\/v2\/pages\/499\/revisions"}],"predecessor-version":[{"id":4546,"href":"https:\/\/katialorenzon.com\/index.php\/wp-json\/wp\/v2\/pages\/499\/revisions\/4546"}],"wp:attachment":[{"href":"https:\/\/katialorenzon.com\/index.php\/wp-json\/wp\/v2\/media?parent=499"}],"curies":[{"name":"wp","href":"https:\/\/api.w.org\/{rel}","templated":true}]}}