{"id":562,"date":"2016-10-17T12:36:57","date_gmt":"2016-10-17T10:36:57","guid":{"rendered":"http:\/\/katialorenzon.com\/?page_id=562"},"modified":"2022-01-23T22:58:41","modified_gmt":"2022-01-23T21:58:41","slug":"portfolio-gruppo-alcuni-la-storia-che-corre-veloce","status":"publish","type":"page","link":"https:\/\/katialorenzon.com\/index.php\/portfolio-gruppo-alcuni-la-storia-che-corre-veloce\/","title":{"rendered":"Katia Lorenzon\/portfolio\/Gruppo Alcuni &#8211; La storia che corre veloce"},"content":{"rendered":"<p class=\"p2\"><span class=\"s2\"><b>A<\/b>u d\u00e9but de mon parcours professionnel, j\u2019ai travaill\u00e9 dans le domaine des productions de dessins anim\u00e9s pour la t\u00e9l\u00e9vision et des productions th\u00e9\u00e2trales adress\u00e9es \u00e0 un public junior. De 1998 \u00e0 2008 j\u2019ai cr\u00e9e le projet graphique des d\u00e9cors pour une quinzaine de spectacles, tourn\u00e9e en Italie et dans les festivals \u00e9trangers.<\/p>\n<p><\/span><span class=\"s1\">La structure \u00e9tait compos\u00e9e de silhouettes en bois peint ou de structures modulables pour l\u2019application de tirages num\u00e9riques. Dans la plupart des cas, <\/span><span class=\"s3\">la mise en sc\u00e8ne<\/span><span class=\"s1\"> demandait des ext\u00e9rieurs et des int\u00e9rieurs, le syst\u00e8me avait donc des charni\u00e8res qui permettaient de tourner les panneaux recto\/verso pour passer d\u2019une situation \u00e0 l\u2019autre.<br \/>\nR\u00e9alisation de croquis et maquettes pour les d\u00e9cors en bois; de croquis, maquettes jusqu\u2019\u00e0 l\u2019ex\u00e9cution pour la pr\u00e9-impression de d\u00e9cors en num\u00e9rique.<\/span><\/p>\n<p><span class=\"s4\">Dans ces images :<span class=\"Apple-converted-space\">\u00a0 <\/span>la pi\u00e8ce de th\u00e9\u00e2tre \u201c<i>La storia che corre veloce<\/i>\u201d,<\/span> <span class=\"s5\">spectacle<\/span><span class=\"s6\">\u00a0de\u00a0<\/span><span class=\"s5\">marionnettes<\/span><span class=\"s6\">\u00a0avec jeu d&#8217;<\/span><span class=\"s5\">acteur<\/span><span class=\"s4\">. <b>Laura Fintina<\/b>\u00a0produite par le\u00a0<b>Gruppo Alcuni<\/b>.\u00a0<i>Italie, 2008<\/i>.<\/span><\/p>\n<p><img decoding=\"async\" loading=\"lazy\" class=\"aligncenter size-full wp-image-566\" src=\"https:\/\/katialorenzon.com\/wp-content\/uploads\/2016\/10\/decor-theatre-katia-lorenzon.jpg\" alt=\"decor-theatre-katia-lorenzon\" width=\"1000\" height=\"500\" srcset=\"https:\/\/katialorenzon.com\/wp-content\/uploads\/2016\/10\/decor-theatre-katia-lorenzon.jpg 1000w, https:\/\/katialorenzon.com\/wp-content\/uploads\/2016\/10\/decor-theatre-katia-lorenzon-300x150.jpg 300w, https:\/\/katialorenzon.com\/wp-content\/uploads\/2016\/10\/decor-theatre-katia-lorenzon-768x384.jpg 768w\" sizes=\"(max-width: 1000px) 100vw, 1000px\" \/><\/p>\n<p><img decoding=\"async\" loading=\"lazy\" class=\"aligncenter size-full wp-image-565\" src=\"https:\/\/katialorenzon.com\/wp-content\/uploads\/2016\/10\/decor-theatre-foret-katia-lorenzon.jpg\" alt=\"decor-theatre-foret-katia-lorenzon\" width=\"1000\" height=\"228\" srcset=\"https:\/\/katialorenzon.com\/wp-content\/uploads\/2016\/10\/decor-theatre-foret-katia-lorenzon.jpg 1000w, https:\/\/katialorenzon.com\/wp-content\/uploads\/2016\/10\/decor-theatre-foret-katia-lorenzon-300x68.jpg 300w, https:\/\/katialorenzon.com\/wp-content\/uploads\/2016\/10\/decor-theatre-foret-katia-lorenzon-768x175.jpg 768w\" sizes=\"(max-width: 1000px) 100vw, 1000px\" \/><\/p>\n<p><img decoding=\"async\" loading=\"lazy\" class=\"aligncenter size-full wp-image-567\" src=\"https:\/\/katialorenzon.com\/wp-content\/uploads\/2016\/10\/decor-theatre-projet-katia-lorenzon.jpg\" alt=\"decor-theatre-projet-katia-lorenzon\" width=\"1000\" height=\"188\" srcset=\"https:\/\/katialorenzon.com\/wp-content\/uploads\/2016\/10\/decor-theatre-projet-katia-lorenzon.jpg 1000w, https:\/\/katialorenzon.com\/wp-content\/uploads\/2016\/10\/decor-theatre-projet-katia-lorenzon-300x56.jpg 300w, https:\/\/katialorenzon.com\/wp-content\/uploads\/2016\/10\/decor-theatre-projet-katia-lorenzon-768x144.jpg 768w\" sizes=\"(max-width: 1000px) 100vw, 1000px\" \/><\/p>\n<p><img decoding=\"async\" loading=\"lazy\" class=\"aligncenter size-full wp-image-568\" src=\"https:\/\/katialorenzon.com\/wp-content\/uploads\/2016\/10\/decor-theatre-voiture.jpg\" alt=\"decor-theatre-voiture\" width=\"1000\" height=\"394\" srcset=\"https:\/\/katialorenzon.com\/wp-content\/uploads\/2016\/10\/decor-theatre-voiture.jpg 1000w, https:\/\/katialorenzon.com\/wp-content\/uploads\/2016\/10\/decor-theatre-voiture-300x118.jpg 300w, https:\/\/katialorenzon.com\/wp-content\/uploads\/2016\/10\/decor-theatre-voiture-768x303.jpg 768w\" sizes=\"(max-width: 1000px) 100vw, 1000px\" \/><\/p>\n<p><img decoding=\"async\" loading=\"lazy\" class=\"aligncenter size-full wp-image-1290\" src=\"https:\/\/katialorenzon.com\/wp-content\/uploads\/2016\/10\/g-a-logo.png\" alt=\"g-a-logo\" width=\"1000\" height=\"504\" srcset=\"https:\/\/katialorenzon.com\/wp-content\/uploads\/2016\/10\/g-a-logo.png 1000w, https:\/\/katialorenzon.com\/wp-content\/uploads\/2016\/10\/g-a-logo-300x151.png 300w, https:\/\/katialorenzon.com\/wp-content\/uploads\/2016\/10\/g-a-logo-768x387.png 768w\" sizes=\"(max-width: 1000px) 100vw, 1000px\" \/><\/p>\n","protected":false},"excerpt":{"rendered":"<p>Au d\u00e9but de mon parcours professionnel, j\u2019ai travaill\u00e9 dans le domaine des productions de dessins anim\u00e9s pour la t\u00e9l\u00e9vision et des productions th\u00e9\u00e2trales adress\u00e9es \u00e0&#8230;<\/p>\n<div class=\"more-link-wrapper\"><a class=\"more-link\" href=\"https:\/\/katialorenzon.com\/index.php\/portfolio-gruppo-alcuni-la-storia-che-corre-veloce\/\">zoom<span class=\"screen-reader-text\">Katia Lorenzon\/portfolio\/Gruppo Alcuni &#8211; La storia che corre veloce<\/span><\/a><\/div>\n","protected":false},"author":1,"featured_media":0,"parent":0,"menu_order":0,"comment_status":"closed","ping_status":"closed","template":"","meta":{"footnotes":""},"yoast_head":"<!-- This site is optimized with the Yoast SEO plugin v17.7.1 - https:\/\/yoast.com\/wordpress\/plugins\/seo\/ -->\n<title>Katia Lorenzon\/portfolio\/Gruppo Alcuni - La storia che corre veloce - Katia Lorenzon<\/title>\n<meta name=\"robots\" content=\"index, follow, max-snippet:-1, max-image-preview:large, max-video-preview:-1\" \/>\n<link rel=\"canonical\" href=\"https:\/\/katialorenzon.com\/index.php\/portfolio-gruppo-alcuni-la-storia-che-corre-veloce\/\" \/>\n<meta property=\"og:locale\" content=\"it_IT\" \/>\n<meta property=\"og:type\" content=\"article\" \/>\n<meta property=\"og:title\" content=\"Katia Lorenzon\/portfolio\/Gruppo Alcuni - La storia che corre veloce - Katia Lorenzon\" \/>\n<meta property=\"og:description\" content=\"Au d\u00e9but de mon parcours professionnel, j\u2019ai travaill\u00e9 dans le domaine des productions de dessins anim\u00e9s pour la t\u00e9l\u00e9vision et des productions th\u00e9\u00e2trales adress\u00e9es \u00e0&#8230;\" \/>\n<meta property=\"og:url\" content=\"https:\/\/katialorenzon.com\/index.php\/portfolio-gruppo-alcuni-la-storia-che-corre-veloce\/\" \/>\n<meta property=\"og:site_name\" content=\"Katia Lorenzon\" \/>\n<meta property=\"article:modified_time\" content=\"2022-01-23T21:58:41+00:00\" \/>\n<meta property=\"og:image\" content=\"http:\/\/katialorenzon.com\/wp-content\/uploads\/2016\/10\/decor-theatre-katia-lorenzon.jpg\" \/>\n<meta name=\"twitter:card\" content=\"summary\" \/>\n<meta name=\"twitter:label1\" content=\"Tempo di lettura stimato\" \/>\n\t<meta name=\"twitter:data1\" content=\"2 minuti\" \/>\n<script type=\"application\/ld+json\" class=\"yoast-schema-graph\">{\"@context\":\"https:\/\/schema.org\",\"@graph\":[{\"@type\":\"WebSite\",\"@id\":\"https:\/\/katialorenzon.com\/#website\",\"url\":\"https:\/\/katialorenzon.com\/\",\"name\":\"Katia Lorenzon\",\"description\":\"Design graphique et illustration\",\"potentialAction\":[{\"@type\":\"SearchAction\",\"target\":{\"@type\":\"EntryPoint\",\"urlTemplate\":\"https:\/\/katialorenzon.com\/?s={search_term_string}\"},\"query-input\":\"required name=search_term_string\"}],\"inLanguage\":\"it-IT\"},{\"@type\":\"ImageObject\",\"@id\":\"https:\/\/katialorenzon.com\/index.php\/portfolio-gruppo-alcuni-la-storia-che-corre-veloce\/#primaryimage\",\"inLanguage\":\"it-IT\",\"url\":\"http:\/\/katialorenzon.com\/wp-content\/uploads\/2016\/10\/decor-theatre-katia-lorenzon.jpg\",\"contentUrl\":\"http:\/\/katialorenzon.com\/wp-content\/uploads\/2016\/10\/decor-theatre-katia-lorenzon.jpg\"},{\"@type\":\"WebPage\",\"@id\":\"https:\/\/katialorenzon.com\/index.php\/portfolio-gruppo-alcuni-la-storia-che-corre-veloce\/#webpage\",\"url\":\"https:\/\/katialorenzon.com\/index.php\/portfolio-gruppo-alcuni-la-storia-che-corre-veloce\/\",\"name\":\"Katia Lorenzon\/portfolio\/Gruppo Alcuni - La storia che corre veloce - Katia Lorenzon\",\"isPartOf\":{\"@id\":\"https:\/\/katialorenzon.com\/#website\"},\"primaryImageOfPage\":{\"@id\":\"https:\/\/katialorenzon.com\/index.php\/portfolio-gruppo-alcuni-la-storia-che-corre-veloce\/#primaryimage\"},\"datePublished\":\"2016-10-17T10:36:57+00:00\",\"dateModified\":\"2022-01-23T21:58:41+00:00\",\"breadcrumb\":{\"@id\":\"https:\/\/katialorenzon.com\/index.php\/portfolio-gruppo-alcuni-la-storia-che-corre-veloce\/#breadcrumb\"},\"inLanguage\":\"it-IT\",\"potentialAction\":[{\"@type\":\"ReadAction\",\"target\":[\"https:\/\/katialorenzon.com\/index.php\/portfolio-gruppo-alcuni-la-storia-che-corre-veloce\/\"]}]},{\"@type\":\"BreadcrumbList\",\"@id\":\"https:\/\/katialorenzon.com\/index.php\/portfolio-gruppo-alcuni-la-storia-che-corre-veloce\/#breadcrumb\",\"itemListElement\":[{\"@type\":\"ListItem\",\"position\":1,\"name\":\"Accueil\",\"item\":\"https:\/\/katialorenzon.com\/\"},{\"@type\":\"ListItem\",\"position\":2,\"name\":\"Katia Lorenzon\/portfolio\/Gruppo Alcuni &#8211; La storia che corre veloce\"}]}]}<\/script>\n<!-- \/ Yoast SEO plugin. -->","yoast_head_json":{"title":"Katia Lorenzon\/portfolio\/Gruppo Alcuni - La storia che corre veloce - Katia Lorenzon","robots":{"index":"index","follow":"follow","max-snippet":"max-snippet:-1","max-image-preview":"max-image-preview:large","max-video-preview":"max-video-preview:-1"},"canonical":"https:\/\/katialorenzon.com\/index.php\/portfolio-gruppo-alcuni-la-storia-che-corre-veloce\/","og_locale":"it_IT","og_type":"article","og_title":"Katia Lorenzon\/portfolio\/Gruppo Alcuni - La storia che corre veloce - Katia Lorenzon","og_description":"Au d\u00e9but de mon parcours professionnel, j\u2019ai travaill\u00e9 dans le domaine des productions de dessins anim\u00e9s pour la t\u00e9l\u00e9vision et des productions th\u00e9\u00e2trales adress\u00e9es \u00e0&#8230;","og_url":"https:\/\/katialorenzon.com\/index.php\/portfolio-gruppo-alcuni-la-storia-che-corre-veloce\/","og_site_name":"Katia Lorenzon","article_modified_time":"2022-01-23T21:58:41+00:00","og_image":[{"url":"http:\/\/katialorenzon.com\/wp-content\/uploads\/2016\/10\/decor-theatre-katia-lorenzon.jpg"}],"twitter_card":"summary","twitter_misc":{"Tempo di lettura stimato":"2 minuti"},"schema":{"@context":"https:\/\/schema.org","@graph":[{"@type":"WebSite","@id":"https:\/\/katialorenzon.com\/#website","url":"https:\/\/katialorenzon.com\/","name":"Katia Lorenzon","description":"Design graphique et illustration","potentialAction":[{"@type":"SearchAction","target":{"@type":"EntryPoint","urlTemplate":"https:\/\/katialorenzon.com\/?s={search_term_string}"},"query-input":"required name=search_term_string"}],"inLanguage":"it-IT"},{"@type":"ImageObject","@id":"https:\/\/katialorenzon.com\/index.php\/portfolio-gruppo-alcuni-la-storia-che-corre-veloce\/#primaryimage","inLanguage":"it-IT","url":"http:\/\/katialorenzon.com\/wp-content\/uploads\/2016\/10\/decor-theatre-katia-lorenzon.jpg","contentUrl":"http:\/\/katialorenzon.com\/wp-content\/uploads\/2016\/10\/decor-theatre-katia-lorenzon.jpg"},{"@type":"WebPage","@id":"https:\/\/katialorenzon.com\/index.php\/portfolio-gruppo-alcuni-la-storia-che-corre-veloce\/#webpage","url":"https:\/\/katialorenzon.com\/index.php\/portfolio-gruppo-alcuni-la-storia-che-corre-veloce\/","name":"Katia Lorenzon\/portfolio\/Gruppo Alcuni - La storia che corre veloce - Katia Lorenzon","isPartOf":{"@id":"https:\/\/katialorenzon.com\/#website"},"primaryImageOfPage":{"@id":"https:\/\/katialorenzon.com\/index.php\/portfolio-gruppo-alcuni-la-storia-che-corre-veloce\/#primaryimage"},"datePublished":"2016-10-17T10:36:57+00:00","dateModified":"2022-01-23T21:58:41+00:00","breadcrumb":{"@id":"https:\/\/katialorenzon.com\/index.php\/portfolio-gruppo-alcuni-la-storia-che-corre-veloce\/#breadcrumb"},"inLanguage":"it-IT","potentialAction":[{"@type":"ReadAction","target":["https:\/\/katialorenzon.com\/index.php\/portfolio-gruppo-alcuni-la-storia-che-corre-veloce\/"]}]},{"@type":"BreadcrumbList","@id":"https:\/\/katialorenzon.com\/index.php\/portfolio-gruppo-alcuni-la-storia-che-corre-veloce\/#breadcrumb","itemListElement":[{"@type":"ListItem","position":1,"name":"Accueil","item":"https:\/\/katialorenzon.com\/"},{"@type":"ListItem","position":2,"name":"Katia Lorenzon\/portfolio\/Gruppo Alcuni &#8211; La storia che corre veloce"}]}]}},"_links":{"self":[{"href":"https:\/\/katialorenzon.com\/index.php\/wp-json\/wp\/v2\/pages\/562"}],"collection":[{"href":"https:\/\/katialorenzon.com\/index.php\/wp-json\/wp\/v2\/pages"}],"about":[{"href":"https:\/\/katialorenzon.com\/index.php\/wp-json\/wp\/v2\/types\/page"}],"author":[{"embeddable":true,"href":"https:\/\/katialorenzon.com\/index.php\/wp-json\/wp\/v2\/users\/1"}],"replies":[{"embeddable":true,"href":"https:\/\/katialorenzon.com\/index.php\/wp-json\/wp\/v2\/comments?post=562"}],"version-history":[{"count":14,"href":"https:\/\/katialorenzon.com\/index.php\/wp-json\/wp\/v2\/pages\/562\/revisions"}],"predecessor-version":[{"id":4508,"href":"https:\/\/katialorenzon.com\/index.php\/wp-json\/wp\/v2\/pages\/562\/revisions\/4508"}],"wp:attachment":[{"href":"https:\/\/katialorenzon.com\/index.php\/wp-json\/wp\/v2\/media?parent=562"}],"curies":[{"name":"wp","href":"https:\/\/api.w.org\/{rel}","templated":true}]}}