{"id":578,"date":"2016-10-17T12:41:18","date_gmt":"2016-10-17T10:41:18","guid":{"rendered":"http:\/\/katialorenzon.com\/?page_id=578"},"modified":"2022-01-23T23:14:31","modified_gmt":"2022-01-23T22:14:31","slug":"portfolio-gruppo-alcuni-la-prima-spada-e-lultima-scopa","status":"publish","type":"page","link":"https:\/\/katialorenzon.com\/index.php\/portfolio-gruppo-alcuni-la-prima-spada-e-lultima-scopa\/","title":{"rendered":"Katia Lorenzon\/portfolio\/Gruppo Alcuni &#8211; La prima spada e l&#8217;ultima scopa"},"content":{"rendered":"<p class=\"p1\"><span class=\"s1\"><b>C<\/b>r\u00e9ation\u00a0graphique des d\u00e9cors de la pi\u00e8ce de th\u00e9\u00e2tre jeunesse \u201c<i>La prima spada e l\u2019ultima scopa<\/i>\u201d.<br \/>\n<\/span><span class=\"s1\">La structure \u00e9tait compos\u00e9e de silhouettes en bois peint ou de structures modulables pour l\u2019application de tirages num\u00e9riques.<br \/>\n<\/span><span class=\"s1\">R\u00e9alisation de croquis et maquettes pour les d\u00e9cors en bois; de croquis, maquettes jusqu\u2019\u00e0 l\u2019ex\u00e9cution pour la pr\u00e9-impression de d\u00e9cors en num\u00e9rique.<\/p>\n<p><\/span><span class=\"s2\">Production du\u00a0<b>Gruppo Alcuni<\/b>, compagnie situ\u00e9 dans la V\u00e9n\u00e9tie.\u00a0<i>Italie 2007<\/i><\/span><\/p>\n<p><img decoding=\"async\" loading=\"lazy\" class=\"aligncenter size-full wp-image-580\" src=\"https:\/\/katialorenzon.com\/wp-content\/uploads\/2016\/10\/decor-theatre-katia-lorenzon-1.jpg\" alt=\"decor-theatre-katia-lorenzon\" width=\"1000\" height=\"632\" srcset=\"https:\/\/katialorenzon.com\/wp-content\/uploads\/2016\/10\/decor-theatre-katia-lorenzon-1.jpg 1000w, https:\/\/katialorenzon.com\/wp-content\/uploads\/2016\/10\/decor-theatre-katia-lorenzon-1-300x190.jpg 300w, https:\/\/katialorenzon.com\/wp-content\/uploads\/2016\/10\/decor-theatre-katia-lorenzon-1-768x485.jpg 768w\" sizes=\"(max-width: 1000px) 100vw, 1000px\" \/><\/p>\n<p><img decoding=\"async\" loading=\"lazy\" class=\"aligncenter size-full wp-image-582\" src=\"https:\/\/katialorenzon.com\/wp-content\/uploads\/2016\/10\/spectacle-theatre.jpg\" alt=\"spectacle-theatre\" width=\"1000\" height=\"500\" srcset=\"https:\/\/katialorenzon.com\/wp-content\/uploads\/2016\/10\/spectacle-theatre.jpg 1000w, https:\/\/katialorenzon.com\/wp-content\/uploads\/2016\/10\/spectacle-theatre-300x150.jpg 300w, https:\/\/katialorenzon.com\/wp-content\/uploads\/2016\/10\/spectacle-theatre-768x384.jpg 768w\" sizes=\"(max-width: 1000px) 100vw, 1000px\" \/><\/p>\n<p><img decoding=\"async\" loading=\"lazy\" class=\"aligncenter size-full wp-image-579\" src=\"https:\/\/katialorenzon.com\/wp-content\/uploads\/2016\/10\/bus-decor-theatre.jpg\" alt=\"bus-decor-theatre\" width=\"1000\" height=\"670\" srcset=\"https:\/\/katialorenzon.com\/wp-content\/uploads\/2016\/10\/bus-decor-theatre.jpg 1000w, https:\/\/katialorenzon.com\/wp-content\/uploads\/2016\/10\/bus-decor-theatre-300x201.jpg 300w, https:\/\/katialorenzon.com\/wp-content\/uploads\/2016\/10\/bus-decor-theatre-768x515.jpg 768w\" sizes=\"(max-width: 1000px) 100vw, 1000px\" \/><\/p>\n<p><img decoding=\"async\" loading=\"lazy\" class=\"aligncenter size-full wp-image-1290\" src=\"https:\/\/katialorenzon.com\/wp-content\/uploads\/2016\/10\/g-a-logo.png\" alt=\"g-a-logo\" width=\"1000\" height=\"504\" srcset=\"https:\/\/katialorenzon.com\/wp-content\/uploads\/2016\/10\/g-a-logo.png 1000w, https:\/\/katialorenzon.com\/wp-content\/uploads\/2016\/10\/g-a-logo-300x151.png 300w, https:\/\/katialorenzon.com\/wp-content\/uploads\/2016\/10\/g-a-logo-768x387.png 768w\" sizes=\"(max-width: 1000px) 100vw, 1000px\" \/><\/p>\n","protected":false},"excerpt":{"rendered":"<p>Cr\u00e9ation\u00a0graphique des d\u00e9cors de la pi\u00e8ce de th\u00e9\u00e2tre jeunesse \u201cLa prima spada e l\u2019ultima scopa\u201d. La structure \u00e9tait compos\u00e9e de silhouettes en bois peint ou&#8230;<\/p>\n<div class=\"more-link-wrapper\"><a class=\"more-link\" href=\"https:\/\/katialorenzon.com\/index.php\/portfolio-gruppo-alcuni-la-prima-spada-e-lultima-scopa\/\">zoom<span class=\"screen-reader-text\">Katia Lorenzon\/portfolio\/Gruppo Alcuni &#8211; La prima spada e l&#8217;ultima scopa<\/span><\/a><\/div>\n","protected":false},"author":1,"featured_media":0,"parent":0,"menu_order":0,"comment_status":"closed","ping_status":"closed","template":"","meta":{"footnotes":""},"yoast_head":"<!-- This site is optimized with the Yoast SEO plugin v17.7.1 - https:\/\/yoast.com\/wordpress\/plugins\/seo\/ -->\n<title>Katia Lorenzon\/portfolio\/Gruppo Alcuni - La prima spada e l&#039;ultima scopa - Katia Lorenzon<\/title>\n<meta name=\"robots\" content=\"index, follow, max-snippet:-1, max-image-preview:large, max-video-preview:-1\" \/>\n<link rel=\"canonical\" href=\"https:\/\/katialorenzon.com\/index.php\/portfolio-gruppo-alcuni-la-prima-spada-e-lultima-scopa\/\" \/>\n<meta property=\"og:locale\" content=\"it_IT\" \/>\n<meta property=\"og:type\" content=\"article\" \/>\n<meta property=\"og:title\" content=\"Katia Lorenzon\/portfolio\/Gruppo Alcuni - La prima spada e l&#039;ultima scopa - Katia Lorenzon\" \/>\n<meta property=\"og:description\" content=\"Cr\u00e9ation\u00a0graphique des d\u00e9cors de la pi\u00e8ce de th\u00e9\u00e2tre jeunesse \u201cLa prima spada e l\u2019ultima scopa\u201d. La structure \u00e9tait compos\u00e9e de silhouettes en bois peint ou&#8230;\" \/>\n<meta property=\"og:url\" content=\"https:\/\/katialorenzon.com\/index.php\/portfolio-gruppo-alcuni-la-prima-spada-e-lultima-scopa\/\" \/>\n<meta property=\"og:site_name\" content=\"Katia Lorenzon\" \/>\n<meta property=\"article:modified_time\" content=\"2022-01-23T22:14:31+00:00\" \/>\n<meta property=\"og:image\" content=\"http:\/\/katialorenzon.com\/wp-content\/uploads\/2016\/10\/decor-theatre-katia-lorenzon-1.jpg\" \/>\n<meta name=\"twitter:card\" content=\"summary\" \/>\n<meta name=\"twitter:label1\" content=\"Tempo di lettura stimato\" \/>\n\t<meta name=\"twitter:data1\" content=\"2 minuti\" \/>\n<script type=\"application\/ld+json\" class=\"yoast-schema-graph\">{\"@context\":\"https:\/\/schema.org\",\"@graph\":[{\"@type\":\"WebSite\",\"@id\":\"https:\/\/katialorenzon.com\/#website\",\"url\":\"https:\/\/katialorenzon.com\/\",\"name\":\"Katia Lorenzon\",\"description\":\"Design graphique et illustration\",\"potentialAction\":[{\"@type\":\"SearchAction\",\"target\":{\"@type\":\"EntryPoint\",\"urlTemplate\":\"https:\/\/katialorenzon.com\/?s={search_term_string}\"},\"query-input\":\"required name=search_term_string\"}],\"inLanguage\":\"it-IT\"},{\"@type\":\"ImageObject\",\"@id\":\"https:\/\/katialorenzon.com\/index.php\/portfolio-gruppo-alcuni-la-prima-spada-e-lultima-scopa\/#primaryimage\",\"inLanguage\":\"it-IT\",\"url\":\"http:\/\/katialorenzon.com\/wp-content\/uploads\/2016\/10\/decor-theatre-katia-lorenzon-1.jpg\",\"contentUrl\":\"http:\/\/katialorenzon.com\/wp-content\/uploads\/2016\/10\/decor-theatre-katia-lorenzon-1.jpg\"},{\"@type\":\"WebPage\",\"@id\":\"https:\/\/katialorenzon.com\/index.php\/portfolio-gruppo-alcuni-la-prima-spada-e-lultima-scopa\/#webpage\",\"url\":\"https:\/\/katialorenzon.com\/index.php\/portfolio-gruppo-alcuni-la-prima-spada-e-lultima-scopa\/\",\"name\":\"Katia Lorenzon\/portfolio\/Gruppo Alcuni - La prima spada e l'ultima scopa - Katia Lorenzon\",\"isPartOf\":{\"@id\":\"https:\/\/katialorenzon.com\/#website\"},\"primaryImageOfPage\":{\"@id\":\"https:\/\/katialorenzon.com\/index.php\/portfolio-gruppo-alcuni-la-prima-spada-e-lultima-scopa\/#primaryimage\"},\"datePublished\":\"2016-10-17T10:41:18+00:00\",\"dateModified\":\"2022-01-23T22:14:31+00:00\",\"breadcrumb\":{\"@id\":\"https:\/\/katialorenzon.com\/index.php\/portfolio-gruppo-alcuni-la-prima-spada-e-lultima-scopa\/#breadcrumb\"},\"inLanguage\":\"it-IT\",\"potentialAction\":[{\"@type\":\"ReadAction\",\"target\":[\"https:\/\/katialorenzon.com\/index.php\/portfolio-gruppo-alcuni-la-prima-spada-e-lultima-scopa\/\"]}]},{\"@type\":\"BreadcrumbList\",\"@id\":\"https:\/\/katialorenzon.com\/index.php\/portfolio-gruppo-alcuni-la-prima-spada-e-lultima-scopa\/#breadcrumb\",\"itemListElement\":[{\"@type\":\"ListItem\",\"position\":1,\"name\":\"Accueil\",\"item\":\"https:\/\/katialorenzon.com\/\"},{\"@type\":\"ListItem\",\"position\":2,\"name\":\"Katia Lorenzon\/portfolio\/Gruppo Alcuni &#8211; La prima spada e l&#8217;ultima scopa\"}]}]}<\/script>\n<!-- \/ Yoast SEO plugin. -->","yoast_head_json":{"title":"Katia Lorenzon\/portfolio\/Gruppo Alcuni - La prima spada e l'ultima scopa - Katia Lorenzon","robots":{"index":"index","follow":"follow","max-snippet":"max-snippet:-1","max-image-preview":"max-image-preview:large","max-video-preview":"max-video-preview:-1"},"canonical":"https:\/\/katialorenzon.com\/index.php\/portfolio-gruppo-alcuni-la-prima-spada-e-lultima-scopa\/","og_locale":"it_IT","og_type":"article","og_title":"Katia Lorenzon\/portfolio\/Gruppo Alcuni - La prima spada e l'ultima scopa - Katia Lorenzon","og_description":"Cr\u00e9ation\u00a0graphique des d\u00e9cors de la pi\u00e8ce de th\u00e9\u00e2tre jeunesse \u201cLa prima spada e l\u2019ultima scopa\u201d. La structure \u00e9tait compos\u00e9e de silhouettes en bois peint ou&#8230;","og_url":"https:\/\/katialorenzon.com\/index.php\/portfolio-gruppo-alcuni-la-prima-spada-e-lultima-scopa\/","og_site_name":"Katia Lorenzon","article_modified_time":"2022-01-23T22:14:31+00:00","og_image":[{"url":"http:\/\/katialorenzon.com\/wp-content\/uploads\/2016\/10\/decor-theatre-katia-lorenzon-1.jpg"}],"twitter_card":"summary","twitter_misc":{"Tempo di lettura stimato":"2 minuti"},"schema":{"@context":"https:\/\/schema.org","@graph":[{"@type":"WebSite","@id":"https:\/\/katialorenzon.com\/#website","url":"https:\/\/katialorenzon.com\/","name":"Katia Lorenzon","description":"Design graphique et illustration","potentialAction":[{"@type":"SearchAction","target":{"@type":"EntryPoint","urlTemplate":"https:\/\/katialorenzon.com\/?s={search_term_string}"},"query-input":"required name=search_term_string"}],"inLanguage":"it-IT"},{"@type":"ImageObject","@id":"https:\/\/katialorenzon.com\/index.php\/portfolio-gruppo-alcuni-la-prima-spada-e-lultima-scopa\/#primaryimage","inLanguage":"it-IT","url":"http:\/\/katialorenzon.com\/wp-content\/uploads\/2016\/10\/decor-theatre-katia-lorenzon-1.jpg","contentUrl":"http:\/\/katialorenzon.com\/wp-content\/uploads\/2016\/10\/decor-theatre-katia-lorenzon-1.jpg"},{"@type":"WebPage","@id":"https:\/\/katialorenzon.com\/index.php\/portfolio-gruppo-alcuni-la-prima-spada-e-lultima-scopa\/#webpage","url":"https:\/\/katialorenzon.com\/index.php\/portfolio-gruppo-alcuni-la-prima-spada-e-lultima-scopa\/","name":"Katia Lorenzon\/portfolio\/Gruppo Alcuni - La prima spada e l'ultima scopa - Katia Lorenzon","isPartOf":{"@id":"https:\/\/katialorenzon.com\/#website"},"primaryImageOfPage":{"@id":"https:\/\/katialorenzon.com\/index.php\/portfolio-gruppo-alcuni-la-prima-spada-e-lultima-scopa\/#primaryimage"},"datePublished":"2016-10-17T10:41:18+00:00","dateModified":"2022-01-23T22:14:31+00:00","breadcrumb":{"@id":"https:\/\/katialorenzon.com\/index.php\/portfolio-gruppo-alcuni-la-prima-spada-e-lultima-scopa\/#breadcrumb"},"inLanguage":"it-IT","potentialAction":[{"@type":"ReadAction","target":["https:\/\/katialorenzon.com\/index.php\/portfolio-gruppo-alcuni-la-prima-spada-e-lultima-scopa\/"]}]},{"@type":"BreadcrumbList","@id":"https:\/\/katialorenzon.com\/index.php\/portfolio-gruppo-alcuni-la-prima-spada-e-lultima-scopa\/#breadcrumb","itemListElement":[{"@type":"ListItem","position":1,"name":"Accueil","item":"https:\/\/katialorenzon.com\/"},{"@type":"ListItem","position":2,"name":"Katia Lorenzon\/portfolio\/Gruppo Alcuni &#8211; La prima spada e l&#8217;ultima scopa"}]}]}},"_links":{"self":[{"href":"https:\/\/katialorenzon.com\/index.php\/wp-json\/wp\/v2\/pages\/578"}],"collection":[{"href":"https:\/\/katialorenzon.com\/index.php\/wp-json\/wp\/v2\/pages"}],"about":[{"href":"https:\/\/katialorenzon.com\/index.php\/wp-json\/wp\/v2\/types\/page"}],"author":[{"embeddable":true,"href":"https:\/\/katialorenzon.com\/index.php\/wp-json\/wp\/v2\/users\/1"}],"replies":[{"embeddable":true,"href":"https:\/\/katialorenzon.com\/index.php\/wp-json\/wp\/v2\/comments?post=578"}],"version-history":[{"count":12,"href":"https:\/\/katialorenzon.com\/index.php\/wp-json\/wp\/v2\/pages\/578\/revisions"}],"predecessor-version":[{"id":4524,"href":"https:\/\/katialorenzon.com\/index.php\/wp-json\/wp\/v2\/pages\/578\/revisions\/4524"}],"wp:attachment":[{"href":"https:\/\/katialorenzon.com\/index.php\/wp-json\/wp\/v2\/media?parent=578"}],"curies":[{"name":"wp","href":"https:\/\/api.w.org\/{rel}","templated":true}]}}