{"id":584,"date":"2016-10-17T12:42:47","date_gmt":"2016-10-17T10:42:47","guid":{"rendered":"http:\/\/katialorenzon.com\/?page_id=584"},"modified":"2022-01-23T23:32:05","modified_gmt":"2022-01-23T22:32:05","slug":"portfolio-gruppo-alcuni-franz-e-rap","status":"publish","type":"page","link":"https:\/\/katialorenzon.com\/index.php\/portfolio-gruppo-alcuni-franz-e-rap\/","title":{"rendered":"Katia Lorenzon\/portfolio\/Gruppo Alcuni &#8211; Franz e Rap"},"content":{"rendered":"<p class=\"p1\"><span class=\"s1\"><b>A<\/b>u d\u00e9but de mon parcours professionnel, j\u2019ai travaill\u00e9 dans le domaine des productions \u00e0 dessins anim\u00e9s pour la t\u00e9l\u00e9vision et des productions th\u00e9\u00e2trales adress\u00e9es \u00e0 un public junior : du 1998 au 2008 j\u2019ai cr\u00e9e le projet graphique de d\u00e9cors pour une quinzaines de spectacles en tourn\u00e9e en Italie et dans les festivals \u00e9trangers.<\/p>\n<p>Dans les d\u00e9cors ici ensuite, la structure \u00e9tait compos\u00e9e par des silhouettes en bois peint, o\u00f9 j\u2019ai mis \u00e0 point les croquis, les maquettes et la gamme couleur. <\/span><span class=\"s2\">Pi\u00e8ce de th\u00e9\u00e2tre \u201c<i>Franz e Rap<\/i>\u201d pour la com\u00e9dienne\u00a0<b>Laura Fintina<\/b>, produite par le\u00a0<b>Gruppo Alcuni<\/b>.\u00a0<i>Italie, 1999.<\/i><\/span><\/p>\n<p><img decoding=\"async\" loading=\"lazy\" class=\"aligncenter size-full wp-image-586\" src=\"https:\/\/katialorenzon.com\/wp-content\/uploads\/2016\/10\/decor-theatre-franz-e-rap-photo.jpg\" alt=\"decor-theatre-franz-e-rap-photo\" width=\"1000\" height=\"450\" srcset=\"https:\/\/katialorenzon.com\/wp-content\/uploads\/2016\/10\/decor-theatre-franz-e-rap-photo.jpg 1000w, https:\/\/katialorenzon.com\/wp-content\/uploads\/2016\/10\/decor-theatre-franz-e-rap-photo-300x135.jpg 300w, https:\/\/katialorenzon.com\/wp-content\/uploads\/2016\/10\/decor-theatre-franz-e-rap-photo-768x346.jpg 768w\" sizes=\"(max-width: 1000px) 100vw, 1000px\" \/><\/p>\n<p><img decoding=\"async\" loading=\"lazy\" class=\"aligncenter size-full wp-image-1361\" src=\"https:\/\/katialorenzon.com\/wp-content\/uploads\/2016\/10\/decor-theatre-franz-e-rap-maquette.jpg\" alt=\"decor-theatre-franz-e-rap-maquette\" width=\"1000\" height=\"509\" srcset=\"https:\/\/katialorenzon.com\/wp-content\/uploads\/2016\/10\/decor-theatre-franz-e-rap-maquette.jpg 1000w, https:\/\/katialorenzon.com\/wp-content\/uploads\/2016\/10\/decor-theatre-franz-e-rap-maquette-300x153.jpg 300w, https:\/\/katialorenzon.com\/wp-content\/uploads\/2016\/10\/decor-theatre-franz-e-rap-maquette-768x391.jpg 768w\" sizes=\"(max-width: 1000px) 100vw, 1000px\" \/><\/p>\n<p><img decoding=\"async\" loading=\"lazy\" class=\"aligncenter size-full wp-image-585\" src=\"https:\/\/katialorenzon.com\/wp-content\/uploads\/2016\/10\/decor-theatre-franz-e-rap-detail.jpg\" alt=\"decor-theatre-franz-e-rap-detail\" width=\"1000\" height=\"500\" srcset=\"https:\/\/katialorenzon.com\/wp-content\/uploads\/2016\/10\/decor-theatre-franz-e-rap-detail.jpg 1000w, https:\/\/katialorenzon.com\/wp-content\/uploads\/2016\/10\/decor-theatre-franz-e-rap-detail-300x150.jpg 300w, https:\/\/katialorenzon.com\/wp-content\/uploads\/2016\/10\/decor-theatre-franz-e-rap-detail-768x384.jpg 768w\" sizes=\"(max-width: 1000px) 100vw, 1000px\" \/><\/p>\n<p><img decoding=\"async\" loading=\"lazy\" class=\"aligncenter size-full wp-image-1290\" src=\"https:\/\/katialorenzon.com\/wp-content\/uploads\/2016\/10\/g-a-logo.png\" alt=\"g-a-logo\" width=\"1000\" height=\"504\" srcset=\"https:\/\/katialorenzon.com\/wp-content\/uploads\/2016\/10\/g-a-logo.png 1000w, https:\/\/katialorenzon.com\/wp-content\/uploads\/2016\/10\/g-a-logo-300x151.png 300w, https:\/\/katialorenzon.com\/wp-content\/uploads\/2016\/10\/g-a-logo-768x387.png 768w\" sizes=\"(max-width: 1000px) 100vw, 1000px\" \/><\/p>\n","protected":false},"excerpt":{"rendered":"<p>Au d\u00e9but de mon parcours professionnel, j\u2019ai travaill\u00e9 dans le domaine des productions \u00e0 dessins anim\u00e9s pour la t\u00e9l\u00e9vision et des productions th\u00e9\u00e2trales adress\u00e9es \u00e0&#8230;<\/p>\n<div class=\"more-link-wrapper\"><a class=\"more-link\" href=\"https:\/\/katialorenzon.com\/index.php\/portfolio-gruppo-alcuni-franz-e-rap\/\">zoom<span class=\"screen-reader-text\">Katia Lorenzon\/portfolio\/Gruppo Alcuni &#8211; Franz e Rap<\/span><\/a><\/div>\n","protected":false},"author":1,"featured_media":0,"parent":0,"menu_order":0,"comment_status":"closed","ping_status":"closed","template":"","meta":{"footnotes":""},"yoast_head":"<!-- This site is optimized with the Yoast SEO plugin v17.7.1 - https:\/\/yoast.com\/wordpress\/plugins\/seo\/ -->\n<title>Katia Lorenzon\/portfolio\/Gruppo Alcuni - Franz e Rap - Katia Lorenzon<\/title>\n<meta name=\"robots\" content=\"index, follow, max-snippet:-1, max-image-preview:large, max-video-preview:-1\" \/>\n<link rel=\"canonical\" href=\"https:\/\/katialorenzon.com\/index.php\/portfolio-gruppo-alcuni-franz-e-rap\/\" \/>\n<meta property=\"og:locale\" content=\"it_IT\" \/>\n<meta property=\"og:type\" content=\"article\" \/>\n<meta property=\"og:title\" content=\"Katia Lorenzon\/portfolio\/Gruppo Alcuni - Franz e Rap - Katia Lorenzon\" \/>\n<meta property=\"og:description\" content=\"Au d\u00e9but de mon parcours professionnel, j\u2019ai travaill\u00e9 dans le domaine des productions \u00e0 dessins anim\u00e9s pour la t\u00e9l\u00e9vision et des productions th\u00e9\u00e2trales adress\u00e9es \u00e0&#8230;\" \/>\n<meta property=\"og:url\" content=\"https:\/\/katialorenzon.com\/index.php\/portfolio-gruppo-alcuni-franz-e-rap\/\" \/>\n<meta property=\"og:site_name\" content=\"Katia Lorenzon\" \/>\n<meta property=\"article:modified_time\" content=\"2022-01-23T22:32:05+00:00\" \/>\n<meta property=\"og:image\" content=\"http:\/\/katialorenzon.com\/wp-content\/uploads\/2016\/10\/decor-theatre-franz-e-rap-photo.jpg\" \/>\n<meta name=\"twitter:card\" content=\"summary\" \/>\n<meta name=\"twitter:label1\" content=\"Tempo di lettura stimato\" \/>\n\t<meta name=\"twitter:data1\" content=\"2 minuti\" \/>\n<script type=\"application\/ld+json\" class=\"yoast-schema-graph\">{\"@context\":\"https:\/\/schema.org\",\"@graph\":[{\"@type\":\"WebSite\",\"@id\":\"https:\/\/katialorenzon.com\/#website\",\"url\":\"https:\/\/katialorenzon.com\/\",\"name\":\"Katia Lorenzon\",\"description\":\"Design graphique et illustration\",\"potentialAction\":[{\"@type\":\"SearchAction\",\"target\":{\"@type\":\"EntryPoint\",\"urlTemplate\":\"https:\/\/katialorenzon.com\/?s={search_term_string}\"},\"query-input\":\"required name=search_term_string\"}],\"inLanguage\":\"it-IT\"},{\"@type\":\"ImageObject\",\"@id\":\"https:\/\/katialorenzon.com\/index.php\/portfolio-gruppo-alcuni-franz-e-rap\/#primaryimage\",\"inLanguage\":\"it-IT\",\"url\":\"http:\/\/katialorenzon.com\/wp-content\/uploads\/2016\/10\/decor-theatre-franz-e-rap-photo.jpg\",\"contentUrl\":\"http:\/\/katialorenzon.com\/wp-content\/uploads\/2016\/10\/decor-theatre-franz-e-rap-photo.jpg\"},{\"@type\":\"WebPage\",\"@id\":\"https:\/\/katialorenzon.com\/index.php\/portfolio-gruppo-alcuni-franz-e-rap\/#webpage\",\"url\":\"https:\/\/katialorenzon.com\/index.php\/portfolio-gruppo-alcuni-franz-e-rap\/\",\"name\":\"Katia Lorenzon\/portfolio\/Gruppo Alcuni - Franz e Rap - Katia Lorenzon\",\"isPartOf\":{\"@id\":\"https:\/\/katialorenzon.com\/#website\"},\"primaryImageOfPage\":{\"@id\":\"https:\/\/katialorenzon.com\/index.php\/portfolio-gruppo-alcuni-franz-e-rap\/#primaryimage\"},\"datePublished\":\"2016-10-17T10:42:47+00:00\",\"dateModified\":\"2022-01-23T22:32:05+00:00\",\"breadcrumb\":{\"@id\":\"https:\/\/katialorenzon.com\/index.php\/portfolio-gruppo-alcuni-franz-e-rap\/#breadcrumb\"},\"inLanguage\":\"it-IT\",\"potentialAction\":[{\"@type\":\"ReadAction\",\"target\":[\"https:\/\/katialorenzon.com\/index.php\/portfolio-gruppo-alcuni-franz-e-rap\/\"]}]},{\"@type\":\"BreadcrumbList\",\"@id\":\"https:\/\/katialorenzon.com\/index.php\/portfolio-gruppo-alcuni-franz-e-rap\/#breadcrumb\",\"itemListElement\":[{\"@type\":\"ListItem\",\"position\":1,\"name\":\"Accueil\",\"item\":\"https:\/\/katialorenzon.com\/\"},{\"@type\":\"ListItem\",\"position\":2,\"name\":\"Katia Lorenzon\/portfolio\/Gruppo Alcuni &#8211; Franz e Rap\"}]}]}<\/script>\n<!-- \/ Yoast SEO plugin. -->","yoast_head_json":{"title":"Katia Lorenzon\/portfolio\/Gruppo Alcuni - Franz e Rap - Katia Lorenzon","robots":{"index":"index","follow":"follow","max-snippet":"max-snippet:-1","max-image-preview":"max-image-preview:large","max-video-preview":"max-video-preview:-1"},"canonical":"https:\/\/katialorenzon.com\/index.php\/portfolio-gruppo-alcuni-franz-e-rap\/","og_locale":"it_IT","og_type":"article","og_title":"Katia Lorenzon\/portfolio\/Gruppo Alcuni - Franz e Rap - Katia Lorenzon","og_description":"Au d\u00e9but de mon parcours professionnel, j\u2019ai travaill\u00e9 dans le domaine des productions \u00e0 dessins anim\u00e9s pour la t\u00e9l\u00e9vision et des productions th\u00e9\u00e2trales adress\u00e9es \u00e0&#8230;","og_url":"https:\/\/katialorenzon.com\/index.php\/portfolio-gruppo-alcuni-franz-e-rap\/","og_site_name":"Katia Lorenzon","article_modified_time":"2022-01-23T22:32:05+00:00","og_image":[{"url":"http:\/\/katialorenzon.com\/wp-content\/uploads\/2016\/10\/decor-theatre-franz-e-rap-photo.jpg"}],"twitter_card":"summary","twitter_misc":{"Tempo di lettura stimato":"2 minuti"},"schema":{"@context":"https:\/\/schema.org","@graph":[{"@type":"WebSite","@id":"https:\/\/katialorenzon.com\/#website","url":"https:\/\/katialorenzon.com\/","name":"Katia Lorenzon","description":"Design graphique et illustration","potentialAction":[{"@type":"SearchAction","target":{"@type":"EntryPoint","urlTemplate":"https:\/\/katialorenzon.com\/?s={search_term_string}"},"query-input":"required name=search_term_string"}],"inLanguage":"it-IT"},{"@type":"ImageObject","@id":"https:\/\/katialorenzon.com\/index.php\/portfolio-gruppo-alcuni-franz-e-rap\/#primaryimage","inLanguage":"it-IT","url":"http:\/\/katialorenzon.com\/wp-content\/uploads\/2016\/10\/decor-theatre-franz-e-rap-photo.jpg","contentUrl":"http:\/\/katialorenzon.com\/wp-content\/uploads\/2016\/10\/decor-theatre-franz-e-rap-photo.jpg"},{"@type":"WebPage","@id":"https:\/\/katialorenzon.com\/index.php\/portfolio-gruppo-alcuni-franz-e-rap\/#webpage","url":"https:\/\/katialorenzon.com\/index.php\/portfolio-gruppo-alcuni-franz-e-rap\/","name":"Katia Lorenzon\/portfolio\/Gruppo Alcuni - Franz e Rap - Katia Lorenzon","isPartOf":{"@id":"https:\/\/katialorenzon.com\/#website"},"primaryImageOfPage":{"@id":"https:\/\/katialorenzon.com\/index.php\/portfolio-gruppo-alcuni-franz-e-rap\/#primaryimage"},"datePublished":"2016-10-17T10:42:47+00:00","dateModified":"2022-01-23T22:32:05+00:00","breadcrumb":{"@id":"https:\/\/katialorenzon.com\/index.php\/portfolio-gruppo-alcuni-franz-e-rap\/#breadcrumb"},"inLanguage":"it-IT","potentialAction":[{"@type":"ReadAction","target":["https:\/\/katialorenzon.com\/index.php\/portfolio-gruppo-alcuni-franz-e-rap\/"]}]},{"@type":"BreadcrumbList","@id":"https:\/\/katialorenzon.com\/index.php\/portfolio-gruppo-alcuni-franz-e-rap\/#breadcrumb","itemListElement":[{"@type":"ListItem","position":1,"name":"Accueil","item":"https:\/\/katialorenzon.com\/"},{"@type":"ListItem","position":2,"name":"Katia Lorenzon\/portfolio\/Gruppo Alcuni &#8211; Franz e Rap"}]}]}},"_links":{"self":[{"href":"https:\/\/katialorenzon.com\/index.php\/wp-json\/wp\/v2\/pages\/584"}],"collection":[{"href":"https:\/\/katialorenzon.com\/index.php\/wp-json\/wp\/v2\/pages"}],"about":[{"href":"https:\/\/katialorenzon.com\/index.php\/wp-json\/wp\/v2\/types\/page"}],"author":[{"embeddable":true,"href":"https:\/\/katialorenzon.com\/index.php\/wp-json\/wp\/v2\/users\/1"}],"replies":[{"embeddable":true,"href":"https:\/\/katialorenzon.com\/index.php\/wp-json\/wp\/v2\/comments?post=584"}],"version-history":[{"count":15,"href":"https:\/\/katialorenzon.com\/index.php\/wp-json\/wp\/v2\/pages\/584\/revisions"}],"predecessor-version":[{"id":4537,"href":"https:\/\/katialorenzon.com\/index.php\/wp-json\/wp\/v2\/pages\/584\/revisions\/4537"}],"wp:attachment":[{"href":"https:\/\/katialorenzon.com\/index.php\/wp-json\/wp\/v2\/media?parent=584"}],"curies":[{"name":"wp","href":"https:\/\/api.w.org\/{rel}","templated":true}]}}