{"id":599,"date":"2016-10-17T12:54:05","date_gmt":"2016-10-17T10:54:05","guid":{"rendered":"http:\/\/katialorenzon.com\/?page_id=599"},"modified":"2022-01-24T08:53:19","modified_gmt":"2022-01-24T07:53:19","slug":"portfolio-pinpin-team-layouts","status":"publish","type":"page","link":"https:\/\/katialorenzon.com\/index.php\/portfolio-pinpin-team-layouts\/","title":{"rendered":"Katia Lorenzon\/portfolio\/Pinpin Team &#8211; Layouts"},"content":{"rendered":"<p><strong>L<\/strong>ayouts pour le cahier de vacances num\u00e9riques &#8220;Les d\u00e9fis du professeur Muchi&#8221;. \u00c9diteur <strong>France T\u00e9l\u00e9vision \u00e9ducation<\/strong>. D\u00e9veloppeur<a href=\"https:\/\/pinpinteam.com\/\"><strong> Pinpin Team<\/strong><\/a>. <em>Paris, 2015.<img decoding=\"async\" loading=\"lazy\" class=\"aligncenter size-full wp-image-1383\" src=\"https:\/\/katialorenzon.com\/wp-content\/uploads\/2016\/10\/salon-the-anglais.jpg\" alt=\"salon-the-anglais\" width=\"800\" height=\"564\" srcset=\"https:\/\/katialorenzon.com\/wp-content\/uploads\/2016\/10\/salon-the-anglais.jpg 800w, https:\/\/katialorenzon.com\/wp-content\/uploads\/2016\/10\/salon-the-anglais-300x212.jpg 300w, https:\/\/katialorenzon.com\/wp-content\/uploads\/2016\/10\/salon-the-anglais-768x541.jpg 768w\" sizes=\"(max-width: 800px) 100vw, 800px\" \/><\/em><\/p>\n<p><img decoding=\"async\" loading=\"lazy\" class=\"aligncenter size-full wp-image-605\" src=\"https:\/\/katialorenzon.com\/wp-content\/uploads\/2016\/10\/splash-screen3.jpg\" alt=\"splash-screen3\" width=\"800\" height=\"567\" srcset=\"https:\/\/katialorenzon.com\/wp-content\/uploads\/2016\/10\/splash-screen3.jpg 800w, https:\/\/katialorenzon.com\/wp-content\/uploads\/2016\/10\/splash-screen3-300x213.jpg 300w, https:\/\/katialorenzon.com\/wp-content\/uploads\/2016\/10\/splash-screen3-768x544.jpg 768w\" sizes=\"(max-width: 800px) 100vw, 800px\" \/><\/p>\n<p><img decoding=\"async\" loading=\"lazy\" class=\"aligncenter size-full wp-image-603\" src=\"https:\/\/katialorenzon.com\/wp-content\/uploads\/2016\/10\/salle-science-veranda2-katia-lorenzon.jpg\" alt=\"salle-science-veranda2-katia-lorenzon\" width=\"800\" height=\"601\" srcset=\"https:\/\/katialorenzon.com\/wp-content\/uploads\/2016\/10\/salle-science-veranda2-katia-lorenzon.jpg 800w, https:\/\/katialorenzon.com\/wp-content\/uploads\/2016\/10\/salle-science-veranda2-katia-lorenzon-300x225.jpg 300w, https:\/\/katialorenzon.com\/wp-content\/uploads\/2016\/10\/salle-science-veranda2-katia-lorenzon-768x577.jpg 768w\" sizes=\"(max-width: 800px) 100vw, 800px\" \/><\/p>\n<p><img decoding=\"async\" loading=\"lazy\" class=\"aligncenter size-full wp-image-607\" src=\"https:\/\/katialorenzon.com\/wp-content\/uploads\/2016\/10\/carta-principale.jpg\" alt=\"carta-principale\" width=\"800\" height=\"563\" srcset=\"https:\/\/katialorenzon.com\/wp-content\/uploads\/2016\/10\/carta-principale.jpg 800w, https:\/\/katialorenzon.com\/wp-content\/uploads\/2016\/10\/carta-principale-300x211.jpg 300w, https:\/\/katialorenzon.com\/wp-content\/uploads\/2016\/10\/carta-principale-768x540.jpg 768w\" sizes=\"(max-width: 800px) 100vw, 800px\" \/><\/p>\n<p><img decoding=\"async\" loading=\"lazy\" class=\"aligncenter size-full wp-image-601\" src=\"https:\/\/katialorenzon.com\/wp-content\/uploads\/2016\/10\/salle-geographie-grenier2.jpg\" alt=\"salle-geographie-grenier2\" width=\"800\" height=\"575\" srcset=\"https:\/\/katialorenzon.com\/wp-content\/uploads\/2016\/10\/salle-geographie-grenier2.jpg 800w, https:\/\/katialorenzon.com\/wp-content\/uploads\/2016\/10\/salle-geographie-grenier2-300x216.jpg 300w, https:\/\/katialorenzon.com\/wp-content\/uploads\/2016\/10\/salle-geographie-grenier2-768x552.jpg 768w\" sizes=\"(max-width: 800px) 100vw, 800px\" \/><img decoding=\"async\" loading=\"lazy\" class=\"aligncenter size-full wp-image-1381\" src=\"https:\/\/katialorenzon.com\/wp-content\/uploads\/2016\/10\/salle-informatique-mathematique.jpg\" alt=\"salle-informatique-mathematique\" width=\"800\" height=\"521\" srcset=\"https:\/\/katialorenzon.com\/wp-content\/uploads\/2016\/10\/salle-informatique-mathematique.jpg 800w, https:\/\/katialorenzon.com\/wp-content\/uploads\/2016\/10\/salle-informatique-mathematique-300x195.jpg 300w, https:\/\/katialorenzon.com\/wp-content\/uploads\/2016\/10\/salle-informatique-mathematique-768x500.jpg 768w\" sizes=\"(max-width: 800px) 100vw, 800px\" \/><\/p>\n","protected":false},"excerpt":{"rendered":"<p>Layouts pour le cahier de vacances num\u00e9riques &#8220;Les d\u00e9fis du professeur Muchi&#8221;. \u00c9diteur France T\u00e9l\u00e9vision \u00e9ducation. D\u00e9veloppeur Pinpin Team. Paris, 2015.<\/p>\n","protected":false},"author":1,"featured_media":0,"parent":0,"menu_order":0,"comment_status":"closed","ping_status":"closed","template":"","meta":{"footnotes":""},"yoast_head":"<!-- This site is optimized with the Yoast SEO plugin v17.7.1 - https:\/\/yoast.com\/wordpress\/plugins\/seo\/ -->\n<title>Katia Lorenzon\/portfolio\/Pinpin Team - Layouts - Katia Lorenzon<\/title>\n<meta name=\"robots\" content=\"index, follow, max-snippet:-1, max-image-preview:large, max-video-preview:-1\" \/>\n<link rel=\"canonical\" href=\"https:\/\/katialorenzon.com\/index.php\/portfolio-pinpin-team-layouts\/\" \/>\n<meta property=\"og:locale\" content=\"it_IT\" \/>\n<meta property=\"og:type\" content=\"article\" \/>\n<meta property=\"og:title\" content=\"Katia Lorenzon\/portfolio\/Pinpin Team - Layouts - Katia Lorenzon\" \/>\n<meta property=\"og:description\" content=\"Layouts pour le cahier de vacances num\u00e9riques &#8220;Les d\u00e9fis du professeur Muchi&#8221;. \u00c9diteur France T\u00e9l\u00e9vision \u00e9ducation. D\u00e9veloppeur Pinpin Team. Paris, 2015.\" \/>\n<meta property=\"og:url\" content=\"https:\/\/katialorenzon.com\/index.php\/portfolio-pinpin-team-layouts\/\" \/>\n<meta property=\"og:site_name\" content=\"Katia Lorenzon\" \/>\n<meta property=\"article:modified_time\" content=\"2022-01-24T07:53:19+00:00\" \/>\n<meta property=\"og:image\" content=\"http:\/\/katialorenzon.com\/wp-content\/uploads\/2016\/10\/salon-the-anglais.jpg\" \/>\n<meta name=\"twitter:card\" content=\"summary\" \/>\n<meta name=\"twitter:label1\" content=\"Tempo di lettura stimato\" \/>\n\t<meta name=\"twitter:data1\" content=\"2 minuti\" \/>\n<script type=\"application\/ld+json\" class=\"yoast-schema-graph\">{\"@context\":\"https:\/\/schema.org\",\"@graph\":[{\"@type\":\"WebSite\",\"@id\":\"https:\/\/katialorenzon.com\/#website\",\"url\":\"https:\/\/katialorenzon.com\/\",\"name\":\"Katia Lorenzon\",\"description\":\"Design graphique et illustration\",\"potentialAction\":[{\"@type\":\"SearchAction\",\"target\":{\"@type\":\"EntryPoint\",\"urlTemplate\":\"https:\/\/katialorenzon.com\/?s={search_term_string}\"},\"query-input\":\"required name=search_term_string\"}],\"inLanguage\":\"it-IT\"},{\"@type\":\"ImageObject\",\"@id\":\"https:\/\/katialorenzon.com\/index.php\/portfolio-pinpin-team-layouts\/#primaryimage\",\"inLanguage\":\"it-IT\",\"url\":\"http:\/\/katialorenzon.com\/wp-content\/uploads\/2016\/10\/salon-the-anglais.jpg\",\"contentUrl\":\"http:\/\/katialorenzon.com\/wp-content\/uploads\/2016\/10\/salon-the-anglais.jpg\"},{\"@type\":\"WebPage\",\"@id\":\"https:\/\/katialorenzon.com\/index.php\/portfolio-pinpin-team-layouts\/#webpage\",\"url\":\"https:\/\/katialorenzon.com\/index.php\/portfolio-pinpin-team-layouts\/\",\"name\":\"Katia Lorenzon\/portfolio\/Pinpin Team - Layouts - Katia Lorenzon\",\"isPartOf\":{\"@id\":\"https:\/\/katialorenzon.com\/#website\"},\"primaryImageOfPage\":{\"@id\":\"https:\/\/katialorenzon.com\/index.php\/portfolio-pinpin-team-layouts\/#primaryimage\"},\"datePublished\":\"2016-10-17T10:54:05+00:00\",\"dateModified\":\"2022-01-24T07:53:19+00:00\",\"breadcrumb\":{\"@id\":\"https:\/\/katialorenzon.com\/index.php\/portfolio-pinpin-team-layouts\/#breadcrumb\"},\"inLanguage\":\"it-IT\",\"potentialAction\":[{\"@type\":\"ReadAction\",\"target\":[\"https:\/\/katialorenzon.com\/index.php\/portfolio-pinpin-team-layouts\/\"]}]},{\"@type\":\"BreadcrumbList\",\"@id\":\"https:\/\/katialorenzon.com\/index.php\/portfolio-pinpin-team-layouts\/#breadcrumb\",\"itemListElement\":[{\"@type\":\"ListItem\",\"position\":1,\"name\":\"Accueil\",\"item\":\"https:\/\/katialorenzon.com\/\"},{\"@type\":\"ListItem\",\"position\":2,\"name\":\"Katia Lorenzon\/portfolio\/Pinpin Team &#8211; Layouts\"}]}]}<\/script>\n<!-- \/ Yoast SEO plugin. -->","yoast_head_json":{"title":"Katia Lorenzon\/portfolio\/Pinpin Team - Layouts - Katia Lorenzon","robots":{"index":"index","follow":"follow","max-snippet":"max-snippet:-1","max-image-preview":"max-image-preview:large","max-video-preview":"max-video-preview:-1"},"canonical":"https:\/\/katialorenzon.com\/index.php\/portfolio-pinpin-team-layouts\/","og_locale":"it_IT","og_type":"article","og_title":"Katia Lorenzon\/portfolio\/Pinpin Team - Layouts - Katia Lorenzon","og_description":"Layouts pour le cahier de vacances num\u00e9riques &#8220;Les d\u00e9fis du professeur Muchi&#8221;. \u00c9diteur France T\u00e9l\u00e9vision \u00e9ducation. D\u00e9veloppeur Pinpin Team. Paris, 2015.","og_url":"https:\/\/katialorenzon.com\/index.php\/portfolio-pinpin-team-layouts\/","og_site_name":"Katia Lorenzon","article_modified_time":"2022-01-24T07:53:19+00:00","og_image":[{"url":"http:\/\/katialorenzon.com\/wp-content\/uploads\/2016\/10\/salon-the-anglais.jpg"}],"twitter_card":"summary","twitter_misc":{"Tempo di lettura stimato":"2 minuti"},"schema":{"@context":"https:\/\/schema.org","@graph":[{"@type":"WebSite","@id":"https:\/\/katialorenzon.com\/#website","url":"https:\/\/katialorenzon.com\/","name":"Katia Lorenzon","description":"Design graphique et illustration","potentialAction":[{"@type":"SearchAction","target":{"@type":"EntryPoint","urlTemplate":"https:\/\/katialorenzon.com\/?s={search_term_string}"},"query-input":"required name=search_term_string"}],"inLanguage":"it-IT"},{"@type":"ImageObject","@id":"https:\/\/katialorenzon.com\/index.php\/portfolio-pinpin-team-layouts\/#primaryimage","inLanguage":"it-IT","url":"http:\/\/katialorenzon.com\/wp-content\/uploads\/2016\/10\/salon-the-anglais.jpg","contentUrl":"http:\/\/katialorenzon.com\/wp-content\/uploads\/2016\/10\/salon-the-anglais.jpg"},{"@type":"WebPage","@id":"https:\/\/katialorenzon.com\/index.php\/portfolio-pinpin-team-layouts\/#webpage","url":"https:\/\/katialorenzon.com\/index.php\/portfolio-pinpin-team-layouts\/","name":"Katia Lorenzon\/portfolio\/Pinpin Team - Layouts - Katia Lorenzon","isPartOf":{"@id":"https:\/\/katialorenzon.com\/#website"},"primaryImageOfPage":{"@id":"https:\/\/katialorenzon.com\/index.php\/portfolio-pinpin-team-layouts\/#primaryimage"},"datePublished":"2016-10-17T10:54:05+00:00","dateModified":"2022-01-24T07:53:19+00:00","breadcrumb":{"@id":"https:\/\/katialorenzon.com\/index.php\/portfolio-pinpin-team-layouts\/#breadcrumb"},"inLanguage":"it-IT","potentialAction":[{"@type":"ReadAction","target":["https:\/\/katialorenzon.com\/index.php\/portfolio-pinpin-team-layouts\/"]}]},{"@type":"BreadcrumbList","@id":"https:\/\/katialorenzon.com\/index.php\/portfolio-pinpin-team-layouts\/#breadcrumb","itemListElement":[{"@type":"ListItem","position":1,"name":"Accueil","item":"https:\/\/katialorenzon.com\/"},{"@type":"ListItem","position":2,"name":"Katia Lorenzon\/portfolio\/Pinpin Team &#8211; Layouts"}]}]}},"_links":{"self":[{"href":"https:\/\/katialorenzon.com\/index.php\/wp-json\/wp\/v2\/pages\/599"}],"collection":[{"href":"https:\/\/katialorenzon.com\/index.php\/wp-json\/wp\/v2\/pages"}],"about":[{"href":"https:\/\/katialorenzon.com\/index.php\/wp-json\/wp\/v2\/types\/page"}],"author":[{"embeddable":true,"href":"https:\/\/katialorenzon.com\/index.php\/wp-json\/wp\/v2\/users\/1"}],"replies":[{"embeddable":true,"href":"https:\/\/katialorenzon.com\/index.php\/wp-json\/wp\/v2\/comments?post=599"}],"version-history":[{"count":12,"href":"https:\/\/katialorenzon.com\/index.php\/wp-json\/wp\/v2\/pages\/599\/revisions"}],"predecessor-version":[{"id":4569,"href":"https:\/\/katialorenzon.com\/index.php\/wp-json\/wp\/v2\/pages\/599\/revisions\/4569"}],"wp:attachment":[{"href":"https:\/\/katialorenzon.com\/index.php\/wp-json\/wp\/v2\/media?parent=599"}],"curies":[{"name":"wp","href":"https:\/\/api.w.org\/{rel}","templated":true}]}}