{"id":657,"date":"2016-10-17T13:08:01","date_gmt":"2016-10-17T11:08:01","guid":{"rendered":"http:\/\/katialorenzon.com\/?page_id=657"},"modified":"2022-01-24T08:54:02","modified_gmt":"2022-01-24T07:54:02","slug":"portfolio-rose-bunker","status":"publish","type":"page","link":"https:\/\/katialorenzon.com\/index.php\/portfolio-rose-bunker\/","title":{"rendered":"Katia Lorenzon\/portfolio\/Rose bunker"},"content":{"rendered":"<p><strong>I<\/strong>llustrations pour\u00a0une s\u00e9rie de tirages num\u00e9riques contrecoll\u00e9s sur support rigide. R\u00e9alisations pour la boutique d&#8217;articles pop et recycl\u00e9s\u00a0<strong>Rose Bunker. \u00a0<\/strong><em>Paris, 2013.<\/em><\/p>\n<p><img decoding=\"async\" loading=\"lazy\" class=\"aligncenter size-full wp-image-662\" src=\"https:\/\/katialorenzon.com\/wp-content\/uploads\/2016\/10\/rose-bunker-logo.jpg\" alt=\"rose-bunker-logo\" width=\"1000\" height=\"500\" srcset=\"https:\/\/katialorenzon.com\/wp-content\/uploads\/2016\/10\/rose-bunker-logo.jpg 1000w, https:\/\/katialorenzon.com\/wp-content\/uploads\/2016\/10\/rose-bunker-logo-300x150.jpg 300w, https:\/\/katialorenzon.com\/wp-content\/uploads\/2016\/10\/rose-bunker-logo-768x384.jpg 768w\" sizes=\"(max-width: 1000px) 100vw, 1000px\" \/><\/p>\n<p><img decoding=\"async\" loading=\"lazy\" class=\"aligncenter size-full wp-image-660\" src=\"https:\/\/katialorenzon.com\/wp-content\/uploads\/2016\/10\/rose-bunker-boutique.jpg\" alt=\"rose-bunker-boutique\" width=\"1000\" height=\"500\" srcset=\"https:\/\/katialorenzon.com\/wp-content\/uploads\/2016\/10\/rose-bunker-boutique.jpg 1000w, https:\/\/katialorenzon.com\/wp-content\/uploads\/2016\/10\/rose-bunker-boutique-300x150.jpg 300w, https:\/\/katialorenzon.com\/wp-content\/uploads\/2016\/10\/rose-bunker-boutique-768x384.jpg 768w\" sizes=\"(max-width: 1000px) 100vw, 1000px\" \/><\/p>\n<p><img decoding=\"async\" loading=\"lazy\" class=\"aligncenter size-full wp-image-1418\" src=\"https:\/\/katialorenzon.com\/wp-content\/uploads\/2016\/10\/rose-bunker-boutique-photo-interieur.jpg\" alt=\"rose-bunker-boutique-photo-interieur\" width=\"1000\" height=\"500\" srcset=\"https:\/\/katialorenzon.com\/wp-content\/uploads\/2016\/10\/rose-bunker-boutique-photo-interieur.jpg 1000w, https:\/\/katialorenzon.com\/wp-content\/uploads\/2016\/10\/rose-bunker-boutique-photo-interieur-300x150.jpg 300w, https:\/\/katialorenzon.com\/wp-content\/uploads\/2016\/10\/rose-bunker-boutique-photo-interieur-768x384.jpg 768w\" sizes=\"(max-width: 1000px) 100vw, 1000px\" \/><\/p>\n<p><img decoding=\"async\" loading=\"lazy\" class=\"aligncenter size-full wp-image-1419\" src=\"https:\/\/katialorenzon.com\/wp-content\/uploads\/2016\/10\/rose-bunker-joe-illustrations-katia-lorenzon.jpg\" alt=\"rose-bunker-joe-illustrations-katia-lorenzon\" width=\"800\" height=\"800\" srcset=\"https:\/\/katialorenzon.com\/wp-content\/uploads\/2016\/10\/rose-bunker-joe-illustrations-katia-lorenzon.jpg 800w, https:\/\/katialorenzon.com\/wp-content\/uploads\/2016\/10\/rose-bunker-joe-illustrations-katia-lorenzon-150x150.jpg 150w, https:\/\/katialorenzon.com\/wp-content\/uploads\/2016\/10\/rose-bunker-joe-illustrations-katia-lorenzon-300x300.jpg 300w, https:\/\/katialorenzon.com\/wp-content\/uploads\/2016\/10\/rose-bunker-joe-illustrations-katia-lorenzon-768x768.jpg 768w\" sizes=\"(max-width: 800px) 100vw, 800px\" \/><\/p>\n<p><img decoding=\"async\" loading=\"lazy\" class=\"aligncenter size-full wp-image-1420\" src=\"https:\/\/katialorenzon.com\/wp-content\/uploads\/2016\/10\/rose-bunker-poulpe-illustration-katia-lorenzon.jpg\" alt=\"rose-bunker-poulpe-illustration-katia-lorenzon\" width=\"800\" height=\"800\" srcset=\"https:\/\/katialorenzon.com\/wp-content\/uploads\/2016\/10\/rose-bunker-poulpe-illustration-katia-lorenzon.jpg 800w, https:\/\/katialorenzon.com\/wp-content\/uploads\/2016\/10\/rose-bunker-poulpe-illustration-katia-lorenzon-150x150.jpg 150w, https:\/\/katialorenzon.com\/wp-content\/uploads\/2016\/10\/rose-bunker-poulpe-illustration-katia-lorenzon-300x300.jpg 300w, https:\/\/katialorenzon.com\/wp-content\/uploads\/2016\/10\/rose-bunker-poulpe-illustration-katia-lorenzon-768x768.jpg 768w\" sizes=\"(max-width: 800px) 100vw, 800px\" \/><\/p>\n","protected":false},"excerpt":{"rendered":"<p>Illustrations pour\u00a0une s\u00e9rie de tirages num\u00e9riques contrecoll\u00e9s sur support rigide. R\u00e9alisations pour la boutique d&#8217;articles pop et recycl\u00e9s\u00a0Rose Bunker. \u00a0Paris, 2013.<\/p>\n","protected":false},"author":1,"featured_media":0,"parent":0,"menu_order":0,"comment_status":"closed","ping_status":"closed","template":"","meta":{"footnotes":""},"yoast_head":"<!-- This site is optimized with the Yoast SEO plugin v17.7.1 - https:\/\/yoast.com\/wordpress\/plugins\/seo\/ -->\n<title>Katia Lorenzon\/portfolio\/Rose bunker - Katia Lorenzon<\/title>\n<meta name=\"robots\" content=\"index, follow, max-snippet:-1, max-image-preview:large, max-video-preview:-1\" \/>\n<link rel=\"canonical\" href=\"https:\/\/katialorenzon.com\/index.php\/portfolio-rose-bunker\/\" \/>\n<meta property=\"og:locale\" content=\"it_IT\" \/>\n<meta property=\"og:type\" content=\"article\" \/>\n<meta property=\"og:title\" content=\"Katia Lorenzon\/portfolio\/Rose bunker - Katia Lorenzon\" \/>\n<meta property=\"og:description\" content=\"Illustrations pour\u00a0une s\u00e9rie de tirages num\u00e9riques contrecoll\u00e9s sur support rigide. R\u00e9alisations pour la boutique d&#8217;articles pop et recycl\u00e9s\u00a0Rose Bunker. \u00a0Paris, 2013.\" \/>\n<meta property=\"og:url\" content=\"https:\/\/katialorenzon.com\/index.php\/portfolio-rose-bunker\/\" \/>\n<meta property=\"og:site_name\" content=\"Katia Lorenzon\" \/>\n<meta property=\"article:modified_time\" content=\"2022-01-24T07:54:02+00:00\" \/>\n<meta property=\"og:image\" content=\"http:\/\/katialorenzon.com\/wp-content\/uploads\/2016\/10\/rose-bunker-logo.jpg\" \/>\n<meta name=\"twitter:card\" content=\"summary\" \/>\n<meta name=\"twitter:label1\" content=\"Tempo di lettura stimato\" \/>\n\t<meta name=\"twitter:data1\" content=\"2 minuti\" \/>\n<script type=\"application\/ld+json\" class=\"yoast-schema-graph\">{\"@context\":\"https:\/\/schema.org\",\"@graph\":[{\"@type\":\"WebSite\",\"@id\":\"https:\/\/katialorenzon.com\/#website\",\"url\":\"https:\/\/katialorenzon.com\/\",\"name\":\"Katia Lorenzon\",\"description\":\"Design graphique et illustration\",\"potentialAction\":[{\"@type\":\"SearchAction\",\"target\":{\"@type\":\"EntryPoint\",\"urlTemplate\":\"https:\/\/katialorenzon.com\/?s={search_term_string}\"},\"query-input\":\"required name=search_term_string\"}],\"inLanguage\":\"it-IT\"},{\"@type\":\"ImageObject\",\"@id\":\"https:\/\/katialorenzon.com\/index.php\/portfolio-rose-bunker\/#primaryimage\",\"inLanguage\":\"it-IT\",\"url\":\"http:\/\/katialorenzon.com\/wp-content\/uploads\/2016\/10\/rose-bunker-logo.jpg\",\"contentUrl\":\"http:\/\/katialorenzon.com\/wp-content\/uploads\/2016\/10\/rose-bunker-logo.jpg\"},{\"@type\":\"WebPage\",\"@id\":\"https:\/\/katialorenzon.com\/index.php\/portfolio-rose-bunker\/#webpage\",\"url\":\"https:\/\/katialorenzon.com\/index.php\/portfolio-rose-bunker\/\",\"name\":\"Katia Lorenzon\/portfolio\/Rose bunker - Katia Lorenzon\",\"isPartOf\":{\"@id\":\"https:\/\/katialorenzon.com\/#website\"},\"primaryImageOfPage\":{\"@id\":\"https:\/\/katialorenzon.com\/index.php\/portfolio-rose-bunker\/#primaryimage\"},\"datePublished\":\"2016-10-17T11:08:01+00:00\",\"dateModified\":\"2022-01-24T07:54:02+00:00\",\"breadcrumb\":{\"@id\":\"https:\/\/katialorenzon.com\/index.php\/portfolio-rose-bunker\/#breadcrumb\"},\"inLanguage\":\"it-IT\",\"potentialAction\":[{\"@type\":\"ReadAction\",\"target\":[\"https:\/\/katialorenzon.com\/index.php\/portfolio-rose-bunker\/\"]}]},{\"@type\":\"BreadcrumbList\",\"@id\":\"https:\/\/katialorenzon.com\/index.php\/portfolio-rose-bunker\/#breadcrumb\",\"itemListElement\":[{\"@type\":\"ListItem\",\"position\":1,\"name\":\"Accueil\",\"item\":\"https:\/\/katialorenzon.com\/\"},{\"@type\":\"ListItem\",\"position\":2,\"name\":\"Katia Lorenzon\/portfolio\/Rose bunker\"}]}]}<\/script>\n<!-- \/ Yoast SEO plugin. -->","yoast_head_json":{"title":"Katia Lorenzon\/portfolio\/Rose bunker - Katia Lorenzon","robots":{"index":"index","follow":"follow","max-snippet":"max-snippet:-1","max-image-preview":"max-image-preview:large","max-video-preview":"max-video-preview:-1"},"canonical":"https:\/\/katialorenzon.com\/index.php\/portfolio-rose-bunker\/","og_locale":"it_IT","og_type":"article","og_title":"Katia Lorenzon\/portfolio\/Rose bunker - Katia Lorenzon","og_description":"Illustrations pour\u00a0une s\u00e9rie de tirages num\u00e9riques contrecoll\u00e9s sur support rigide. R\u00e9alisations pour la boutique d&#8217;articles pop et recycl\u00e9s\u00a0Rose Bunker. \u00a0Paris, 2013.","og_url":"https:\/\/katialorenzon.com\/index.php\/portfolio-rose-bunker\/","og_site_name":"Katia Lorenzon","article_modified_time":"2022-01-24T07:54:02+00:00","og_image":[{"url":"http:\/\/katialorenzon.com\/wp-content\/uploads\/2016\/10\/rose-bunker-logo.jpg"}],"twitter_card":"summary","twitter_misc":{"Tempo di lettura stimato":"2 minuti"},"schema":{"@context":"https:\/\/schema.org","@graph":[{"@type":"WebSite","@id":"https:\/\/katialorenzon.com\/#website","url":"https:\/\/katialorenzon.com\/","name":"Katia Lorenzon","description":"Design graphique et illustration","potentialAction":[{"@type":"SearchAction","target":{"@type":"EntryPoint","urlTemplate":"https:\/\/katialorenzon.com\/?s={search_term_string}"},"query-input":"required name=search_term_string"}],"inLanguage":"it-IT"},{"@type":"ImageObject","@id":"https:\/\/katialorenzon.com\/index.php\/portfolio-rose-bunker\/#primaryimage","inLanguage":"it-IT","url":"http:\/\/katialorenzon.com\/wp-content\/uploads\/2016\/10\/rose-bunker-logo.jpg","contentUrl":"http:\/\/katialorenzon.com\/wp-content\/uploads\/2016\/10\/rose-bunker-logo.jpg"},{"@type":"WebPage","@id":"https:\/\/katialorenzon.com\/index.php\/portfolio-rose-bunker\/#webpage","url":"https:\/\/katialorenzon.com\/index.php\/portfolio-rose-bunker\/","name":"Katia Lorenzon\/portfolio\/Rose bunker - Katia Lorenzon","isPartOf":{"@id":"https:\/\/katialorenzon.com\/#website"},"primaryImageOfPage":{"@id":"https:\/\/katialorenzon.com\/index.php\/portfolio-rose-bunker\/#primaryimage"},"datePublished":"2016-10-17T11:08:01+00:00","dateModified":"2022-01-24T07:54:02+00:00","breadcrumb":{"@id":"https:\/\/katialorenzon.com\/index.php\/portfolio-rose-bunker\/#breadcrumb"},"inLanguage":"it-IT","potentialAction":[{"@type":"ReadAction","target":["https:\/\/katialorenzon.com\/index.php\/portfolio-rose-bunker\/"]}]},{"@type":"BreadcrumbList","@id":"https:\/\/katialorenzon.com\/index.php\/portfolio-rose-bunker\/#breadcrumb","itemListElement":[{"@type":"ListItem","position":1,"name":"Accueil","item":"https:\/\/katialorenzon.com\/"},{"@type":"ListItem","position":2,"name":"Katia Lorenzon\/portfolio\/Rose bunker"}]}]}},"_links":{"self":[{"href":"https:\/\/katialorenzon.com\/index.php\/wp-json\/wp\/v2\/pages\/657"}],"collection":[{"href":"https:\/\/katialorenzon.com\/index.php\/wp-json\/wp\/v2\/pages"}],"about":[{"href":"https:\/\/katialorenzon.com\/index.php\/wp-json\/wp\/v2\/types\/page"}],"author":[{"embeddable":true,"href":"https:\/\/katialorenzon.com\/index.php\/wp-json\/wp\/v2\/users\/1"}],"replies":[{"embeddable":true,"href":"https:\/\/katialorenzon.com\/index.php\/wp-json\/wp\/v2\/comments?post=657"}],"version-history":[{"count":8,"href":"https:\/\/katialorenzon.com\/index.php\/wp-json\/wp\/v2\/pages\/657\/revisions"}],"predecessor-version":[{"id":4572,"href":"https:\/\/katialorenzon.com\/index.php\/wp-json\/wp\/v2\/pages\/657\/revisions\/4572"}],"wp:attachment":[{"href":"https:\/\/katialorenzon.com\/index.php\/wp-json\/wp\/v2\/media?parent=657"}],"curies":[{"name":"wp","href":"https:\/\/api.w.org\/{rel}","templated":true}]}}