{"id":665,"date":"2016-10-17T13:09:43","date_gmt":"2016-10-17T11:09:43","guid":{"rendered":"http:\/\/katialorenzon.com\/?page_id=665"},"modified":"2022-01-23T22:00:07","modified_gmt":"2022-01-23T21:00:07","slug":"portfolio-gruppo-alcuni-mondeval","status":"publish","type":"page","link":"https:\/\/katialorenzon.com\/index.php\/portfolio-gruppo-alcuni-mondeval\/","title":{"rendered":"Katia Lorenzon\/portfolio\/Gruppo Alcuni &#8211; Mondeval"},"content":{"rendered":"<p class=\"p1\"><span class=\"s1\"><b>P<\/b>endant les premiers dix ans de ma vie professionnelle, en Italie, j\u2019ai travaill\u00e9 dans les productions de dessins anim\u00e9s pour la t\u00e9l\u00e9vision. J\u2019\u00e9tais technicienne &#8211; compositing 2d et rendering avec le logiciel Digitalvid\u00e9o Toonz &#8211; j\u2019ai con\u00e7u l\u2019univers visuel de courts-m\u00e9trages, moyens-m\u00e9trages, et spots pour la t\u00e9l\u00e9vision : dessin de personnages et de d\u00e9cors, mise en couleurs.<br \/>\nJe me suis occup\u00e9e \u00e9galement de la mise en page de bibles graphiques pour des \u00e9pisodes en production et pour la pr\u00e9sentation des pilotes de nouvelles s\u00e9ries.<\/p>\n<p>Dans ces images : \u201c<i>Mondeval<\/i>\u201d, court-m\u00e9trage faisant partie d\u2019une s\u00e9rie produite par le\u00a0Gruppo Alcuni en collaboration avec le\u00a0<b>Conseil r\u00e9gional de la V\u00e9n\u00e9tie<\/b>.\u00a0Dessin de personnages et d\u00e9cors, storyboard, compositing 2D<\/span><span class=\"s2\">.\u00a0<i>Italie, 2003<\/i>.<\/span><\/p>\n<p><img decoding=\"async\" loading=\"lazy\" class=\"aligncenter size-full wp-image-676\" src=\"https:\/\/katialorenzon.com\/wp-content\/uploads\/2016\/10\/region-venetie-logo.jpg\" alt=\"region-venetie-logo\" width=\"1000\" height=\"300\" srcset=\"https:\/\/katialorenzon.com\/wp-content\/uploads\/2016\/10\/region-venetie-logo.jpg 1000w, https:\/\/katialorenzon.com\/wp-content\/uploads\/2016\/10\/region-venetie-logo-300x90.jpg 300w, https:\/\/katialorenzon.com\/wp-content\/uploads\/2016\/10\/region-venetie-logo-768x230.jpg 768w\" sizes=\"(max-width: 1000px) 100vw, 1000px\" \/><\/p>\n<p><img decoding=\"async\" loading=\"lazy\" class=\"aligncenter size-full wp-image-667\" src=\"https:\/\/katialorenzon.com\/wp-content\/uploads\/2016\/10\/mondeval-region-venetie-dessin0-katia-lorenzon.jpg\" alt=\"mondeval-region-venetie-dessin0-katia-lorenzon\" width=\"1000\" height=\"215\" srcset=\"https:\/\/katialorenzon.com\/wp-content\/uploads\/2016\/10\/mondeval-region-venetie-dessin0-katia-lorenzon.jpg 1000w, https:\/\/katialorenzon.com\/wp-content\/uploads\/2016\/10\/mondeval-region-venetie-dessin0-katia-lorenzon-300x65.jpg 300w, https:\/\/katialorenzon.com\/wp-content\/uploads\/2016\/10\/mondeval-region-venetie-dessin0-katia-lorenzon-768x165.jpg 768w\" sizes=\"(max-width: 1000px) 100vw, 1000px\" \/><\/p>\n<p><img decoding=\"async\" loading=\"lazy\" class=\"aligncenter size-full wp-image-668\" src=\"https:\/\/katialorenzon.com\/wp-content\/uploads\/2016\/10\/mondeval-region-venetie-dessin1.jpg\" alt=\"mondeval-region-venetie-dessin1\" width=\"1000\" height=\"750\" srcset=\"https:\/\/katialorenzon.com\/wp-content\/uploads\/2016\/10\/mondeval-region-venetie-dessin1.jpg 1000w, https:\/\/katialorenzon.com\/wp-content\/uploads\/2016\/10\/mondeval-region-venetie-dessin1-300x225.jpg 300w, https:\/\/katialorenzon.com\/wp-content\/uploads\/2016\/10\/mondeval-region-venetie-dessin1-768x576.jpg 768w\" sizes=\"(max-width: 1000px) 100vw, 1000px\" \/><\/p>\n<p><img decoding=\"async\" loading=\"lazy\" class=\"aligncenter size-full wp-image-669\" src=\"https:\/\/katialorenzon.com\/wp-content\/uploads\/2016\/10\/mondeval-region-venetie-dessin2-katia-lorenzon.jpg\" alt=\"mondeval-region-venetie-dessin2-katia-lorenzon\" width=\"1000\" height=\"750\" srcset=\"https:\/\/katialorenzon.com\/wp-content\/uploads\/2016\/10\/mondeval-region-venetie-dessin2-katia-lorenzon.jpg 1000w, https:\/\/katialorenzon.com\/wp-content\/uploads\/2016\/10\/mondeval-region-venetie-dessin2-katia-lorenzon-300x225.jpg 300w, https:\/\/katialorenzon.com\/wp-content\/uploads\/2016\/10\/mondeval-region-venetie-dessin2-katia-lorenzon-768x576.jpg 768w\" sizes=\"(max-width: 1000px) 100vw, 1000px\" \/><\/p>\n<p><img decoding=\"async\" loading=\"lazy\" class=\"aligncenter size-full wp-image-671\" src=\"https:\/\/katialorenzon.com\/wp-content\/uploads\/2016\/10\/mondeval-region-venetie-dessin4.jpg\" alt=\"mondeval-region-venetie-dessin4\" width=\"1000\" height=\"750\" srcset=\"https:\/\/katialorenzon.com\/wp-content\/uploads\/2016\/10\/mondeval-region-venetie-dessin4.jpg 1000w, https:\/\/katialorenzon.com\/wp-content\/uploads\/2016\/10\/mondeval-region-venetie-dessin4-300x225.jpg 300w, https:\/\/katialorenzon.com\/wp-content\/uploads\/2016\/10\/mondeval-region-venetie-dessin4-768x576.jpg 768w\" sizes=\"(max-width: 1000px) 100vw, 1000px\" \/><\/p>\n<p><img decoding=\"async\" loading=\"lazy\" class=\"aligncenter size-full wp-image-670\" src=\"https:\/\/katialorenzon.com\/wp-content\/uploads\/2016\/10\/mondeval-region-venetie-dessin3.jpg\" alt=\"mondeval-region-venetie-dessin3\" width=\"1000\" height=\"750\" srcset=\"https:\/\/katialorenzon.com\/wp-content\/uploads\/2016\/10\/mondeval-region-venetie-dessin3.jpg 1000w, https:\/\/katialorenzon.com\/wp-content\/uploads\/2016\/10\/mondeval-region-venetie-dessin3-300x225.jpg 300w, https:\/\/katialorenzon.com\/wp-content\/uploads\/2016\/10\/mondeval-region-venetie-dessin3-768x576.jpg 768w\" sizes=\"(max-width: 1000px) 100vw, 1000px\" \/><\/p>\n<p><img decoding=\"async\" loading=\"lazy\" class=\"aligncenter size-full wp-image-672\" src=\"https:\/\/katialorenzon.com\/wp-content\/uploads\/2016\/10\/mondeval-region-venetie-dessin5.jpg\" alt=\"mondeval-region-venetie-dessin5\" width=\"1000\" height=\"750\" srcset=\"https:\/\/katialorenzon.com\/wp-content\/uploads\/2016\/10\/mondeval-region-venetie-dessin5.jpg 1000w, https:\/\/katialorenzon.com\/wp-content\/uploads\/2016\/10\/mondeval-region-venetie-dessin5-300x225.jpg 300w, https:\/\/katialorenzon.com\/wp-content\/uploads\/2016\/10\/mondeval-region-venetie-dessin5-768x576.jpg 768w\" sizes=\"(max-width: 1000px) 100vw, 1000px\" \/><\/p>\n<p><img decoding=\"async\" loading=\"lazy\" class=\"aligncenter size-full wp-image-673\" src=\"https:\/\/katialorenzon.com\/wp-content\/uploads\/2016\/10\/mondeval-region-venetie-dessin6.jpg\" alt=\"mondeval-region-venetie-dessin6\" width=\"1000\" height=\"750\" srcset=\"https:\/\/katialorenzon.com\/wp-content\/uploads\/2016\/10\/mondeval-region-venetie-dessin6.jpg 1000w, https:\/\/katialorenzon.com\/wp-content\/uploads\/2016\/10\/mondeval-region-venetie-dessin6-300x225.jpg 300w, https:\/\/katialorenzon.com\/wp-content\/uploads\/2016\/10\/mondeval-region-venetie-dessin6-768x576.jpg 768w\" sizes=\"(max-width: 1000px) 100vw, 1000px\" \/><img decoding=\"async\" loading=\"lazy\" class=\"aligncenter size-full wp-image-1290\" src=\"https:\/\/katialorenzon.com\/wp-content\/uploads\/2016\/10\/g-a-logo.png\" alt=\"g-a-logo\" width=\"1000\" height=\"504\" srcset=\"https:\/\/katialorenzon.com\/wp-content\/uploads\/2016\/10\/g-a-logo.png 1000w, https:\/\/katialorenzon.com\/wp-content\/uploads\/2016\/10\/g-a-logo-300x151.png 300w, https:\/\/katialorenzon.com\/wp-content\/uploads\/2016\/10\/g-a-logo-768x387.png 768w\" sizes=\"(max-width: 1000px) 100vw, 1000px\" \/><\/p>\n","protected":false},"excerpt":{"rendered":"<p>Pendant les premiers dix ans de ma vie professionnelle, en Italie, j\u2019ai travaill\u00e9 dans les productions de dessins anim\u00e9s pour la t\u00e9l\u00e9vision. J\u2019\u00e9tais technicienne &#8211;&#8230;<\/p>\n<div class=\"more-link-wrapper\"><a class=\"more-link\" href=\"https:\/\/katialorenzon.com\/index.php\/portfolio-gruppo-alcuni-mondeval\/\">zoom<span class=\"screen-reader-text\">Katia Lorenzon\/portfolio\/Gruppo Alcuni &#8211; Mondeval<\/span><\/a><\/div>\n","protected":false},"author":1,"featured_media":0,"parent":0,"menu_order":0,"comment_status":"closed","ping_status":"closed","template":"","meta":{"footnotes":""},"yoast_head":"<!-- This site is optimized with the Yoast SEO plugin v17.7.1 - https:\/\/yoast.com\/wordpress\/plugins\/seo\/ -->\n<title>Katia Lorenzon\/portfolio\/Gruppo Alcuni - Mondeval - Katia Lorenzon<\/title>\n<meta name=\"robots\" content=\"index, follow, max-snippet:-1, max-image-preview:large, max-video-preview:-1\" \/>\n<link rel=\"canonical\" href=\"https:\/\/katialorenzon.com\/index.php\/portfolio-gruppo-alcuni-mondeval\/\" \/>\n<meta property=\"og:locale\" content=\"it_IT\" \/>\n<meta property=\"og:type\" content=\"article\" \/>\n<meta property=\"og:title\" content=\"Katia Lorenzon\/portfolio\/Gruppo Alcuni - Mondeval - Katia Lorenzon\" \/>\n<meta property=\"og:description\" content=\"Pendant les premiers dix ans de ma vie professionnelle, en Italie, j\u2019ai travaill\u00e9 dans les productions de dessins anim\u00e9s pour la t\u00e9l\u00e9vision. J\u2019\u00e9tais technicienne &#8211;&#8230;\" \/>\n<meta property=\"og:url\" content=\"https:\/\/katialorenzon.com\/index.php\/portfolio-gruppo-alcuni-mondeval\/\" \/>\n<meta property=\"og:site_name\" content=\"Katia Lorenzon\" \/>\n<meta property=\"article:modified_time\" content=\"2022-01-23T21:00:07+00:00\" \/>\n<meta property=\"og:image\" content=\"http:\/\/katialorenzon.com\/wp-content\/uploads\/2016\/10\/region-venetie-logo.jpg\" \/>\n<meta name=\"twitter:card\" content=\"summary\" \/>\n<meta name=\"twitter:label1\" content=\"Tempo di lettura stimato\" \/>\n\t<meta name=\"twitter:data1\" content=\"3 minuti\" \/>\n<script type=\"application\/ld+json\" class=\"yoast-schema-graph\">{\"@context\":\"https:\/\/schema.org\",\"@graph\":[{\"@type\":\"WebSite\",\"@id\":\"https:\/\/katialorenzon.com\/#website\",\"url\":\"https:\/\/katialorenzon.com\/\",\"name\":\"Katia Lorenzon\",\"description\":\"Design graphique et illustration\",\"potentialAction\":[{\"@type\":\"SearchAction\",\"target\":{\"@type\":\"EntryPoint\",\"urlTemplate\":\"https:\/\/katialorenzon.com\/?s={search_term_string}\"},\"query-input\":\"required name=search_term_string\"}],\"inLanguage\":\"it-IT\"},{\"@type\":\"ImageObject\",\"@id\":\"https:\/\/katialorenzon.com\/index.php\/portfolio-gruppo-alcuni-mondeval\/#primaryimage\",\"inLanguage\":\"it-IT\",\"url\":\"http:\/\/katialorenzon.com\/wp-content\/uploads\/2016\/10\/region-venetie-logo.jpg\",\"contentUrl\":\"http:\/\/katialorenzon.com\/wp-content\/uploads\/2016\/10\/region-venetie-logo.jpg\"},{\"@type\":\"WebPage\",\"@id\":\"https:\/\/katialorenzon.com\/index.php\/portfolio-gruppo-alcuni-mondeval\/#webpage\",\"url\":\"https:\/\/katialorenzon.com\/index.php\/portfolio-gruppo-alcuni-mondeval\/\",\"name\":\"Katia Lorenzon\/portfolio\/Gruppo Alcuni - Mondeval - Katia Lorenzon\",\"isPartOf\":{\"@id\":\"https:\/\/katialorenzon.com\/#website\"},\"primaryImageOfPage\":{\"@id\":\"https:\/\/katialorenzon.com\/index.php\/portfolio-gruppo-alcuni-mondeval\/#primaryimage\"},\"datePublished\":\"2016-10-17T11:09:43+00:00\",\"dateModified\":\"2022-01-23T21:00:07+00:00\",\"breadcrumb\":{\"@id\":\"https:\/\/katialorenzon.com\/index.php\/portfolio-gruppo-alcuni-mondeval\/#breadcrumb\"},\"inLanguage\":\"it-IT\",\"potentialAction\":[{\"@type\":\"ReadAction\",\"target\":[\"https:\/\/katialorenzon.com\/index.php\/portfolio-gruppo-alcuni-mondeval\/\"]}]},{\"@type\":\"BreadcrumbList\",\"@id\":\"https:\/\/katialorenzon.com\/index.php\/portfolio-gruppo-alcuni-mondeval\/#breadcrumb\",\"itemListElement\":[{\"@type\":\"ListItem\",\"position\":1,\"name\":\"Accueil\",\"item\":\"https:\/\/katialorenzon.com\/\"},{\"@type\":\"ListItem\",\"position\":2,\"name\":\"Katia Lorenzon\/portfolio\/Gruppo Alcuni &#8211; Mondeval\"}]}]}<\/script>\n<!-- \/ Yoast SEO plugin. -->","yoast_head_json":{"title":"Katia Lorenzon\/portfolio\/Gruppo Alcuni - Mondeval - Katia Lorenzon","robots":{"index":"index","follow":"follow","max-snippet":"max-snippet:-1","max-image-preview":"max-image-preview:large","max-video-preview":"max-video-preview:-1"},"canonical":"https:\/\/katialorenzon.com\/index.php\/portfolio-gruppo-alcuni-mondeval\/","og_locale":"it_IT","og_type":"article","og_title":"Katia Lorenzon\/portfolio\/Gruppo Alcuni - Mondeval - Katia Lorenzon","og_description":"Pendant les premiers dix ans de ma vie professionnelle, en Italie, j\u2019ai travaill\u00e9 dans les productions de dessins anim\u00e9s pour la t\u00e9l\u00e9vision. J\u2019\u00e9tais technicienne &#8211;&#8230;","og_url":"https:\/\/katialorenzon.com\/index.php\/portfolio-gruppo-alcuni-mondeval\/","og_site_name":"Katia Lorenzon","article_modified_time":"2022-01-23T21:00:07+00:00","og_image":[{"url":"http:\/\/katialorenzon.com\/wp-content\/uploads\/2016\/10\/region-venetie-logo.jpg"}],"twitter_card":"summary","twitter_misc":{"Tempo di lettura stimato":"3 minuti"},"schema":{"@context":"https:\/\/schema.org","@graph":[{"@type":"WebSite","@id":"https:\/\/katialorenzon.com\/#website","url":"https:\/\/katialorenzon.com\/","name":"Katia Lorenzon","description":"Design graphique et illustration","potentialAction":[{"@type":"SearchAction","target":{"@type":"EntryPoint","urlTemplate":"https:\/\/katialorenzon.com\/?s={search_term_string}"},"query-input":"required name=search_term_string"}],"inLanguage":"it-IT"},{"@type":"ImageObject","@id":"https:\/\/katialorenzon.com\/index.php\/portfolio-gruppo-alcuni-mondeval\/#primaryimage","inLanguage":"it-IT","url":"http:\/\/katialorenzon.com\/wp-content\/uploads\/2016\/10\/region-venetie-logo.jpg","contentUrl":"http:\/\/katialorenzon.com\/wp-content\/uploads\/2016\/10\/region-venetie-logo.jpg"},{"@type":"WebPage","@id":"https:\/\/katialorenzon.com\/index.php\/portfolio-gruppo-alcuni-mondeval\/#webpage","url":"https:\/\/katialorenzon.com\/index.php\/portfolio-gruppo-alcuni-mondeval\/","name":"Katia Lorenzon\/portfolio\/Gruppo Alcuni - Mondeval - Katia Lorenzon","isPartOf":{"@id":"https:\/\/katialorenzon.com\/#website"},"primaryImageOfPage":{"@id":"https:\/\/katialorenzon.com\/index.php\/portfolio-gruppo-alcuni-mondeval\/#primaryimage"},"datePublished":"2016-10-17T11:09:43+00:00","dateModified":"2022-01-23T21:00:07+00:00","breadcrumb":{"@id":"https:\/\/katialorenzon.com\/index.php\/portfolio-gruppo-alcuni-mondeval\/#breadcrumb"},"inLanguage":"it-IT","potentialAction":[{"@type":"ReadAction","target":["https:\/\/katialorenzon.com\/index.php\/portfolio-gruppo-alcuni-mondeval\/"]}]},{"@type":"BreadcrumbList","@id":"https:\/\/katialorenzon.com\/index.php\/portfolio-gruppo-alcuni-mondeval\/#breadcrumb","itemListElement":[{"@type":"ListItem","position":1,"name":"Accueil","item":"https:\/\/katialorenzon.com\/"},{"@type":"ListItem","position":2,"name":"Katia Lorenzon\/portfolio\/Gruppo Alcuni &#8211; Mondeval"}]}]}},"_links":{"self":[{"href":"https:\/\/katialorenzon.com\/index.php\/wp-json\/wp\/v2\/pages\/665"}],"collection":[{"href":"https:\/\/katialorenzon.com\/index.php\/wp-json\/wp\/v2\/pages"}],"about":[{"href":"https:\/\/katialorenzon.com\/index.php\/wp-json\/wp\/v2\/types\/page"}],"author":[{"embeddable":true,"href":"https:\/\/katialorenzon.com\/index.php\/wp-json\/wp\/v2\/users\/1"}],"replies":[{"embeddable":true,"href":"https:\/\/katialorenzon.com\/index.php\/wp-json\/wp\/v2\/comments?post=665"}],"version-history":[{"count":13,"href":"https:\/\/katialorenzon.com\/index.php\/wp-json\/wp\/v2\/pages\/665\/revisions"}],"predecessor-version":[{"id":4458,"href":"https:\/\/katialorenzon.com\/index.php\/wp-json\/wp\/v2\/pages\/665\/revisions\/4458"}],"wp:attachment":[{"href":"https:\/\/katialorenzon.com\/index.php\/wp-json\/wp\/v2\/media?parent=665"}],"curies":[{"name":"wp","href":"https:\/\/api.w.org\/{rel}","templated":true}]}}