{"id":682,"date":"2016-10-17T13:59:32","date_gmt":"2016-10-17T11:59:32","guid":{"rendered":"http:\/\/katialorenzon.com\/?page_id=682"},"modified":"2022-01-23T23:11:56","modified_gmt":"2022-01-23T22:11:56","slug":"portfolio-gruppo-alcuni-il-principe-granchio","status":"publish","type":"page","link":"https:\/\/katialorenzon.com\/index.php\/portfolio-gruppo-alcuni-il-principe-granchio\/","title":{"rendered":"Katia Lorenzon\/portfolio\/Gruppo Alcuni &#8211; Il principe granchio"},"content":{"rendered":"<p class=\"p1\"><span class=\"s1\"><b>P<\/b>endant les premiers dix ans de ma vie professionnelle, en Italie, j\u2019ai travaill\u00e9 dans les productions \u00e0 dessins anim\u00e9s pour la t\u00e9l\u00e9vision. J\u2019\u00e9tais technicienne &#8211; compositing 2d, rendering avec le logiciel Digitalvid\u00e9o Toonz &#8211; j\u2019ai con\u00e7u l\u2019univers visuel de courts-m\u00e9trages, moyens-m\u00e9trages, et spots pour la t\u00e9l\u00e9vision : dessin de personnages et de d\u00e9cors, mise en couleurs.<br \/>\nJe me suis occup\u00e9e \u00e9galement de la mise en page des bibles graphiques pour des \u00e9pisodes en production et pour la pr\u00e9sentation des pilotes des nouvelles s\u00e9ries.<\/p>\n<p>Dans ces images : <\/span><span class=\"s2\">dessin de personnages et d\u00e9cors, compositing 2D de \u201c<i>Il Principe Granchio<\/i>\u201d, moyen-m\u00e9trage produit par le\u00a0Gruppo Alcuni, soci\u00e9t\u00e9 italienne de production de s\u00e9ries dessins anim\u00e9s pour\u00a0<a href=\"https:\/\/www.rai.it\/rai2\/\"><b>Raidue<\/b><\/a>\u00a0et\u00a0<a href=\"https:\/\/www.raiplay.it\/bambini\"><b>RaiFiction<\/b><\/a>. Ce moyen-m\u00e9trage a particip\u00e9 au festival <a href=\"https:\/\/www.miptv.com\/\"><b>MipTV<\/b><\/a>\u00a0de Cannes.\u00a0<i>Italie, 2005<\/i>.<\/span><\/p>\n<p><img decoding=\"async\" loading=\"lazy\" class=\"aligncenter size-full wp-image-1405\" src=\"https:\/\/katialorenzon.com\/wp-content\/uploads\/2016\/10\/rai-logos.png\" alt=\"rai-logos\" width=\"1000\" height=\"504\" srcset=\"https:\/\/katialorenzon.com\/wp-content\/uploads\/2016\/10\/rai-logos.png 1000w, https:\/\/katialorenzon.com\/wp-content\/uploads\/2016\/10\/rai-logos-300x151.png 300w, https:\/\/katialorenzon.com\/wp-content\/uploads\/2016\/10\/rai-logos-768x387.png 768w\" sizes=\"(max-width: 1000px) 100vw, 1000px\" \/><\/p>\n<p><img decoding=\"async\" loading=\"lazy\" class=\"aligncenter size-full wp-image-685\" src=\"https:\/\/katialorenzon.com\/wp-content\/uploads\/2016\/10\/alcuni-raidue-dessin-bn-katia-lorenzon.jpg\" alt=\"alcuni-raidue-dessin-bn-katia-lorenzon\" width=\"1000\" height=\"500\" srcset=\"https:\/\/katialorenzon.com\/wp-content\/uploads\/2016\/10\/alcuni-raidue-dessin-bn-katia-lorenzon.jpg 1000w, https:\/\/katialorenzon.com\/wp-content\/uploads\/2016\/10\/alcuni-raidue-dessin-bn-katia-lorenzon-300x150.jpg 300w, https:\/\/katialorenzon.com\/wp-content\/uploads\/2016\/10\/alcuni-raidue-dessin-bn-katia-lorenzon-768x384.jpg 768w\" sizes=\"(max-width: 1000px) 100vw, 1000px\" \/><\/p>\n<p><img decoding=\"async\" loading=\"lazy\" class=\"aligncenter size-full wp-image-686\" src=\"https:\/\/katialorenzon.com\/wp-content\/uploads\/2016\/10\/alcuni-raidue-maison-pecheur-katia-lorenzon.jpg\" alt=\"alcuni-raidue-maison-pecheur-katia-lorenzon\" width=\"1000\" height=\"750\" srcset=\"https:\/\/katialorenzon.com\/wp-content\/uploads\/2016\/10\/alcuni-raidue-maison-pecheur-katia-lorenzon.jpg 1000w, https:\/\/katialorenzon.com\/wp-content\/uploads\/2016\/10\/alcuni-raidue-maison-pecheur-katia-lorenzon-300x225.jpg 300w, https:\/\/katialorenzon.com\/wp-content\/uploads\/2016\/10\/alcuni-raidue-maison-pecheur-katia-lorenzon-768x576.jpg 768w\" sizes=\"(max-width: 1000px) 100vw, 1000px\" \/><\/p>\n<p><img decoding=\"async\" loading=\"lazy\" class=\"aligncenter size-full wp-image-687\" src=\"https:\/\/katialorenzon.com\/wp-content\/uploads\/2016\/10\/alcuni-raidue-panoramique-dessin-katia-lorenzon.jpg\" alt=\"alcuni-raidue-panoramique-dessin-katia-lorenzon\" width=\"1000\" height=\"339\" srcset=\"https:\/\/katialorenzon.com\/wp-content\/uploads\/2016\/10\/alcuni-raidue-panoramique-dessin-katia-lorenzon.jpg 1000w, https:\/\/katialorenzon.com\/wp-content\/uploads\/2016\/10\/alcuni-raidue-panoramique-dessin-katia-lorenzon-300x102.jpg 300w, https:\/\/katialorenzon.com\/wp-content\/uploads\/2016\/10\/alcuni-raidue-panoramique-dessin-katia-lorenzon-768x260.jpg 768w\" sizes=\"(max-width: 1000px) 100vw, 1000px\" \/><\/p>\n<p><img decoding=\"async\" loading=\"lazy\" class=\"aligncenter size-full wp-image-693\" src=\"https:\/\/katialorenzon.com\/wp-content\/uploads\/2016\/10\/alcuni-raidue-venise-katia-lorenzon.jpg\" alt=\"alcuni-raidue-venise-katia-lorenzon\" width=\"1000\" height=\"750\" srcset=\"https:\/\/katialorenzon.com\/wp-content\/uploads\/2016\/10\/alcuni-raidue-venise-katia-lorenzon.jpg 1000w, https:\/\/katialorenzon.com\/wp-content\/uploads\/2016\/10\/alcuni-raidue-venise-katia-lorenzon-300x225.jpg 300w, https:\/\/katialorenzon.com\/wp-content\/uploads\/2016\/10\/alcuni-raidue-venise-katia-lorenzon-768x576.jpg 768w\" sizes=\"(max-width: 1000px) 100vw, 1000px\" \/><\/p>\n<p><img decoding=\"async\" loading=\"lazy\" class=\"aligncenter size-full wp-image-690\" src=\"https:\/\/katialorenzon.com\/wp-content\/uploads\/2016\/10\/alcuni-raidue-princesse-venise-katia-lorenzon.jpg\" alt=\"alcuni-raidue-princesse-venise-katia-lorenzon\" width=\"1000\" height=\"750\" srcset=\"https:\/\/katialorenzon.com\/wp-content\/uploads\/2016\/10\/alcuni-raidue-princesse-venise-katia-lorenzon.jpg 1000w, https:\/\/katialorenzon.com\/wp-content\/uploads\/2016\/10\/alcuni-raidue-princesse-venise-katia-lorenzon-300x225.jpg 300w, https:\/\/katialorenzon.com\/wp-content\/uploads\/2016\/10\/alcuni-raidue-princesse-venise-katia-lorenzon-768x576.jpg 768w\" sizes=\"(max-width: 1000px) 100vw, 1000px\" \/><\/p>\n<p><img decoding=\"async\" loading=\"lazy\" class=\"aligncenter size-full wp-image-691\" src=\"https:\/\/katialorenzon.com\/wp-content\/uploads\/2016\/10\/alcuni-raidue-roi-dessin.jpg\" alt=\"alcuni-raidue-roi-dessin\" width=\"1000\" height=\"750\" srcset=\"https:\/\/katialorenzon.com\/wp-content\/uploads\/2016\/10\/alcuni-raidue-roi-dessin.jpg 1000w, https:\/\/katialorenzon.com\/wp-content\/uploads\/2016\/10\/alcuni-raidue-roi-dessin-300x225.jpg 300w, https:\/\/katialorenzon.com\/wp-content\/uploads\/2016\/10\/alcuni-raidue-roi-dessin-768x576.jpg 768w\" sizes=\"(max-width: 1000px) 100vw, 1000px\" \/><\/p>\n<p><img decoding=\"async\" loading=\"lazy\" class=\"aligncenter size-full wp-image-689\" src=\"https:\/\/katialorenzon.com\/wp-content\/uploads\/2016\/10\/alcuni-raidue-princesse-jardin-katia-lorenzon.jpg\" alt=\"alcuni-raidue-princesse-jardin-katia-lorenzon\" width=\"1000\" height=\"750\" srcset=\"https:\/\/katialorenzon.com\/wp-content\/uploads\/2016\/10\/alcuni-raidue-princesse-jardin-katia-lorenzon.jpg 1000w, https:\/\/katialorenzon.com\/wp-content\/uploads\/2016\/10\/alcuni-raidue-princesse-jardin-katia-lorenzon-300x225.jpg 300w, https:\/\/katialorenzon.com\/wp-content\/uploads\/2016\/10\/alcuni-raidue-princesse-jardin-katia-lorenzon-768x576.jpg 768w\" sizes=\"(max-width: 1000px) 100vw, 1000px\" \/><\/p>\n<p><img decoding=\"async\" loading=\"lazy\" class=\"aligncenter size-full wp-image-683\" src=\"https:\/\/katialorenzon.com\/wp-content\/uploads\/2016\/10\/alcuni-raidue-decor-pmarin.jpg\" alt=\"alcuni-raidue-decor-pmarin\" width=\"1000\" height=\"750\" srcset=\"https:\/\/katialorenzon.com\/wp-content\/uploads\/2016\/10\/alcuni-raidue-decor-pmarin.jpg 1000w, https:\/\/katialorenzon.com\/wp-content\/uploads\/2016\/10\/alcuni-raidue-decor-pmarin-300x225.jpg 300w, https:\/\/katialorenzon.com\/wp-content\/uploads\/2016\/10\/alcuni-raidue-decor-pmarin-768x576.jpg 768w\" sizes=\"(max-width: 1000px) 100vw, 1000px\" \/><\/p>\n<p><img decoding=\"async\" loading=\"lazy\" class=\"aligncenter size-full wp-image-684\" src=\"https:\/\/katialorenzon.com\/wp-content\/uploads\/2016\/10\/alcuni-raidue-decor-productions-tv.jpg\" alt=\"alcuni-raidue-decor-productions-tv\" width=\"1000\" height=\"750\" srcset=\"https:\/\/katialorenzon.com\/wp-content\/uploads\/2016\/10\/alcuni-raidue-decor-productions-tv.jpg 1000w, https:\/\/katialorenzon.com\/wp-content\/uploads\/2016\/10\/alcuni-raidue-decor-productions-tv-300x225.jpg 300w, https:\/\/katialorenzon.com\/wp-content\/uploads\/2016\/10\/alcuni-raidue-decor-productions-tv-768x576.jpg 768w\" sizes=\"(max-width: 1000px) 100vw, 1000px\" \/><\/p>\n<p><img decoding=\"async\" loading=\"lazy\" class=\"aligncenter size-full wp-image-692\" src=\"https:\/\/katialorenzon.com\/wp-content\/uploads\/2016\/10\/alcuni-raidue-salon-sous-marin.jpg\" alt=\"alcuni-raidue-salon-sous-marin\" width=\"1000\" height=\"750\" srcset=\"https:\/\/katialorenzon.com\/wp-content\/uploads\/2016\/10\/alcuni-raidue-salon-sous-marin.jpg 1000w, https:\/\/katialorenzon.com\/wp-content\/uploads\/2016\/10\/alcuni-raidue-salon-sous-marin-300x225.jpg 300w, https:\/\/katialorenzon.com\/wp-content\/uploads\/2016\/10\/alcuni-raidue-salon-sous-marin-768x576.jpg 768w\" sizes=\"(max-width: 1000px) 100vw, 1000px\" \/><img decoding=\"async\" loading=\"lazy\" class=\"aligncenter size-full wp-image-1290\" src=\"https:\/\/katialorenzon.com\/wp-content\/uploads\/2016\/10\/g-a-logo.png\" alt=\"g-a-logo\" width=\"1000\" height=\"504\" srcset=\"https:\/\/katialorenzon.com\/wp-content\/uploads\/2016\/10\/g-a-logo.png 1000w, https:\/\/katialorenzon.com\/wp-content\/uploads\/2016\/10\/g-a-logo-300x151.png 300w, https:\/\/katialorenzon.com\/wp-content\/uploads\/2016\/10\/g-a-logo-768x387.png 768w\" sizes=\"(max-width: 1000px) 100vw, 1000px\" \/><\/p>\n","protected":false},"excerpt":{"rendered":"<p>Pendant les premiers dix ans de ma vie professionnelle, en Italie, j\u2019ai travaill\u00e9 dans les productions \u00e0 dessins anim\u00e9s pour la t\u00e9l\u00e9vision. J\u2019\u00e9tais technicienne &#8211;&#8230;<\/p>\n<div class=\"more-link-wrapper\"><a class=\"more-link\" href=\"https:\/\/katialorenzon.com\/index.php\/portfolio-gruppo-alcuni-il-principe-granchio\/\">zoom<span class=\"screen-reader-text\">Katia Lorenzon\/portfolio\/Gruppo Alcuni &#8211; Il principe granchio<\/span><\/a><\/div>\n","protected":false},"author":1,"featured_media":0,"parent":0,"menu_order":0,"comment_status":"closed","ping_status":"closed","template":"","meta":{"footnotes":""},"yoast_head":"<!-- This site is optimized with the Yoast SEO plugin v17.7.1 - https:\/\/yoast.com\/wordpress\/plugins\/seo\/ -->\n<title>Katia Lorenzon\/portfolio\/Gruppo Alcuni - Il principe granchio - Katia Lorenzon<\/title>\n<meta name=\"robots\" content=\"index, follow, max-snippet:-1, max-image-preview:large, max-video-preview:-1\" \/>\n<link rel=\"canonical\" href=\"https:\/\/katialorenzon.com\/index.php\/portfolio-gruppo-alcuni-il-principe-granchio\/\" \/>\n<meta property=\"og:locale\" content=\"it_IT\" \/>\n<meta property=\"og:type\" content=\"article\" \/>\n<meta property=\"og:title\" content=\"Katia Lorenzon\/portfolio\/Gruppo Alcuni - Il principe granchio - Katia Lorenzon\" \/>\n<meta property=\"og:description\" content=\"Pendant les premiers dix ans de ma vie professionnelle, en Italie, j\u2019ai travaill\u00e9 dans les productions \u00e0 dessins anim\u00e9s pour la t\u00e9l\u00e9vision. J\u2019\u00e9tais technicienne &#8211;&#8230;\" \/>\n<meta property=\"og:url\" content=\"https:\/\/katialorenzon.com\/index.php\/portfolio-gruppo-alcuni-il-principe-granchio\/\" \/>\n<meta property=\"og:site_name\" content=\"Katia Lorenzon\" \/>\n<meta property=\"article:modified_time\" content=\"2022-01-23T22:11:56+00:00\" \/>\n<meta property=\"og:image\" content=\"http:\/\/katialorenzon.com\/wp-content\/uploads\/2016\/10\/rai-logos.png\" \/>\n<meta name=\"twitter:card\" content=\"summary\" \/>\n<meta name=\"twitter:label1\" content=\"Tempo di lettura stimato\" \/>\n\t<meta name=\"twitter:data1\" content=\"3 minuti\" \/>\n<script type=\"application\/ld+json\" class=\"yoast-schema-graph\">{\"@context\":\"https:\/\/schema.org\",\"@graph\":[{\"@type\":\"WebSite\",\"@id\":\"https:\/\/katialorenzon.com\/#website\",\"url\":\"https:\/\/katialorenzon.com\/\",\"name\":\"Katia Lorenzon\",\"description\":\"Design graphique et illustration\",\"potentialAction\":[{\"@type\":\"SearchAction\",\"target\":{\"@type\":\"EntryPoint\",\"urlTemplate\":\"https:\/\/katialorenzon.com\/?s={search_term_string}\"},\"query-input\":\"required name=search_term_string\"}],\"inLanguage\":\"it-IT\"},{\"@type\":\"ImageObject\",\"@id\":\"https:\/\/katialorenzon.com\/index.php\/portfolio-gruppo-alcuni-il-principe-granchio\/#primaryimage\",\"inLanguage\":\"it-IT\",\"url\":\"http:\/\/katialorenzon.com\/wp-content\/uploads\/2016\/10\/rai-logos.png\",\"contentUrl\":\"http:\/\/katialorenzon.com\/wp-content\/uploads\/2016\/10\/rai-logos.png\"},{\"@type\":\"WebPage\",\"@id\":\"https:\/\/katialorenzon.com\/index.php\/portfolio-gruppo-alcuni-il-principe-granchio\/#webpage\",\"url\":\"https:\/\/katialorenzon.com\/index.php\/portfolio-gruppo-alcuni-il-principe-granchio\/\",\"name\":\"Katia Lorenzon\/portfolio\/Gruppo Alcuni - Il principe granchio - Katia Lorenzon\",\"isPartOf\":{\"@id\":\"https:\/\/katialorenzon.com\/#website\"},\"primaryImageOfPage\":{\"@id\":\"https:\/\/katialorenzon.com\/index.php\/portfolio-gruppo-alcuni-il-principe-granchio\/#primaryimage\"},\"datePublished\":\"2016-10-17T11:59:32+00:00\",\"dateModified\":\"2022-01-23T22:11:56+00:00\",\"breadcrumb\":{\"@id\":\"https:\/\/katialorenzon.com\/index.php\/portfolio-gruppo-alcuni-il-principe-granchio\/#breadcrumb\"},\"inLanguage\":\"it-IT\",\"potentialAction\":[{\"@type\":\"ReadAction\",\"target\":[\"https:\/\/katialorenzon.com\/index.php\/portfolio-gruppo-alcuni-il-principe-granchio\/\"]}]},{\"@type\":\"BreadcrumbList\",\"@id\":\"https:\/\/katialorenzon.com\/index.php\/portfolio-gruppo-alcuni-il-principe-granchio\/#breadcrumb\",\"itemListElement\":[{\"@type\":\"ListItem\",\"position\":1,\"name\":\"Accueil\",\"item\":\"https:\/\/katialorenzon.com\/\"},{\"@type\":\"ListItem\",\"position\":2,\"name\":\"Katia Lorenzon\/portfolio\/Gruppo Alcuni &#8211; Il principe granchio\"}]}]}<\/script>\n<!-- \/ Yoast SEO plugin. -->","yoast_head_json":{"title":"Katia Lorenzon\/portfolio\/Gruppo Alcuni - Il principe granchio - Katia Lorenzon","robots":{"index":"index","follow":"follow","max-snippet":"max-snippet:-1","max-image-preview":"max-image-preview:large","max-video-preview":"max-video-preview:-1"},"canonical":"https:\/\/katialorenzon.com\/index.php\/portfolio-gruppo-alcuni-il-principe-granchio\/","og_locale":"it_IT","og_type":"article","og_title":"Katia Lorenzon\/portfolio\/Gruppo Alcuni - Il principe granchio - Katia Lorenzon","og_description":"Pendant les premiers dix ans de ma vie professionnelle, en Italie, j\u2019ai travaill\u00e9 dans les productions \u00e0 dessins anim\u00e9s pour la t\u00e9l\u00e9vision. J\u2019\u00e9tais technicienne &#8211;&#8230;","og_url":"https:\/\/katialorenzon.com\/index.php\/portfolio-gruppo-alcuni-il-principe-granchio\/","og_site_name":"Katia Lorenzon","article_modified_time":"2022-01-23T22:11:56+00:00","og_image":[{"url":"http:\/\/katialorenzon.com\/wp-content\/uploads\/2016\/10\/rai-logos.png"}],"twitter_card":"summary","twitter_misc":{"Tempo di lettura stimato":"3 minuti"},"schema":{"@context":"https:\/\/schema.org","@graph":[{"@type":"WebSite","@id":"https:\/\/katialorenzon.com\/#website","url":"https:\/\/katialorenzon.com\/","name":"Katia Lorenzon","description":"Design graphique et illustration","potentialAction":[{"@type":"SearchAction","target":{"@type":"EntryPoint","urlTemplate":"https:\/\/katialorenzon.com\/?s={search_term_string}"},"query-input":"required name=search_term_string"}],"inLanguage":"it-IT"},{"@type":"ImageObject","@id":"https:\/\/katialorenzon.com\/index.php\/portfolio-gruppo-alcuni-il-principe-granchio\/#primaryimage","inLanguage":"it-IT","url":"http:\/\/katialorenzon.com\/wp-content\/uploads\/2016\/10\/rai-logos.png","contentUrl":"http:\/\/katialorenzon.com\/wp-content\/uploads\/2016\/10\/rai-logos.png"},{"@type":"WebPage","@id":"https:\/\/katialorenzon.com\/index.php\/portfolio-gruppo-alcuni-il-principe-granchio\/#webpage","url":"https:\/\/katialorenzon.com\/index.php\/portfolio-gruppo-alcuni-il-principe-granchio\/","name":"Katia Lorenzon\/portfolio\/Gruppo Alcuni - Il principe granchio - Katia Lorenzon","isPartOf":{"@id":"https:\/\/katialorenzon.com\/#website"},"primaryImageOfPage":{"@id":"https:\/\/katialorenzon.com\/index.php\/portfolio-gruppo-alcuni-il-principe-granchio\/#primaryimage"},"datePublished":"2016-10-17T11:59:32+00:00","dateModified":"2022-01-23T22:11:56+00:00","breadcrumb":{"@id":"https:\/\/katialorenzon.com\/index.php\/portfolio-gruppo-alcuni-il-principe-granchio\/#breadcrumb"},"inLanguage":"it-IT","potentialAction":[{"@type":"ReadAction","target":["https:\/\/katialorenzon.com\/index.php\/portfolio-gruppo-alcuni-il-principe-granchio\/"]}]},{"@type":"BreadcrumbList","@id":"https:\/\/katialorenzon.com\/index.php\/portfolio-gruppo-alcuni-il-principe-granchio\/#breadcrumb","itemListElement":[{"@type":"ListItem","position":1,"name":"Accueil","item":"https:\/\/katialorenzon.com\/"},{"@type":"ListItem","position":2,"name":"Katia Lorenzon\/portfolio\/Gruppo Alcuni &#8211; Il principe granchio"}]}]}},"_links":{"self":[{"href":"https:\/\/katialorenzon.com\/index.php\/wp-json\/wp\/v2\/pages\/682"}],"collection":[{"href":"https:\/\/katialorenzon.com\/index.php\/wp-json\/wp\/v2\/pages"}],"about":[{"href":"https:\/\/katialorenzon.com\/index.php\/wp-json\/wp\/v2\/types\/page"}],"author":[{"embeddable":true,"href":"https:\/\/katialorenzon.com\/index.php\/wp-json\/wp\/v2\/users\/1"}],"replies":[{"embeddable":true,"href":"https:\/\/katialorenzon.com\/index.php\/wp-json\/wp\/v2\/comments?post=682"}],"version-history":[{"count":19,"href":"https:\/\/katialorenzon.com\/index.php\/wp-json\/wp\/v2\/pages\/682\/revisions"}],"predecessor-version":[{"id":4522,"href":"https:\/\/katialorenzon.com\/index.php\/wp-json\/wp\/v2\/pages\/682\/revisions\/4522"}],"wp:attachment":[{"href":"https:\/\/katialorenzon.com\/index.php\/wp-json\/wp\/v2\/media?parent=682"}],"curies":[{"name":"wp","href":"https:\/\/api.w.org\/{rel}","templated":true}]}}