{"id":696,"date":"2016-10-17T14:02:08","date_gmt":"2016-10-17T12:02:08","guid":{"rendered":"http:\/\/katialorenzon.com\/?page_id=696"},"modified":"2022-01-23T23:24:00","modified_gmt":"2022-01-23T22:24:00","slug":"portfolio-gruppo-alcuni-api","status":"publish","type":"page","link":"https:\/\/katialorenzon.com\/index.php\/portfolio-gruppo-alcuni-api\/","title":{"rendered":"Katia Lorenzon\/portfolio\/Gruppo Alcuni &#8211; Les abeilles"},"content":{"rendered":"<p class=\"p1\"><span class=\"s1\"><b>D<\/b>ans les productions pour la t\u00e9l\u00e9vision, j\u2019ai cr\u00e9e les d\u00e9cors pour des courts-m\u00e9trages anim\u00e9s, pendant plusieurs saisons cons\u00e9cutives. P<\/span><span class=\"s2\">rojet \u00ab\u00a0<i>Un dessin pour la Paix<\/i>\u00a0\u00bb, soci\u00e9t\u00e9\u00a0<b>Gruppo Alcuni<\/b> en collaboration avec\u00a0<a href=\"https:\/\/www.rai.it\/rai2\/\"><b>Raidue<\/b><\/a>\u00a0et\u00a0<a href=\"https:\/\/fr.unesco.org\/\"><b>Unesco<\/b><\/a>.<\/span><\/p>\n<p class=\"p2\"><span class=\"s3\">Ici ensuite<i> <\/i><\/span><span class=\"s1\">\u201c<i>Les abeilles<\/i>\u201d, Cr\u00e9ation graphique, pr\u00e9-production, compositing 2D.\u00a0<i>Italie\/France, 2001<\/i>.<\/span><\/p>\n<p><img decoding=\"async\" loading=\"lazy\" class=\"aligncenter size-full wp-image-1289\" src=\"https:\/\/katialorenzon.com\/wp-content\/uploads\/2016\/10\/logos-raidue-unesco.png\" alt=\"logos-raidue-unesco\" width=\"1008\" height=\"508\" srcset=\"https:\/\/katialorenzon.com\/wp-content\/uploads\/2016\/10\/logos-raidue-unesco.png 1008w, https:\/\/katialorenzon.com\/wp-content\/uploads\/2016\/10\/logos-raidue-unesco-300x151.png 300w, https:\/\/katialorenzon.com\/wp-content\/uploads\/2016\/10\/logos-raidue-unesco-768x387.png 768w\" sizes=\"(max-width: 1008px) 100vw, 1008px\" \/><\/p>\n<p><img decoding=\"async\" loading=\"lazy\" class=\"aligncenter size-full wp-image-701\" src=\"https:\/\/katialorenzon.com\/wp-content\/uploads\/2016\/10\/raidue-unesco-fleurs-rouges-illustration.jpg\" alt=\"raidue-unesco-fleurs-rouges-illustration\" width=\"1000\" height=\"750\" srcset=\"https:\/\/katialorenzon.com\/wp-content\/uploads\/2016\/10\/raidue-unesco-fleurs-rouges-illustration.jpg 1000w, https:\/\/katialorenzon.com\/wp-content\/uploads\/2016\/10\/raidue-unesco-fleurs-rouges-illustration-300x225.jpg 300w, https:\/\/katialorenzon.com\/wp-content\/uploads\/2016\/10\/raidue-unesco-fleurs-rouges-illustration-768x576.jpg 768w\" sizes=\"(max-width: 1000px) 100vw, 1000px\" \/><\/p>\n<p><img decoding=\"async\" loading=\"lazy\" class=\"aligncenter size-full wp-image-704\" src=\"https:\/\/katialorenzon.com\/wp-content\/uploads\/2016\/10\/raidue-unesco-tige2-illustration.jpg\" alt=\"raidue-unesco-tige2-illustration\" width=\"1000\" height=\"750\" srcset=\"https:\/\/katialorenzon.com\/wp-content\/uploads\/2016\/10\/raidue-unesco-tige2-illustration.jpg 1000w, https:\/\/katialorenzon.com\/wp-content\/uploads\/2016\/10\/raidue-unesco-tige2-illustration-300x225.jpg 300w, https:\/\/katialorenzon.com\/wp-content\/uploads\/2016\/10\/raidue-unesco-tige2-illustration-768x576.jpg 768w\" sizes=\"(max-width: 1000px) 100vw, 1000px\" \/><\/p>\n<p><img decoding=\"async\" loading=\"lazy\" class=\"aligncenter size-full wp-image-699\" src=\"https:\/\/katialorenzon.com\/wp-content\/uploads\/2016\/10\/raidue-unesco-fleurs-bleu-decor.jpg\" alt=\"raidue-unesco-fleurs-bleu-decor\" width=\"1000\" height=\"750\" srcset=\"https:\/\/katialorenzon.com\/wp-content\/uploads\/2016\/10\/raidue-unesco-fleurs-bleu-decor.jpg 1000w, https:\/\/katialorenzon.com\/wp-content\/uploads\/2016\/10\/raidue-unesco-fleurs-bleu-decor-300x225.jpg 300w, https:\/\/katialorenzon.com\/wp-content\/uploads\/2016\/10\/raidue-unesco-fleurs-bleu-decor-768x576.jpg 768w\" sizes=\"(max-width: 1000px) 100vw, 1000px\" \/><\/p>\n<p><img decoding=\"async\" loading=\"lazy\" class=\"aligncenter size-full wp-image-700\" src=\"https:\/\/katialorenzon.com\/wp-content\/uploads\/2016\/10\/raidue-unesco-fleurs-ete-illustration.jpg\" alt=\"raidue-unesco-fleurs-ete-illustration\" width=\"1000\" height=\"750\" srcset=\"https:\/\/katialorenzon.com\/wp-content\/uploads\/2016\/10\/raidue-unesco-fleurs-ete-illustration.jpg 1000w, https:\/\/katialorenzon.com\/wp-content\/uploads\/2016\/10\/raidue-unesco-fleurs-ete-illustration-300x225.jpg 300w, https:\/\/katialorenzon.com\/wp-content\/uploads\/2016\/10\/raidue-unesco-fleurs-ete-illustration-768x576.jpg 768w\" sizes=\"(max-width: 1000px) 100vw, 1000px\" \/><\/p>\n<p><img decoding=\"async\" loading=\"lazy\" class=\"aligncenter size-full wp-image-703\" src=\"https:\/\/katialorenzon.com\/wp-content\/uploads\/2016\/10\/raidue-unesco-tige-illustration.jpg\" alt=\"raidue-unesco-tige-illustration\" width=\"1000\" height=\"750\" srcset=\"https:\/\/katialorenzon.com\/wp-content\/uploads\/2016\/10\/raidue-unesco-tige-illustration.jpg 1000w, https:\/\/katialorenzon.com\/wp-content\/uploads\/2016\/10\/raidue-unesco-tige-illustration-300x225.jpg 300w, https:\/\/katialorenzon.com\/wp-content\/uploads\/2016\/10\/raidue-unesco-tige-illustration-768x576.jpg 768w\" sizes=\"(max-width: 1000px) 100vw, 1000px\" \/><\/p>\n<p><img decoding=\"async\" loading=\"lazy\" class=\"aligncenter size-full wp-image-702\" src=\"https:\/\/katialorenzon.com\/wp-content\/uploads\/2016\/10\/raidue-unesco-ruche-decor.jpg\" alt=\"raidue-unesco-ruche-decor\" width=\"1000\" height=\"750\" srcset=\"https:\/\/katialorenzon.com\/wp-content\/uploads\/2016\/10\/raidue-unesco-ruche-decor.jpg 1000w, https:\/\/katialorenzon.com\/wp-content\/uploads\/2016\/10\/raidue-unesco-ruche-decor-300x225.jpg 300w, https:\/\/katialorenzon.com\/wp-content\/uploads\/2016\/10\/raidue-unesco-ruche-decor-768x576.jpg 768w\" sizes=\"(max-width: 1000px) 100vw, 1000px\" \/><\/p>\n<p><img decoding=\"async\" loading=\"lazy\" class=\"aligncenter size-full wp-image-1290\" src=\"https:\/\/katialorenzon.com\/wp-content\/uploads\/2016\/10\/g-a-logo.png\" alt=\"g-a-logo\" width=\"1000\" height=\"504\" srcset=\"https:\/\/katialorenzon.com\/wp-content\/uploads\/2016\/10\/g-a-logo.png 1000w, https:\/\/katialorenzon.com\/wp-content\/uploads\/2016\/10\/g-a-logo-300x151.png 300w, https:\/\/katialorenzon.com\/wp-content\/uploads\/2016\/10\/g-a-logo-768x387.png 768w\" sizes=\"(max-width: 1000px) 100vw, 1000px\" \/><\/p>\n","protected":false},"excerpt":{"rendered":"<p>Dans les productions pour la t\u00e9l\u00e9vision, j\u2019ai cr\u00e9e les d\u00e9cors pour des courts-m\u00e9trages anim\u00e9s, pendant plusieurs saisons cons\u00e9cutives. Projet \u00ab\u00a0Un dessin pour la Paix\u00a0\u00bb, soci\u00e9t\u00e9\u00a0Gruppo&#8230;<\/p>\n<div class=\"more-link-wrapper\"><a class=\"more-link\" href=\"https:\/\/katialorenzon.com\/index.php\/portfolio-gruppo-alcuni-api\/\">zoom<span class=\"screen-reader-text\">Katia Lorenzon\/portfolio\/Gruppo Alcuni &#8211; Les abeilles<\/span><\/a><\/div>\n","protected":false},"author":1,"featured_media":0,"parent":0,"menu_order":0,"comment_status":"closed","ping_status":"closed","template":"","meta":{"footnotes":""},"yoast_head":"<!-- This site is optimized with the Yoast SEO plugin v17.7.1 - https:\/\/yoast.com\/wordpress\/plugins\/seo\/ -->\n<title>Katia Lorenzon\/portfolio\/Gruppo Alcuni - Les abeilles - Katia Lorenzon<\/title>\n<meta name=\"robots\" content=\"index, follow, max-snippet:-1, max-image-preview:large, max-video-preview:-1\" \/>\n<link rel=\"canonical\" href=\"https:\/\/katialorenzon.com\/index.php\/portfolio-gruppo-alcuni-api\/\" \/>\n<meta property=\"og:locale\" content=\"it_IT\" \/>\n<meta property=\"og:type\" content=\"article\" \/>\n<meta property=\"og:title\" content=\"Katia Lorenzon\/portfolio\/Gruppo Alcuni - Les abeilles - Katia Lorenzon\" \/>\n<meta property=\"og:description\" content=\"Dans les productions pour la t\u00e9l\u00e9vision, j\u2019ai cr\u00e9e les d\u00e9cors pour des courts-m\u00e9trages anim\u00e9s, pendant plusieurs saisons cons\u00e9cutives. Projet \u00ab\u00a0Un dessin pour la Paix\u00a0\u00bb, soci\u00e9t\u00e9\u00a0Gruppo&#8230;\" \/>\n<meta property=\"og:url\" content=\"https:\/\/katialorenzon.com\/index.php\/portfolio-gruppo-alcuni-api\/\" \/>\n<meta property=\"og:site_name\" content=\"Katia Lorenzon\" \/>\n<meta property=\"article:modified_time\" content=\"2022-01-23T22:24:00+00:00\" \/>\n<meta property=\"og:image\" content=\"http:\/\/katialorenzon.com\/wp-content\/uploads\/2016\/10\/logos-raidue-unesco.png\" \/>\n<meta name=\"twitter:card\" content=\"summary\" \/>\n<meta name=\"twitter:label1\" content=\"Tempo di lettura stimato\" \/>\n\t<meta name=\"twitter:data1\" content=\"2 minuti\" \/>\n<script type=\"application\/ld+json\" class=\"yoast-schema-graph\">{\"@context\":\"https:\/\/schema.org\",\"@graph\":[{\"@type\":\"WebSite\",\"@id\":\"https:\/\/katialorenzon.com\/#website\",\"url\":\"https:\/\/katialorenzon.com\/\",\"name\":\"Katia Lorenzon\",\"description\":\"Design graphique et illustration\",\"potentialAction\":[{\"@type\":\"SearchAction\",\"target\":{\"@type\":\"EntryPoint\",\"urlTemplate\":\"https:\/\/katialorenzon.com\/?s={search_term_string}\"},\"query-input\":\"required name=search_term_string\"}],\"inLanguage\":\"it-IT\"},{\"@type\":\"ImageObject\",\"@id\":\"https:\/\/katialorenzon.com\/index.php\/portfolio-gruppo-alcuni-api\/#primaryimage\",\"inLanguage\":\"it-IT\",\"url\":\"http:\/\/katialorenzon.com\/wp-content\/uploads\/2016\/10\/logos-raidue-unesco.png\",\"contentUrl\":\"http:\/\/katialorenzon.com\/wp-content\/uploads\/2016\/10\/logos-raidue-unesco.png\"},{\"@type\":\"WebPage\",\"@id\":\"https:\/\/katialorenzon.com\/index.php\/portfolio-gruppo-alcuni-api\/#webpage\",\"url\":\"https:\/\/katialorenzon.com\/index.php\/portfolio-gruppo-alcuni-api\/\",\"name\":\"Katia Lorenzon\/portfolio\/Gruppo Alcuni - Les abeilles - Katia Lorenzon\",\"isPartOf\":{\"@id\":\"https:\/\/katialorenzon.com\/#website\"},\"primaryImageOfPage\":{\"@id\":\"https:\/\/katialorenzon.com\/index.php\/portfolio-gruppo-alcuni-api\/#primaryimage\"},\"datePublished\":\"2016-10-17T12:02:08+00:00\",\"dateModified\":\"2022-01-23T22:24:00+00:00\",\"breadcrumb\":{\"@id\":\"https:\/\/katialorenzon.com\/index.php\/portfolio-gruppo-alcuni-api\/#breadcrumb\"},\"inLanguage\":\"it-IT\",\"potentialAction\":[{\"@type\":\"ReadAction\",\"target\":[\"https:\/\/katialorenzon.com\/index.php\/portfolio-gruppo-alcuni-api\/\"]}]},{\"@type\":\"BreadcrumbList\",\"@id\":\"https:\/\/katialorenzon.com\/index.php\/portfolio-gruppo-alcuni-api\/#breadcrumb\",\"itemListElement\":[{\"@type\":\"ListItem\",\"position\":1,\"name\":\"Accueil\",\"item\":\"https:\/\/katialorenzon.com\/\"},{\"@type\":\"ListItem\",\"position\":2,\"name\":\"Katia Lorenzon\/portfolio\/Gruppo Alcuni &#8211; Les abeilles\"}]}]}<\/script>\n<!-- \/ Yoast SEO plugin. -->","yoast_head_json":{"title":"Katia Lorenzon\/portfolio\/Gruppo Alcuni - Les abeilles - Katia Lorenzon","robots":{"index":"index","follow":"follow","max-snippet":"max-snippet:-1","max-image-preview":"max-image-preview:large","max-video-preview":"max-video-preview:-1"},"canonical":"https:\/\/katialorenzon.com\/index.php\/portfolio-gruppo-alcuni-api\/","og_locale":"it_IT","og_type":"article","og_title":"Katia Lorenzon\/portfolio\/Gruppo Alcuni - Les abeilles - Katia Lorenzon","og_description":"Dans les productions pour la t\u00e9l\u00e9vision, j\u2019ai cr\u00e9e les d\u00e9cors pour des courts-m\u00e9trages anim\u00e9s, pendant plusieurs saisons cons\u00e9cutives. Projet \u00ab\u00a0Un dessin pour la Paix\u00a0\u00bb, soci\u00e9t\u00e9\u00a0Gruppo&#8230;","og_url":"https:\/\/katialorenzon.com\/index.php\/portfolio-gruppo-alcuni-api\/","og_site_name":"Katia Lorenzon","article_modified_time":"2022-01-23T22:24:00+00:00","og_image":[{"url":"http:\/\/katialorenzon.com\/wp-content\/uploads\/2016\/10\/logos-raidue-unesco.png"}],"twitter_card":"summary","twitter_misc":{"Tempo di lettura stimato":"2 minuti"},"schema":{"@context":"https:\/\/schema.org","@graph":[{"@type":"WebSite","@id":"https:\/\/katialorenzon.com\/#website","url":"https:\/\/katialorenzon.com\/","name":"Katia Lorenzon","description":"Design graphique et illustration","potentialAction":[{"@type":"SearchAction","target":{"@type":"EntryPoint","urlTemplate":"https:\/\/katialorenzon.com\/?s={search_term_string}"},"query-input":"required name=search_term_string"}],"inLanguage":"it-IT"},{"@type":"ImageObject","@id":"https:\/\/katialorenzon.com\/index.php\/portfolio-gruppo-alcuni-api\/#primaryimage","inLanguage":"it-IT","url":"http:\/\/katialorenzon.com\/wp-content\/uploads\/2016\/10\/logos-raidue-unesco.png","contentUrl":"http:\/\/katialorenzon.com\/wp-content\/uploads\/2016\/10\/logos-raidue-unesco.png"},{"@type":"WebPage","@id":"https:\/\/katialorenzon.com\/index.php\/portfolio-gruppo-alcuni-api\/#webpage","url":"https:\/\/katialorenzon.com\/index.php\/portfolio-gruppo-alcuni-api\/","name":"Katia Lorenzon\/portfolio\/Gruppo Alcuni - Les abeilles - Katia Lorenzon","isPartOf":{"@id":"https:\/\/katialorenzon.com\/#website"},"primaryImageOfPage":{"@id":"https:\/\/katialorenzon.com\/index.php\/portfolio-gruppo-alcuni-api\/#primaryimage"},"datePublished":"2016-10-17T12:02:08+00:00","dateModified":"2022-01-23T22:24:00+00:00","breadcrumb":{"@id":"https:\/\/katialorenzon.com\/index.php\/portfolio-gruppo-alcuni-api\/#breadcrumb"},"inLanguage":"it-IT","potentialAction":[{"@type":"ReadAction","target":["https:\/\/katialorenzon.com\/index.php\/portfolio-gruppo-alcuni-api\/"]}]},{"@type":"BreadcrumbList","@id":"https:\/\/katialorenzon.com\/index.php\/portfolio-gruppo-alcuni-api\/#breadcrumb","itemListElement":[{"@type":"ListItem","position":1,"name":"Accueil","item":"https:\/\/katialorenzon.com\/"},{"@type":"ListItem","position":2,"name":"Katia Lorenzon\/portfolio\/Gruppo Alcuni &#8211; Les abeilles"}]}]}},"_links":{"self":[{"href":"https:\/\/katialorenzon.com\/index.php\/wp-json\/wp\/v2\/pages\/696"}],"collection":[{"href":"https:\/\/katialorenzon.com\/index.php\/wp-json\/wp\/v2\/pages"}],"about":[{"href":"https:\/\/katialorenzon.com\/index.php\/wp-json\/wp\/v2\/types\/page"}],"author":[{"embeddable":true,"href":"https:\/\/katialorenzon.com\/index.php\/wp-json\/wp\/v2\/users\/1"}],"replies":[{"embeddable":true,"href":"https:\/\/katialorenzon.com\/index.php\/wp-json\/wp\/v2\/comments?post=696"}],"version-history":[{"count":14,"href":"https:\/\/katialorenzon.com\/index.php\/wp-json\/wp\/v2\/pages\/696\/revisions"}],"predecessor-version":[{"id":4535,"href":"https:\/\/katialorenzon.com\/index.php\/wp-json\/wp\/v2\/pages\/696\/revisions\/4535"}],"wp:attachment":[{"href":"https:\/\/katialorenzon.com\/index.php\/wp-json\/wp\/v2\/media?parent=696"}],"curies":[{"name":"wp","href":"https:\/\/api.w.org\/{rel}","templated":true}]}}