{"id":706,"date":"2016-10-17T14:12:31","date_gmt":"2016-10-17T12:12:31","guid":{"rendered":"http:\/\/katialorenzon.com\/?page_id=706"},"modified":"2022-01-23T21:45:05","modified_gmt":"2022-01-23T20:45:05","slug":"portfolio-vivarte-boyscout","status":"publish","type":"page","link":"https:\/\/katialorenzon.com\/index.php\/portfolio-vivarte-boyscout\/","title":{"rendered":"Katia Lorenzon\/portfolio\/Vivarte &#8211; Boyscout"},"content":{"rendered":"<p class=\"p2\"><span class=\"s1\"><b>S<\/b>uite \u00e0 mon exp\u00e9rience de dix ans dans les productions de dessins anim\u00e9s pour la t\u00e9l\u00e9vision &#8211; dessinatrice et technicienne &#8211; et \u00e0 ma connaissance du dessin vectoriel, je me suis occup\u00e9e de character design et de cr\u00e9ation graphique textile junior.<br \/>\n<\/span><span class=\"s1\">Cette p\u00e9riode a \u00e9t\u00e9 tr\u00e8s enrichissante et productive car j\u2019ai eu l\u2019occasion de d\u00e9cliner l\u2019imaginaire du cin\u00e9ma d\u2019animation adapt\u00e9s aux th\u00e8mes de collections de v\u00eatements, travailler en collaboration \u00e9troite avec les stylistes, voyager \u00e0 Londres pour la veille de tendances graphique.<br \/>\n<\/span><span class=\"s3\">J\u2019ai travaill\u00e9 \u00e0 la mise au point des th\u00e8mes de diff\u00e9rentes saisons, planches de pr\u00e9sentation, motifs pour tissus, d\u00e9clinaisons graphiques et<span class=\"Apple-converted-space\">\u00a0 <\/span>\u00e9laborations typographiques.<br \/>\n<\/span><span class=\"s1\">Finalisation des fiches techniques, pour la mise en production de multiples techniques textiles : print pour tissus, print et print 3d des visuels, dessin pour tricot, applications, broderies, badges, \u00e9tiquettes, jusqu\u2019aux d\u00e9tails comme les boutons et les surpiqures.<\/p>\n<p><\/span><span class=\"s2\">Soci\u00e9t\u00e9\u00a0<b>Vivarte<\/b>, dans cette page : th\u00e8me textile \u201c<i>Boy scout<\/i>\u201d collection junior\/gar\u00e7on<i>. Paris, 2010-2011.<\/i><\/span><\/p>\n<p><img decoding=\"async\" loading=\"lazy\" class=\"aligncenter size-full wp-image-711\" src=\"https:\/\/katialorenzon.com\/wp-content\/uploads\/2016\/10\/vivarte-print-rayures-boy-scout.jpg\" alt=\"vivarte-print-rayures-boy-scout\" width=\"1000\" height=\"500\" srcset=\"https:\/\/katialorenzon.com\/wp-content\/uploads\/2016\/10\/vivarte-print-rayures-boy-scout.jpg 1000w, https:\/\/katialorenzon.com\/wp-content\/uploads\/2016\/10\/vivarte-print-rayures-boy-scout-300x150.jpg 300w, https:\/\/katialorenzon.com\/wp-content\/uploads\/2016\/10\/vivarte-print-rayures-boy-scout-768x384.jpg 768w\" sizes=\"(max-width: 1000px) 100vw, 1000px\" \/><\/p>\n<p><img decoding=\"async\" loading=\"lazy\" class=\"aligncenter size-full wp-image-709\" src=\"https:\/\/katialorenzon.com\/wp-content\/uploads\/2016\/10\/vivarte-carreaux.jpg\" alt=\"vivarte-carreaux\" width=\"1000\" height=\"500\" srcset=\"https:\/\/katialorenzon.com\/wp-content\/uploads\/2016\/10\/vivarte-carreaux.jpg 1000w, https:\/\/katialorenzon.com\/wp-content\/uploads\/2016\/10\/vivarte-carreaux-300x150.jpg 300w, https:\/\/katialorenzon.com\/wp-content\/uploads\/2016\/10\/vivarte-carreaux-768x384.jpg 768w\" sizes=\"(max-width: 1000px) 100vw, 1000px\" \/><\/p>\n<p><img decoding=\"async\" loading=\"lazy\" class=\"aligncenter size-full wp-image-1294\" src=\"https:\/\/katialorenzon.com\/wp-content\/uploads\/2016\/10\/vivarte-rayures2.png\" alt=\"vivarte-rayures2\" width=\"1000\" height=\"504\" srcset=\"https:\/\/katialorenzon.com\/wp-content\/uploads\/2016\/10\/vivarte-rayures2.png 1000w, https:\/\/katialorenzon.com\/wp-content\/uploads\/2016\/10\/vivarte-rayures2-300x151.png 300w, https:\/\/katialorenzon.com\/wp-content\/uploads\/2016\/10\/vivarte-rayures2-768x387.png 768w\" sizes=\"(max-width: 1000px) 100vw, 1000px\" \/><\/p>\n<p><img decoding=\"async\" loading=\"lazy\" class=\"aligncenter size-full wp-image-716\" src=\"https:\/\/katialorenzon.com\/wp-content\/uploads\/2016\/10\/vivarte-print2-katia-lorenzon.jpg\" alt=\"vivarte-print2-katia-lorenzon\" width=\"1000\" height=\"500\" srcset=\"https:\/\/katialorenzon.com\/wp-content\/uploads\/2016\/10\/vivarte-print2-katia-lorenzon.jpg 1000w, https:\/\/katialorenzon.com\/wp-content\/uploads\/2016\/10\/vivarte-print2-katia-lorenzon-300x150.jpg 300w, https:\/\/katialorenzon.com\/wp-content\/uploads\/2016\/10\/vivarte-print2-katia-lorenzon-768x384.jpg 768w\" sizes=\"(max-width: 1000px) 100vw, 1000px\" \/><\/p>\n<p><img decoding=\"async\" loading=\"lazy\" class=\"aligncenter size-full wp-image-714\" src=\"https:\/\/katialorenzon.com\/wp-content\/uploads\/2016\/10\/vivarte-rayures.jpg\" alt=\"vivarte-rayures\" width=\"1000\" height=\"500\" srcset=\"https:\/\/katialorenzon.com\/wp-content\/uploads\/2016\/10\/vivarte-rayures.jpg 1000w, https:\/\/katialorenzon.com\/wp-content\/uploads\/2016\/10\/vivarte-rayures-300x150.jpg 300w, https:\/\/katialorenzon.com\/wp-content\/uploads\/2016\/10\/vivarte-rayures-768x384.jpg 768w\" sizes=\"(max-width: 1000px) 100vw, 1000px\" \/><\/p>\n<p><img decoding=\"async\" loading=\"lazy\" class=\"aligncenter size-full wp-image-710\" src=\"https:\/\/katialorenzon.com\/wp-content\/uploads\/2016\/10\/vivarte-print-katia-lorenzon.jpg\" alt=\"vivarte-print-katia-lorenzon\" width=\"800\" height=\"800\" srcset=\"https:\/\/katialorenzon.com\/wp-content\/uploads\/2016\/10\/vivarte-print-katia-lorenzon.jpg 800w, https:\/\/katialorenzon.com\/wp-content\/uploads\/2016\/10\/vivarte-print-katia-lorenzon-150x150.jpg 150w, https:\/\/katialorenzon.com\/wp-content\/uploads\/2016\/10\/vivarte-print-katia-lorenzon-300x300.jpg 300w, https:\/\/katialorenzon.com\/wp-content\/uploads\/2016\/10\/vivarte-print-katia-lorenzon-768x768.jpg 768w\" sizes=\"(max-width: 800px) 100vw, 800px\" \/><\/p>\n<p><img decoding=\"async\" loading=\"lazy\" class=\"aligncenter size-full wp-image-1293\" src=\"https:\/\/katialorenzon.com\/wp-content\/uploads\/2016\/10\/vivarte-carreaux-patchs.png\" alt=\"vivarte-carreaux-patchs\" width=\"1000\" height=\"256\" srcset=\"https:\/\/katialorenzon.com\/wp-content\/uploads\/2016\/10\/vivarte-carreaux-patchs.png 1000w, https:\/\/katialorenzon.com\/wp-content\/uploads\/2016\/10\/vivarte-carreaux-patchs-300x77.png 300w, https:\/\/katialorenzon.com\/wp-content\/uploads\/2016\/10\/vivarte-carreaux-patchs-768x197.png 768w\" sizes=\"(max-width: 1000px) 100vw, 1000px\" \/><\/p>\n<p><img decoding=\"async\" loading=\"lazy\" class=\"aligncenter size-full wp-image-713\" src=\"https:\/\/katialorenzon.com\/wp-content\/uploads\/2016\/10\/vivarte-rayures_patch.jpg\" alt=\"vivarte-rayures_patch\" width=\"1000\" height=\"500\" srcset=\"https:\/\/katialorenzon.com\/wp-content\/uploads\/2016\/10\/vivarte-rayures_patch.jpg 1000w, https:\/\/katialorenzon.com\/wp-content\/uploads\/2016\/10\/vivarte-rayures_patch-300x150.jpg 300w, https:\/\/katialorenzon.com\/wp-content\/uploads\/2016\/10\/vivarte-rayures_patch-768x384.jpg 768w\" sizes=\"(max-width: 1000px) 100vw, 1000px\" \/><\/p>\n<p><img decoding=\"async\" loading=\"lazy\" class=\"aligncenter size-full wp-image-707\" src=\"https:\/\/katialorenzon.com\/wp-content\/uploads\/2016\/10\/vivarte-carreaux_print.jpg\" alt=\"vivarte-carreaux_print\" width=\"1000\" height=\"500\" srcset=\"https:\/\/katialorenzon.com\/wp-content\/uploads\/2016\/10\/vivarte-carreaux_print.jpg 1000w, https:\/\/katialorenzon.com\/wp-content\/uploads\/2016\/10\/vivarte-carreaux_print-300x150.jpg 300w, https:\/\/katialorenzon.com\/wp-content\/uploads\/2016\/10\/vivarte-carreaux_print-768x384.jpg 768w\" sizes=\"(max-width: 1000px) 100vw, 1000px\" \/><\/p>\n<p><img decoding=\"async\" loading=\"lazy\" class=\"aligncenter size-full wp-image-712\" src=\"https:\/\/katialorenzon.com\/wp-content\/uploads\/2016\/10\/vivarte-rayures_boy-scout-katia-lorenzon.jpg\" alt=\"vivarte-rayures_boy-scout-katia-lorenzon\" width=\"1000\" height=\"500\" srcset=\"https:\/\/katialorenzon.com\/wp-content\/uploads\/2016\/10\/vivarte-rayures_boy-scout-katia-lorenzon.jpg 1000w, https:\/\/katialorenzon.com\/wp-content\/uploads\/2016\/10\/vivarte-rayures_boy-scout-katia-lorenzon-300x150.jpg 300w, https:\/\/katialorenzon.com\/wp-content\/uploads\/2016\/10\/vivarte-rayures_boy-scout-katia-lorenzon-768x384.jpg 768w\" sizes=\"(max-width: 1000px) 100vw, 1000px\" \/><\/p>\n<p><img decoding=\"async\" loading=\"lazy\" class=\"aligncenter size-full wp-image-513\" src=\"https:\/\/katialorenzon.com\/wp-content\/uploads\/2016\/10\/kimbaloo-boutique.jpg\" alt=\"kimbaloo-boutique\" width=\"1000\" height=\"500\" srcset=\"https:\/\/katialorenzon.com\/wp-content\/uploads\/2016\/10\/kimbaloo-boutique.jpg 1000w, https:\/\/katialorenzon.com\/wp-content\/uploads\/2016\/10\/kimbaloo-boutique-300x150.jpg 300w, https:\/\/katialorenzon.com\/wp-content\/uploads\/2016\/10\/kimbaloo-boutique-768x384.jpg 768w\" sizes=\"(max-width: 1000px) 100vw, 1000px\" \/><\/p>\n<p><img decoding=\"async\" loading=\"lazy\" class=\"aligncenter size-full wp-image-1292\" src=\"https:\/\/katialorenzon.com\/wp-content\/uploads\/2016\/10\/vivarte-logo.png\" alt=\"vivarte-logo\" width=\"1000\" height=\"504\" srcset=\"https:\/\/katialorenzon.com\/wp-content\/uploads\/2016\/10\/vivarte-logo.png 1000w, https:\/\/katialorenzon.com\/wp-content\/uploads\/2016\/10\/vivarte-logo-300x151.png 300w, https:\/\/katialorenzon.com\/wp-content\/uploads\/2016\/10\/vivarte-logo-768x387.png 768w\" sizes=\"(max-width: 1000px) 100vw, 1000px\" \/><\/p>\n","protected":false},"excerpt":{"rendered":"<p>Suite \u00e0 mon exp\u00e9rience de dix ans dans les productions de dessins anim\u00e9s pour la t\u00e9l\u00e9vision &#8211; dessinatrice et technicienne &#8211; et \u00e0 ma connaissance&#8230;<\/p>\n<div class=\"more-link-wrapper\"><a class=\"more-link\" href=\"https:\/\/katialorenzon.com\/index.php\/portfolio-vivarte-boyscout\/\">zoom<span class=\"screen-reader-text\">Katia Lorenzon\/portfolio\/Vivarte &#8211; Boyscout<\/span><\/a><\/div>\n","protected":false},"author":1,"featured_media":0,"parent":0,"menu_order":0,"comment_status":"closed","ping_status":"closed","template":"","meta":{"footnotes":""},"yoast_head":"<!-- This site is optimized with the Yoast SEO plugin v17.7.1 - https:\/\/yoast.com\/wordpress\/plugins\/seo\/ -->\n<title>Katia Lorenzon\/portfolio\/Vivarte - Boyscout - Katia Lorenzon<\/title>\n<meta name=\"robots\" content=\"index, follow, max-snippet:-1, max-image-preview:large, max-video-preview:-1\" \/>\n<link rel=\"canonical\" href=\"https:\/\/katialorenzon.com\/index.php\/portfolio-vivarte-boyscout\/\" \/>\n<meta property=\"og:locale\" content=\"it_IT\" \/>\n<meta property=\"og:type\" content=\"article\" \/>\n<meta property=\"og:title\" content=\"Katia Lorenzon\/portfolio\/Vivarte - Boyscout - Katia Lorenzon\" \/>\n<meta property=\"og:description\" content=\"Suite \u00e0 mon exp\u00e9rience de dix ans dans les productions de dessins anim\u00e9s pour la t\u00e9l\u00e9vision &#8211; dessinatrice et technicienne &#8211; et \u00e0 ma connaissance&#8230;\" \/>\n<meta property=\"og:url\" content=\"https:\/\/katialorenzon.com\/index.php\/portfolio-vivarte-boyscout\/\" \/>\n<meta property=\"og:site_name\" content=\"Katia Lorenzon\" \/>\n<meta property=\"article:modified_time\" content=\"2022-01-23T20:45:05+00:00\" \/>\n<meta property=\"og:image\" content=\"http:\/\/katialorenzon.com\/wp-content\/uploads\/2016\/10\/vivarte-print-rayures-boy-scout.jpg\" \/>\n<meta name=\"twitter:card\" content=\"summary\" \/>\n<meta name=\"twitter:label1\" content=\"Tempo di lettura stimato\" \/>\n\t<meta name=\"twitter:data1\" content=\"4 minuti\" \/>\n<script type=\"application\/ld+json\" class=\"yoast-schema-graph\">{\"@context\":\"https:\/\/schema.org\",\"@graph\":[{\"@type\":\"WebSite\",\"@id\":\"https:\/\/katialorenzon.com\/#website\",\"url\":\"https:\/\/katialorenzon.com\/\",\"name\":\"Katia Lorenzon\",\"description\":\"Design graphique et illustration\",\"potentialAction\":[{\"@type\":\"SearchAction\",\"target\":{\"@type\":\"EntryPoint\",\"urlTemplate\":\"https:\/\/katialorenzon.com\/?s={search_term_string}\"},\"query-input\":\"required name=search_term_string\"}],\"inLanguage\":\"it-IT\"},{\"@type\":\"ImageObject\",\"@id\":\"https:\/\/katialorenzon.com\/index.php\/portfolio-vivarte-boyscout\/#primaryimage\",\"inLanguage\":\"it-IT\",\"url\":\"http:\/\/katialorenzon.com\/wp-content\/uploads\/2016\/10\/vivarte-print-rayures-boy-scout.jpg\",\"contentUrl\":\"http:\/\/katialorenzon.com\/wp-content\/uploads\/2016\/10\/vivarte-print-rayures-boy-scout.jpg\"},{\"@type\":\"WebPage\",\"@id\":\"https:\/\/katialorenzon.com\/index.php\/portfolio-vivarte-boyscout\/#webpage\",\"url\":\"https:\/\/katialorenzon.com\/index.php\/portfolio-vivarte-boyscout\/\",\"name\":\"Katia Lorenzon\/portfolio\/Vivarte - Boyscout - Katia Lorenzon\",\"isPartOf\":{\"@id\":\"https:\/\/katialorenzon.com\/#website\"},\"primaryImageOfPage\":{\"@id\":\"https:\/\/katialorenzon.com\/index.php\/portfolio-vivarte-boyscout\/#primaryimage\"},\"datePublished\":\"2016-10-17T12:12:31+00:00\",\"dateModified\":\"2022-01-23T20:45:05+00:00\",\"breadcrumb\":{\"@id\":\"https:\/\/katialorenzon.com\/index.php\/portfolio-vivarte-boyscout\/#breadcrumb\"},\"inLanguage\":\"it-IT\",\"potentialAction\":[{\"@type\":\"ReadAction\",\"target\":[\"https:\/\/katialorenzon.com\/index.php\/portfolio-vivarte-boyscout\/\"]}]},{\"@type\":\"BreadcrumbList\",\"@id\":\"https:\/\/katialorenzon.com\/index.php\/portfolio-vivarte-boyscout\/#breadcrumb\",\"itemListElement\":[{\"@type\":\"ListItem\",\"position\":1,\"name\":\"Accueil\",\"item\":\"https:\/\/katialorenzon.com\/\"},{\"@type\":\"ListItem\",\"position\":2,\"name\":\"Katia Lorenzon\/portfolio\/Vivarte &#8211; Boyscout\"}]}]}<\/script>\n<!-- \/ Yoast SEO plugin. -->","yoast_head_json":{"title":"Katia Lorenzon\/portfolio\/Vivarte - Boyscout - Katia Lorenzon","robots":{"index":"index","follow":"follow","max-snippet":"max-snippet:-1","max-image-preview":"max-image-preview:large","max-video-preview":"max-video-preview:-1"},"canonical":"https:\/\/katialorenzon.com\/index.php\/portfolio-vivarte-boyscout\/","og_locale":"it_IT","og_type":"article","og_title":"Katia Lorenzon\/portfolio\/Vivarte - Boyscout - Katia Lorenzon","og_description":"Suite \u00e0 mon exp\u00e9rience de dix ans dans les productions de dessins anim\u00e9s pour la t\u00e9l\u00e9vision &#8211; dessinatrice et technicienne &#8211; et \u00e0 ma connaissance&#8230;","og_url":"https:\/\/katialorenzon.com\/index.php\/portfolio-vivarte-boyscout\/","og_site_name":"Katia Lorenzon","article_modified_time":"2022-01-23T20:45:05+00:00","og_image":[{"url":"http:\/\/katialorenzon.com\/wp-content\/uploads\/2016\/10\/vivarte-print-rayures-boy-scout.jpg"}],"twitter_card":"summary","twitter_misc":{"Tempo di lettura stimato":"4 minuti"},"schema":{"@context":"https:\/\/schema.org","@graph":[{"@type":"WebSite","@id":"https:\/\/katialorenzon.com\/#website","url":"https:\/\/katialorenzon.com\/","name":"Katia Lorenzon","description":"Design graphique et illustration","potentialAction":[{"@type":"SearchAction","target":{"@type":"EntryPoint","urlTemplate":"https:\/\/katialorenzon.com\/?s={search_term_string}"},"query-input":"required name=search_term_string"}],"inLanguage":"it-IT"},{"@type":"ImageObject","@id":"https:\/\/katialorenzon.com\/index.php\/portfolio-vivarte-boyscout\/#primaryimage","inLanguage":"it-IT","url":"http:\/\/katialorenzon.com\/wp-content\/uploads\/2016\/10\/vivarte-print-rayures-boy-scout.jpg","contentUrl":"http:\/\/katialorenzon.com\/wp-content\/uploads\/2016\/10\/vivarte-print-rayures-boy-scout.jpg"},{"@type":"WebPage","@id":"https:\/\/katialorenzon.com\/index.php\/portfolio-vivarte-boyscout\/#webpage","url":"https:\/\/katialorenzon.com\/index.php\/portfolio-vivarte-boyscout\/","name":"Katia Lorenzon\/portfolio\/Vivarte - Boyscout - Katia Lorenzon","isPartOf":{"@id":"https:\/\/katialorenzon.com\/#website"},"primaryImageOfPage":{"@id":"https:\/\/katialorenzon.com\/index.php\/portfolio-vivarte-boyscout\/#primaryimage"},"datePublished":"2016-10-17T12:12:31+00:00","dateModified":"2022-01-23T20:45:05+00:00","breadcrumb":{"@id":"https:\/\/katialorenzon.com\/index.php\/portfolio-vivarte-boyscout\/#breadcrumb"},"inLanguage":"it-IT","potentialAction":[{"@type":"ReadAction","target":["https:\/\/katialorenzon.com\/index.php\/portfolio-vivarte-boyscout\/"]}]},{"@type":"BreadcrumbList","@id":"https:\/\/katialorenzon.com\/index.php\/portfolio-vivarte-boyscout\/#breadcrumb","itemListElement":[{"@type":"ListItem","position":1,"name":"Accueil","item":"https:\/\/katialorenzon.com\/"},{"@type":"ListItem","position":2,"name":"Katia Lorenzon\/portfolio\/Vivarte &#8211; Boyscout"}]}]}},"_links":{"self":[{"href":"https:\/\/katialorenzon.com\/index.php\/wp-json\/wp\/v2\/pages\/706"}],"collection":[{"href":"https:\/\/katialorenzon.com\/index.php\/wp-json\/wp\/v2\/pages"}],"about":[{"href":"https:\/\/katialorenzon.com\/index.php\/wp-json\/wp\/v2\/types\/page"}],"author":[{"embeddable":true,"href":"https:\/\/katialorenzon.com\/index.php\/wp-json\/wp\/v2\/users\/1"}],"replies":[{"embeddable":true,"href":"https:\/\/katialorenzon.com\/index.php\/wp-json\/wp\/v2\/comments?post=706"}],"version-history":[{"count":15,"href":"https:\/\/katialorenzon.com\/index.php\/wp-json\/wp\/v2\/pages\/706\/revisions"}],"predecessor-version":[{"id":4445,"href":"https:\/\/katialorenzon.com\/index.php\/wp-json\/wp\/v2\/pages\/706\/revisions\/4445"}],"wp:attachment":[{"href":"https:\/\/katialorenzon.com\/index.php\/wp-json\/wp\/v2\/media?parent=706"}],"curies":[{"name":"wp","href":"https:\/\/api.w.org\/{rel}","templated":true}]}}