{"id":768,"date":"2016-10-17T14:36:56","date_gmt":"2016-10-17T12:36:56","guid":{"rendered":"http:\/\/katialorenzon.com\/?page_id=768"},"modified":"2022-01-23T21:52:22","modified_gmt":"2022-01-23T20:52:22","slug":"portfolio-vivarte-neo-choupinette","status":"publish","type":"page","link":"https:\/\/katialorenzon.com\/index.php\/portfolio-vivarte-neo-choupinette\/","title":{"rendered":"Katia Lorenzon\/portfolio\/Vivarte &#8211; Neo choupinette"},"content":{"rendered":"<p class=\"p1\"><span class=\"s1\"><b>E<\/b>n connexion \u00e0 ma connaissance du dessin vectoriel, je me suis occup\u00e9e de cr\u00e9ation graphique textile junior.<br \/>\n<\/span><span class=\"s2\">J\u2019ai travaill\u00e9 \u00e0 la mise au point des th\u00e8mes de diff\u00e9rentes saisons, planches de pr\u00e9sentation, motifs pour tissus, d\u00e9clinaisons graphiques et<span class=\"Apple-converted-space\">\u00a0 <\/span>\u00e9laborations typographiques.<br \/>\nFinalisation des fiches techniques, pour la mise en production de multiples techniques textiles : print pour tissus, print et print 3d des visuels, dessin pour tricot, applications, broderies.<\/p>\n<p><\/span><span class=\"s3\">Soci\u00e9t\u00e9\u00a0<b>Vivarte<\/b>, dans cette page : th\u00e8me textile junior, collection fille. Cr\u00e9ation graphique pour tissus imprim\u00e9s.<i> Paris, 2010-2011<\/i>.<\/span><\/p>\n<p style=\"text-align: left;\">\n<img decoding=\"async\" loading=\"lazy\" class=\"aligncenter size-full wp-image-772\" src=\"https:\/\/katialorenzon.com\/wp-content\/uploads\/2016\/10\/vivarte-pattern-fleur2-hiver-katia-lorenzon.jpg\" alt=\"vivarte-pattern-fleur2-hiver-katia-lorenzon\" width=\"1000\" height=\"500\" srcset=\"https:\/\/katialorenzon.com\/wp-content\/uploads\/2016\/10\/vivarte-pattern-fleur2-hiver-katia-lorenzon.jpg 1000w, https:\/\/katialorenzon.com\/wp-content\/uploads\/2016\/10\/vivarte-pattern-fleur2-hiver-katia-lorenzon-300x150.jpg 300w, https:\/\/katialorenzon.com\/wp-content\/uploads\/2016\/10\/vivarte-pattern-fleur2-hiver-katia-lorenzon-768x384.jpg 768w\" sizes=\"(max-width: 1000px) 100vw, 1000px\" \/><\/p>\n<p><img decoding=\"async\" loading=\"lazy\" class=\"aligncenter size-full wp-image-1370\" src=\"https:\/\/katialorenzon.com\/wp-content\/uploads\/2016\/10\/vivarte-pattern-fleur2-hiver-katia-lorenzon-2.jpg\" alt=\"vivarte-pattern-fleur2-hiver-katia-lorenzon\" width=\"1000\" height=\"500\" srcset=\"https:\/\/katialorenzon.com\/wp-content\/uploads\/2016\/10\/vivarte-pattern-fleur2-hiver-katia-lorenzon-2.jpg 1000w, https:\/\/katialorenzon.com\/wp-content\/uploads\/2016\/10\/vivarte-pattern-fleur2-hiver-katia-lorenzon-2-300x150.jpg 300w, https:\/\/katialorenzon.com\/wp-content\/uploads\/2016\/10\/vivarte-pattern-fleur2-hiver-katia-lorenzon-2-768x384.jpg 768w\" sizes=\"(max-width: 1000px) 100vw, 1000px\" \/><\/p>\n<p><img decoding=\"async\" loading=\"lazy\" class=\"aligncenter size-full wp-image-1371\" src=\"https:\/\/katialorenzon.com\/wp-content\/uploads\/2016\/10\/vivarte-pattern-geometrique-katia-lorenzon.jpg\" alt=\"vivarte-pattern-geometrique-katia-lorenzon\" width=\"1000\" height=\"500\" srcset=\"https:\/\/katialorenzon.com\/wp-content\/uploads\/2016\/10\/vivarte-pattern-geometrique-katia-lorenzon.jpg 1000w, https:\/\/katialorenzon.com\/wp-content\/uploads\/2016\/10\/vivarte-pattern-geometrique-katia-lorenzon-300x150.jpg 300w, https:\/\/katialorenzon.com\/wp-content\/uploads\/2016\/10\/vivarte-pattern-geometrique-katia-lorenzon-768x384.jpg 768w\" sizes=\"(max-width: 1000px) 100vw, 1000px\" \/><\/p>\n<p><img decoding=\"async\" loading=\"lazy\" class=\"aligncenter size-full wp-image-513\" src=\"https:\/\/katialorenzon.com\/wp-content\/uploads\/2016\/10\/kimbaloo-boutique.jpg\" alt=\"kimbaloo-boutique\" width=\"1000\" height=\"500\" srcset=\"https:\/\/katialorenzon.com\/wp-content\/uploads\/2016\/10\/kimbaloo-boutique.jpg 1000w, https:\/\/katialorenzon.com\/wp-content\/uploads\/2016\/10\/kimbaloo-boutique-300x150.jpg 300w, https:\/\/katialorenzon.com\/wp-content\/uploads\/2016\/10\/kimbaloo-boutique-768x384.jpg 768w\" sizes=\"(max-width: 1000px) 100vw, 1000px\" \/><img decoding=\"async\" loading=\"lazy\" class=\"aligncenter size-full wp-image-1292\" src=\"https:\/\/katialorenzon.com\/wp-content\/uploads\/2016\/10\/vivarte-logo.png\" alt=\"vivarte-logo\" width=\"1000\" height=\"504\" srcset=\"https:\/\/katialorenzon.com\/wp-content\/uploads\/2016\/10\/vivarte-logo.png 1000w, https:\/\/katialorenzon.com\/wp-content\/uploads\/2016\/10\/vivarte-logo-300x151.png 300w, https:\/\/katialorenzon.com\/wp-content\/uploads\/2016\/10\/vivarte-logo-768x387.png 768w\" sizes=\"(max-width: 1000px) 100vw, 1000px\" \/><\/p>\n","protected":false},"excerpt":{"rendered":"<p>En connexion \u00e0 ma connaissance du dessin vectoriel, je me suis occup\u00e9e de cr\u00e9ation graphique textile junior. J\u2019ai travaill\u00e9 \u00e0 la mise au point des&#8230;<\/p>\n<div class=\"more-link-wrapper\"><a class=\"more-link\" href=\"https:\/\/katialorenzon.com\/index.php\/portfolio-vivarte-neo-choupinette\/\">zoom<span class=\"screen-reader-text\">Katia Lorenzon\/portfolio\/Vivarte &#8211; Neo choupinette<\/span><\/a><\/div>\n","protected":false},"author":1,"featured_media":0,"parent":0,"menu_order":0,"comment_status":"closed","ping_status":"closed","template":"","meta":{"footnotes":""},"yoast_head":"<!-- This site is optimized with the Yoast SEO plugin v17.7.1 - https:\/\/yoast.com\/wordpress\/plugins\/seo\/ -->\n<title>Katia Lorenzon\/portfolio\/Vivarte - Neo choupinette - Katia Lorenzon<\/title>\n<meta name=\"robots\" content=\"index, follow, max-snippet:-1, max-image-preview:large, max-video-preview:-1\" \/>\n<link rel=\"canonical\" href=\"https:\/\/katialorenzon.com\/index.php\/portfolio-vivarte-neo-choupinette\/\" \/>\n<meta property=\"og:locale\" content=\"it_IT\" \/>\n<meta property=\"og:type\" content=\"article\" \/>\n<meta property=\"og:title\" content=\"Katia Lorenzon\/portfolio\/Vivarte - Neo choupinette - Katia Lorenzon\" \/>\n<meta property=\"og:description\" content=\"En connexion \u00e0 ma connaissance du dessin vectoriel, je me suis occup\u00e9e de cr\u00e9ation graphique textile junior. J\u2019ai travaill\u00e9 \u00e0 la mise au point des&#8230;\" \/>\n<meta property=\"og:url\" content=\"https:\/\/katialorenzon.com\/index.php\/portfolio-vivarte-neo-choupinette\/\" \/>\n<meta property=\"og:site_name\" content=\"Katia Lorenzon\" \/>\n<meta property=\"article:modified_time\" content=\"2022-01-23T20:52:22+00:00\" \/>\n<meta property=\"og:image\" content=\"http:\/\/katialorenzon.com\/wp-content\/uploads\/2016\/10\/vivarte-pattern-fleur2-hiver-katia-lorenzon.jpg\" \/>\n<meta name=\"twitter:card\" content=\"summary\" \/>\n<meta name=\"twitter:label1\" content=\"Tempo di lettura stimato\" \/>\n\t<meta name=\"twitter:data1\" content=\"2 minuti\" \/>\n<script type=\"application\/ld+json\" class=\"yoast-schema-graph\">{\"@context\":\"https:\/\/schema.org\",\"@graph\":[{\"@type\":\"WebSite\",\"@id\":\"https:\/\/katialorenzon.com\/#website\",\"url\":\"https:\/\/katialorenzon.com\/\",\"name\":\"Katia Lorenzon\",\"description\":\"Design graphique et illustration\",\"potentialAction\":[{\"@type\":\"SearchAction\",\"target\":{\"@type\":\"EntryPoint\",\"urlTemplate\":\"https:\/\/katialorenzon.com\/?s={search_term_string}\"},\"query-input\":\"required name=search_term_string\"}],\"inLanguage\":\"it-IT\"},{\"@type\":\"ImageObject\",\"@id\":\"https:\/\/katialorenzon.com\/index.php\/portfolio-vivarte-neo-choupinette\/#primaryimage\",\"inLanguage\":\"it-IT\",\"url\":\"http:\/\/katialorenzon.com\/wp-content\/uploads\/2016\/10\/vivarte-pattern-fleur2-hiver-katia-lorenzon.jpg\",\"contentUrl\":\"http:\/\/katialorenzon.com\/wp-content\/uploads\/2016\/10\/vivarte-pattern-fleur2-hiver-katia-lorenzon.jpg\"},{\"@type\":\"WebPage\",\"@id\":\"https:\/\/katialorenzon.com\/index.php\/portfolio-vivarte-neo-choupinette\/#webpage\",\"url\":\"https:\/\/katialorenzon.com\/index.php\/portfolio-vivarte-neo-choupinette\/\",\"name\":\"Katia Lorenzon\/portfolio\/Vivarte - Neo choupinette - Katia Lorenzon\",\"isPartOf\":{\"@id\":\"https:\/\/katialorenzon.com\/#website\"},\"primaryImageOfPage\":{\"@id\":\"https:\/\/katialorenzon.com\/index.php\/portfolio-vivarte-neo-choupinette\/#primaryimage\"},\"datePublished\":\"2016-10-17T12:36:56+00:00\",\"dateModified\":\"2022-01-23T20:52:22+00:00\",\"breadcrumb\":{\"@id\":\"https:\/\/katialorenzon.com\/index.php\/portfolio-vivarte-neo-choupinette\/#breadcrumb\"},\"inLanguage\":\"it-IT\",\"potentialAction\":[{\"@type\":\"ReadAction\",\"target\":[\"https:\/\/katialorenzon.com\/index.php\/portfolio-vivarte-neo-choupinette\/\"]}]},{\"@type\":\"BreadcrumbList\",\"@id\":\"https:\/\/katialorenzon.com\/index.php\/portfolio-vivarte-neo-choupinette\/#breadcrumb\",\"itemListElement\":[{\"@type\":\"ListItem\",\"position\":1,\"name\":\"Accueil\",\"item\":\"https:\/\/katialorenzon.com\/\"},{\"@type\":\"ListItem\",\"position\":2,\"name\":\"Katia Lorenzon\/portfolio\/Vivarte &#8211; Neo choupinette\"}]}]}<\/script>\n<!-- \/ Yoast SEO plugin. -->","yoast_head_json":{"title":"Katia Lorenzon\/portfolio\/Vivarte - Neo choupinette - Katia Lorenzon","robots":{"index":"index","follow":"follow","max-snippet":"max-snippet:-1","max-image-preview":"max-image-preview:large","max-video-preview":"max-video-preview:-1"},"canonical":"https:\/\/katialorenzon.com\/index.php\/portfolio-vivarte-neo-choupinette\/","og_locale":"it_IT","og_type":"article","og_title":"Katia Lorenzon\/portfolio\/Vivarte - Neo choupinette - Katia Lorenzon","og_description":"En connexion \u00e0 ma connaissance du dessin vectoriel, je me suis occup\u00e9e de cr\u00e9ation graphique textile junior. J\u2019ai travaill\u00e9 \u00e0 la mise au point des&#8230;","og_url":"https:\/\/katialorenzon.com\/index.php\/portfolio-vivarte-neo-choupinette\/","og_site_name":"Katia Lorenzon","article_modified_time":"2022-01-23T20:52:22+00:00","og_image":[{"url":"http:\/\/katialorenzon.com\/wp-content\/uploads\/2016\/10\/vivarte-pattern-fleur2-hiver-katia-lorenzon.jpg"}],"twitter_card":"summary","twitter_misc":{"Tempo di lettura stimato":"2 minuti"},"schema":{"@context":"https:\/\/schema.org","@graph":[{"@type":"WebSite","@id":"https:\/\/katialorenzon.com\/#website","url":"https:\/\/katialorenzon.com\/","name":"Katia Lorenzon","description":"Design graphique et illustration","potentialAction":[{"@type":"SearchAction","target":{"@type":"EntryPoint","urlTemplate":"https:\/\/katialorenzon.com\/?s={search_term_string}"},"query-input":"required name=search_term_string"}],"inLanguage":"it-IT"},{"@type":"ImageObject","@id":"https:\/\/katialorenzon.com\/index.php\/portfolio-vivarte-neo-choupinette\/#primaryimage","inLanguage":"it-IT","url":"http:\/\/katialorenzon.com\/wp-content\/uploads\/2016\/10\/vivarte-pattern-fleur2-hiver-katia-lorenzon.jpg","contentUrl":"http:\/\/katialorenzon.com\/wp-content\/uploads\/2016\/10\/vivarte-pattern-fleur2-hiver-katia-lorenzon.jpg"},{"@type":"WebPage","@id":"https:\/\/katialorenzon.com\/index.php\/portfolio-vivarte-neo-choupinette\/#webpage","url":"https:\/\/katialorenzon.com\/index.php\/portfolio-vivarte-neo-choupinette\/","name":"Katia Lorenzon\/portfolio\/Vivarte - Neo choupinette - Katia Lorenzon","isPartOf":{"@id":"https:\/\/katialorenzon.com\/#website"},"primaryImageOfPage":{"@id":"https:\/\/katialorenzon.com\/index.php\/portfolio-vivarte-neo-choupinette\/#primaryimage"},"datePublished":"2016-10-17T12:36:56+00:00","dateModified":"2022-01-23T20:52:22+00:00","breadcrumb":{"@id":"https:\/\/katialorenzon.com\/index.php\/portfolio-vivarte-neo-choupinette\/#breadcrumb"},"inLanguage":"it-IT","potentialAction":[{"@type":"ReadAction","target":["https:\/\/katialorenzon.com\/index.php\/portfolio-vivarte-neo-choupinette\/"]}]},{"@type":"BreadcrumbList","@id":"https:\/\/katialorenzon.com\/index.php\/portfolio-vivarte-neo-choupinette\/#breadcrumb","itemListElement":[{"@type":"ListItem","position":1,"name":"Accueil","item":"https:\/\/katialorenzon.com\/"},{"@type":"ListItem","position":2,"name":"Katia Lorenzon\/portfolio\/Vivarte &#8211; Neo choupinette"}]}]}},"_links":{"self":[{"href":"https:\/\/katialorenzon.com\/index.php\/wp-json\/wp\/v2\/pages\/768"}],"collection":[{"href":"https:\/\/katialorenzon.com\/index.php\/wp-json\/wp\/v2\/pages"}],"about":[{"href":"https:\/\/katialorenzon.com\/index.php\/wp-json\/wp\/v2\/types\/page"}],"author":[{"embeddable":true,"href":"https:\/\/katialorenzon.com\/index.php\/wp-json\/wp\/v2\/users\/1"}],"replies":[{"embeddable":true,"href":"https:\/\/katialorenzon.com\/index.php\/wp-json\/wp\/v2\/comments?post=768"}],"version-history":[{"count":15,"href":"https:\/\/katialorenzon.com\/index.php\/wp-json\/wp\/v2\/pages\/768\/revisions"}],"predecessor-version":[{"id":4452,"href":"https:\/\/katialorenzon.com\/index.php\/wp-json\/wp\/v2\/pages\/768\/revisions\/4452"}],"wp:attachment":[{"href":"https:\/\/katialorenzon.com\/index.php\/wp-json\/wp\/v2\/media?parent=768"}],"curies":[{"name":"wp","href":"https:\/\/api.w.org\/{rel}","templated":true}]}}